{"id":4235,"date":"2024-06-18T16:46:35","date_gmt":"2024-06-18T08:46:35","guid":{"rendered":"https:\/\/yutaimachinery.com\/?post_type=product&#038;p=4235"},"modified":"2024-06-18T16:59:54","modified_gmt":"2024-06-18T08:59:54","slug":"pistolet-de-pulverisation","status":"publish","type":"product","link":"https:\/\/yutaimachinery.com\/fr\/product\/spray-gun\/","title":{"rendered":"Pistolet de pulv\u00e9risation"},"content":{"rendered":"","protected":false},"excerpt":{"rendered":"<p>Le pistolet de pulv\u00e9risation est principalement utilis\u00e9 pour pulv\u00e9riser uniform\u00e9ment la gla\u00e7ure sur la surface des produits c\u00e9ramiques, mais il peut \u00e9galement \u00eatre recouvert d'autres types de rev\u00eatements protecteurs ou fonctionnels, tels qu'une couche imperm\u00e9able, une couche antisalissure, etc. Les pistolets de pulv\u00e9risation peuvent \u00e9galement \u00eatre utilis\u00e9s pour nettoyer la surface des produits c\u00e9ramiques, \u00e9liminer la poussi\u00e8re et les impuret\u00e9s et pr\u00e9parer le processus d'\u00e9maillage ult\u00e9rieur.<\/p>","protected":false},"featured_media":4209,"template":"","meta":{"_acf_changed":false},"product_brand":[],"product_cat":[61],"product_tag":[],"class_list":{"0":"post-4235","1":"product","2":"type-product","3":"status-publish","4":"has-post-thumbnail","6":"product_cat-ceramic-machine-tool","8":"first","9":"instock","10":"shipping-taxable","11":"product-type-simple"},"acf":{"customization_content":"","customization_content_source":{"label":"Customization Content","type":"wysiwyg","formatted_value":""},"why_choose_us_content":"<h2 style=\"text-align: center;\">Why Choose Us as Your Ceramic Machine Supplier<\/h2>\r\n\r\n<hr \/>\r\n<p style=\"text-align: center;\">Yutai as a ceramic tableware manufacturer, maintains strict quality standards and excellent service. Revolutionize your manufacturing processes with cutting-edge automation technology that streamlines forming and enhances efficiency.<\/p>","why_choose_us_content_source":{"label":"Why Choose Us Content","type":"wysiwyg","formatted_value":"<h2 style=\"text-align: center;\">Why Choose Us as Your Ceramic Machine Supplier<\/h2>\n<hr \/>\n<p style=\"text-align: center;\">Yutai as a ceramic tableware manufacturer, maintains strict quality standards and excellent service. Revolutionize your manufacturing processes with cutting-edge automation technology that streamlines forming and enhances efficiency.<\/p>\n"}},"_links":{"self":[{"href":"https:\/\/yutaimachinery.com\/fr\/wp-json\/wp\/v2\/product\/4235","targetHints":{"allow":["GET"]}}],"collection":[{"href":"https:\/\/yutaimachinery.com\/fr\/wp-json\/wp\/v2\/product"}],"about":[{"href":"https:\/\/yutaimachinery.com\/fr\/wp-json\/wp\/v2\/types\/product"}],"version-history":[{"count":0,"href":"https:\/\/yutaimachinery.com\/fr\/wp-json\/wp\/v2\/product\/4235\/revisions"}],"wp:featuredmedia":[{"embeddable":true,"href":"https:\/\/yutaimachinery.com\/fr\/wp-json\/wp\/v2\/media\/4209"}],"wp:attachment":[{"href":"https:\/\/yutaimachinery.com\/fr\/wp-json\/wp\/v2\/media?parent=4235"}],"wp:term":[{"taxonomy":"product_brand","embeddable":true,"href":"https:\/\/yutaimachinery.com\/fr\/wp-json\/wp\/v2\/product_brand?post=4235"},{"taxonomy":"product_cat","embeddable":true,"href":"https:\/\/yutaimachinery.com\/fr\/wp-json\/wp\/v2\/product_cat?post=4235"},{"taxonomy":"product_tag","embeddable":true,"href":"https:\/\/yutaimachinery.com\/fr\/wp-json\/wp\/v2\/product_tag?post=4235"}],"curies":[{"name":"wp","href":"https:\/\/api.w.org\/{rel}","templated":true}]}}