{"id":4233,"date":"2024-06-18T16:40:15","date_gmt":"2024-06-18T08:40:15","guid":{"rendered":"https:\/\/yutaimachinery.com\/?post_type=product&#038;p=4233"},"modified":"2024-06-18T16:40:17","modified_gmt":"2024-06-18T08:40:17","slug":"eponge-de-coupe-2","status":"publish","type":"product","link":"https:\/\/yutaimachinery.com\/fr\/product\/trimming-sponge\/","title":{"rendered":"\u00c9ponge de coupe"},"content":{"rendered":"<p>L'\u00e9ponge d'\u00e9barbage est principalement utilis\u00e9e dans les machines et les processus de production de c\u00e9ramique pour l'\u00e9barbage et le polissage, le mouillage et le nettoyage, le traitement fin et l'\u00e9limination de l'argile exc\u00e9dentaire, afin d'am\u00e9liorer la qualit\u00e9 de la surface des produits c\u00e9ramiques et l'esth\u00e9tique g\u00e9n\u00e9rale.<\/p>","protected":false},"excerpt":{"rendered":"<p>L'\u00e9ponge d'\u00e9barbage est principalement utilis\u00e9e dans les machines c\u00e9ramiques et les processus de production pour l'\u00e9barbage et le polissage, le mouillage et le nettoyage,...<\/p>","protected":false},"featured_media":4208,"template":"","meta":{"_acf_changed":false},"product_brand":[],"product_cat":[61],"product_tag":[],"class_list":{"0":"post-4233","1":"product","2":"type-product","3":"status-publish","4":"has-post-thumbnail","6":"product_cat-ceramic-machine-tool","8":"first","9":"instock","10":"shipping-taxable","11":"product-type-simple"},"acf":{"customization_content":"","customization_content_source":{"label":"Customization Content","type":"wysiwyg","formatted_value":""},"why_choose_us_content":"<h2 style=\"text-align: center;\">Why Choose Us as Your Ceramic Machine Supplier<\/h2>\r\n\r\n<hr \/>\r\n<p style=\"text-align: center;\">Yutai as a ceramic tableware manufacturer, maintains strict quality standards and excellent service. Revolutionize your manufacturing processes with cutting-edge automation technology that streamlines forming and enhances efficiency.<\/p>","why_choose_us_content_source":{"label":"Why Choose Us Content","type":"wysiwyg","formatted_value":"<h2 style=\"text-align: center;\">Why Choose Us as Your Ceramic Machine Supplier<\/h2>\n<hr \/>\n<p style=\"text-align: center;\">Yutai as a ceramic tableware manufacturer, maintains strict quality standards and excellent service. Revolutionize your manufacturing processes with cutting-edge automation technology that streamlines forming and enhances efficiency.<\/p>\n"}},"_links":{"self":[{"href":"https:\/\/yutaimachinery.com\/fr\/wp-json\/wp\/v2\/product\/4233","targetHints":{"allow":["GET"]}}],"collection":[{"href":"https:\/\/yutaimachinery.com\/fr\/wp-json\/wp\/v2\/product"}],"about":[{"href":"https:\/\/yutaimachinery.com\/fr\/wp-json\/wp\/v2\/types\/product"}],"version-history":[{"count":0,"href":"https:\/\/yutaimachinery.com\/fr\/wp-json\/wp\/v2\/product\/4233\/revisions"}],"wp:featuredmedia":[{"embeddable":true,"href":"https:\/\/yutaimachinery.com\/fr\/wp-json\/wp\/v2\/media\/4208"}],"wp:attachment":[{"href":"https:\/\/yutaimachinery.com\/fr\/wp-json\/wp\/v2\/media?parent=4233"}],"wp:term":[{"taxonomy":"product_brand","embeddable":true,"href":"https:\/\/yutaimachinery.com\/fr\/wp-json\/wp\/v2\/product_brand?post=4233"},{"taxonomy":"product_cat","embeddable":true,"href":"https:\/\/yutaimachinery.com\/fr\/wp-json\/wp\/v2\/product_cat?post=4233"},{"taxonomy":"product_tag","embeddable":true,"href":"https:\/\/yutaimachinery.com\/fr\/wp-json\/wp\/v2\/product_tag?post=4233"}],"curies":[{"name":"wp","href":"https:\/\/api.w.org\/{rel}","templated":true}]}}