{"id":4212,"date":"2024-06-18T15:56:45","date_gmt":"2024-06-18T07:56:45","guid":{"rendered":"https:\/\/yutaimachinery.com\/?post_type=product&#038;p=4212"},"modified":"2024-06-18T16:19:26","modified_gmt":"2024-06-18T08:19:26","slug":"pistolet-de-coulee","status":"publish","type":"product","link":"https:\/\/yutaimachinery.com\/fr\/product\/casting-gun\/","title":{"rendered":"Pistolet de coul\u00e9e\u00a0"},"content":{"rendered":"","protected":false},"excerpt":{"rendered":"<p>Le pistolet de coul\u00e9e contr\u00f4le le d\u00e9bit et la vitesse de la barbotine et l'injecte dans le moule pour former des formes c\u00e9ramiques et remplir les zones d\u00e9fectueuses. Dans les lignes automatis\u00e9es de production de c\u00e9ramique, le pistolet d'injection de barbotine fonctionne en conjonction avec d'autres \u00e9quipements m\u00e9caniques pour obtenir un processus de moulage par injection de barbotine enti\u00e8rement automatis\u00e9, ce qui am\u00e9liore encore l'efficacit\u00e9 de la production et la qualit\u00e9 des produits.<\/p>","protected":false},"featured_media":4203,"template":"","meta":{"_acf_changed":false},"product_brand":[],"product_cat":[61],"product_tag":[],"class_list":{"0":"post-4212","1":"product","2":"type-product","3":"status-publish","4":"has-post-thumbnail","6":"product_cat-ceramic-machine-tool","8":"first","9":"instock","10":"shipping-taxable","11":"product-type-simple"},"acf":{"customization_content":"","customization_content_source":{"label":"Customization Content","type":"wysiwyg","formatted_value":""},"why_choose_us_content":"<h2 style=\"text-align: center;\">Why Choose Us as Your Ceramic Machine Supplier<\/h2>\r\n\r\n<hr \/>\r\n<p style=\"text-align: center;\">Yutai as a ceramic tableware manufacturer, maintains strict quality standards and excellent service. Revolutionize your manufacturing processes with cutting-edge automation technology that streamlines forming and enhances efficiency.<\/p>","why_choose_us_content_source":{"label":"Why Choose Us Content","type":"wysiwyg","formatted_value":"<h2 style=\"text-align: center;\">Why Choose Us as Your Ceramic Machine Supplier<\/h2>\n<hr \/>\n<p style=\"text-align: center;\">Yutai as a ceramic tableware manufacturer, maintains strict quality standards and excellent service. Revolutionize your manufacturing processes with cutting-edge automation technology that streamlines forming and enhances efficiency.<\/p>\n"}},"_links":{"self":[{"href":"https:\/\/yutaimachinery.com\/fr\/wp-json\/wp\/v2\/product\/4212","targetHints":{"allow":["GET"]}}],"collection":[{"href":"https:\/\/yutaimachinery.com\/fr\/wp-json\/wp\/v2\/product"}],"about":[{"href":"https:\/\/yutaimachinery.com\/fr\/wp-json\/wp\/v2\/types\/product"}],"version-history":[{"count":0,"href":"https:\/\/yutaimachinery.com\/fr\/wp-json\/wp\/v2\/product\/4212\/revisions"}],"wp:featuredmedia":[{"embeddable":true,"href":"https:\/\/yutaimachinery.com\/fr\/wp-json\/wp\/v2\/media\/4203"}],"wp:attachment":[{"href":"https:\/\/yutaimachinery.com\/fr\/wp-json\/wp\/v2\/media?parent=4212"}],"wp:term":[{"taxonomy":"product_brand","embeddable":true,"href":"https:\/\/yutaimachinery.com\/fr\/wp-json\/wp\/v2\/product_brand?post=4212"},{"taxonomy":"product_cat","embeddable":true,"href":"https:\/\/yutaimachinery.com\/fr\/wp-json\/wp\/v2\/product_cat?post=4212"},{"taxonomy":"product_tag","embeddable":true,"href":"https:\/\/yutaimachinery.com\/fr\/wp-json\/wp\/v2\/product_tag?post=4212"}],"curies":[{"name":"wp","href":"https:\/\/api.w.org\/{rel}","templated":true}]}}