{"id":4201,"date":"2024-06-18T15:49:37","date_gmt":"2024-06-18T07:49:37","guid":{"rendered":"https:\/\/yutaimachinery.com\/?post_type=product&#038;p=4201"},"modified":"2024-06-18T15:49:38","modified_gmt":"2024-06-18T07:49:38","slug":"ponceuse-en-tout-genre-2","status":"publish","type":"product","link":"https:\/\/yutaimachinery.com\/fr\/product\/all-kind-sander\/","title":{"rendered":"Ponceuse tout type"},"content":{"rendered":"","protected":false},"excerpt":{"rendered":"<p>La ponceuse tous types est principalement utilis\u00e9e pour le nivellement des surfaces, l'\u00e9barbage des bords, l'\u00e9bavurage, la pr\u00e9paration des gla\u00e7ures et la r\u00e9paration du retraitement. Elle peut rendre la surface de la c\u00e9ramique plus lisse et plus plate, assurer des bords nets, \u00e9liminer les bavures g\u00e9n\u00e9r\u00e9es au cours du processus de production, am\u00e9liorer l'adh\u00e9rence de l'\u00e9mail et r\u00e9parer les petits d\u00e9fauts, am\u00e9liorant ainsi efficacement la qualit\u00e9 et la productivit\u00e9 des produits c\u00e9ramiques.<\/p>","protected":false},"featured_media":4202,"template":"","meta":{"_acf_changed":false},"product_brand":[],"product_cat":[61],"product_tag":[],"class_list":{"0":"post-4201","1":"product","2":"type-product","3":"status-publish","4":"has-post-thumbnail","6":"product_cat-ceramic-machine-tool","8":"first","9":"instock","10":"shipping-taxable","11":"product-type-simple"},"acf":{"customization_content":"<h2 style=\"text-align: center;\">Why Choose Us as Your Ceramic Machine Supplier<\/h2>\r\n\r\n<hr \/>\r\n<p style=\"text-align: center;\">Yutai as a ceramic tableware manufacturer, maintains strict quality standards and excellent service. Revolutionize your manufacturing processes with cutting-edge automation technology that streamlines forming and enhances efficiency.<\/p>","customization_content_source":{"label":"Customization Content","type":"wysiwyg","formatted_value":"<h2 style=\"text-align: center;\">Why Choose Us as Your Ceramic Machine Supplier<\/h2>\n<hr \/>\n<p style=\"text-align: center;\">Yutai as a ceramic tableware manufacturer, maintains strict quality standards and excellent service. Revolutionize your manufacturing processes with cutting-edge automation technology that streamlines forming and enhances efficiency.<\/p>\n"},"why_choose_us_content":"","why_choose_us_content_source":{"label":"Why Choose Us Content","type":"wysiwyg","formatted_value":""}},"_links":{"self":[{"href":"https:\/\/yutaimachinery.com\/fr\/wp-json\/wp\/v2\/product\/4201","targetHints":{"allow":["GET"]}}],"collection":[{"href":"https:\/\/yutaimachinery.com\/fr\/wp-json\/wp\/v2\/product"}],"about":[{"href":"https:\/\/yutaimachinery.com\/fr\/wp-json\/wp\/v2\/types\/product"}],"version-history":[{"count":0,"href":"https:\/\/yutaimachinery.com\/fr\/wp-json\/wp\/v2\/product\/4201\/revisions"}],"wp:featuredmedia":[{"embeddable":true,"href":"https:\/\/yutaimachinery.com\/fr\/wp-json\/wp\/v2\/media\/4202"}],"wp:attachment":[{"href":"https:\/\/yutaimachinery.com\/fr\/wp-json\/wp\/v2\/media?parent=4201"}],"wp:term":[{"taxonomy":"product_brand","embeddable":true,"href":"https:\/\/yutaimachinery.com\/fr\/wp-json\/wp\/v2\/product_brand?post=4201"},{"taxonomy":"product_cat","embeddable":true,"href":"https:\/\/yutaimachinery.com\/fr\/wp-json\/wp\/v2\/product_cat?post=4201"},{"taxonomy":"product_tag","embeddable":true,"href":"https:\/\/yutaimachinery.com\/fr\/wp-json\/wp\/v2\/product_tag?post=4201"}],"curies":[{"name":"wp","href":"https:\/\/api.w.org\/{rel}","templated":true}]}}