{"id":4195,"date":"2024-06-14T22:21:55","date_gmt":"2024-06-14T14:21:55","guid":{"rendered":"https:\/\/yutaimachinery.com\/?post_type=product&#038;p=4195"},"modified":"2024-06-14T23:18:35","modified_gmt":"2024-06-14T15:18:35","slug":"four-tunnel-a-ceramique-2","status":"publish","type":"product","link":"https:\/\/yutaimachinery.com\/fr\/product\/ceramic-tunnel-kiln\/","title":{"rendered":"Four tunnel automatique \u00e0 orbite circulaire pour d\u00e9cors en c\u00e9ramique"},"content":{"rendered":"<div class=\"wp-block-columns is-layout-flex wp-container-core-columns-is-layout-9d6595d7 wp-block-columns-is-layout-flex\">\n<div class=\"wp-block-column is-layout-flow wp-block-column-is-layout-flow\">\n<figure class=\"wp-block-image size-full\"><img fetchpriority=\"high\" decoding=\"async\" width=\"2129\" height=\"2129\" src=\"https:\/\/yutaimachinery.com\/wp-content\/uploads\/2024\/06\/ceramic-tunnel-kiln6.webp\" alt=\"four tunnel \u00e0 c\u00e9ramique\" class=\"wp-image-4186\" title=\"\" srcset=\"https:\/\/yutaimachinery.com\/wp-content\/uploads\/2024\/06\/ceramic-tunnel-kiln6.webp 2129w, https:\/\/yutaimachinery.com\/wp-content\/uploads\/2024\/06\/ceramic-tunnel-kiln6-300x300.webp 300w, https:\/\/yutaimachinery.com\/wp-content\/uploads\/2024\/06\/ceramic-tunnel-kiln6-150x150.webp 150w, https:\/\/yutaimachinery.com\/wp-content\/uploads\/2024\/06\/ceramic-tunnel-kiln6-768x768.webp 768w, https:\/\/yutaimachinery.com\/wp-content\/uploads\/2024\/06\/ceramic-tunnel-kiln6-285x285.webp 285w, https:\/\/yutaimachinery.com\/wp-content\/uploads\/2024\/06\/ceramic-tunnel-kiln6-1600x1600.webp 1600w, https:\/\/yutaimachinery.com\/wp-content\/uploads\/2024\/06\/ceramic-tunnel-kiln6-270x270.webp 270w, https:\/\/yutaimachinery.com\/wp-content\/uploads\/2024\/06\/ceramic-tunnel-kiln6-540x540.webp 540w, https:\/\/yutaimachinery.com\/wp-content\/uploads\/2024\/06\/ceramic-tunnel-kiln6-660x660.webp 660w\" sizes=\"(max-width: 2129px) 100vw, 2129px\" \/><\/figure>\n<\/div>\n\n\n\n<div class=\"wp-block-column is-layout-flow wp-block-column-is-layout-flow\">\n<h2 class=\"wp-block-heading\"><strong>Caract\u00e9ristiques<\/strong> Four tunnel \u00e0 c\u00e9ramique<\/h2>\n\n\n\n<p>Utilisation optimale de l'espace : La conception en anneau rend le four plus compact et occupe une surface plus petite, ce qui permet d'utiliser efficacement l'espace de l'usine, en particulier pour les entreprises dont l'espace est limit\u00e9.<\/p>\n\n\n\n<p>Production en continu : La conception du chemin de roulement permet une v\u00e9ritable production en continu, o\u00f9 le mat\u00e9riau peut se d\u00e9placer sur le chemin de roulement sans s'arr\u00eater, ce qui augmente encore la productivit\u00e9 et r\u00e9duit les temps d'arr\u00eat.<\/p>\n\n\n\n<p>Uniformit\u00e9 de la temp\u00e9rature : La conception de la piste circulaire facilite la distribution uniforme de la temp\u00e9rature \u00e0 l'int\u00e9rieur du four, \u00e9vitant les temp\u00e9ratures in\u00e9gales qui peuvent se produire dans les fours lin\u00e9aires traditionnels, am\u00e9liorant ainsi la stabilit\u00e9 et l'uniformit\u00e9 de la qualit\u00e9 du produit.<\/p>\n\n\n\n<p>Facilit\u00e9 d'utilisation : Les fours annulaires sont g\u00e9n\u00e9ralement \u00e9quip\u00e9s de syst\u00e8mes de transport et de contr\u00f4le automatis\u00e9s, qui simplifient le processus d'exploitation, r\u00e9duisent les co\u00fbts de main-d'\u0153uvre et am\u00e9liorent le niveau d'automatisation de la production.<\/p>\n<\/div>\n<\/div>\n\n\n\n<div class=\"wp-block-columns is-layout-flex wp-container-core-columns-is-layout-9d6595d7 wp-block-columns-is-layout-flex\">\n<div class=\"wp-block-column is-layout-flow wp-block-column-is-layout-flow\"><\/div>\n\n\n\n<div class=\"wp-block-column is-layout-flow wp-block-column-is-layout-flow\"><\/div>\n<\/div>","protected":false},"excerpt":{"rendered":"<p>La conception circulaire du four tunnel \u00e0 c\u00e9ramique permet une meilleure utilisation de l'espace et une plus grande productivit\u00e9, ainsi qu'un fonctionnement et une maintenance plus faciles, ce qui en fait l'\u00e9quipement pr\u00e9f\u00e9r\u00e9 pour la production moderne de c\u00e9ramique.<\/p>\n<h2>Solution unique pour les fours tunnels \u00e0 c\u00e9ramique :<\/h2>\n<ol>\n<li>\n<p>Solution d'am\u00e9nagement de l'usine : En fonction de l'espace de l'usine et du plan de production, nous fournissons des suggestions professionnelles pour l'agencement des machines c\u00e9ramiques.<\/p>\n<\/li>\n<li>\n<p>Assistance technique : Fournir des conseils et une assistance techniques professionnels, avec des guides vid\u00e9o pour garantir une utilisation rapide du produit.<\/p>\n<\/li>\n<li>\n<p>Pi\u00e8ces d\u00e9tach\u00e9es : Une gamme de pi\u00e8ces d\u00e9tach\u00e9es d'origine est disponible.<\/p>\n<\/li>\n<li>\n<p>Assistance apr\u00e8s-vente : Assistance en ligne 24 heures sur 24 pour s'assurer que vous \u00eates satisfait du four tunnel \u00e0 c\u00e9ramique et qu'il est utilis\u00e9 sans probl\u00e8me sur votre ligne de production.<\/p>\n<\/li>\n<\/ol>","protected":false},"featured_media":4191,"template":"","meta":{"_acf_changed":false},"product_brand":[],"product_cat":[58],"product_tag":[65],"class_list":{"0":"post-4195","1":"product","2":"type-product","3":"status-publish","4":"has-post-thumbnail","6":"product_cat-ceramic-kiln","7":"product_tag-tunnel-kiln","9":"first","10":"instock","11":"shipping-taxable","12":"product-type-simple"},"acf":{"customization_content":"<h2><\/h2>\r\n<div><\/div>","customization_content_source":{"label":"Customization Content","type":"wysiwyg","formatted_value":"<h2><\/h2>\n<div><\/div>\n"},"why_choose_us_content":"<h2 style=\"text-align: center;\">Why Choose Us as Your Ceramic Kiln\u00a0Supplier<\/h2>\r\n\r\n<hr \/>\r\n<p style=\"text-align: center;\">Yutai as a ceramic tableware manufacturer, maintains strict quality standards and excellent service. Revolutionize your manufacturing processes with cutting-edge automation technology that streamlines forming and enhances efficiency.<\/p>","why_choose_us_content_source":{"label":"Why Choose Us Content","type":"wysiwyg","formatted_value":"<h2 style=\"text-align: center;\">Why Choose Us as Your Ceramic Kiln\u00a0Supplier<\/h2>\n<hr \/>\n<p style=\"text-align: center;\">Yutai as a ceramic tableware manufacturer, maintains strict quality standards and excellent service. Revolutionize your manufacturing processes with cutting-edge automation technology that streamlines forming and enhances efficiency.<\/p>\n"}},"_links":{"self":[{"href":"https:\/\/yutaimachinery.com\/fr\/wp-json\/wp\/v2\/product\/4195","targetHints":{"allow":["GET"]}}],"collection":[{"href":"https:\/\/yutaimachinery.com\/fr\/wp-json\/wp\/v2\/product"}],"about":[{"href":"https:\/\/yutaimachinery.com\/fr\/wp-json\/wp\/v2\/types\/product"}],"version-history":[{"count":0,"href":"https:\/\/yutaimachinery.com\/fr\/wp-json\/wp\/v2\/product\/4195\/revisions"}],"wp:featuredmedia":[{"embeddable":true,"href":"https:\/\/yutaimachinery.com\/fr\/wp-json\/wp\/v2\/media\/4191"}],"wp:attachment":[{"href":"https:\/\/yutaimachinery.com\/fr\/wp-json\/wp\/v2\/media?parent=4195"}],"wp:term":[{"taxonomy":"product_brand","embeddable":true,"href":"https:\/\/yutaimachinery.com\/fr\/wp-json\/wp\/v2\/product_brand?post=4195"},{"taxonomy":"product_cat","embeddable":true,"href":"https:\/\/yutaimachinery.com\/fr\/wp-json\/wp\/v2\/product_cat?post=4195"},{"taxonomy":"product_tag","embeddable":true,"href":"https:\/\/yutaimachinery.com\/fr\/wp-json\/wp\/v2\/product_tag?post=4195"}],"curies":[{"name":"wp","href":"https:\/\/api.w.org\/{rel}","templated":true}]}}