{"id":4182,"date":"2024-06-14T22:21:43","date_gmt":"2024-06-14T14:21:43","guid":{"rendered":"https:\/\/yutaimachinery.com\/?post_type=product&#038;p=4182"},"modified":"2024-06-14T22:21:44","modified_gmt":"2024-06-14T14:21:44","slug":"fours-a-navette-2","status":"publish","type":"product","link":"https:\/\/yutaimachinery.com\/fr\/product\/shuttle-kilns\/","title":{"rendered":"Petits fours \u00e0 navette pour tasses en c\u00e9ramique Plaque D\u00e9calage Four"},"content":{"rendered":"<div class=\"wp-block-columns is-layout-flex wp-container-core-columns-is-layout-9d6595d7 wp-block-columns-is-layout-flex\">\n<div class=\"wp-block-column is-layout-flow wp-block-column-is-layout-flow\">\n<h2 class=\"wp-block-heading\">Caract\u00e9ristiques des fours \u00e0 navette<\/h2>\n\n\n\n<p>Le petit four \u00e0 navette est tr\u00e8s flexible, peu encombrant, facile \u00e0 utiliser, facile \u00e0 entretenir et pr\u00e9sente de nombreux autres avantages. Il est adapt\u00e9 \u00e0 la production de c\u00e9ramiques par petits lots et \u00e0 la production de c\u00e9ramiques multi-sp\u00e9cifiques. Son syst\u00e8me de contr\u00f4le moderne garantit la qualit\u00e9 du produit et r\u00e9duit efficacement la consommation d'\u00e9nergie et l'impact sur l'environnement. Il est particuli\u00e8rement adapt\u00e9 aux environnements de travail o\u00f9 l'espace est limit\u00e9.<\/p>\n<\/div>\n\n\n\n<div class=\"wp-block-column is-layout-flow wp-block-column-is-layout-flow\">\n<figure class=\"wp-block-image size-full is-resized\"><img fetchpriority=\"high\" decoding=\"async\" width=\"3024\" height=\"3024\" src=\"https:\/\/yutaimachinery.com\/wp-content\/uploads\/2024\/06\/shuttle-kiln2.webp\" alt=\"four \u00e0 navette\" class=\"wp-image-4183\" style=\"width:365px;height:auto\" title=\"\" srcset=\"https:\/\/yutaimachinery.com\/wp-content\/uploads\/2024\/06\/shuttle-kiln2.webp 3024w, https:\/\/yutaimachinery.com\/wp-content\/uploads\/2024\/06\/shuttle-kiln2-300x300.webp 300w, https:\/\/yutaimachinery.com\/wp-content\/uploads\/2024\/06\/shuttle-kiln2-150x150.webp 150w, https:\/\/yutaimachinery.com\/wp-content\/uploads\/2024\/06\/shuttle-kiln2-768x768.webp 768w, https:\/\/yutaimachinery.com\/wp-content\/uploads\/2024\/06\/shuttle-kiln2-285x285.webp 285w, https:\/\/yutaimachinery.com\/wp-content\/uploads\/2024\/06\/shuttle-kiln2-1600x1600.webp 1600w, https:\/\/yutaimachinery.com\/wp-content\/uploads\/2024\/06\/shuttle-kiln2-270x270.webp 270w, https:\/\/yutaimachinery.com\/wp-content\/uploads\/2024\/06\/shuttle-kiln2-540x540.webp 540w, https:\/\/yutaimachinery.com\/wp-content\/uploads\/2024\/06\/shuttle-kiln2-660x660.webp 660w\" sizes=\"(max-width: 3024px) 100vw, 3024px\" \/><\/figure>\n<\/div>\n<\/div>","protected":false},"excerpt":{"rendered":"<p>Le petit four \u00e0 navette de type armoire, avec son efficacit\u00e9 \u00e9lev\u00e9e et ses \u00e9conomies d'\u00e9nergie, ses caract\u00e9ristiques flexibles, convient aux petites quantit\u00e9s de bols, d'assiettes et de tasses en c\u00e9ramique des fours de cuisson des d\u00e9calcomanies.<\/p>\n<h2>Une solution unique pour les fours \u00e0 navette :<\/h2>\n<ol>\n<li>Prix d'usine : Nous sommes un fabricant de machines c\u00e9ramiques qui fournit des fours c\u00e9ramiques \u00e9conomiques. N'h\u00e9sitez pas \u00e0 nous contacter pour obtenir le prix d'usine.<\/li>\n<li>Assistance technique : Fournir des conseils et une assistance techniques professionnels, avec des guides vid\u00e9o pour garantir une utilisation rapide du produit.<\/li>\n<li>Pi\u00e8ces d\u00e9tach\u00e9es : Une gamme de pi\u00e8ces d\u00e9tach\u00e9es d'origine est disponible.<\/li>\n<li>Assistance apr\u00e8s-vente : Assistance en ligne 24 heures sur 24 pour s'assurer que vous \u00eates satisfait des fours et qu'ils sont utilis\u00e9s sans probl\u00e8me sur votre cha\u00eene de production.<\/li>\n<\/ol>","protected":false},"featured_media":4184,"template":"","meta":{"_acf_changed":false},"product_brand":[],"product_cat":[58],"product_tag":[79],"class_list":{"0":"post-4182","1":"product","2":"type-product","3":"status-publish","4":"has-post-thumbnail","6":"product_cat-ceramic-kiln","7":"product_tag-shuttle-kiln","9":"first","10":"instock","11":"shipping-taxable","12":"product-type-simple"},"acf":{"customization_content":"","customization_content_source":{"label":"Customization Content","type":"wysiwyg","formatted_value":""},"why_choose_us_content":"<h2 style=\"text-align: center;\">Why Choose Us as Your <strong>Shuttle Kil<\/strong>ns Supplier<\/h2>\r\n\r\n<hr \/>\r\n<p style=\"text-align: center;\">Yutai as a ceramic tableware manufacturer, maintains strict quality standards and excellent service. Revolutionize your manufacturing processes with cutting-edge automation technology streamlining forming and enhancing efficiency.<\/p>","why_choose_us_content_source":{"label":"Why Choose Us Content","type":"wysiwyg","formatted_value":"<h2 style=\"text-align: center;\">Why Choose Us as Your <strong>Shuttle Kil<\/strong>ns Supplier<\/h2>\n<hr \/>\n<p style=\"text-align: center;\">Yutai as a ceramic tableware manufacturer, maintains strict quality standards and excellent service. Revolutionize your manufacturing processes with cutting-edge automation technology streamlining forming and enhancing efficiency.<\/p>\n"}},"_links":{"self":[{"href":"https:\/\/yutaimachinery.com\/fr\/wp-json\/wp\/v2\/product\/4182","targetHints":{"allow":["GET"]}}],"collection":[{"href":"https:\/\/yutaimachinery.com\/fr\/wp-json\/wp\/v2\/product"}],"about":[{"href":"https:\/\/yutaimachinery.com\/fr\/wp-json\/wp\/v2\/types\/product"}],"version-history":[{"count":0,"href":"https:\/\/yutaimachinery.com\/fr\/wp-json\/wp\/v2\/product\/4182\/revisions"}],"wp:featuredmedia":[{"embeddable":true,"href":"https:\/\/yutaimachinery.com\/fr\/wp-json\/wp\/v2\/media\/4184"}],"wp:attachment":[{"href":"https:\/\/yutaimachinery.com\/fr\/wp-json\/wp\/v2\/media?parent=4182"}],"wp:term":[{"taxonomy":"product_brand","embeddable":true,"href":"https:\/\/yutaimachinery.com\/fr\/wp-json\/wp\/v2\/product_brand?post=4182"},{"taxonomy":"product_cat","embeddable":true,"href":"https:\/\/yutaimachinery.com\/fr\/wp-json\/wp\/v2\/product_cat?post=4182"},{"taxonomy":"product_tag","embeddable":true,"href":"https:\/\/yutaimachinery.com\/fr\/wp-json\/wp\/v2\/product_tag?post=4182"}],"curies":[{"name":"wp","href":"https:\/\/api.w.org\/{rel}","templated":true}]}}