{"id":4118,"date":"2024-05-23T16:44:59","date_gmt":"2024-05-23T08:44:59","guid":{"rendered":"https:\/\/yutaimachinery.com\/?post_type=product&#038;p=4118"},"modified":"2024-05-23T18:41:01","modified_gmt":"2024-05-23T10:41:01","slug":"cabine-de-pulverisation-de-glacage-2","status":"publish","type":"product","link":"https:\/\/yutaimachinery.com\/fr\/product\/glaze-spray-booth\/","title":{"rendered":"Cabine de pulv\u00e9risation de gla\u00e7age automatique de grande capacit\u00e9 12 stations Plaque de gla\u00e7age de bol de tasse"},"content":{"rendered":"<div class=\"wp-block-columns is-layout-flex wp-container-core-columns-is-layout-9d6595d7 wp-block-columns-is-layout-flex\">\n<div class=\"wp-block-column is-layout-flow wp-block-column-is-layout-flow\">\n<h2 class=\"wp-block-heading\"><strong><strong>Cabine de pulv\u00e9risation de gla\u00e7age<\/strong><\/strong> <strong>Caract\u00e9ristiques :<\/strong><\/h2>\n\n\n\n<p>12 Multi-station, \u00e9quip\u00e9e d'un pistolet de pulv\u00e9risation : plusieurs projets peuvent \u00eatre pulv\u00e9ris\u00e9s en m\u00eame temps pour am\u00e9liorer l'efficacit\u00e9 de la production.<\/p>\n\n\n\n<p>Rotation du produit : Le support comprend un m\u00e9canisme de rotation du produit pour assurer une couverture uniforme de la lasure sur toutes les surfaces, y compris les zones difficiles d'acc\u00e8s.<\/p>\n\n\n\n<p>Interface conviviale : Le panneau de commande intuitif permet une utilisation facile et un r\u00e9glage rapide des param\u00e8tres, r\u00e9duisant ainsi la courbe d'apprentissage de l'op\u00e9rateur.<\/p>\n\n\n\n<p>Polyvalence : Convient \u00e0 une grande vari\u00e9t\u00e9 d'articles en c\u00e9ramique, y compris les assiettes, les bols, les tasses, etc., et s'adapte \u00e0 une grande vari\u00e9t\u00e9 de formes et de tailles.<\/p>\n\n\n\n<p>Options de personnalisation : La cabine peut \u00eatre adapt\u00e9e aux besoins sp\u00e9cifiques de la production, y compris des postes de travail suppl\u00e9mentaires ou des m\u00e9canismes de pulv\u00e9risation sp\u00e9cialis\u00e9s pour r\u00e9pondre \u00e0 des exigences de fabrication uniques.<\/p>\n<\/div>\n\n\n\n<div class=\"wp-block-column is-layout-flow wp-block-column-is-layout-flow\">\n<figure class=\"wp-block-embed is-type-video is-provider-youtube wp-block-embed-youtube wp-embed-aspect-16-9 wp-has-aspect-ratio\"><div class=\"wp-block-embed__wrapper\">\n<iframe title=\"Cabine de pulv\u00e9risation de gla\u00e7ure pour mugs, bols et assiettes en c\u00e9ramique - Multi stations\" width=\"940\" height=\"529\" src=\"https:\/\/www.youtube.com\/embed\/kso0A4FTmzI?feature=oembed\" frameborder=\"0\" allow=\"accelerometer; autoplay; clipboard-write; encrypted-media; gyroscope; picture-in-picture; web-share\" referrerpolicy=\"strict-origin-when-cross-origin\" allowfullscreen><\/iframe>\n<\/div><\/figure>\n\n\n<div class=\"wp-block-image\">\n<figure class=\"aligncenter size-full is-resized\"><img fetchpriority=\"high\" decoding=\"async\" width=\"568\" height=\"568\" src=\"https:\/\/yutaimachinery.com\/wp-content\/uploads\/2024\/05\/multistations-glaze-spray-booth2.webp\" alt=\"cabine de pulv\u00e9risation de gla\u00e7ure multistations\" class=\"wp-image-4120\" style=\"width:333px;height:auto\" title=\"\" srcset=\"https:\/\/yutaimachinery.com\/wp-content\/uploads\/2024\/05\/multistations-glaze-spray-booth2.webp 568w, https:\/\/yutaimachinery.com\/wp-content\/uploads\/2024\/05\/multistations-glaze-spray-booth2-300x300.webp 300w, https:\/\/yutaimachinery.com\/wp-content\/uploads\/2024\/05\/multistations-glaze-spray-booth2-150x150.webp 150w, https:\/\/yutaimachinery.com\/wp-content\/uploads\/2024\/05\/multistations-glaze-spray-booth2-285x285.webp 285w, https:\/\/yutaimachinery.com\/wp-content\/uploads\/2024\/05\/multistations-glaze-spray-booth2-270x270.webp 270w, https:\/\/yutaimachinery.com\/wp-content\/uploads\/2024\/05\/multistations-glaze-spray-booth2-540x540.webp 540w\" sizes=\"(max-width: 568px) 100vw, 568px\" \/><\/figure>\n<\/div><\/div>\n<\/div>","protected":false},"excerpt":{"rendered":"<p>Cabine de pulv\u00e9risation de gla\u00e7ure \u00e0 12 stations, efficacit\u00e9 sup\u00e9rieure pour obtenir une pulv\u00e9risation uniforme de gla\u00e7ure sur les tasses et les plats, prix d'usine, solutions personnalis\u00e9es, services d'installation, bienvenue \u00e0 contacter le fabricant de machines c\u00e9ramiques Yutai.<\/p>\n<h2>Une solution unique pour les cabines de pulv\u00e9risation d'\u00e9mail :<\/h2>\n<ol>\n<li>\n<p>Prix d'usine : En tant que fabricant de machines \u00e0 c\u00e9ramique, nous fournissons des cabines de pulv\u00e9risation de gla\u00e7ure rentables. N'h\u00e9sitez pas \u00e0 nous contacter pour obtenir le prix d'usine.<\/p>\n<\/li>\n<li>\n<p>Assistance technique : Fournir des conseils techniques professionnels et une installation m\u00e9canique, avec des guides vid\u00e9o pour garantir une utilisation rapide du produit.<\/p>\n<\/li>\n<li>\n<p>Pi\u00e8ces d\u00e9tach\u00e9es : Une gamme de pi\u00e8ces d\u00e9tach\u00e9es d'origine est disponible.<\/p>\n<\/li>\n<li>\n<p>Assistance apr\u00e8s-vente : Assistance en ligne 24 heures sur 24 pour s'assurer que vous \u00eates satisfait des cabines de pulv\u00e9risation d'\u00e9mail et qu'elles sont utilis\u00e9es sans probl\u00e8me sur votre ligne de production.<\/p>\n<\/li>\n<\/ol>","protected":false},"featured_media":4124,"template":"","meta":{"_acf_changed":false},"product_brand":[],"product_cat":[57],"product_tag":[86],"class_list":{"0":"post-4118","1":"product","2":"type-product","3":"status-publish","4":"has-post-thumbnail","6":"product_cat-ceramic-glazing-machine","7":"product_tag-glazing-spray-machine","9":"first","10":"instock","11":"shipping-taxable","12":"product-type-simple"},"acf":{"customization_content":"<h2><\/h2>\r\n<div><\/div>","customization_content_source":{"label":"Customization Content","type":"wysiwyg","formatted_value":"<h2><\/h2>\n<div><\/div>\n"},"why_choose_us_content":"<h2 style=\"text-align: center;\">Why Choose Us as Your Glaze Spray Booth Supplier<\/h2>\r\n\r\n<hr \/>\r\n<p style=\"text-align: center;\">\u00a0Yutai as a ceramic machine manufacturer, maintains strict quality standards and excellent service. Revolutionize your manufacturing processes with cutting-edge automation technology that streamlines forming and enhances efficiency.<\/p>","why_choose_us_content_source":{"label":"Why Choose Us Content","type":"wysiwyg","formatted_value":"<h2 style=\"text-align: center;\">Why Choose Us as Your Glaze Spray Booth Supplier<\/h2>\n<hr \/>\n<p style=\"text-align: center;\">\u00a0Yutai as a ceramic machine manufacturer, maintains strict quality standards and excellent service. Revolutionize your manufacturing processes with cutting-edge automation technology that streamlines forming and enhances efficiency.<\/p>\n"}},"_links":{"self":[{"href":"https:\/\/yutaimachinery.com\/fr\/wp-json\/wp\/v2\/product\/4118","targetHints":{"allow":["GET"]}}],"collection":[{"href":"https:\/\/yutaimachinery.com\/fr\/wp-json\/wp\/v2\/product"}],"about":[{"href":"https:\/\/yutaimachinery.com\/fr\/wp-json\/wp\/v2\/types\/product"}],"version-history":[{"count":0,"href":"https:\/\/yutaimachinery.com\/fr\/wp-json\/wp\/v2\/product\/4118\/revisions"}],"wp:featuredmedia":[{"embeddable":true,"href":"https:\/\/yutaimachinery.com\/fr\/wp-json\/wp\/v2\/media\/4124"}],"wp:attachment":[{"href":"https:\/\/yutaimachinery.com\/fr\/wp-json\/wp\/v2\/media?parent=4118"}],"wp:term":[{"taxonomy":"product_brand","embeddable":true,"href":"https:\/\/yutaimachinery.com\/fr\/wp-json\/wp\/v2\/product_brand?post=4118"},{"taxonomy":"product_cat","embeddable":true,"href":"https:\/\/yutaimachinery.com\/fr\/wp-json\/wp\/v2\/product_cat?post=4118"},{"taxonomy":"product_tag","embeddable":true,"href":"https:\/\/yutaimachinery.com\/fr\/wp-json\/wp\/v2\/product_tag?post=4118"}],"curies":[{"name":"wp","href":"https:\/\/api.w.org\/{rel}","templated":true}]}}