{"id":4110,"date":"2024-05-23T09:39:48","date_gmt":"2024-05-23T01:39:48","guid":{"rendered":"https:\/\/yutaimachinery.com\/?post_type=product&#038;p=4110"},"modified":"2024-05-23T10:21:04","modified_gmt":"2024-05-23T02:21:04","slug":"cabine-de-pulverisation-de-glacure-ceramique","status":"publish","type":"product","link":"https:\/\/yutaimachinery.com\/fr\/product\/ceramic-glaze-spray-booth\/","title":{"rendered":"Cabine de pulv\u00e9risation de gla\u00e7ure c\u00e9ramique \u00e0 poste unique pour plaque de poterie et bol"},"content":{"rendered":"<div class=\"wp-block-columns is-layout-flex wp-container-core-columns-is-layout-9d6595d7 wp-block-columns-is-layout-flex\">\n<div class=\"wp-block-column is-layout-flow wp-block-column-is-layout-flow\">\n<h2 class=\"wp-block-heading\"><strong><strong>Cabine de pulv\u00e9risation de gla\u00e7ure c\u00e9ramique<\/strong><\/strong> <strong>Caract\u00e9ristiques :<\/strong><\/h2>\n\n\n\n<p>Le produit peut \u00eatre tourn\u00e9 et la vitesse est r\u00e9glable. Il utilise un pistolet de pulv\u00e9risation manuel industriel avec une fonction d'agitation pour emp\u00eacher la pr\u00e9cipitation de l'\u00e9mail, une armoire \u00e0 rideau d'eau pour le d\u00e9poussi\u00e9rage. Il convient pour l'\u00e9maillage des assiettes\/bols\/tasses\/sauces\/pots en c\u00e9ramique.<\/p>\n<\/div>\n\n\n\n<div class=\"wp-block-column is-layout-flow wp-block-column-is-layout-flow\">\n<figure class=\"wp-block-image size-full\"><img fetchpriority=\"high\" decoding=\"async\" width=\"3024\" height=\"3024\" src=\"https:\/\/yutaimachinery.com\/wp-content\/uploads\/2024\/05\/ceramic-glaze-spray-booth4.webp\" alt=\"cabine de pulv\u00e9risation de gla\u00e7ure c\u00e9ramique\" class=\"wp-image-4113\" title=\"\" srcset=\"https:\/\/yutaimachinery.com\/wp-content\/uploads\/2024\/05\/ceramic-glaze-spray-booth4.webp 3024w, https:\/\/yutaimachinery.com\/wp-content\/uploads\/2024\/05\/ceramic-glaze-spray-booth4-300x300.webp 300w, https:\/\/yutaimachinery.com\/wp-content\/uploads\/2024\/05\/ceramic-glaze-spray-booth4-150x150.webp 150w, https:\/\/yutaimachinery.com\/wp-content\/uploads\/2024\/05\/ceramic-glaze-spray-booth4-768x768.webp 768w, https:\/\/yutaimachinery.com\/wp-content\/uploads\/2024\/05\/ceramic-glaze-spray-booth4-285x285.webp 285w, https:\/\/yutaimachinery.com\/wp-content\/uploads\/2024\/05\/ceramic-glaze-spray-booth4-1600x1600.webp 1600w, https:\/\/yutaimachinery.com\/wp-content\/uploads\/2024\/05\/ceramic-glaze-spray-booth4-270x270.webp 270w, https:\/\/yutaimachinery.com\/wp-content\/uploads\/2024\/05\/ceramic-glaze-spray-booth4-540x540.webp 540w, https:\/\/yutaimachinery.com\/wp-content\/uploads\/2024\/05\/ceramic-glaze-spray-booth4-660x660.webp 660w\" sizes=\"(max-width: 3024px) 100vw, 3024px\" \/><\/figure>\n<\/div>\n<\/div>\n\n\n\n<h2 class=\"wp-block-heading\"><strong><strong>Cabine de pulv\u00e9risation de gla\u00e7ure c\u00e9ramique<\/strong><\/strong> Param\u00e8tres<\/h2>\n\n\n\n<figure class=\"wp-block-table\"><table><tbody><tr><td>Mod\u00e8le<\/td><td>Taille maximale du formage (cm)<\/td><td>Capacit\u00e9<\/td><td>Puissance (kw)<\/td><td>Dimension(lxwxh)<\/td><td>Poids (kgs)<\/td><\/tr><tr><td>Situation unique<\/td><td>Dia 20* 50cm(h)<\/td><td>480pcs\/h<\/td><td>180kw<\/td><td>100X100X200cm<\/td><td>150<\/td><\/tr><\/tbody><\/table><\/figure>","protected":false},"excerpt":{"rendered":"<p>La cabine de gla\u00e7age par pulv\u00e9risation peut ajuster la vitesse de rotation du produit, et avec la fonction d'agitation pour \u00e9viter la pr\u00e9cipitation du gla\u00e7age, configuration \u00e9lev\u00e9e, prix bas, bienvenue \u00e0 contacter l'usine de c\u00e9ramique Yutai pour une cotation gratuite.<\/p>\n<h2>Une solution unique pour les cabines de pulv\u00e9risation de gla\u00e7ure c\u00e9ramique :<\/h2>\n<ol>\n<li>\n<p>Prix d'usine : En tant que fabricant de machines \u00e0 c\u00e9ramique, nous fournissons des cabines de pulv\u00e9risation de gla\u00e7ure c\u00e9ramique rentables. N'h\u00e9sitez pas \u00e0 nous contacter pour obtenir le prix d'usine.<\/p>\n<\/li>\n<li>\n<p>Assistance technique : Fournir des conseils techniques professionnels et une installation m\u00e9canique, avec des guides vid\u00e9o pour garantir une utilisation rapide du produit.<\/p>\n<\/li>\n<li>\n<p>Pi\u00e8ces d\u00e9tach\u00e9es : Une gamme de pi\u00e8ces d\u00e9tach\u00e9es d'origine est disponible.<\/p>\n<\/li>\n<li>\n<p>Assistance apr\u00e8s-vente : Assistance en ligne 24 heures sur 24 pour s'assurer que vous \u00eates satisfait des cabines de pulv\u00e9risation d'\u00e9mail et qu'elles sont utilis\u00e9es sans probl\u00e8me sur votre ligne de production.<\/p>\n<\/li>\n<\/ol>","protected":false},"featured_media":4112,"template":"","meta":{"_acf_changed":false},"product_brand":[],"product_cat":[57],"product_tag":[86],"class_list":{"0":"post-4110","1":"product","2":"type-product","3":"status-publish","4":"has-post-thumbnail","6":"product_cat-ceramic-glazing-machine","7":"product_tag-glazing-spray-machine","9":"first","10":"instock","11":"shipping-taxable","12":"product-type-simple"},"acf":{"customization_content":"<h2><\/h2>\r\n<div><\/div>","customization_content_source":{"label":"Customization Content","type":"wysiwyg","formatted_value":"<h2><\/h2>\n<div><\/div>\n"},"why_choose_us_content":"<h2 style=\"text-align: center;\">Why Choose Us as Your Ceramic Glaze Spray Booth Supplier<\/h2>\r\n\r\n<hr \/>\r\n<p style=\"text-align: center;\">\u00a0Yutai as a ceramic machine manufacturer, maintains strict quality standards and excellent service. Revolutionize your manufacturing processes with cutting-edge automation technology that streamlines forming and enhances efficiency.<\/p>","why_choose_us_content_source":{"label":"Why Choose Us Content","type":"wysiwyg","formatted_value":"<h2 style=\"text-align: center;\">Why Choose Us as Your Ceramic Glaze Spray Booth Supplier<\/h2>\n<hr \/>\n<p style=\"text-align: center;\">\u00a0Yutai as a ceramic machine manufacturer, maintains strict quality standards and excellent service. Revolutionize your manufacturing processes with cutting-edge automation technology that streamlines forming and enhances efficiency.<\/p>\n"}},"_links":{"self":[{"href":"https:\/\/yutaimachinery.com\/fr\/wp-json\/wp\/v2\/product\/4110","targetHints":{"allow":["GET"]}}],"collection":[{"href":"https:\/\/yutaimachinery.com\/fr\/wp-json\/wp\/v2\/product"}],"about":[{"href":"https:\/\/yutaimachinery.com\/fr\/wp-json\/wp\/v2\/types\/product"}],"version-history":[{"count":0,"href":"https:\/\/yutaimachinery.com\/fr\/wp-json\/wp\/v2\/product\/4110\/revisions"}],"wp:featuredmedia":[{"embeddable":true,"href":"https:\/\/yutaimachinery.com\/fr\/wp-json\/wp\/v2\/media\/4112"}],"wp:attachment":[{"href":"https:\/\/yutaimachinery.com\/fr\/wp-json\/wp\/v2\/media?parent=4110"}],"wp:term":[{"taxonomy":"product_brand","embeddable":true,"href":"https:\/\/yutaimachinery.com\/fr\/wp-json\/wp\/v2\/product_brand?post=4110"},{"taxonomy":"product_cat","embeddable":true,"href":"https:\/\/yutaimachinery.com\/fr\/wp-json\/wp\/v2\/product_cat?post=4110"},{"taxonomy":"product_tag","embeddable":true,"href":"https:\/\/yutaimachinery.com\/fr\/wp-json\/wp\/v2\/product_tag?post=4110"}],"curies":[{"name":"wp","href":"https:\/\/api.w.org\/{rel}","templated":true}]}}