{"id":4085,"date":"2024-05-17T11:57:19","date_gmt":"2024-05-17T03:57:19","guid":{"rendered":"https:\/\/yutaimachinery.com\/?post_type=product&#038;p=4085"},"modified":"2024-05-17T15:56:26","modified_gmt":"2024-05-17T07:56:26","slug":"machines-demaillage-exterieur-pour-tasses-pots-et-bols-en-ceramique-2","status":"publish","type":"product","link":"https:\/\/yutaimachinery.com\/fr\/product\/pottery-outside-glazing-machines-for-ceramic-mugs-pots-bowls\/","title":{"rendered":"Machines \u00e0 \u00e9mailler ext\u00e9rieures pour tasses, pots et bols en c\u00e9ramique"},"content":{"rendered":"<div class=\"wp-block-columns is-layout-flex wp-container-core-columns-is-layout-9d6595d7 wp-block-columns-is-layout-flex\">\n<div class=\"wp-block-column is-layout-flow wp-block-column-is-layout-flow\">\n<h2 class=\"wp-block-heading\"><strong><strong>Machines \u00e0 vitrer<\/strong><\/strong> <strong>Caract\u00e9ristiques :<\/strong><\/h2>\n\n\n\n<p>Cette \u00e9mailleuse semi-automatique peut \u00e9mailler fermement et uniform\u00e9ment l'ext\u00e9rieur de petits produits en c\u00e9ramique. Elle convient pour les bols, les tasses et les soucoupes. Am\u00e9liore l'efficacit\u00e9 de la production et r\u00e9duit les co\u00fbts de main-d'\u0153uvre. Nous proposons toutes sortes de machines de production de c\u00e9ramique et sommes bien conscients des besoins de la construction d'usines de c\u00e9ramique afin d'apporter des solutions \u00e0 chaque client.<\/p>\n<\/div>\n\n\n\n<div class=\"wp-block-column is-layout-flow wp-block-column-is-layout-flow\">\n<figure class=\"wp-block-embed is-type-video is-provider-youtube wp-block-embed-youtube wp-embed-aspect-4-3 wp-has-aspect-ratio\"><div class=\"wp-block-embed__wrapper\">\n<iframe title=\"vitrage ext\u00e9rieur semi-automatique\" width=\"940\" height=\"705\" src=\"https:\/\/www.youtube.com\/embed\/iEo_pylQxsU?feature=oembed\" frameborder=\"0\" allow=\"accelerometer; autoplay; clipboard-write; encrypted-media; gyroscope; picture-in-picture; web-share\" referrerpolicy=\"strict-origin-when-cross-origin\" allowfullscreen><\/iframe>\n<\/div><\/figure>\n<\/div>\n<\/div>\n\n\n\n<h2 class=\"wp-block-heading\"><strong><strong>Machines \u00e0 vitrer<\/strong><\/strong> Param\u00e8tres<\/h2>\n\n\n\n<figure class=\"wp-block-table\"><table><tbody><tr><td>Mod\u00e8le<\/td><td>Taille maximale du formage (cm)<\/td><td>Capacit\u00e9<\/td><td>Puissance (kw)<\/td><td>Dimension(lxwxh)<\/td><td>Poids (kgs)<\/td><\/tr><tr><td>Vitrage ext\u00e9rieur<\/td><td>Dia 20x 30cm (h)<\/td><td>90-480pcs\/h<\/td><td>0,8kw<\/td><td>130\u00d785 x170 Cm(h)<\/td><td>250<\/td><\/tr><\/tbody><\/table><\/figure>","protected":false},"excerpt":{"rendered":"<p>Les machines d'\u00e9maillage automatiques r\u00e9alisent l'\u00e9maillage externe des produits c\u00e9ramiques. Elles conviennent pour les bols, les tasses, les assiettes et les soucoupes en c\u00e9ramique. Faciles \u00e0 utiliser, elles permettent de r\u00e9duire les co\u00fbts de main-d'\u0153uvre. En savoir plus sur les machines d'\u00e9maillage Contactez Yutai Ceramic Machinery, fabricant et fournisseur.<\/p>\n<h2>Une solution unique pour les machines de vitrage :<\/h2>\n<ol>\n<li>\n<p>Prix d'usine : En tant que fabricant de machines \u00e0 c\u00e9ramique, nous fournissons des machines d'\u00e9maillage rentables. N'h\u00e9sitez pas \u00e0 nous contacter pour obtenir le prix d'usine.<\/p>\n<\/li>\n<li>\n<p>Assistance technique : Fournir des conseils techniques professionnels et une installation m\u00e9canique, avec des guides vid\u00e9o pour garantir une utilisation rapide du produit.<\/p>\n<\/li>\n<li>\n<p>Pi\u00e8ces d\u00e9tach\u00e9es : Une gamme de pi\u00e8ces d\u00e9tach\u00e9es d'origine est disponible.<\/p>\n<\/li>\n<li>\n<p>Assistance apr\u00e8s-vente : Assistance en ligne 24 heures sur 24 pour s'assurer que vous \u00eates satisfait des machines \u00e0 vitrer et qu'elles sont utilis\u00e9es sans probl\u00e8me sur votre cha\u00eene de production.<\/p>\n<\/li>\n<\/ol>","protected":false},"featured_media":4091,"template":"","meta":{"_acf_changed":false},"product_brand":[],"product_cat":[57],"product_tag":[78],"class_list":{"0":"post-4085","1":"product","2":"type-product","3":"status-publish","4":"has-post-thumbnail","6":"product_cat-ceramic-glazing-machine","7":"product_tag-glaze-dipping-machine","9":"first","10":"instock","11":"shipping-taxable","12":"product-type-simple"},"acf":{"customization_content":"<h2><\/h2>\r\n<div><\/div>","customization_content_source":{"label":"Customization Content","type":"wysiwyg","formatted_value":"<h2><\/h2>\n<div><\/div>\n"},"why_choose_us_content":"<h2 style=\"text-align: center;\">Why Choose Us as Your Glazing Machines Supplier<\/h2>\r\n\r\n<hr \/>\r\n<p style=\"text-align: center;\">\u00a0Yutai as a ceramic machine manufacturer, maintains strict quality standards and excellent service. Revolutionize your manufacturing processes with cutting-edge automation technology that streamlines forming and enhances efficiency.<\/p>","why_choose_us_content_source":{"label":"Why Choose Us Content","type":"wysiwyg","formatted_value":"<h2 style=\"text-align: center;\">Why Choose Us as Your Glazing Machines Supplier<\/h2>\n<hr \/>\n<p style=\"text-align: center;\">\u00a0Yutai as a ceramic machine manufacturer, maintains strict quality standards and excellent service. Revolutionize your manufacturing processes with cutting-edge automation technology that streamlines forming and enhances efficiency.<\/p>\n"}},"_links":{"self":[{"href":"https:\/\/yutaimachinery.com\/fr\/wp-json\/wp\/v2\/product\/4085","targetHints":{"allow":["GET"]}}],"collection":[{"href":"https:\/\/yutaimachinery.com\/fr\/wp-json\/wp\/v2\/product"}],"about":[{"href":"https:\/\/yutaimachinery.com\/fr\/wp-json\/wp\/v2\/types\/product"}],"version-history":[{"count":0,"href":"https:\/\/yutaimachinery.com\/fr\/wp-json\/wp\/v2\/product\/4085\/revisions"}],"wp:featuredmedia":[{"embeddable":true,"href":"https:\/\/yutaimachinery.com\/fr\/wp-json\/wp\/v2\/media\/4091"}],"wp:attachment":[{"href":"https:\/\/yutaimachinery.com\/fr\/wp-json\/wp\/v2\/media?parent=4085"}],"wp:term":[{"taxonomy":"product_brand","embeddable":true,"href":"https:\/\/yutaimachinery.com\/fr\/wp-json\/wp\/v2\/product_brand?post=4085"},{"taxonomy":"product_cat","embeddable":true,"href":"https:\/\/yutaimachinery.com\/fr\/wp-json\/wp\/v2\/product_cat?post=4085"},{"taxonomy":"product_tag","embeddable":true,"href":"https:\/\/yutaimachinery.com\/fr\/wp-json\/wp\/v2\/product_tag?post=4085"}],"curies":[{"name":"wp","href":"https:\/\/api.w.org\/{rel}","templated":true}]}}