{"id":4063,"date":"2024-05-14T11:51:50","date_gmt":"2024-05-14T03:51:50","guid":{"rendered":"https:\/\/yutaimachinery.com\/?post_type=product&#038;p=4063"},"modified":"2024-05-14T14:32:02","modified_gmt":"2024-05-14T06:32:02","slug":"machine-a-emailler-les-poteries","status":"publish","type":"product","link":"https:\/\/yutaimachinery.com\/fr\/product\/pottery-glazing-machine\/","title":{"rendered":"Machine automatique de gla\u00e7age de poterie 2-couleurs pour mugs en c\u00e9ramique"},"content":{"rendered":"<div class=\"wp-block-columns is-layout-flex wp-container-core-columns-is-layout-9d6595d7 wp-block-columns-is-layout-flex\">\n<div class=\"wp-block-column is-layout-flow wp-block-column-is-layout-flow\">\n<h2 class=\"wp-block-heading\"><strong><strong>Machine \u00e0 \u00e9mailler les poteries<\/strong><\/strong> <strong>Caract\u00e9ristiques :<\/strong><\/h2>\n\n\n\n<p>Personnalisation des couleurs : Les machines \u00e0 glacer les tasses et les bols enti\u00e8rement automatiques peuvent \u00eatre utilis\u00e9es en une ou deux couleurs. Il s'agit d'un bon choix pour les couleurs diff\u00e9rentes \u00e0 l'int\u00e9rieur et \u00e0 l'ext\u00e9rieur.<\/p>\n\n\n\n<p>Int\u00e9gration des flux de travail : La collaboration avec une ligne de formage automatique permet d'obtenir une ligne de production enti\u00e8rement automatique, du formage de la carrosserie verte au vitrage.<\/p>\n<\/div>\n\n\n\n<div class=\"wp-block-column is-layout-flow wp-block-column-is-layout-flow\">\n<figure class=\"wp-block-embed is-type-video is-provider-youtube wp-block-embed-youtube wp-embed-aspect-16-9 wp-has-aspect-ratio\"><div class=\"wp-block-embed__wrapper\">\n<iframe title=\"machine automatique \u00e0 glacer les mugs en 2 couleurs\" width=\"940\" height=\"529\" src=\"https:\/\/www.youtube.com\/embed\/eHOMoB5Dcp8?feature=oembed\" frameborder=\"0\" allow=\"accelerometer; autoplay; clipboard-write; encrypted-media; gyroscope; picture-in-picture; web-share\" referrerpolicy=\"strict-origin-when-cross-origin\" allowfullscreen><\/iframe>\n<\/div><\/figure>\n<\/div>\n<\/div>","protected":false},"excerpt":{"rendered":"<p>La machine automatique de gla\u00e7age de poterie peut r\u00e9aliser diff\u00e9rentes couleurs \u00e0 l'int\u00e9rieur et \u00e0 l'ext\u00e9rieur de la coupe et s'int\u00e8gre parfaitement \u00e0 la ligne de production de formage automatique pour r\u00e9pondre aux diff\u00e9rents besoins du produit. Nous fournissons une assistance technique compl\u00e8te, y compris l'installation, la formation et le service complet.<\/p>\n<h2>Une solution unique pour les machines d'\u00e9maillage de poteries :<\/h2>\n<ol>\n<li>\n<p>Prix d'usine : En tant que fabricant de machines \u00e0 c\u00e9ramique, nous fournissons des machines d'\u00e9maillage de poterie rentables. N'h\u00e9sitez pas \u00e0 nous contacter pour obtenir le prix d'usine.<\/p>\n<\/li>\n<li>\n<p>Assistance technique : Fournir des conseils techniques professionnels et une installation m\u00e9canique, avec des guides vid\u00e9o pour garantir une utilisation rapide du produit.<\/p>\n<\/li>\n<li>\n<p>Pi\u00e8ces d\u00e9tach\u00e9es : Une gamme de pi\u00e8ces d\u00e9tach\u00e9es d'origine est disponible.<\/p>\n<\/li>\n<li>\n<p>Assistance apr\u00e8s-vente : Assistance en ligne 24 heures sur 24 pour s'assurer que vous \u00eates satisfait des machines \u00e0 \u00e9mailler les poteries et qu'elles sont utilis\u00e9es sans probl\u00e8me sur votre cha\u00eene de production.<\/p>\n<\/li>\n<\/ol>","protected":false},"featured_media":4069,"template":"","meta":{"_acf_changed":false},"product_brand":[],"product_cat":[57],"product_tag":[78],"class_list":{"0":"post-4063","1":"product","2":"type-product","3":"status-publish","4":"has-post-thumbnail","6":"product_cat-ceramic-glazing-machine","7":"product_tag-glaze-dipping-machine","9":"first","10":"instock","11":"shipping-taxable","12":"product-type-simple"},"acf":{"customization_content":"<h2><\/h2>\r\n<div><\/div>","customization_content_source":{"label":"Customization Content","type":"wysiwyg","formatted_value":"<h2><\/h2>\n<div><\/div>\n"},"why_choose_us_content":"<h2 style=\"text-align: center;\">Why Choose Us as Your Pottery Glazing Machine Supplier<\/h2>\r\n\r\n<hr \/>\r\n<p style=\"text-align: center;\">\u00a0Yutai as a ceramic machine manufacturer, maintains strict quality standards and excellent service. Revolutionize your manufacturing processes with cutting-edge automation technology that streamlines forming and enhances efficiency.<\/p>","why_choose_us_content_source":{"label":"Why Choose Us Content","type":"wysiwyg","formatted_value":"<h2 style=\"text-align: center;\">Why Choose Us as Your Pottery Glazing Machine Supplier<\/h2>\n<hr \/>\n<p style=\"text-align: center;\">\u00a0Yutai as a ceramic machine manufacturer, maintains strict quality standards and excellent service. Revolutionize your manufacturing processes with cutting-edge automation technology that streamlines forming and enhances efficiency.<\/p>\n"}},"_links":{"self":[{"href":"https:\/\/yutaimachinery.com\/fr\/wp-json\/wp\/v2\/product\/4063","targetHints":{"allow":["GET"]}}],"collection":[{"href":"https:\/\/yutaimachinery.com\/fr\/wp-json\/wp\/v2\/product"}],"about":[{"href":"https:\/\/yutaimachinery.com\/fr\/wp-json\/wp\/v2\/types\/product"}],"version-history":[{"count":0,"href":"https:\/\/yutaimachinery.com\/fr\/wp-json\/wp\/v2\/product\/4063\/revisions"}],"wp:featuredmedia":[{"embeddable":true,"href":"https:\/\/yutaimachinery.com\/fr\/wp-json\/wp\/v2\/media\/4069"}],"wp:attachment":[{"href":"https:\/\/yutaimachinery.com\/fr\/wp-json\/wp\/v2\/media?parent=4063"}],"wp:term":[{"taxonomy":"product_brand","embeddable":true,"href":"https:\/\/yutaimachinery.com\/fr\/wp-json\/wp\/v2\/product_brand?post=4063"},{"taxonomy":"product_cat","embeddable":true,"href":"https:\/\/yutaimachinery.com\/fr\/wp-json\/wp\/v2\/product_cat?post=4063"},{"taxonomy":"product_tag","embeddable":true,"href":"https:\/\/yutaimachinery.com\/fr\/wp-json\/wp\/v2\/product_tag?post=4063"}],"curies":[{"name":"wp","href":"https:\/\/api.w.org\/{rel}","templated":true}]}}