{"id":4055,"date":"2024-05-14T11:04:57","date_gmt":"2024-05-14T03:04:57","guid":{"rendered":"https:\/\/yutaimachinery.com\/?post_type=product&#038;p=4055"},"modified":"2024-05-14T11:51:19","modified_gmt":"2024-05-14T03:51:19","slug":"glazing-equipment","status":"publish","type":"product","link":"https:\/\/yutaimachinery.com\/fr\/product\/glazing-equipment\/","title":{"rendered":"Equipement de gla\u00e7age bon march\u00e9 pour mugs en c\u00e9ramique interne"},"content":{"rendered":"<div class=\"wp-block-columns is-layout-flex wp-container-core-columns-is-layout-9d6595d7 wp-block-columns-is-layout-flex\">\n<div class=\"wp-block-column is-layout-flow wp-block-column-is-layout-flow\">\n<h2 class=\"wp-block-heading\"><strong><strong>Mat\u00e9riel de vitrage<\/strong><\/strong> <strong>Caract\u00e9ristiques :<\/strong><\/h2>\n\n\n\n<p>Facile \u00e0 utiliser : Conception et commande conviviale, il suffit de renverser la tasse sur la bouche de gla\u00e7age pour compl\u00e9ter le gla\u00e7age interne de la tasse, facile \u00e0 utiliser pour am\u00e9liorer l'efficacit\u00e9.<\/p>\n\n\n\n<p>Rentabilit\u00e9 : Avec son fonctionnement manuel, cet \u00e9quipement offre une solution rentable pour l'\u00e9maillage des tasses en c\u00e9ramique, \u00e9liminant le besoin de syst\u00e8mes d'automatisation complexes et r\u00e9duisant les co\u00fbts d'investissement initiaux.<\/p>\n<\/div>\n\n\n\n<div class=\"wp-block-column is-layout-flow wp-block-column-is-layout-flow\">\n<figure class=\"wp-block-embed is-type-video is-provider-youtube wp-block-embed-youtube wp-embed-aspect-16-9 wp-has-aspect-ratio\"><div class=\"wp-block-embed__wrapper\">\n<iframe title=\"Comment \u00e9mailler les tasses en porcelaine \u00e0 l&#039;int\u00e9rieur et \u00e0 l&#039;ext\u00e9rieur ?\" width=\"940\" height=\"529\" src=\"https:\/\/www.youtube.com\/embed\/Act77sMDPRw?feature=oembed\" frameborder=\"0\" allow=\"accelerometer; autoplay; clipboard-write; encrypted-media; gyroscope; picture-in-picture; web-share\" referrerpolicy=\"strict-origin-when-cross-origin\" allowfullscreen><\/iframe>\n<\/div><\/figure>\n<\/div>\n<\/div>","protected":false},"excerpt":{"rendered":"<p>\u00c9quipement manuel de gla\u00e7age de la c\u00e9ramique, facile \u00e0 utiliser, permettant de terminer efficacement le gla\u00e7age interne de la tasse. Convient \u00e0 diff\u00e9rents mod\u00e8les et tailles de gobelets en c\u00e9ramique. Il s'agit d'une solution \u00e9conomique de gla\u00e7age c\u00e9ramique \u00e0 applications multiples.<\/p>\n<h2>Une solution unique pour les \u00e9quipements de vitrage :<\/h2>\n<ol>\n<li>\n<p>Prix d'usine : En tant que fabricant de machines \u00e0 c\u00e9ramique, nous fournissons des \u00e9quipements d'\u00e9maillage rentables. N'h\u00e9sitez pas \u00e0 nous contacter pour obtenir le prix d'usine.<\/p>\n<\/li>\n<li>\n<p>Assistance technique : Fournir des conseils techniques professionnels et une installation m\u00e9canique, avec des guides vid\u00e9o pour garantir une utilisation rapide du produit.<\/p>\n<\/li>\n<li>\n<p>Pi\u00e8ces d\u00e9tach\u00e9es : Une gamme de pi\u00e8ces d\u00e9tach\u00e9es d'origine est disponible.<\/p>\n<\/li>\n<li>\n<p>Assistance apr\u00e8s-vente Assistance en ligne 24 heures sur 24 pour vous assurer que vous \u00eates satisfait de l'\u00e9quipement de vitrage et qu'il est utilis\u00e9 sans probl\u00e8me sur votre ligne de production.<\/p>\n<\/li>\n<\/ol>","protected":false},"featured_media":4058,"template":"","meta":{"_acf_changed":false},"product_brand":[],"product_cat":[57],"product_tag":[78],"class_list":{"0":"post-4055","1":"product","2":"type-product","3":"status-publish","4":"has-post-thumbnail","6":"product_cat-ceramic-glazing-machine","7":"product_tag-glaze-dipping-machine","9":"first","10":"instock","11":"shipping-taxable","12":"product-type-simple"},"acf":{"customization_content":"<h2><\/h2>\r\n<div><\/div>","customization_content_source":{"label":"Customization Content","type":"wysiwyg","formatted_value":"<h2><\/h2>\n<div><\/div>\n"},"why_choose_us_content":"<h2 style=\"text-align: center;\">Why Choose Us as Your Glazing Equipment Supplier<\/h2>\r\n\r\n<hr \/>\r\n<p style=\"text-align: center;\">\u00a0Yutai as a ceramic machine manufacturer, maintains strict quality standards and excellent service. Revolutionize your manufacturing processes with cutting-edge automation technology that streamlines forming and enhances efficiency.<\/p>","why_choose_us_content_source":{"label":"Why Choose Us Content","type":"wysiwyg","formatted_value":"<h2 style=\"text-align: center;\">Why Choose Us as Your Glazing Equipment Supplier<\/h2>\n<hr \/>\n<p style=\"text-align: center;\">\u00a0Yutai as a ceramic machine manufacturer, maintains strict quality standards and excellent service. Revolutionize your manufacturing processes with cutting-edge automation technology that streamlines forming and enhances efficiency.<\/p>\n"}},"_links":{"self":[{"href":"https:\/\/yutaimachinery.com\/fr\/wp-json\/wp\/v2\/product\/4055","targetHints":{"allow":["GET"]}}],"collection":[{"href":"https:\/\/yutaimachinery.com\/fr\/wp-json\/wp\/v2\/product"}],"about":[{"href":"https:\/\/yutaimachinery.com\/fr\/wp-json\/wp\/v2\/types\/product"}],"version-history":[{"count":0,"href":"https:\/\/yutaimachinery.com\/fr\/wp-json\/wp\/v2\/product\/4055\/revisions"}],"wp:featuredmedia":[{"embeddable":true,"href":"https:\/\/yutaimachinery.com\/fr\/wp-json\/wp\/v2\/media\/4058"}],"wp:attachment":[{"href":"https:\/\/yutaimachinery.com\/fr\/wp-json\/wp\/v2\/media?parent=4055"}],"wp:term":[{"taxonomy":"product_brand","embeddable":true,"href":"https:\/\/yutaimachinery.com\/fr\/wp-json\/wp\/v2\/product_brand?post=4055"},{"taxonomy":"product_cat","embeddable":true,"href":"https:\/\/yutaimachinery.com\/fr\/wp-json\/wp\/v2\/product_cat?post=4055"},{"taxonomy":"product_tag","embeddable":true,"href":"https:\/\/yutaimachinery.com\/fr\/wp-json\/wp\/v2\/product_tag?post=4055"}],"curies":[{"name":"wp","href":"https:\/\/api.w.org\/{rel}","templated":true}]}}