{"id":4048,"date":"2024-05-14T09:37:20","date_gmt":"2024-05-14T01:37:20","guid":{"rendered":"https:\/\/yutaimachinery.com\/?post_type=product&#038;p=4048"},"modified":"2024-05-14T11:03:53","modified_gmt":"2024-05-14T03:03:53","slug":"machine-automatique-a-emailler-les-ceramiques-12-24-stations","status":"publish","type":"product","link":"https:\/\/yutaimachinery.com\/fr\/product\/automatic-ceramic-glazing-machine-12-24-station\/","title":{"rendered":"Machine automatique \u00e0 gla\u00e7age c\u00e9ramique 12-24 stations"},"content":{"rendered":"<div class=\"wp-block-columns is-layout-flex wp-container-core-columns-is-layout-9d6595d7 wp-block-columns-is-layout-flex\">\n<div class=\"wp-block-column is-layout-flow wp-block-column-is-layout-flow\">\n<h2 class=\"wp-block-heading\"><strong><strong>Machine \u00e0 glacer la c\u00e9ramique<\/strong><\/strong> <strong>Caract\u00e9ristiques :<\/strong><\/h2>\n\n\n\n<p>Efficacit\u00e9 \u00e9lev\u00e9e de 12 \u00e0 24 stations : Avec 12-24 stations, nos machines automatiques d'\u00e9maillage de c\u00e9ramiques garantissent une productivit\u00e9 \u00e9lev\u00e9e et peuvent \u00e9mailler simultan\u00e9ment une large gamme de produits c\u00e9ramiques.<\/p>\n\n\n\n<p>Convivialit\u00e9 : Con\u00e7u pour \u00eatre facile \u00e0 utiliser, avec des commandes intuitives et une interface conviviale, il garantit un fonctionnement sans heurts et des besoins de formation minimes.<\/p>\n\n\n\n<p>Polyvalence : Convient \u00e0 une large gamme de produits c\u00e9ramiques, y compris les assiettes, les bols, les tasses et autres, ce qui en fait une solution polyvalente pour les fabricants de c\u00e9ramiques.<\/p>\n<\/div>\n\n\n\n<div class=\"wp-block-column is-layout-flow wp-block-column-is-layout-flow\">\n<figure class=\"wp-block-embed is-type-video is-provider-youtube wp-block-embed-youtube wp-embed-aspect-16-9 wp-has-aspect-ratio\"><div class=\"wp-block-embed__wrapper\">\n<iframe title=\"Machine automatique \u00e0 glacer les assiettes, les bols et les tasses en c\u00e9ramique\" width=\"940\" height=\"529\" src=\"https:\/\/www.youtube.com\/embed\/9WJXD2lhWPc?feature=oembed\" frameborder=\"0\" allow=\"accelerometer; autoplay; clipboard-write; encrypted-media; gyroscope; picture-in-picture; web-share\" referrerpolicy=\"strict-origin-when-cross-origin\" allowfullscreen><\/iframe>\n<\/div><\/figure>\n<\/div>\n<\/div>","protected":false},"excerpt":{"rendered":"<p>En tant qu'usine de fabrication de machines \u00e0 c\u00e9ramique, nous vendons en gros des machines de gla\u00e7age de 12 \u00e0 24 stations, ce qui am\u00e9liore l'efficacit\u00e9 et permet de r\u00e9aliser simultan\u00e9ment le gla\u00e7age automatique de plusieurs produits c\u00e9ramiques. Services de personnalisation et d'installation technique.<\/p>\n<h2>Une solution unique pour les machines d'\u00e9maillage c\u00e9ramique :<\/h2>\n<ol>\n<li>\n<p>Prix d'usine : En tant que fabricant de machines \u00e0 c\u00e9ramique, nous fournissons des machines \u00e0 gla\u00e7age c\u00e9ramique rentables. N'h\u00e9sitez pas \u00e0 nous contacter pour obtenir le prix d'usine.<\/p>\n<\/li>\n<li>\n<p>Assistance technique : Fournir des conseils techniques professionnels et une installation m\u00e9canique, avec des guides vid\u00e9o pour garantir une utilisation rapide du produit.<\/p>\n<\/li>\n<li>\n<p>Pi\u00e8ces d\u00e9tach\u00e9es : Une gamme de pi\u00e8ces d\u00e9tach\u00e9es d'origine est disponible.<\/p>\n<\/li>\n<li>\n<p>Assistance apr\u00e8s-vente : Assistance en ligne 24 heures sur 24 pour s'assurer que vous \u00eates satisfait des machines d'\u00e9maillage de la c\u00e9ramique et qu'elles sont utilis\u00e9es sans probl\u00e8me sur votre ligne de production.<\/p>\n<\/li>\n<\/ol>","protected":false},"featured_media":4052,"template":"","meta":{"_acf_changed":false},"product_brand":[],"product_cat":[57],"product_tag":[78],"class_list":{"0":"post-4048","1":"product","2":"type-product","3":"status-publish","4":"has-post-thumbnail","6":"product_cat-ceramic-glazing-machine","7":"product_tag-glaze-dipping-machine","9":"first","10":"instock","11":"shipping-taxable","12":"product-type-simple"},"acf":{"customization_content":"<h2><\/h2>\r\n<div><\/div>","customization_content_source":{"label":"Customization Content","type":"wysiwyg","formatted_value":"<h2><\/h2>\n<div><\/div>\n"},"why_choose_us_content":"<h2 style=\"text-align: center;\">Why Choose Us as Your Ceramic Glazing Machine Supplier<\/h2>\r\n\r\n<hr \/>\r\n<p style=\"text-align: center;\">\u00a0Yutai as a ceramic machine manufacturer, maintains strict quality standards and excellent service. Revolutionize your manufacturing processes with cutting-edge automation technology that streamlines forming and enhances efficiency.<\/p>","why_choose_us_content_source":{"label":"Why Choose Us Content","type":"wysiwyg","formatted_value":"<h2 style=\"text-align: center;\">Why Choose Us as Your Ceramic Glazing Machine Supplier<\/h2>\n<hr \/>\n<p style=\"text-align: center;\">\u00a0Yutai as a ceramic machine manufacturer, maintains strict quality standards and excellent service. Revolutionize your manufacturing processes with cutting-edge automation technology that streamlines forming and enhances efficiency.<\/p>\n"}},"_links":{"self":[{"href":"https:\/\/yutaimachinery.com\/fr\/wp-json\/wp\/v2\/product\/4048","targetHints":{"allow":["GET"]}}],"collection":[{"href":"https:\/\/yutaimachinery.com\/fr\/wp-json\/wp\/v2\/product"}],"about":[{"href":"https:\/\/yutaimachinery.com\/fr\/wp-json\/wp\/v2\/types\/product"}],"version-history":[{"count":0,"href":"https:\/\/yutaimachinery.com\/fr\/wp-json\/wp\/v2\/product\/4048\/revisions"}],"wp:featuredmedia":[{"embeddable":true,"href":"https:\/\/yutaimachinery.com\/fr\/wp-json\/wp\/v2\/media\/4052"}],"wp:attachment":[{"href":"https:\/\/yutaimachinery.com\/fr\/wp-json\/wp\/v2\/media?parent=4048"}],"wp:term":[{"taxonomy":"product_brand","embeddable":true,"href":"https:\/\/yutaimachinery.com\/fr\/wp-json\/wp\/v2\/product_brand?post=4048"},{"taxonomy":"product_cat","embeddable":true,"href":"https:\/\/yutaimachinery.com\/fr\/wp-json\/wp\/v2\/product_cat?post=4048"},{"taxonomy":"product_tag","embeddable":true,"href":"https:\/\/yutaimachinery.com\/fr\/wp-json\/wp\/v2\/product_tag?post=4048"}],"curies":[{"name":"wp","href":"https:\/\/api.w.org\/{rel}","templated":true}]}}