{"id":3958,"date":"2024-04-25T15:32:27","date_gmt":"2024-04-25T07:32:27","guid":{"rendered":"https:\/\/yutaimachinery.com\/?post_type=product&#038;p=3958"},"modified":"2024-05-14T10:52:29","modified_gmt":"2024-05-14T02:52:29","slug":"vacuum-plaster-mixer","status":"publish","type":"product","link":"https:\/\/yutaimachinery.com\/fr\/product\/vacuum-plaster-mixer\/","title":{"rendered":"M\u00e9langeur de pl\u00e2tre sous vide pour moules de formage \u00e0 rouleaux et de coul\u00e9e"},"content":{"rendered":"<div class=\"wp-block-columns is-layout-flex wp-container-core-columns-is-layout-9d6595d7 wp-block-columns-is-layout-flex\">\n<div class=\"wp-block-column is-layout-flow wp-block-column-is-layout-flow\">\n<h2 class=\"wp-block-heading\"><strong>M\u00e9langeur de pl\u00e2tre sous vide Param\u00e8tres :<\/strong><\/h2>\n\n\n\n<figure class=\"wp-block-table\"><table><tbody><tr><td>Mod\u00e8le<\/td><td>Dimension(lxwxh)<\/td><td>Puissance (kw)<\/td><\/tr><tr><td>30<\/td><td>70x60x150cm(h)<\/td><td>0,75kw<\/td><\/tr><tr><td>60<\/td><td>80x65x170 cm(h)<\/td><td>1,5 kW<\/td><\/tr><\/tbody><\/table><\/figure>\n<\/div>\n\n\n\n<div class=\"wp-block-column is-layout-flow wp-block-column-is-layout-flow\"><div class=\"wp-block-image\">\n<figure class=\"aligncenter size-full is-resized\"><img fetchpriority=\"high\" decoding=\"async\" width=\"1080\" height=\"1080\" src=\"https:\/\/yutaimachinery.com\/wp-content\/uploads\/2024\/04\/Vacuum-plaster-mixer1.webp\" alt=\"M\u00e9langeur de pl\u00e2tre sous vide\" class=\"wp-image-3966\" style=\"width:293px;height:auto\" title=\"\" srcset=\"https:\/\/yutaimachinery.com\/wp-content\/uploads\/2024\/04\/Vacuum-plaster-mixer1.webp 1080w, https:\/\/yutaimachinery.com\/wp-content\/uploads\/2024\/04\/Vacuum-plaster-mixer1-300x300.webp 300w, https:\/\/yutaimachinery.com\/wp-content\/uploads\/2024\/04\/Vacuum-plaster-mixer1-150x150.webp 150w, https:\/\/yutaimachinery.com\/wp-content\/uploads\/2024\/04\/Vacuum-plaster-mixer1-768x768.webp 768w, https:\/\/yutaimachinery.com\/wp-content\/uploads\/2024\/04\/Vacuum-plaster-mixer1-285x285.webp 285w, https:\/\/yutaimachinery.com\/wp-content\/uploads\/2024\/04\/Vacuum-plaster-mixer1-270x270.webp 270w, https:\/\/yutaimachinery.com\/wp-content\/uploads\/2024\/04\/Vacuum-plaster-mixer1-540x540.webp 540w, https:\/\/yutaimachinery.com\/wp-content\/uploads\/2024\/04\/Vacuum-plaster-mixer1-660x660.webp 660w\" sizes=\"(max-width: 1080px) 100vw, 1080px\" \/><\/figure>\n<\/div><\/div>\n<\/div>\n\n\n\n<h2 class=\"wp-block-heading\"><strong><strong>M\u00e9langeur de pl\u00e2tre sous vide <\/strong>Caract\u00e9ristiques :<\/strong><\/h2>\n\n\n\n<p><strong>Am\u00e9lioration de la qualit\u00e9 du pl\u00e2tre : <\/strong>Le processus de m\u00e9lange sous vide augmente la douceur et la duret\u00e9 des moules en pl\u00e2tre, ce qui permet d'obtenir des d\u00e9tails plus fins et une plus grande durabilit\u00e9 du produit final.<\/p>\n\n\n\n<p><strong>Vitesse et dur\u00e9e de m\u00e9lange r\u00e9glables : <\/strong>Offre la possibilit\u00e9 d'ajuster la vitesse et la dur\u00e9e du m\u00e9lange, ce qui permet un contr\u00f4le pr\u00e9cis de la consistance du pl\u00e2tre en fonction des exigences sp\u00e9cifiques.<\/p>\n\n\n\n<p><strong>Construction en acier inoxydable<\/strong>: L'armoire du m\u00e9langeur est en acier inoxydable, ce qui lui conf\u00e8re une durabilit\u00e9 et une r\u00e9sistance \u00e0 la corrosion, essentielles pour une utilisation \u00e0 long terme dans un environnement de production.<\/p>\n\n\n\n<p><strong>Chambre scell\u00e9e en aluminium : <\/strong>La chambre en aluminium moul\u00e9 pr\u00e9sente d'excellentes propri\u00e9t\u00e9s d'\u00e9tanch\u00e9it\u00e9, prot\u00e9geant le m\u00e9lange des contaminants et garantissant un environnement de m\u00e9lange propre.<\/p>\n\n\n\n<p><strong>Facilit\u00e9 d'utilisation : <\/strong>La possibilit\u00e9 de r\u00e9gler facilement la vitesse des pales de m\u00e9lange et la dur\u00e9e du m\u00e9lange rend cette machine conviviale et adaptable \u00e0 diff\u00e9rents besoins de production.<\/p>\n\n\n\n<div class=\"wp-block-columns is-layout-flex wp-container-core-columns-is-layout-9d6595d7 wp-block-columns-is-layout-flex\">\n<div class=\"wp-block-column is-layout-flow wp-block-column-is-layout-flow\">\n<figure class=\"wp-block-image size-full is-resized\"><img decoding=\"async\" width=\"1276\" height=\"1276\" src=\"https:\/\/yutaimachinery.com\/wp-content\/uploads\/2024\/04\/Vacuum-plaster-mixer5.webp\" alt=\"M\u00e9langeur de pl\u00e2tre sous vide\" class=\"wp-image-3967\" style=\"width:346px;height:auto\" title=\"\" srcset=\"https:\/\/yutaimachinery.com\/wp-content\/uploads\/2024\/04\/Vacuum-plaster-mixer5.webp 1276w, https:\/\/yutaimachinery.com\/wp-content\/uploads\/2024\/04\/Vacuum-plaster-mixer5-300x300.webp 300w, https:\/\/yutaimachinery.com\/wp-content\/uploads\/2024\/04\/Vacuum-plaster-mixer5-150x150.webp 150w, https:\/\/yutaimachinery.com\/wp-content\/uploads\/2024\/04\/Vacuum-plaster-mixer5-768x768.webp 768w, https:\/\/yutaimachinery.com\/wp-content\/uploads\/2024\/04\/Vacuum-plaster-mixer5-285x285.webp 285w, https:\/\/yutaimachinery.com\/wp-content\/uploads\/2024\/04\/Vacuum-plaster-mixer5-270x270.webp 270w, https:\/\/yutaimachinery.com\/wp-content\/uploads\/2024\/04\/Vacuum-plaster-mixer5-540x540.webp 540w, https:\/\/yutaimachinery.com\/wp-content\/uploads\/2024\/04\/Vacuum-plaster-mixer5-660x660.webp 660w\" sizes=\"(max-width: 1276px) 100vw, 1276px\" \/><\/figure>\n<\/div>\n\n\n\n<div class=\"wp-block-column is-layout-flow wp-block-column-is-layout-flow\">\n<figure class=\"wp-block-image size-full is-resized\"><img decoding=\"async\" width=\"1080\" height=\"1080\" src=\"https:\/\/yutaimachinery.com\/wp-content\/uploads\/2024\/04\/Vacuum-plaster-mixer2.webp\" alt=\"M\u00e9langeur de pl\u00e2tre sous vide\" class=\"wp-image-3964\" style=\"width:344px;height:auto\" title=\"\" srcset=\"https:\/\/yutaimachinery.com\/wp-content\/uploads\/2024\/04\/Vacuum-plaster-mixer2.webp 1080w, https:\/\/yutaimachinery.com\/wp-content\/uploads\/2024\/04\/Vacuum-plaster-mixer2-300x300.webp 300w, https:\/\/yutaimachinery.com\/wp-content\/uploads\/2024\/04\/Vacuum-plaster-mixer2-150x150.webp 150w, https:\/\/yutaimachinery.com\/wp-content\/uploads\/2024\/04\/Vacuum-plaster-mixer2-768x768.webp 768w, https:\/\/yutaimachinery.com\/wp-content\/uploads\/2024\/04\/Vacuum-plaster-mixer2-285x285.webp 285w, https:\/\/yutaimachinery.com\/wp-content\/uploads\/2024\/04\/Vacuum-plaster-mixer2-270x270.webp 270w, https:\/\/yutaimachinery.com\/wp-content\/uploads\/2024\/04\/Vacuum-plaster-mixer2-540x540.webp 540w, https:\/\/yutaimachinery.com\/wp-content\/uploads\/2024\/04\/Vacuum-plaster-mixer2-660x660.webp 660w\" sizes=\"(max-width: 1080px) 100vw, 1080px\" \/><\/figure>\n<\/div>\n<\/div>","protected":false},"excerpt":{"rendered":"<p>Vente directe en usine d'un m\u00e9langeur de pl\u00e2tre sous vide, con\u00e7u pour optimiser la pr\u00e9paration du gypse pour les t\u00eates de rouleaux et les moules de coul\u00e9e, ce qui en fait un outil pr\u00e9cieux pour am\u00e9liorer l'efficacit\u00e9 et la qualit\u00e9 de la production dans la fabrication de moules en c\u00e9ramique et en pl\u00e2tre.<\/p>\n<h2>Solution unique pour le m\u00e9langeur de pl\u00e2tre sous vide :<\/h2>\n<ol>\n<li>\n<p>Prix d'usine : En tant que fabricant de machines \u00e0 c\u00e9ramique, nous fournissons des machines \u00e0 couper l'argile \u00e0 des prix avantageux. N'h\u00e9sitez pas \u00e0 nous contacter pour obtenir le prix d'usine.<\/p>\n<\/li>\n<li>\n<p>Assistance technique : Fournir des conseils techniques professionnels et une installation m\u00e9canique, avec des guides vid\u00e9o pour garantir une utilisation rapide du produit.<\/p>\n<\/li>\n<li>\n<p>Pi\u00e8ces d\u00e9tach\u00e9es : Une gamme de pi\u00e8ces d\u00e9tach\u00e9es d'origine est disponible.<\/p>\n<\/li>\n<li>\n<p>Assistance apr\u00e8s-vente : Assistance en ligne 24 heures sur 24 pour s'assurer que vous \u00eates satisfait du m\u00e9langeur de pl\u00e2tre sous vide et qu'il est utilis\u00e9 sans probl\u00e8me sur votre ligne de production.<\/p>\n<\/li>\n<\/ol>","protected":false},"featured_media":3963,"template":"","meta":{"_acf_changed":false},"product_brand":[],"product_cat":[55],"product_tag":[84],"class_list":{"0":"post-3958","1":"product","2":"type-product","3":"status-publish","4":"has-post-thumbnail","6":"product_cat-ceramic-forming-machine","7":"product_tag-vacuum-plaster-mixer","9":"first","10":"instock","11":"shipping-taxable","12":"product-type-simple"},"acf":{"customization_content":"<h2><\/h2>\r\n<div><\/div>","customization_content_source":{"label":"Customization Content","type":"wysiwyg","formatted_value":"<h2><\/h2>\n<div><\/div>\n"},"why_choose_us_content":"<h2 style=\"text-align: center;\">Why Choose Us as Your Vacuum Plaster Mixer Supplier<\/h2>\r\n\r\n<hr \/>\r\n<p style=\"text-align: center;\">\u00a0Yutai as a ceramic machine manufacturer, maintains strict quality standards and excellent service. Revolutionize your manufacturing processes with cutting-edge automation technology that streamlines forming and enhances efficiency.<\/p>","why_choose_us_content_source":{"label":"Why Choose Us Content","type":"wysiwyg","formatted_value":"<h2 style=\"text-align: center;\">Why Choose Us as Your Vacuum Plaster Mixer Supplier<\/h2>\n<hr \/>\n<p style=\"text-align: center;\">\u00a0Yutai as a ceramic machine manufacturer, maintains strict quality standards and excellent service. Revolutionize your manufacturing processes with cutting-edge automation technology that streamlines forming and enhances efficiency.<\/p>\n"}},"_links":{"self":[{"href":"https:\/\/yutaimachinery.com\/fr\/wp-json\/wp\/v2\/product\/3958","targetHints":{"allow":["GET"]}}],"collection":[{"href":"https:\/\/yutaimachinery.com\/fr\/wp-json\/wp\/v2\/product"}],"about":[{"href":"https:\/\/yutaimachinery.com\/fr\/wp-json\/wp\/v2\/types\/product"}],"version-history":[{"count":0,"href":"https:\/\/yutaimachinery.com\/fr\/wp-json\/wp\/v2\/product\/3958\/revisions"}],"wp:featuredmedia":[{"embeddable":true,"href":"https:\/\/yutaimachinery.com\/fr\/wp-json\/wp\/v2\/media\/3963"}],"wp:attachment":[{"href":"https:\/\/yutaimachinery.com\/fr\/wp-json\/wp\/v2\/media?parent=3958"}],"wp:term":[{"taxonomy":"product_brand","embeddable":true,"href":"https:\/\/yutaimachinery.com\/fr\/wp-json\/wp\/v2\/product_brand?post=3958"},{"taxonomy":"product_cat","embeddable":true,"href":"https:\/\/yutaimachinery.com\/fr\/wp-json\/wp\/v2\/product_cat?post=3958"},{"taxonomy":"product_tag","embeddable":true,"href":"https:\/\/yutaimachinery.com\/fr\/wp-json\/wp\/v2\/product_tag?post=3958"}],"curies":[{"name":"wp","href":"https:\/\/api.w.org\/{rel}","templated":true}]}}