{"id":3944,"date":"2024-04-25T14:15:57","date_gmt":"2024-04-25T06:15:57","guid":{"rendered":"https:\/\/yutaimachinery.com\/?post_type=product&#038;p=3944"},"modified":"2024-04-25T14:35:12","modified_gmt":"2024-04-25T06:35:12","slug":"pompe-a-membrane-pneumatique","status":"publish","type":"product","link":"https:\/\/yutaimachinery.com\/fr\/product\/air-diaphragm-pump\/","title":{"rendered":"Pompe pneumatique \u00e0 membrane pour le transport pneumatique de boues d'argile"},"content":{"rendered":"<div class=\"wp-block-columns is-layout-flex wp-container-core-columns-is-layout-9d6595d7 wp-block-columns-is-layout-flex\">\n<div class=\"wp-block-column is-layout-flow wp-block-column-is-layout-flow\">\n<h2 class=\"wp-block-heading\"><strong>Pompe \u00e0 membrane pneumatique Caract\u00e9ristiques :<\/strong><\/h2>\n\n\n\n<ol class=\"wp-block-list\">\n<li><strong>Installation polyvalente<\/strong>: Contrairement \u00e0 certaines pompes, la pompe pneumatique \u00e0 membrane ne n\u00e9cessite pas d'installation horizontale, ce qui offre une grande souplesse d'utilisation dans les installations de production.<\/li>\n\n\n\n<li><strong>R\u00e9sistance aux dommages<\/strong>: Con\u00e7ue pour r\u00e9sister \u00e0 de longues p\u00e9riodes de marche \u00e0 vide continue sans subir de dommages, elle garantit des performances fiables m\u00eame en cas d'utilisation prolong\u00e9e.<\/li>\n\n\n\n<li><strong>Aspiration efficace<\/strong>: Avec une capacit\u00e9 d'aspiration de 100%, cette pompe aspire efficacement les mat\u00e9riaux de gla\u00e7age et les boues d'argile, facilitant ainsi un transport fluide et ininterrompu des mat\u00e9riaux.<\/li>\n\n\n\n<li><strong>Applications multiples<\/strong>: Convient \u00e0 une vari\u00e9t\u00e9 de t\u00e2ches, y compris le transport de mat\u00e9riaux d'\u00e9maillage et de boues d'argile, ainsi que la coul\u00e9e sous pression, ce qui en fait une solution polyvalente pour divers besoins de production.<\/li>\n<\/ol>\n<\/div>\n\n\n\n<div class=\"wp-block-column is-layout-flow wp-block-column-is-layout-flow\">\n<figure class=\"wp-block-image size-full\"><img fetchpriority=\"high\" decoding=\"async\" width=\"696\" height=\"696\" src=\"https:\/\/yutaimachinery.com\/wp-content\/uploads\/2024\/04\/Air-Diaphragm-Pump-5.webp\" alt=\"Pompe \u00e0 membrane pneumatique\" class=\"wp-image-3925\" title=\"\" srcset=\"https:\/\/yutaimachinery.com\/wp-content\/uploads\/2024\/04\/Air-Diaphragm-Pump-5.webp 696w, https:\/\/yutaimachinery.com\/wp-content\/uploads\/2024\/04\/Air-Diaphragm-Pump-5-300x300.webp 300w, https:\/\/yutaimachinery.com\/wp-content\/uploads\/2024\/04\/Air-Diaphragm-Pump-5-150x150.webp 150w, https:\/\/yutaimachinery.com\/wp-content\/uploads\/2024\/04\/Air-Diaphragm-Pump-5-285x285.webp 285w, https:\/\/yutaimachinery.com\/wp-content\/uploads\/2024\/04\/Air-Diaphragm-Pump-5-270x270.webp 270w, https:\/\/yutaimachinery.com\/wp-content\/uploads\/2024\/04\/Air-Diaphragm-Pump-5-540x540.webp 540w, https:\/\/yutaimachinery.com\/wp-content\/uploads\/2024\/04\/Air-Diaphragm-Pump-5-660x660.webp 660w\" sizes=\"(max-width: 696px) 100vw, 696px\" \/><\/figure>\n<\/div>\n<\/div>","protected":false},"excerpt":{"rendered":"<p>Yutai machinery manufacture en gros des pompes \u00e0 membrane pneumatiques avec une capacit\u00e9 d'aspiration de 100%. Cette pompe est utilis\u00e9e pour les mat\u00e9riaux de gla\u00e7age et les convoyeurs de boue d'argile, ou pour la coul\u00e9e sous pression.<\/p>\n<h2>Une solution unique pour les pompes pneumatiques \u00e0 membrane :<\/h2>\n<ol>\n<li>\n<p>Prix d'usine : En tant que fabricant de machines \u00e0 c\u00e9ramique, nous fournissons des machines \u00e0 couper l'argile \u00e0 des prix avantageux. N'h\u00e9sitez pas \u00e0 nous contacter pour obtenir le prix d'usine.<\/p>\n<\/li>\n<li>\n<p>Assistance technique : Fournir des conseils techniques professionnels et une installation m\u00e9canique, avec des guides vid\u00e9o pour garantir une utilisation rapide du produit.<\/p>\n<\/li>\n<li>\n<p>Pi\u00e8ces d\u00e9tach\u00e9es : Une gamme de pi\u00e8ces d\u00e9tach\u00e9es d'origine est disponible.<\/p>\n<\/li>\n<li>\n<p>Assistance apr\u00e8s-vente : Assistance en ligne 24 heures sur 24 pour s'assurer que vous \u00eates satisfait de la pompe pneumatique \u00e0 membrane et qu'elle est utilis\u00e9e sans probl\u00e8me sur votre cha\u00eene de production.<\/p>\n<\/li>\n<\/ol>","protected":false},"featured_media":3923,"template":"","meta":{"_acf_changed":false},"product_brand":[],"product_cat":[55],"product_tag":[82],"class_list":{"0":"post-3944","1":"product","2":"type-product","3":"status-publish","4":"has-post-thumbnail","6":"product_cat-ceramic-forming-machine","7":"product_tag-air-diaphragm-pump","9":"first","10":"instock","11":"shipping-taxable","12":"product-type-simple"},"acf":{"customization_content":"<h2><\/h2>\r\n<div><\/div>","customization_content_source":{"label":"Customization Content","type":"wysiwyg","formatted_value":"<h2><\/h2>\n<div><\/div>\n"},"why_choose_us_content":"<h2 style=\"text-align: center;\">Why Choose Us as Your Air Diaphragm Pump Supplier<\/h2>\r\n\r\n<hr \/>\r\n<p style=\"text-align: center;\">\u00a0Yutai as a ceramic machine manufacturer, maintains strict quality standards and excellent service. Revolutionize your manufacturing processes with cutting-edge automation technology that streamlines forming and enhances efficiency.<\/p>","why_choose_us_content_source":{"label":"Why Choose Us Content","type":"wysiwyg","formatted_value":"<h2 style=\"text-align: center;\">Why Choose Us as Your Air Diaphragm Pump Supplier<\/h2>\n<hr \/>\n<p style=\"text-align: center;\">\u00a0Yutai as a ceramic machine manufacturer, maintains strict quality standards and excellent service. Revolutionize your manufacturing processes with cutting-edge automation technology that streamlines forming and enhances efficiency.<\/p>\n"}},"_links":{"self":[{"href":"https:\/\/yutaimachinery.com\/fr\/wp-json\/wp\/v2\/product\/3944","targetHints":{"allow":["GET"]}}],"collection":[{"href":"https:\/\/yutaimachinery.com\/fr\/wp-json\/wp\/v2\/product"}],"about":[{"href":"https:\/\/yutaimachinery.com\/fr\/wp-json\/wp\/v2\/types\/product"}],"version-history":[{"count":0,"href":"https:\/\/yutaimachinery.com\/fr\/wp-json\/wp\/v2\/product\/3944\/revisions"}],"wp:featuredmedia":[{"embeddable":true,"href":"https:\/\/yutaimachinery.com\/fr\/wp-json\/wp\/v2\/media\/3923"}],"wp:attachment":[{"href":"https:\/\/yutaimachinery.com\/fr\/wp-json\/wp\/v2\/media?parent=3944"}],"wp:term":[{"taxonomy":"product_brand","embeddable":true,"href":"https:\/\/yutaimachinery.com\/fr\/wp-json\/wp\/v2\/product_brand?post=3944"},{"taxonomy":"product_cat","embeddable":true,"href":"https:\/\/yutaimachinery.com\/fr\/wp-json\/wp\/v2\/product_cat?post=3944"},{"taxonomy":"product_tag","embeddable":true,"href":"https:\/\/yutaimachinery.com\/fr\/wp-json\/wp\/v2\/product_tag?post=3944"}],"curies":[{"name":"wp","href":"https:\/\/api.w.org\/{rel}","templated":true}]}}