{"id":3920,"date":"2025-12-09T10:21:28","date_gmt":"2025-12-09T02:21:28","guid":{"rendered":"https:\/\/yutaimachinery.com\/?post_type=product&#038;p=3920"},"modified":"2026-01-15T11:35:16","modified_gmt":"2026-01-15T03:35:16","slug":"machine-de-coulee-en-coquille-2","status":"publish","type":"product","link":"https:\/\/yutaimachinery.com\/fr\/product\/slip-casting-machine\/","title":{"rendered":"Machine de coulage sous haute pression pour ligne de production automatis\u00e9e d'articles creux en c\u00e9ramique"},"content":{"rendered":"<div class=\"wp-block-columns is-layout-flex wp-container-core-columns-is-layout-9d6595d7 wp-block-columns-is-layout-flex\">\n<div class=\"wp-block-column is-layout-flow wp-block-column-is-layout-flow\">\n<h2 class=\"wp-block-heading\">Machine de coul\u00e9e en coquille Caract\u00e9ristiques :<\/h2>\n\n\n\n<p><strong>Proc\u00e9d\u00e9 de coulage en barbotine enti\u00e8rement automatis\u00e9<\/strong><br>Permet l'automatisation de la coul\u00e9e en barbotine, y compris le remplissage et la vidange automatiques des moules, ainsi que le s\u00e9chage automatis\u00e9 des moules. Cela permet de rationaliser l'ensemble du processus de production.<\/p>\n\n\n\n<p><strong>Capacit\u00e9 de production multi-formes<\/strong><br>Capable de produire simultan\u00e9ment plusieurs types de produits sur une ligne de coulage automatis\u00e9e, ce qui am\u00e9liore la productivit\u00e9 et l'efficacit\u00e9 op\u00e9rationnelle.<\/p>\n\n\n\n<p><strong>R\u00e9sultats de haute qualit\u00e9<\/strong><br>R\u00e9duit les bulles en surface et emp\u00eache la d\u00e9formation du produit, garantissant ainsi une qualit\u00e9 et une uniformit\u00e9 sup\u00e9rieures des articles c\u00e9ramiques finis.<\/p>\n\n\n\n<p><strong>S\u00e9chage int\u00e9gr\u00e9 \u00e0 l'air chaud dans le moule<\/strong><br>Dispose d'un syst\u00e8me de s\u00e9chage \u00e0 air chaud pour les moules, ce qui acc\u00e9l\u00e8re le cycle de production en les pr\u00e9parant rapidement pour leur r\u00e9utilisation et en r\u00e9duisant les temps d'attente.<\/p>\n\n\n\n<p><strong>Con\u00e7u pour les articles en c\u00e9ramique creuse<\/strong><br>Convient aux bouteilles d'huile, aux cafeti\u00e8res\/th\u00e9i\u00e8res et aux produits complexes ou de forme sp\u00e9ciale.<\/p>\n<\/div>\n\n\n\n<div class=\"wp-block-column is-layout-flow wp-block-column-is-layout-flow\">\n<figure class=\"wp-block-embed is-type-video is-provider-youtube wp-block-embed-youtube wp-embed-aspect-16-9 wp-has-aspect-ratio\"><div class=\"wp-block-embed__wrapper\">\n<iframe title=\"Ligne de production enti\u00e8rement automatique de coul\u00e9e de c\u00e9ramique\" width=\"940\" height=\"529\" src=\"https:\/\/www.youtube.com\/embed\/n2QHyzDZy20?feature=oembed\" frameborder=\"0\" allow=\"accelerometer; autoplay; clipboard-write; encrypted-media; gyroscope; picture-in-picture; web-share\" referrerpolicy=\"strict-origin-when-cross-origin\" allowfullscreen><\/iframe>\n<\/div><\/figure>\n<\/div>\n<\/div>\n\n\n\n<div class=\"wp-block-columns is-layout-flex wp-container-core-columns-is-layout-9d6595d7 wp-block-columns-is-layout-flex\">\n<div class=\"wp-block-column is-layout-flow wp-block-column-is-layout-flow\">\n<figure class=\"wp-block-image size-full\"><img fetchpriority=\"high\" decoding=\"async\" width=\"960\" height=\"960\" src=\"https:\/\/yutaimachinery.com\/wp-content\/uploads\/2025\/12\/ceramic-Violent-Bear-making-machine.webp\" alt=\"Machine \u00e0 fabriquer des ours violents en c\u00e9ramique\" class=\"wp-image-6301\" title=\"\" srcset=\"https:\/\/yutaimachinery.com\/wp-content\/uploads\/2025\/12\/ceramic-Violent-Bear-making-machine.webp 960w, https:\/\/yutaimachinery.com\/wp-content\/uploads\/2025\/12\/ceramic-Violent-Bear-making-machine-300x300.webp 300w, https:\/\/yutaimachinery.com\/wp-content\/uploads\/2025\/12\/ceramic-Violent-Bear-making-machine-150x150.webp 150w, https:\/\/yutaimachinery.com\/wp-content\/uploads\/2025\/12\/ceramic-Violent-Bear-making-machine-768x768.webp 768w, https:\/\/yutaimachinery.com\/wp-content\/uploads\/2025\/12\/ceramic-Violent-Bear-making-machine-12x12.webp 12w, https:\/\/yutaimachinery.com\/wp-content\/uploads\/2025\/12\/ceramic-Violent-Bear-making-machine-285x285.webp 285w, https:\/\/yutaimachinery.com\/wp-content\/uploads\/2025\/12\/ceramic-Violent-Bear-making-machine-270x270.webp 270w, https:\/\/yutaimachinery.com\/wp-content\/uploads\/2025\/12\/ceramic-Violent-Bear-making-machine-540x540.webp 540w, https:\/\/yutaimachinery.com\/wp-content\/uploads\/2025\/12\/ceramic-Violent-Bear-making-machine-660x660.webp 660w\" sizes=\"(max-width: 960px) 100vw, 960px\" \/><\/figure>\n<\/div>\n\n\n\n<div class=\"wp-block-column is-layout-flow wp-block-column-is-layout-flow\">\n<figure class=\"wp-block-image size-large\"><img decoding=\"async\" width=\"800\" height=\"800\" src=\"https:\/\/yutaimachinery.com\/wp-content\/uploads\/2025\/12\/teapot-slip-casting-machine.webp\" alt=\"machine \u00e0 couler les th\u00e9i\u00e8res\" class=\"wp-image-6287\" title=\"\" srcset=\"https:\/\/yutaimachinery.com\/wp-content\/uploads\/2025\/12\/teapot-slip-casting-machine.webp 800w, https:\/\/yutaimachinery.com\/wp-content\/uploads\/2025\/12\/teapot-slip-casting-machine-300x300.webp 300w, https:\/\/yutaimachinery.com\/wp-content\/uploads\/2025\/12\/teapot-slip-casting-machine-150x150.webp 150w, https:\/\/yutaimachinery.com\/wp-content\/uploads\/2025\/12\/teapot-slip-casting-machine-768x768.webp 768w, https:\/\/yutaimachinery.com\/wp-content\/uploads\/2025\/12\/teapot-slip-casting-machine-12x12.webp 12w, https:\/\/yutaimachinery.com\/wp-content\/uploads\/2025\/12\/teapot-slip-casting-machine-285x285.webp 285w, https:\/\/yutaimachinery.com\/wp-content\/uploads\/2025\/12\/teapot-slip-casting-machine-270x270.webp 270w, https:\/\/yutaimachinery.com\/wp-content\/uploads\/2025\/12\/teapot-slip-casting-machine-540x540.webp 540w, https:\/\/yutaimachinery.com\/wp-content\/uploads\/2025\/12\/teapot-slip-casting-machine-660x660.webp 660w\" sizes=\"(max-width: 800px) 100vw, 800px\" \/><\/figure>\n<\/div>\n\n\n\n<div class=\"wp-block-column is-layout-flow wp-block-column-is-layout-flow\">\n<figure class=\"wp-block-image size-full is-resized\"><img decoding=\"async\" width=\"266\" height=\"266\" src=\"https:\/\/yutaimachinery.com\/wp-content\/uploads\/2024\/04\/Slip-Casting-Machine-for-Ceramic-Bottle-Pot-Vase-Homerware-Production-3.webp\" alt=\"Machine de coulage par moulage pour la production d&#039;articles m\u00e9nagers en c\u00e9ramique tels que bouteilles, pots et vases\" class=\"wp-image-6147\" style=\"width:500px\" title=\"\" srcset=\"https:\/\/yutaimachinery.com\/wp-content\/uploads\/2024\/04\/Slip-Casting-Machine-for-Ceramic-Bottle-Pot-Vase-Homerware-Production-3.webp 266w, https:\/\/yutaimachinery.com\/wp-content\/uploads\/2024\/04\/Slip-Casting-Machine-for-Ceramic-Bottle-Pot-Vase-Homerware-Production-3-150x150.webp 150w, https:\/\/yutaimachinery.com\/wp-content\/uploads\/2024\/04\/Slip-Casting-Machine-for-Ceramic-Bottle-Pot-Vase-Homerware-Production-3-12x12.webp 12w\" sizes=\"(max-width: 266px) 100vw, 266px\" \/><\/figure>\n<\/div>\n<\/div>\n\n\n\n<div class=\"wp-block-columns is-layout-flex wp-container-core-columns-is-layout-9d6595d7 wp-block-columns-is-layout-flex\">\n<div class=\"wp-block-column is-layout-flow wp-block-column-is-layout-flow\">\n<figure class=\"wp-block-image size-full\"><img loading=\"lazy\" decoding=\"async\" width=\"4032\" height=\"3024\" src=\"https:\/\/yutaimachinery.com\/wp-content\/uploads\/2024\/04\/Hollow-Casting-Machine-slip-casting-machine-3.webp\" alt=\"Machine de coulage par moulage pour la production d&#039;articles m\u00e9nagers en c\u00e9ramique tels que bouteilles, pots et vases\" class=\"wp-image-6150\" title=\"\" srcset=\"https:\/\/yutaimachinery.com\/wp-content\/uploads\/2024\/04\/Hollow-Casting-Machine-slip-casting-machine-3.webp 4032w, https:\/\/yutaimachinery.com\/wp-content\/uploads\/2024\/04\/Hollow-Casting-Machine-slip-casting-machine-3-300x225.webp 300w, https:\/\/yutaimachinery.com\/wp-content\/uploads\/2024\/04\/Hollow-Casting-Machine-slip-casting-machine-3-768x576.webp 768w, https:\/\/yutaimachinery.com\/wp-content\/uploads\/2024\/04\/Hollow-Casting-Machine-slip-casting-machine-3-16x12.webp 16w, https:\/\/yutaimachinery.com\/wp-content\/uploads\/2024\/04\/Hollow-Casting-Machine-slip-casting-machine-3-285x214.webp 285w, https:\/\/yutaimachinery.com\/wp-content\/uploads\/2024\/04\/Hollow-Casting-Machine-slip-casting-machine-3-1600x1200.webp 1600w, https:\/\/yutaimachinery.com\/wp-content\/uploads\/2024\/04\/Hollow-Casting-Machine-slip-casting-machine-3-800x600.webp 800w, https:\/\/yutaimachinery.com\/wp-content\/uploads\/2024\/04\/Hollow-Casting-Machine-slip-casting-machine-3-660x495.webp 660w, https:\/\/yutaimachinery.com\/wp-content\/uploads\/2024\/04\/Hollow-Casting-Machine-slip-casting-machine-3-150x113.webp 150w\" sizes=\"(max-width: 4032px) 100vw, 4032px\" \/><\/figure>\n<\/div>\n\n\n\n<div class=\"wp-block-column is-layout-flow wp-block-column-is-layout-flow\">\n<figure class=\"wp-block-image size-full\"><img loading=\"lazy\" decoding=\"async\" width=\"4032\" height=\"3024\" src=\"https:\/\/yutaimachinery.com\/wp-content\/uploads\/2024\/04\/Hollow-Casting-Machine-slip-casting-machine-4.webp\" alt=\"Machine de coulage par moulage pour la production d&#039;articles m\u00e9nagers en c\u00e9ramique tels que bouteilles, pots et vases\" class=\"wp-image-6151\" title=\"\" srcset=\"https:\/\/yutaimachinery.com\/wp-content\/uploads\/2024\/04\/Hollow-Casting-Machine-slip-casting-machine-4.webp 4032w, https:\/\/yutaimachinery.com\/wp-content\/uploads\/2024\/04\/Hollow-Casting-Machine-slip-casting-machine-4-300x225.webp 300w, https:\/\/yutaimachinery.com\/wp-content\/uploads\/2024\/04\/Hollow-Casting-Machine-slip-casting-machine-4-768x576.webp 768w, https:\/\/yutaimachinery.com\/wp-content\/uploads\/2024\/04\/Hollow-Casting-Machine-slip-casting-machine-4-16x12.webp 16w, https:\/\/yutaimachinery.com\/wp-content\/uploads\/2024\/04\/Hollow-Casting-Machine-slip-casting-machine-4-285x214.webp 285w, https:\/\/yutaimachinery.com\/wp-content\/uploads\/2024\/04\/Hollow-Casting-Machine-slip-casting-machine-4-1600x1200.webp 1600w, https:\/\/yutaimachinery.com\/wp-content\/uploads\/2024\/04\/Hollow-Casting-Machine-slip-casting-machine-4-800x600.webp 800w, https:\/\/yutaimachinery.com\/wp-content\/uploads\/2024\/04\/Hollow-Casting-Machine-slip-casting-machine-4-660x495.webp 660w, https:\/\/yutaimachinery.com\/wp-content\/uploads\/2024\/04\/Hollow-Casting-Machine-slip-casting-machine-4-150x113.webp 150w\" sizes=\"(max-width: 4032px) 100vw, 4032px\" \/><\/figure>\n<\/div>\n<\/div>\n\n\n\n<p><\/p>","protected":false},"excerpt":{"rendered":"<p><strong data-start=\"30\" data-end=\"64\">La machine de coul\u00e9e par moulage en coquille Yutai<\/strong> est une ligne de formage c\u00e9ramique enti\u00e8rement automatique avec s\u00e9chage int\u00e9gr\u00e9 des moules. Elle produit simultan\u00e9ment plusieurs formes avec un rendement \u00e9lev\u00e9, ce qui la rend id\u00e9ale pour la production en s\u00e9rie de c\u00e9ramiques creuses irr\u00e9guli\u00e8res telles que des bouteilles d'huile, des cafeti\u00e8res, des th\u00e9i\u00e8res et des vases. Contactez-nous pour obtenir des solutions personnalis\u00e9es et un devis gratuit.<\/p>\n<h2>Param\u00e8tres de la machine de coul\u00e9e en coquille<\/h2>\n<table>\n<tbody>\n<tr>\n<td>\n<div class=\"block-editor-rich-text__editable rich-text\" role=\"textbox\" contenteditable=\"true\" aria-multiline=\"true\" aria-readonly=\"false\" aria-label=\"Texte du corps du message\"><strong>Dimension<\/strong><\/div>\n<\/td>\n<td>\n<div class=\"block-editor-rich-text__editable rich-text\" role=\"textbox\" contenteditable=\"true\" aria-multiline=\"true\" aria-readonly=\"false\" aria-label=\"Texte du corps du message\">1,3 x 30 m (l x l)<\/div>\n<\/td>\n<\/tr>\n<tr>\n<td>\n<div class=\"block-editor-rich-text__editable rich-text\" role=\"textbox\" contenteditable=\"true\" aria-multiline=\"true\" aria-readonly=\"false\" aria-label=\"Texte du corps du message\"><strong>Station de moulage<\/strong><\/div>\n<\/td>\n<td>\n<div class=\"block-editor-rich-text__editable rich-text\" role=\"textbox\" contenteditable=\"true\" aria-multiline=\"true\" aria-readonly=\"false\" aria-label=\"Texte du corps du message\">380 pi\u00e8ces<\/div>\n<\/td>\n<\/tr>\n<tr>\n<td>\n<div class=\"block-editor-rich-text__editable rich-text\" role=\"textbox\" contenteditable=\"true\" aria-multiline=\"true\" aria-readonly=\"false\" aria-label=\"Texte du corps du message\"><strong>Puissance (kw)<\/strong><\/div>\n<\/td>\n<td>\n<div class=\"block-editor-rich-text__editable rich-text\" role=\"textbox\" contenteditable=\"true\" aria-multiline=\"true\" aria-readonly=\"false\" aria-label=\"Texte du corps du message\">8 kw<\/div>\n<\/td>\n<\/tr>\n<tr>\n<td>\n<div class=\"block-editor-rich-text__editable rich-text\" role=\"textbox\" contenteditable=\"true\" aria-multiline=\"true\" aria-readonly=\"false\" aria-label=\"Texte du corps du message\"><strong>Capacit\u00e9 de production<\/strong><\/div>\n<\/td>\n<td>\n<div class=\"block-editor-rich-text__editable rich-text\" role=\"textbox\" contenteditable=\"true\" aria-multiline=\"true\" aria-readonly=\"false\" aria-label=\"Texte du corps du message\">4 000 \u00e0 6 000 PC\/24 heures<\/div>\n<\/td>\n<\/tr>\n<tr>\n<td>\n<div class=\"block-editor-rich-text__editable rich-text\" role=\"textbox\" contenteditable=\"true\" aria-multiline=\"true\" aria-readonly=\"false\" aria-label=\"Texte du corps du message\"><strong>Configuration<\/strong><\/div>\n<\/td>\n<td>\n<div class=\"block-editor-rich-text__editable rich-text\" role=\"textbox\" contenteditable=\"true\" aria-multiline=\"true\" aria-readonly=\"false\" aria-label=\"Texte du corps du message\">Syst\u00e8me \u00e0 air chaud Moule sec<\/div>\n<\/td>\n<\/tr>\n<tr>\n<td>\n<div class=\"block-editor-rich-text__editable rich-text\" role=\"textbox\" contenteditable=\"true\" aria-multiline=\"true\" aria-readonly=\"false\" aria-label=\"Texte du corps du message\"><strong>M\u00e9thode de moulage<\/strong><\/div>\n<\/td>\n<td>\n<div class=\"block-editor-rich-text__editable rich-text\" role=\"textbox\" contenteditable=\"true\" aria-multiline=\"true\" aria-readonly=\"false\" aria-label=\"Texte du corps du message\">Cycle d'ouverture ininterrompue du moule, ouverture manuelle du moule \u00e0 gauche et \u00e0 droite par une seule personne<\/div>\n<\/td>\n<\/tr>\n<tr>\n<td>\n<div class=\"block-editor-rich-text__editable rich-text\" role=\"textbox\" contenteditable=\"true\" aria-multiline=\"true\" aria-readonly=\"false\" aria-label=\"Texte du corps du message\"><strong>Applications<\/strong><\/div>\n<\/td>\n<td>\n<p>Bouteilles d'huile et bouteilles de vinaigre<br data-rich-text-line-break=\"true\" \/>Cafeti\u00e8res et th\u00e9i\u00e8res<br data-rich-text-line-break=\"true\" \/>Bouilloires et pichets en c\u00e9ramique<br data-rich-text-line-break=\"true\" \/>Objets d\u00e9coratifs en c\u00e9ramique<br \/>Vaisselle \u00e0 structure creuse<br data-rich-text-line-break=\"true\" \/>Produits c\u00e9ramiques de forme sp\u00e9ciale<br data-rich-text-line-break=\"true\" \/>C\u00e9ramiques m\u00e9nag\u00e8res et d'usage quotidien<br data-rich-text-line-break=\"true\" \/>Lignes de production de c\u00e9ramique OEM \/ ODM<\/p>\n<\/td>\n<\/tr>\n<\/tbody>\n<\/table>\n<h2>Solution tout-en-un pour la machine de coulage par moulage :<\/h2>\n<ol>\n<li><strong>Solutions cl\u00e9s en main pour lignes de coulage en barbotine :<\/strong> de la s\u00e9lection des \u00e9quipements \u00e0 la planification compl\u00e8te de la ligne.<\/li>\n<li><strong>Conception et personnalisation des moules :<\/strong> adapt\u00e9 \u00e0 diff\u00e9rentes formes, tailles et structures creuses.<\/li>\n<li><strong>Int\u00e9gration de la cha\u00eene de production :<\/strong> moulage, s\u00e9chage des moules, \u00e9maillage et coordination de la cuisson.<\/li>\n<li><strong>Installation et mise en service :<\/strong> assistance technique sur site ou \u00e0 distance.<\/li>\n<li><strong>Formation des op\u00e9rateurs :<\/strong> assurer un fonctionnement stable et efficace.<\/li>\n<li><strong>Assistance technique apr\u00e8s-vente :<\/strong> R\u00e9ponse rapide pour la maintenance et la fourniture de pi\u00e8ces de rechange.<\/li>\n<li><strong>Services d'optimisation des processus :<\/strong> am\u00e9lioration du taux de rendement, de la qualit\u00e9 de surface et de l'uniformit\u00e9.<\/li>\n<\/ol>","protected":false},"featured_media":6268,"template":"","meta":{"_acf_changed":false},"product_brand":[],"product_cat":[55],"product_tag":[],"class_list":{"0":"post-3920","1":"product","2":"type-product","3":"status-publish","4":"has-post-thumbnail","6":"product_cat-ceramic-forming-machine","8":"first","9":"instock","10":"shipping-taxable","11":"product-type-simple"},"acf":{"customization_content":"<h2><\/h2>\r\n<div><\/div>","customization_content_source":{"label":"Customization Content","type":"wysiwyg","formatted_value":"<h2><\/h2>\n<div><\/div>\n"},"why_choose_us_content":"<h2 style=\"text-align: center;\">Why Choose Us as Your Slip Casting Machine Supplier<\/h2>\r\n\r\n<hr \/>\r\n<p style=\"text-align: center;\">Yutai as a ceramic machine manufacturer, maintains strict quality standards and excellent service. Revolutionize your manufacturing processes with cutting-edge automation technology that streamlines forming and enhances efficiency.<\/p>","why_choose_us_content_source":{"label":"Why Choose Us Content","type":"wysiwyg","formatted_value":"<h2 style=\"text-align: center;\">Why Choose Us as Your Slip Casting Machine Supplier<\/h2>\n<hr \/>\n<p style=\"text-align: center;\">Yutai as a ceramic machine manufacturer, maintains strict quality standards and excellent service. Revolutionize your manufacturing processes with cutting-edge automation technology that streamlines forming and enhances efficiency.<\/p>\n"}},"_links":{"self":[{"href":"https:\/\/yutaimachinery.com\/fr\/wp-json\/wp\/v2\/product\/3920","targetHints":{"allow":["GET"]}}],"collection":[{"href":"https:\/\/yutaimachinery.com\/fr\/wp-json\/wp\/v2\/product"}],"about":[{"href":"https:\/\/yutaimachinery.com\/fr\/wp-json\/wp\/v2\/types\/product"}],"version-history":[{"count":0,"href":"https:\/\/yutaimachinery.com\/fr\/wp-json\/wp\/v2\/product\/3920\/revisions"}],"wp:featuredmedia":[{"embeddable":true,"href":"https:\/\/yutaimachinery.com\/fr\/wp-json\/wp\/v2\/media\/6268"}],"wp:attachment":[{"href":"https:\/\/yutaimachinery.com\/fr\/wp-json\/wp\/v2\/media?parent=3920"}],"wp:term":[{"taxonomy":"product_brand","embeddable":true,"href":"https:\/\/yutaimachinery.com\/fr\/wp-json\/wp\/v2\/product_brand?post=3920"},{"taxonomy":"product_cat","embeddable":true,"href":"https:\/\/yutaimachinery.com\/fr\/wp-json\/wp\/v2\/product_cat?post=3920"},{"taxonomy":"product_tag","embeddable":true,"href":"https:\/\/yutaimachinery.com\/fr\/wp-json\/wp\/v2\/product_tag?post=3920"}],"curies":[{"name":"wp","href":"https:\/\/api.w.org\/{rel}","templated":true}]}}