{"id":3907,"date":"2024-04-24T16:04:47","date_gmt":"2024-04-24T08:04:47","guid":{"rendered":"https:\/\/yutaimachinery.com\/?post_type=product&#038;p=3907"},"modified":"2025-12-14T14:33:50","modified_gmt":"2025-12-14T06:33:50","slug":"machine-a-jigger-ceramique-2-2","status":"publish","type":"product","link":"https:\/\/yutaimachinery.com\/fr\/product\/ceramic-jigger-machine-2\/","title":{"rendered":"Machine de formage automatique vertical hydraulique pour la c\u00e9ramique"},"content":{"rendered":"<div class=\"wp-block-columns is-layout-flex wp-container-core-columns-is-layout-9d6595d7 wp-block-columns-is-layout-flex\">\n<div class=\"wp-block-column is-layout-flow wp-block-column-is-layout-flow\">\n<figure class=\"wp-block-embed is-type-video is-provider-youtube wp-block-embed-youtube wp-embed-aspect-16-9 wp-has-aspect-ratio\"><div class=\"wp-block-embed__wrapper\">\n<iframe title=\"machine \u00e0 jigger verticale\" width=\"940\" height=\"529\" src=\"https:\/\/www.youtube.com\/embed\/R7N6SQHSKXI?feature=oembed\" frameborder=\"0\" allow=\"accelerometer; autoplay; clipboard-write; encrypted-media; gyroscope; picture-in-picture; web-share\" referrerpolicy=\"strict-origin-when-cross-origin\" allowfullscreen><\/iframe>\n<\/div><\/figure>\n<\/div>\n\n\n\n<div class=\"wp-block-column is-layout-flow wp-block-column-is-layout-flow\">\n<h2 class=\"wp-block-heading\"><strong>Machine \u00e0 jigger en c\u00e9ramique Caract\u00e9ristiques :<\/strong><\/h2>\n\n\n\n<p><strong>Contr\u00f4le de pr\u00e9cision : <\/strong>\u00c9quip\u00e9 d'un micro-ordinateur PLC pour un contr\u00f4le pr\u00e9cis des op\u00e9rations, am\u00e9liorant la coh\u00e9rence et la qualit\u00e9 des produits c\u00e9ramiques.<\/p>\n\n\n\n<p><strong>Vitesse r\u00e9glable : <\/strong>Les vitesses ascendantes et descendantes des matrices sont contr\u00f4l\u00e9es par une r\u00e9gulation de fr\u00e9quence, ce qui permet des ajustements flexibles qui s'adaptent aux diff\u00e9rents besoins de production.<\/p>\n\n\n\n<p><strong>Personnalisation : <\/strong>Les moules et les t\u00eates de jiggering peuvent \u00eatre personnalis\u00e9s par les clients, offrant ainsi une grande polyvalence pour produire une large gamme d'articles en c\u00e9ramique selon des exigences de conception sp\u00e9cifiques.<\/p>\n<\/div>\n<\/div>\n\n\n\n<p><\/p>","protected":false},"excerpt":{"rendered":"<p>L'usine de Yutai est sp\u00e9cialis\u00e9e dans la production de jiggers en c\u00e9ramique. Cette machine \u00e0 jigger en c\u00e9ramique permet de fabriquer de grands pots en argile, des tasses profondes et des pots de fleurs. Elle est contr\u00f4l\u00e9e par un micro-ordinateur PLC et la vitesse des matrices sup\u00e9rieure et inf\u00e9rieure est contr\u00f4l\u00e9e par conversion de fr\u00e9quence. Les moules et les t\u00eates d'injection peuvent \u00eatre personnalis\u00e9s en fonction des besoins du client.<\/p>\n<h2>Solution unique pour la machine \u00e0 jigger c\u00e9ramique :<\/h2>\n<ol>\n<li>\n<p>Prix d'usine : En tant que fabricant de machines \u00e0 c\u00e9ramique, nous fournissons des machines \u00e0 couper l'argile \u00e0 des prix avantageux. N'h\u00e9sitez pas \u00e0 nous contacter pour obtenir le prix d'usine.<\/p>\n<\/li>\n<li>\n<p>Assistance technique : Fournir des conseils techniques professionnels et une installation m\u00e9canique, avec des guides vid\u00e9o pour garantir une utilisation rapide du produit.<\/p>\n<\/li>\n<li>\n<p>Pi\u00e8ces d\u00e9tach\u00e9es : Une gamme de pi\u00e8ces d\u00e9tach\u00e9es d'origine est disponible.<\/p>\n<\/li>\n<li>\n<p>Assistance apr\u00e8s-vente : Assistance en ligne 24 heures sur 24 pour s'assurer que vous \u00eates satisfait des machines \u00e0 jigger la c\u00e9ramique et qu'elles sont utilis\u00e9es sans probl\u00e8me sur votre ligne de production.<\/p>\n<\/li>\n<\/ol>","protected":false},"featured_media":3914,"template":"","meta":{"_acf_changed":false},"product_brand":[],"product_cat":[55],"product_tag":[77],"class_list":{"0":"post-3907","1":"product","2":"type-product","3":"status-publish","4":"has-post-thumbnail","6":"product_cat-ceramic-forming-machine","7":"product_tag-jigger-machine","9":"first","10":"instock","11":"shipping-taxable","12":"product-type-simple"},"acf":{"customization_content":"<h2><\/h2>\r\n<div><\/div>","customization_content_source":{"label":"Customization Content","type":"wysiwyg","formatted_value":"<h2><\/h2>\n<div><\/div>\n"},"why_choose_us_content":"<h2 style=\"text-align: center;\">Why Choose Us as Your Ceramic Jigger Machine Supplier<\/h2>\r\n\r\n<hr \/>\r\n<p style=\"text-align: center;\">Yutai as a ceramic machine manufacturer, maintains strict quality standards and excellent service. Revolutionize your manufacturing processes with cutting-edge automation technology that streamlines forming and enhances efficiency.<\/p>","why_choose_us_content_source":{"label":"Why Choose Us Content","type":"wysiwyg","formatted_value":"<h2 style=\"text-align: center;\">Why Choose Us as Your Ceramic Jigger Machine Supplier<\/h2>\n<hr \/>\n<p style=\"text-align: center;\">Yutai as a ceramic machine manufacturer, maintains strict quality standards and excellent service. Revolutionize your manufacturing processes with cutting-edge automation technology that streamlines forming and enhances efficiency.<\/p>\n"}},"_links":{"self":[{"href":"https:\/\/yutaimachinery.com\/fr\/wp-json\/wp\/v2\/product\/3907","targetHints":{"allow":["GET"]}}],"collection":[{"href":"https:\/\/yutaimachinery.com\/fr\/wp-json\/wp\/v2\/product"}],"about":[{"href":"https:\/\/yutaimachinery.com\/fr\/wp-json\/wp\/v2\/types\/product"}],"version-history":[{"count":0,"href":"https:\/\/yutaimachinery.com\/fr\/wp-json\/wp\/v2\/product\/3907\/revisions"}],"wp:featuredmedia":[{"embeddable":true,"href":"https:\/\/yutaimachinery.com\/fr\/wp-json\/wp\/v2\/media\/3914"}],"wp:attachment":[{"href":"https:\/\/yutaimachinery.com\/fr\/wp-json\/wp\/v2\/media?parent=3907"}],"wp:term":[{"taxonomy":"product_brand","embeddable":true,"href":"https:\/\/yutaimachinery.com\/fr\/wp-json\/wp\/v2\/product_brand?post=3907"},{"taxonomy":"product_cat","embeddable":true,"href":"https:\/\/yutaimachinery.com\/fr\/wp-json\/wp\/v2\/product_cat?post=3907"},{"taxonomy":"product_tag","embeddable":true,"href":"https:\/\/yutaimachinery.com\/fr\/wp-json\/wp\/v2\/product_tag?post=3907"}],"curies":[{"name":"wp","href":"https:\/\/api.w.org\/{rel}","templated":true}]}}