{"id":3898,"date":"2024-04-24T15:03:32","date_gmt":"2024-04-24T07:03:32","guid":{"rendered":"https:\/\/yutaimachinery.com\/?post_type=product&#038;p=3898"},"modified":"2024-04-24T16:04:32","modified_gmt":"2024-04-24T08:04:32","slug":"tonneau-a-vide-et-a-bulles-2","status":"publish","type":"product","link":"https:\/\/yutaimachinery.com\/fr\/product\/vacuum-de-bubbling-barrel\/","title":{"rendered":"Tonneau de d\u00e9sembouage sous vide 1-5T \u00e0 haut rendement"},"content":{"rendered":"<div class=\"wp-block-columns is-layout-flex wp-container-core-columns-is-layout-9d6595d7 wp-block-columns-is-layout-flex\">\n<div class=\"wp-block-column is-layout-flow wp-block-column-is-layout-flow\">\n<h2 class=\"wp-block-heading\"><strong>les tonneaux de d\u00e9bullage sous vide :<\/strong><\/h2>\n\n\n\n<p>Notre tonneau \u00e0 vide \u00e0 bulles simples est con\u00e7u pour cr\u00e9er des boues d'une excellente fluidit\u00e9 et sans bulles, id\u00e9ales pour la coul\u00e9e en barbotine. Dot\u00e9 d'une forte capacit\u00e9 d'aspiration, il permet d'obtenir des produits pr\u00e9sentant un minimum de trous d'\u00e9pingle et une densit\u00e9 optimale. Enti\u00e8rement construit en acier inoxydable pour une plus grande durabilit\u00e9, il est disponible en diff\u00e9rentes tailles, notamment 1T, 2T, 3T, 4T et 5T. Personnalisable pour r\u00e9pondre \u00e0 des exigences sp\u00e9cifiques, nous adaptons la machine pour qu'elle r\u00e9ponde parfaitement \u00e0 vos besoins de production.<\/p>\n<\/div>\n\n\n\n<div class=\"wp-block-column is-layout-flow wp-block-column-is-layout-flow\"><div class=\"wp-block-image\">\n<figure class=\"aligncenter size-full is-resized\"><img fetchpriority=\"high\" decoding=\"async\" width=\"3024\" height=\"3024\" src=\"https:\/\/yutaimachinery.com\/wp-content\/uploads\/2024\/04\/Vacuum-de-bubbling-barrels.webp\" alt=\"Tonneaux de d\u00e9sembouage sous vide\" class=\"wp-image-3903\" style=\"width:361px;height:auto\" title=\"\" srcset=\"https:\/\/yutaimachinery.com\/wp-content\/uploads\/2024\/04\/Vacuum-de-bubbling-barrels.webp 3024w, https:\/\/yutaimachinery.com\/wp-content\/uploads\/2024\/04\/Vacuum-de-bubbling-barrels-300x300.webp 300w, https:\/\/yutaimachinery.com\/wp-content\/uploads\/2024\/04\/Vacuum-de-bubbling-barrels-150x150.webp 150w, https:\/\/yutaimachinery.com\/wp-content\/uploads\/2024\/04\/Vacuum-de-bubbling-barrels-768x768.webp 768w, https:\/\/yutaimachinery.com\/wp-content\/uploads\/2024\/04\/Vacuum-de-bubbling-barrels-285x285.webp 285w, https:\/\/yutaimachinery.com\/wp-content\/uploads\/2024\/04\/Vacuum-de-bubbling-barrels-1600x1600.webp 1600w, https:\/\/yutaimachinery.com\/wp-content\/uploads\/2024\/04\/Vacuum-de-bubbling-barrels-270x270.webp 270w, https:\/\/yutaimachinery.com\/wp-content\/uploads\/2024\/04\/Vacuum-de-bubbling-barrels-540x540.webp 540w, https:\/\/yutaimachinery.com\/wp-content\/uploads\/2024\/04\/Vacuum-de-bubbling-barrels-660x660.webp 660w\" sizes=\"(max-width: 3024px) 100vw, 3024px\" \/><\/figure>\n<\/div><\/div>\n<\/div>","protected":false},"excerpt":{"rendered":"<p>Nos barils d\u00e9bulleurs sous vide garantissent une excellente fluidit\u00e9 et un minimum de bulles pour la coul\u00e9e en barbotine. Disponibles dans les tailles 1T-5T, personnalisables et fabriqu\u00e9s en acier inoxydable.<\/p>\n<h2>Solution unique pour le d\u00e9bullage sous vide des f\u00fbts :<\/h2>\n<ol>\n<li>\n<p>Prix d'usine : En tant que fabricant de machines \u00e0 c\u00e9ramique, nous fournissons des machines \u00e0 couper l'argile \u00e0 des prix avantageux. N'h\u00e9sitez pas \u00e0 nous contacter pour obtenir le prix d'usine.<\/p>\n<\/li>\n<li>\n<p>Assistance technique : Fournir des conseils techniques professionnels et une installation m\u00e9canique, avec des guides vid\u00e9o pour garantir une utilisation rapide du produit.<\/p>\n<\/li>\n<li>\n<p>Pi\u00e8ces d\u00e9tach\u00e9es : Une gamme de pi\u00e8ces d\u00e9tach\u00e9es d'origine est disponible.<\/p>\n<\/li>\n<li>\n<p>Assistance apr\u00e8s-vente : Assistance en ligne 24 heures sur 24 pour s'assurer que vous \u00eates satisfait des tonneaux de d\u00e9bullage sous vide et qu'ils sont utilis\u00e9s sans probl\u00e8me sur votre ligne de production.<\/p>\n<\/li>\n<\/ol>","protected":false},"featured_media":3899,"template":"","meta":{"_acf_changed":false},"product_brand":[],"product_cat":[55],"product_tag":[],"class_list":{"0":"post-3898","1":"product","2":"type-product","3":"status-publish","4":"has-post-thumbnail","6":"product_cat-ceramic-forming-machine","8":"first","9":"instock","10":"shipping-taxable","11":"product-type-simple"},"acf":{"customization_content":"<h2><\/h2>\r\n<div><\/div>","customization_content_source":{"label":"Customization Content","type":"wysiwyg","formatted_value":"<h2><\/h2>\n<div><\/div>\n"},"why_choose_us_content":"<h2 style=\"text-align: center;\">Why Choose Us as Your Vacuum De-Bubbling Barrel Supplier<\/h2>\r\n\r\n<hr \/>\r\n<p style=\"text-align: center;\">Yutai as a ceramic machine manufacturer, maintains strict quality standards and excellent service. Revolutionize your manufacturing processes with cutting-edge automation technology that streamlines forming and enhances efficiency.<\/p>","why_choose_us_content_source":{"label":"Why Choose Us Content","type":"wysiwyg","formatted_value":"<h2 style=\"text-align: center;\">Why Choose Us as Your Vacuum De-Bubbling Barrel Supplier<\/h2>\n<hr \/>\n<p style=\"text-align: center;\">Yutai as a ceramic machine manufacturer, maintains strict quality standards and excellent service. Revolutionize your manufacturing processes with cutting-edge automation technology that streamlines forming and enhances efficiency.<\/p>\n"}},"_links":{"self":[{"href":"https:\/\/yutaimachinery.com\/fr\/wp-json\/wp\/v2\/product\/3898","targetHints":{"allow":["GET"]}}],"collection":[{"href":"https:\/\/yutaimachinery.com\/fr\/wp-json\/wp\/v2\/product"}],"about":[{"href":"https:\/\/yutaimachinery.com\/fr\/wp-json\/wp\/v2\/types\/product"}],"version-history":[{"count":0,"href":"https:\/\/yutaimachinery.com\/fr\/wp-json\/wp\/v2\/product\/3898\/revisions"}],"wp:featuredmedia":[{"embeddable":true,"href":"https:\/\/yutaimachinery.com\/fr\/wp-json\/wp\/v2\/media\/3899"}],"wp:attachment":[{"href":"https:\/\/yutaimachinery.com\/fr\/wp-json\/wp\/v2\/media?parent=3898"}],"wp:term":[{"taxonomy":"product_brand","embeddable":true,"href":"https:\/\/yutaimachinery.com\/fr\/wp-json\/wp\/v2\/product_brand?post=3898"},{"taxonomy":"product_cat","embeddable":true,"href":"https:\/\/yutaimachinery.com\/fr\/wp-json\/wp\/v2\/product_cat?post=3898"},{"taxonomy":"product_tag","embeddable":true,"href":"https:\/\/yutaimachinery.com\/fr\/wp-json\/wp\/v2\/product_tag?post=3898"}],"curies":[{"name":"wp","href":"https:\/\/api.w.org\/{rel}","templated":true}]}}