{"id":3866,"date":"2024-04-17T14:43:37","date_gmt":"2024-04-17T06:43:37","guid":{"rendered":"https:\/\/yutaimachinery.com\/?post_type=product&#038;p=3866"},"modified":"2024-06-24T21:18:08","modified_gmt":"2024-06-24T13:18:08","slug":"clay-cutting-machine","status":"publish","type":"product","link":"https:\/\/yutaimachinery.com\/fr\/product\/clay-cutting-machine\/","title":{"rendered":"Machine de d\u00e9coupe automatique de l'argile pour broyeur \u00e0 boulets"},"content":{"rendered":"<h2 class=\"wp-block-heading\"><strong>Machine de d\u00e9coupe de l'argile Param\u00e8tres :<\/strong><\/h2>\n\n\n\n<figure class=\"wp-block-table\"><table><tbody><tr><td>Mod\u00e8le<\/td><td>Diam\u00e8tre max. de l'argile Diam\u00e8tre de l'argile (cm)<\/td><td>Dimension(lxwxh)<\/td><td>Poids (kgs)<\/td><\/tr><tr><td>250<\/td><td>25cm<\/td><td>190x70x140cm(h)<\/td><td>300<\/td><\/tr><tr><td>350<\/td><td>35cm<\/td><td>190x80x145cm(h)<\/td><td>400<\/td><\/tr><tr><td>500<\/td><td>50cm<\/td><td>190x100x150cm(h)<\/td><td>500<\/td><\/tr><\/tbody><\/table><\/figure>\n\n\n\n<p><\/p>","protected":false},"excerpt":{"rendered":"<p>La machine de coupe d'argile automatique en gros de Yutai Factory, qui peut \u00eatre combin\u00e9e \u00e0 un broyeur, est une ligne de production de boue c\u00e9ramique efficace. La machine \u00e0 couper l'argile r\u00e8gle la longueur de l'argile en fonction des besoins, et la machine coupe automatiquement pour assurer l'efficacit\u00e9.<\/p>\n<h2>Une solution unique pour la d\u00e9coupe de l'argile <strong>machine<\/strong>:<\/h2>\n<ol>\n<li>\n<p>Prix d'usine : Nous sommes un fabricant de machines c\u00e9ramiques, fournissant des machines de fabrication d'argile c\u00e9ramique rentables. N'h\u00e9sitez pas \u00e0 nous contacter pour obtenir le prix d'usine.<\/p>\n<\/li>\n<li>\n<p>Assistance technique : Fournir des conseils techniques professionnels et une installation m\u00e9canique, avec des guides vid\u00e9o pour garantir une utilisation rapide du produit.<\/p>\n<\/li>\n<li>\n<p>Pi\u00e8ces d\u00e9tach\u00e9es : Une gamme de pi\u00e8ces d\u00e9tach\u00e9es d'origine est disponible.<\/p>\n<\/li>\n<li>\n<p>Assistance apr\u00e8s-vente : Assistance en ligne 24 heures sur 24 pour s'assurer que vous \u00eates satisfait du broyeur d'argile et qu'il est utilis\u00e9 sans probl\u00e8me sur votre cha\u00eene de production.<\/p>\n<\/li>\n<\/ol>","protected":false},"featured_media":3869,"template":"","meta":{"_acf_changed":false},"product_brand":[],"product_cat":[54],"product_tag":[],"class_list":{"0":"post-3866","1":"product","2":"type-product","3":"status-publish","4":"has-post-thumbnail","6":"product_cat-clay-making-machine","8":"first","9":"instock","10":"shipping-taxable","11":"product-type-simple"},"acf":{"customization_content":"<h2><\/h2>\r\n<div><\/div>","customization_content_source":{"label":"Customization Content","type":"wysiwyg","formatted_value":"<h2><\/h2>\n<div><\/div>\n"},"why_choose_us_content":"<h2 style=\"text-align: center;\">Why Choose Us as Your Clay Cutting Machine\u00a0Supplier<\/h2>\r\n\r\n<hr \/>\r\n<p style=\"text-align: center;\">Yutai as a ceramic tableware manufacturer, maintains strict quality standards and excellent service. Revolutionize your manufacturing processes with cutting-edge automation technology that streamlines forming and enhances efficiency.<\/p>","why_choose_us_content_source":{"label":"Why Choose Us Content","type":"wysiwyg","formatted_value":"<h2 style=\"text-align: center;\">Why Choose Us as Your Clay Cutting Machine\u00a0Supplier<\/h2>\n<hr \/>\n<p style=\"text-align: center;\">Yutai as a ceramic tableware manufacturer, maintains strict quality standards and excellent service. Revolutionize your manufacturing processes with cutting-edge automation technology that streamlines forming and enhances efficiency.<\/p>\n"}},"_links":{"self":[{"href":"https:\/\/yutaimachinery.com\/fr\/wp-json\/wp\/v2\/product\/3866","targetHints":{"allow":["GET"]}}],"collection":[{"href":"https:\/\/yutaimachinery.com\/fr\/wp-json\/wp\/v2\/product"}],"about":[{"href":"https:\/\/yutaimachinery.com\/fr\/wp-json\/wp\/v2\/types\/product"}],"version-history":[{"count":0,"href":"https:\/\/yutaimachinery.com\/fr\/wp-json\/wp\/v2\/product\/3866\/revisions"}],"wp:featuredmedia":[{"embeddable":true,"href":"https:\/\/yutaimachinery.com\/fr\/wp-json\/wp\/v2\/media\/3869"}],"wp:attachment":[{"href":"https:\/\/yutaimachinery.com\/fr\/wp-json\/wp\/v2\/media?parent=3866"}],"wp:term":[{"taxonomy":"product_brand","embeddable":true,"href":"https:\/\/yutaimachinery.com\/fr\/wp-json\/wp\/v2\/product_brand?post=3866"},{"taxonomy":"product_cat","embeddable":true,"href":"https:\/\/yutaimachinery.com\/fr\/wp-json\/wp\/v2\/product_cat?post=3866"},{"taxonomy":"product_tag","embeddable":true,"href":"https:\/\/yutaimachinery.com\/fr\/wp-json\/wp\/v2\/product_tag?post=3866"}],"curies":[{"name":"wp","href":"https:\/\/api.w.org\/{rel}","templated":true}]}}