{"id":3848,"date":"2024-04-17T11:18:12","date_gmt":"2024-04-17T03:18:12","guid":{"rendered":"https:\/\/yutaimachinery.com\/?post_type=product&#038;p=3848"},"modified":"2024-04-17T11:53:58","modified_gmt":"2024-04-17T03:53:58","slug":"broyeur-dargile","status":"publish","type":"product","link":"https:\/\/yutaimachinery.com\/fr\/product\/clay-pug-mill\/","title":{"rendered":"M\u00e9langeur de c\u00e9ramique sous vide \u00e0 trois axes pour la fabrication d'argile"},"content":{"rendered":"<div class=\"wp-block-columns is-layout-flex wp-container-core-columns-is-layout-9d6595d7 wp-block-columns-is-layout-flex\">\n<div class=\"wp-block-column is-layout-flow wp-block-column-is-layout-flow\"><div class=\"wp-block-image\">\n<figure class=\"aligncenter size-full is-resized\"><img fetchpriority=\"high\" decoding=\"async\" width=\"3024\" height=\"3024\" src=\"https:\/\/yutaimachinery.com\/wp-content\/uploads\/2024\/04\/clay-pug-mill4.webp\" alt=\"broyeur d&#039;argile\" class=\"wp-image-3855\" style=\"width:314px;height:auto\" title=\"\" srcset=\"https:\/\/yutaimachinery.com\/wp-content\/uploads\/2024\/04\/clay-pug-mill4.webp 3024w, https:\/\/yutaimachinery.com\/wp-content\/uploads\/2024\/04\/clay-pug-mill4-300x300.webp 300w, https:\/\/yutaimachinery.com\/wp-content\/uploads\/2024\/04\/clay-pug-mill4-150x150.webp 150w, https:\/\/yutaimachinery.com\/wp-content\/uploads\/2024\/04\/clay-pug-mill4-768x768.webp 768w, https:\/\/yutaimachinery.com\/wp-content\/uploads\/2024\/04\/clay-pug-mill4-285x285.webp 285w, https:\/\/yutaimachinery.com\/wp-content\/uploads\/2024\/04\/clay-pug-mill4-1600x1600.webp 1600w, https:\/\/yutaimachinery.com\/wp-content\/uploads\/2024\/04\/clay-pug-mill4-270x270.webp 270w, https:\/\/yutaimachinery.com\/wp-content\/uploads\/2024\/04\/clay-pug-mill4-540x540.webp 540w, https:\/\/yutaimachinery.com\/wp-content\/uploads\/2024\/04\/clay-pug-mill4-660x660.webp 660w\" sizes=\"(max-width: 3024px) 100vw, 3024px\" \/><\/figure>\n<\/div><\/div>\n\n\n\n<div class=\"wp-block-column is-layout-flow wp-block-column-is-layout-flow\">\n<h2 class=\"wp-block-heading\"><strong>Moulin \u00e0 boulets d'argile <strong>Caract\u00e9ristiques<\/strong>:<\/strong><\/h2>\n\n\n\n<p>Nous sommes un fabricant de machines c\u00e9ramiques qui propose une large gamme de broyeurs \u00e0 boulets. Ce broyeur d'argile utilise une technologie de m\u00e9lange \u00e0 trois axes et est \u00e9quip\u00e9 d'une chambre de d\u00e9gazage sous vide. Il peut \u00eatre utilis\u00e9 pour raffiner la boue avec un taux d'humidit\u00e9 de 18-24%, afin d'augmenter la densit\u00e9 du tissu et d'am\u00e9liorer la plasticit\u00e9.<\/p>\n<\/div>\n<\/div>\n\n\n\n<h2 class=\"wp-block-heading\"><strong>Param\u00e8tres du broyeur \u00e0 boulets d'argile :<\/strong><\/h2>\n\n\n\n<figure class=\"wp-block-table\"><table><tbody><tr><td>Mod\u00e8le<\/td><td>Taille maximale de la sortie (cm)<\/td><td>Capacit\u00e9<\/td><td>Puissance (kw)<\/td><td>Dimensiondxwxh)<\/td><td>Poids (kgs)<\/td><\/tr><tr><td>150<\/td><td>15cm<\/td><td>1-2t\/h<\/td><td>7,5 kW<\/td><td>280x80x80cm(h)<\/td><td>2500<\/td><\/tr><tr><td>180<\/td><td>18cm<\/td><td>2-2,5t\/h<\/td><td>11kw<\/td><td>342x90x80cm(h)<\/td><td>3000<\/td><\/tr><tr><td>200<\/td><td>20cm<\/td><td>3. 5-5t\/h<\/td><td>22kw<\/td><td>506x100x95cm(h)<\/td><td>3500<\/td><\/tr><tr><td>230<\/td><td>23cm<\/td><td>6-8t\/h<\/td><td>30kw<\/td><td>570x145x110cm(h)<\/td><td>4000<\/td><\/tr><\/tbody><\/table><\/figure>","protected":false},"excerpt":{"rendered":"<p>La soci\u00e9t\u00e9 est \u00e9quip\u00e9e d'un m\u00e9langeur \u00e0 trois axes et d'une technologie de vide, afin d'assurer un traitement de l'argile de haute qualit\u00e9. Nous fournissons un prix d'usine et une assistance technique \u00e0 chaque client.<\/p>\n<h2>Une solution unique pour les broyeurs d'argile<strong>\u00a0machine<\/strong>:<\/h2>\n<ol>\n<li>\n<p>Prix d'usine : Nous sommes un fabricant de machines c\u00e9ramiques et fournissons des machines de fabrication d'argile c\u00e9ramique rentables. N'h\u00e9sitez pas \u00e0 nous contacter pour obtenir le prix d'usine.<\/p>\n<\/li>\n<li>\n<p>Assistance technique : Fournir des conseils et une assistance techniques professionnels, avec des guides vid\u00e9o pour garantir une utilisation rapide du produit.<\/p>\n<\/li>\n<li>\n<p>Pi\u00e8ces d\u00e9tach\u00e9es : Une gamme de pi\u00e8ces d\u00e9tach\u00e9es d'origine est disponible.<\/p>\n<\/li>\n<li>\n<p>Assistance apr\u00e8s-vente : Assistance en ligne 24 heures sur 24 pour s'assurer que vous \u00eates satisfait du broyeur d'argile et qu'il est utilis\u00e9 sans probl\u00e8me sur votre cha\u00eene de production.<\/p>\n<\/li>\n<\/ol>","protected":false},"featured_media":3857,"template":"","meta":{"_acf_changed":false},"product_brand":[],"product_cat":[54],"product_tag":[81],"class_list":{"0":"post-3848","1":"product","2":"type-product","3":"status-publish","4":"has-post-thumbnail","6":"product_cat-clay-making-machine","7":"product_tag-pug-mill","9":"first","10":"instock","11":"shipping-taxable","12":"product-type-simple"},"acf":{"customization_content":"<h2><\/h2>\r\n<div><\/div>","customization_content_source":{"label":"Customization Content","type":"wysiwyg","formatted_value":"<h2><\/h2>\n<div><\/div>\n"},"why_choose_us_content":"<h2 style=\"text-align: center;\">Why Choose Us as Your <strong>Clay Pug Mill<\/strong>\u00a0Supplier<\/h2>\r\n\r\n<hr \/>\r\n<p style=\"text-align: center;\">Yutai as a ceramic tableware manufacturer, maintains strict quality standards and excellent service. Revolutionize your manufacturing processes with cutting-edge automation technology that streamlines forming and enhances efficiency.<\/p>","why_choose_us_content_source":{"label":"Why Choose Us Content","type":"wysiwyg","formatted_value":"<h2 style=\"text-align: center;\">Why Choose Us as Your <strong>Clay Pug Mill<\/strong>\u00a0Supplier<\/h2>\n<hr \/>\n<p style=\"text-align: center;\">Yutai as a ceramic tableware manufacturer, maintains strict quality standards and excellent service. Revolutionize your manufacturing processes with cutting-edge automation technology that streamlines forming and enhances efficiency.<\/p>\n"}},"_links":{"self":[{"href":"https:\/\/yutaimachinery.com\/fr\/wp-json\/wp\/v2\/product\/3848","targetHints":{"allow":["GET"]}}],"collection":[{"href":"https:\/\/yutaimachinery.com\/fr\/wp-json\/wp\/v2\/product"}],"about":[{"href":"https:\/\/yutaimachinery.com\/fr\/wp-json\/wp\/v2\/types\/product"}],"version-history":[{"count":0,"href":"https:\/\/yutaimachinery.com\/fr\/wp-json\/wp\/v2\/product\/3848\/revisions"}],"wp:featuredmedia":[{"embeddable":true,"href":"https:\/\/yutaimachinery.com\/fr\/wp-json\/wp\/v2\/media\/3857"}],"wp:attachment":[{"href":"https:\/\/yutaimachinery.com\/fr\/wp-json\/wp\/v2\/media?parent=3848"}],"wp:term":[{"taxonomy":"product_brand","embeddable":true,"href":"https:\/\/yutaimachinery.com\/fr\/wp-json\/wp\/v2\/product_brand?post=3848"},{"taxonomy":"product_cat","embeddable":true,"href":"https:\/\/yutaimachinery.com\/fr\/wp-json\/wp\/v2\/product_cat?post=3848"},{"taxonomy":"product_tag","embeddable":true,"href":"https:\/\/yutaimachinery.com\/fr\/wp-json\/wp\/v2\/product_tag?post=3848"}],"curies":[{"name":"wp","href":"https:\/\/api.w.org\/{rel}","templated":true}]}}