{"id":3847,"date":"2024-04-17T11:08:48","date_gmt":"2024-04-17T03:08:48","guid":{"rendered":"https:\/\/yutaimachinery.com\/?post_type=product&#038;p=3847"},"modified":"2024-04-17T14:43:23","modified_gmt":"2024-04-17T06:43:23","slug":"broyeur-a-boulets-2","status":"publish","type":"product","link":"https:\/\/yutaimachinery.com\/fr\/product\/pug-mill\/","title":{"rendered":"Broyeur sous vide de grande taille et sur mesure pour l'industrie de l'argile"},"content":{"rendered":"<div class=\"wp-block-columns is-layout-flex wp-container-core-columns-is-layout-9d6595d7 wp-block-columns-is-layout-flex\">\n<div class=\"wp-block-column is-layout-flow wp-block-column-is-layout-flow\">\n<figure class=\"wp-block-embed is-type-video is-provider-youtube wp-block-embed-youtube wp-embed-aspect-16-9 wp-has-aspect-ratio\"><div class=\"wp-block-embed__wrapper\">\n<iframe title=\"broyeur d&#039;argile pour poterie 2\" width=\"940\" height=\"529\" src=\"https:\/\/www.youtube.com\/embed\/emffTJAsQJk?feature=oembed\" frameborder=\"0\" allow=\"accelerometer; autoplay; clipboard-write; encrypted-media; gyroscope; picture-in-picture; web-share\" referrerpolicy=\"strict-origin-when-cross-origin\" allowfullscreen><\/iframe>\n<\/div><\/figure>\n<\/div>\n\n\n\n<div class=\"wp-block-column is-layout-flow wp-block-column-is-layout-flow\">\n<h2 class=\"wp-block-heading\"><strong>Moulin \u00e0 vent <strong>Caract\u00e9ristiques<\/strong>:<\/strong><\/h2>\n\n\n\n<p>Le broyeur sous vide est utilis\u00e9 pour le traitement sous vide des produits c\u00e9ramiques. Il peut \u00eatre utilis\u00e9 pour le traitement des boues de 18-24%, lorsque les boues sont remu\u00e9es dans la chambre \u00e0 vide, et pour effectuer un d\u00e9gazage sous vide afin d'\u00e9vacuer l'air contenu dans les boues. Apr\u00e8s le traitement sous vide du mat\u00e9riau, la plasticit\u00e9 est am\u00e9lior\u00e9e et la densit\u00e9 est \u00e9lev\u00e9e, de sorte que le produit br\u00fbl\u00e9 pr\u00e9sente une faible d\u00e9formation, une r\u00e9sistance \u00e9lev\u00e9e et une bonne qualit\u00e9.<\/p>\n<\/div>\n<\/div>\n\n\n\n<h2 class=\"wp-block-heading\"><strong>Param\u00e8tres du broyeur \u00e0 boulets :<\/strong><\/h2>\n\n\n\n<figure class=\"wp-block-table\"><table><tbody><tr><td>Mod\u00e8le<\/td><td>Taille maximale de la sortie (cm)<\/td><td>Capacit\u00e9<\/td><td>Puissance (kw)<\/td><td>Dimensions (lxwxh)<\/td><td>Poids (kgs)<\/td><\/tr><tr><td>220<\/td><td>22cm<\/td><td>2-2,5t\/h<\/td><td>15kw<\/td><td>270x80x140cm(h)<\/td><td>2100<\/td><\/tr><tr><td>250<\/td><td>25cm<\/td><td>2-5t\/h<\/td><td>22kw<\/td><td>358x86x123cm(h)<\/td><td>2550<\/td><\/tr><tr><td>350<\/td><td>35cm<\/td><td>4,5-6,5t\/h<\/td><td>37kw<\/td><td>400x190x150cm(h)<\/td><td>6150<\/td><\/tr><\/tbody><\/table><\/figure>","protected":false},"excerpt":{"rendered":"<p>La soci\u00e9t\u00e9 Yutai machine factory fournit des solutions personnalis\u00e9es et moins ch\u00e8res pour vous,bienvenue pour obtenir un devis gratuit.<\/p>\n<h2>Une solution unique pour les p<strong>moulin ug<\/strong>:<\/h2>\n<ol>\n<li>\n<p>Solution personnalis\u00e9e : le broyeur peut \u00eatre personnalis\u00e9 en fonction des besoins du client.<\/p>\n<\/li>\n<li>\n<p>Soutien technique : Fournir des conseils techniques professionnels et assurer l'installation m\u00e9canique.<\/p>\n<\/li>\n<li>\n<p>Pi\u00e8ces d\u00e9tach\u00e9es : Une gamme de pi\u00e8ces d\u00e9tach\u00e9es d'origine est disponible.<\/p>\n<\/li>\n<li>\n<p>Assistance apr\u00e8s-vente Assistance en ligne 24 heures sur 24 pour s'assurer que vous \u00eates satisfait du broyeur et qu'il est utilis\u00e9 sans probl\u00e8me sur votre cha\u00eene de production.<\/p>\n<\/li>\n<\/ol>","protected":false},"featured_media":3863,"template":"","meta":{"_acf_changed":false},"product_brand":[],"product_cat":[54],"product_tag":[81],"class_list":{"0":"post-3847","1":"product","2":"type-product","3":"status-publish","4":"has-post-thumbnail","6":"product_cat-clay-making-machine","7":"product_tag-pug-mill","9":"first","10":"instock","11":"shipping-taxable","12":"product-type-simple"},"acf":{"customization_content":"<h2><\/h2>\r\n<div><\/div>","customization_content_source":{"label":"Customization Content","type":"wysiwyg","formatted_value":"<h2><\/h2>\n<div><\/div>\n"},"why_choose_us_content":"<h2 style=\"text-align: center;\">Why Choose Us as Your <strong>Pug Mill<\/strong>\u00a0Supplier<\/h2>\r\n\r\n<hr \/>\r\n<p style=\"text-align: center;\">Yutai as a ceramic tableware manufacturer, maintains strict quality standards and excellent service. Revolutionize your manufacturing processes with cutting-edge automation technology that streamlines forming and enhances efficiency.<\/p>","why_choose_us_content_source":{"label":"Why Choose Us Content","type":"wysiwyg","formatted_value":"<h2 style=\"text-align: center;\">Why Choose Us as Your <strong>Pug Mill<\/strong>\u00a0Supplier<\/h2>\n<hr \/>\n<p style=\"text-align: center;\">Yutai as a ceramic tableware manufacturer, maintains strict quality standards and excellent service. Revolutionize your manufacturing processes with cutting-edge automation technology that streamlines forming and enhances efficiency.<\/p>\n"}},"_links":{"self":[{"href":"https:\/\/yutaimachinery.com\/fr\/wp-json\/wp\/v2\/product\/3847","targetHints":{"allow":["GET"]}}],"collection":[{"href":"https:\/\/yutaimachinery.com\/fr\/wp-json\/wp\/v2\/product"}],"about":[{"href":"https:\/\/yutaimachinery.com\/fr\/wp-json\/wp\/v2\/types\/product"}],"version-history":[{"count":0,"href":"https:\/\/yutaimachinery.com\/fr\/wp-json\/wp\/v2\/product\/3847\/revisions"}],"wp:featuredmedia":[{"embeddable":true,"href":"https:\/\/yutaimachinery.com\/fr\/wp-json\/wp\/v2\/media\/3863"}],"wp:attachment":[{"href":"https:\/\/yutaimachinery.com\/fr\/wp-json\/wp\/v2\/media?parent=3847"}],"wp:term":[{"taxonomy":"product_brand","embeddable":true,"href":"https:\/\/yutaimachinery.com\/fr\/wp-json\/wp\/v2\/product_brand?post=3847"},{"taxonomy":"product_cat","embeddable":true,"href":"https:\/\/yutaimachinery.com\/fr\/wp-json\/wp\/v2\/product_cat?post=3847"},{"taxonomy":"product_tag","embeddable":true,"href":"https:\/\/yutaimachinery.com\/fr\/wp-json\/wp\/v2\/product_tag?post=3847"}],"curies":[{"name":"wp","href":"https:\/\/api.w.org\/{rel}","templated":true}]}}