{"id":3821,"date":"2024-04-16T14:58:36","date_gmt":"2024-04-16T06:58:36","guid":{"rendered":"https:\/\/yutaimachinery.com\/?post_type=product&#038;p=3821"},"modified":"2024-04-17T11:08:18","modified_gmt":"2024-04-17T03:08:18","slug":"machine-a-broyer-les-carottes","status":"publish","type":"product","link":"https:\/\/yutaimachinery.com\/fr\/product\/pug-mill-machine\/","title":{"rendered":"Petite machine de broyage sous vide pour l'argile c\u00e9ramique"},"content":{"rendered":"<div class=\"wp-block-columns is-layout-flex wp-container-core-columns-is-layout-9d6595d7 wp-block-columns-is-layout-flex\">\n<div class=\"wp-block-column is-layout-flow wp-block-column-is-layout-flow\">\n<figure class=\"wp-block-embed is-type-video is-provider-youtube wp-block-embed-youtube wp-embed-aspect-16-9 wp-has-aspect-ratio\"><div class=\"wp-block-embed__wrapper\">\n<iframe title=\"Mini-broyeur pour la fabrication de poteries DIY\" width=\"940\" height=\"529\" src=\"https:\/\/www.youtube.com\/embed\/rRq5qhKmk4s?feature=oembed\" frameborder=\"0\" allow=\"accelerometer; autoplay; clipboard-write; encrypted-media; gyroscope; picture-in-picture; web-share\" referrerpolicy=\"strict-origin-when-cross-origin\" allowfullscreen><\/iframe>\n<\/div><\/figure>\n<\/div>\n\n\n\n<div class=\"wp-block-column is-layout-flow wp-block-column-is-layout-flow\">\n<h2 class=\"wp-block-heading\"><strong>Machine \u00e0 broyer les carottes <strong>Caract\u00e9ristiques<\/strong>:<\/strong><\/h2>\n\n\n\n<p>La petite machine \u00e0 broyer sous vide est utilis\u00e9e pour la pr\u00e9paration de l'argile c\u00e9ramique. Il utilise un m\u00e9lange \u00e0 double spirale et un d\u00e9sa\u00e9rage sous vide pour \u00e9liminer l'air emprisonn\u00e9 dans l'argile. Gr\u00e2ce \u00e0 sa structure compacte et \u00e0 sa mobilit\u00e9, il est couramment utilis\u00e9 dans les laboratoires, les \u00e9tablissements d'enseignement, les projets de bricolage et les petits ateliers de poterie.<\/p>\n<\/div>\n<\/div>\n\n\n\n<h2 class=\"wp-block-heading\"><strong>Param\u00e8tres de la machine \u00e0 broyer les carottes :<\/strong><\/h2>\n\n\n\n<figure class=\"wp-block-table\"><table><tbody><tr><td>Mod\u00e8le<\/td><td>Taille maximale de la sortie (cm)<\/td><td>Capacit\u00e9<\/td><td>Puissance (kw)<\/td><td>Dimensions (lxwxh)<\/td><td>Poids (kgs)<\/td><\/tr><tr><td>90<\/td><td>7<\/td><td>200-400kg\/h<\/td><td>1,5-2,2 kW<\/td><td>1260x400x800cm(h)<\/td><td>140<\/td><\/tr><\/tbody><\/table><\/figure>","protected":false},"excerpt":{"rendered":"<p>Le broyeur d'argile est un appareil de traitement de l'argile c\u00e9ramique. Il utilise la technologie du vide, la plasticit\u00e9 de l'argile trait\u00e9e est forte, convenant au bricolage \u00e0 domicile ou \u00e0 l'atelier de poterie.<\/p>\n<h2>Une solution unique pour les p<strong>machine de broyage ug<\/strong>:<\/h2>\n<ol>\n<li>\n<p>Prix d'usine : Nous sommes un fabricant de machines c\u00e9ramiques et fournissons des machines de fabrication d'argile c\u00e9ramique rentables. N'h\u00e9sitez pas \u00e0 nous contacter pour obtenir le prix d'usine.<\/p>\n<\/li>\n<li>\n<p>Assistance technique : Fournir des conseils et une assistance techniques professionnels, avec des guides vid\u00e9o pour garantir une utilisation rapide du produit.<\/p>\n<\/li>\n<li>\n<p>Pi\u00e8ces d\u00e9tach\u00e9es : Une gamme de pi\u00e8ces d\u00e9tach\u00e9es d'origine est disponible.<\/p>\n<\/li>\n<li>\n<p>Assistance apr\u00e8s-vente : Assistance en ligne 24 heures sur 24 pour s'assurer que vous \u00eates satisfait de la machine \u00e0 broyer les carottes et qu'elle est utilis\u00e9e sans probl\u00e8me sur votre cha\u00eene de production.<\/p>\n<\/li>\n<\/ol>","protected":false},"featured_media":3841,"template":"","meta":{"_acf_changed":false},"product_brand":[],"product_cat":[54],"product_tag":[81],"class_list":{"0":"post-3821","1":"product","2":"type-product","3":"status-publish","4":"has-post-thumbnail","6":"product_cat-clay-making-machine","7":"product_tag-pug-mill","9":"first","10":"instock","11":"shipping-taxable","12":"product-type-simple"},"acf":{"customization_content":"<h2><\/h2>\r\n<div><\/div>","customization_content_source":{"label":"Customization Content","type":"wysiwyg","formatted_value":"<h2><\/h2>\n<div><\/div>\n"},"why_choose_us_content":"<h2 style=\"text-align: center;\">Why Choose Us as Your <strong>Pug Mill Machine<\/strong> Supplier<\/h2>\r\n\r\n<hr \/>\r\n<p style=\"text-align: center;\">Yutai as a ceramic tableware manufacturer, maintains strict quality standards and excellent service. Revolutionize your manufacturing processes with cutting-edge automation technology that streamlines forming and enhances efficiency.<\/p>","why_choose_us_content_source":{"label":"Why Choose Us Content","type":"wysiwyg","formatted_value":"<h2 style=\"text-align: center;\">Why Choose Us as Your <strong>Pug Mill Machine<\/strong> Supplier<\/h2>\n<hr \/>\n<p style=\"text-align: center;\">Yutai as a ceramic tableware manufacturer, maintains strict quality standards and excellent service. Revolutionize your manufacturing processes with cutting-edge automation technology that streamlines forming and enhances efficiency.<\/p>\n"}},"_links":{"self":[{"href":"https:\/\/yutaimachinery.com\/fr\/wp-json\/wp\/v2\/product\/3821","targetHints":{"allow":["GET"]}}],"collection":[{"href":"https:\/\/yutaimachinery.com\/fr\/wp-json\/wp\/v2\/product"}],"about":[{"href":"https:\/\/yutaimachinery.com\/fr\/wp-json\/wp\/v2\/types\/product"}],"version-history":[{"count":0,"href":"https:\/\/yutaimachinery.com\/fr\/wp-json\/wp\/v2\/product\/3821\/revisions"}],"wp:featuredmedia":[{"embeddable":true,"href":"https:\/\/yutaimachinery.com\/fr\/wp-json\/wp\/v2\/media\/3841"}],"wp:attachment":[{"href":"https:\/\/yutaimachinery.com\/fr\/wp-json\/wp\/v2\/media?parent=3821"}],"wp:term":[{"taxonomy":"product_brand","embeddable":true,"href":"https:\/\/yutaimachinery.com\/fr\/wp-json\/wp\/v2\/product_brand?post=3821"},{"taxonomy":"product_cat","embeddable":true,"href":"https:\/\/yutaimachinery.com\/fr\/wp-json\/wp\/v2\/product_cat?post=3821"},{"taxonomy":"product_tag","embeddable":true,"href":"https:\/\/yutaimachinery.com\/fr\/wp-json\/wp\/v2\/product_tag?post=3821"}],"curies":[{"name":"wp","href":"https:\/\/api.w.org\/{rel}","templated":true}]}}