{"id":3820,"date":"2024-04-16T14:47:13","date_gmt":"2024-04-16T06:47:13","guid":{"rendered":"https:\/\/yutaimachinery.com\/?post_type=product&#038;p=3820"},"modified":"2024-04-16T16:28:56","modified_gmt":"2024-04-16T08:28:56","slug":"pompe-a-piston-2","status":"publish","type":"product","link":"https:\/\/yutaimachinery.com\/fr\/product\/piston-pump\/","title":{"rendered":"Pompe \u00e0 piston hydraulique haute pression \u00e0 double v\u00e9rin pour le transfert d'argile"},"content":{"rendered":"<div class=\"wp-block-columns is-layout-flex wp-container-core-columns-is-layout-9d6595d7 wp-block-columns-is-layout-flex\">\n<div class=\"wp-block-column is-layout-flow wp-block-column-is-layout-flow\" style=\"flex-basis:45%\">\n<figure class=\"wp-block-image size-full is-resized\"><img fetchpriority=\"high\" decoding=\"async\" width=\"1080\" height=\"1080\" src=\"https:\/\/yutaimachinery.com\/wp-content\/uploads\/2024\/04\/piston-pump2.jpeg\" alt=\"pompe \u00e0 piston\" class=\"wp-image-3824\" style=\"width:374px;height:auto\" title=\"\" srcset=\"https:\/\/yutaimachinery.com\/wp-content\/uploads\/2024\/04\/piston-pump2.jpeg 1080w, https:\/\/yutaimachinery.com\/wp-content\/uploads\/2024\/04\/piston-pump2-300x300.jpeg 300w, https:\/\/yutaimachinery.com\/wp-content\/uploads\/2024\/04\/piston-pump2-150x150.jpeg 150w, https:\/\/yutaimachinery.com\/wp-content\/uploads\/2024\/04\/piston-pump2-768x768.jpeg 768w, https:\/\/yutaimachinery.com\/wp-content\/uploads\/2024\/04\/piston-pump2-285x285.jpeg 285w, https:\/\/yutaimachinery.com\/wp-content\/uploads\/2024\/04\/piston-pump2-270x270.jpeg 270w, https:\/\/yutaimachinery.com\/wp-content\/uploads\/2024\/04\/piston-pump2-540x540.jpeg 540w, https:\/\/yutaimachinery.com\/wp-content\/uploads\/2024\/04\/piston-pump2-660x660.jpeg 660w\" sizes=\"(max-width: 1080px) 100vw, 1080px\" \/><\/figure>\n<\/div>\n\n\n\n<div class=\"wp-block-column is-layout-flow wp-block-column-is-layout-flow\">\n<h2 class=\"wp-block-heading\"><strong>Pompe \u00e0 piston <strong>Caract\u00e9ristiques<\/strong><\/strong>:<\/h2>\n\n\n\n<p>La pompe \u00e0 piston est principalement utilis\u00e9e pour acheminer le pl\u00e2tre d'argile vers le filtre-presse. La teneur en eau est faible et uniforme. La pompe est \u00e0 entra\u00eenement hydraulique, stable et fiable, avec peu de bruit, une pression \u00e9lev\u00e9e et une faible fluctuation de la pression de la boue.<\/p>\n\n\n\n<h2 class=\"wp-block-heading\"><strong><strong>Param\u00e8tres de la pompe \u00e0 piston<\/strong>:<\/strong><\/h2>\n\n\n\n<figure class=\"wp-block-table\"><table><tbody><tr><td>Mod\u00e8le<\/td><td>140<\/td><td>200<\/td><\/tr><tr><td>Max. Mpa<\/td><td>2,5mpa<\/td><td>2,5mpa<\/td><\/tr><tr><td>Diam\u00e8tre du piston<\/td><td>140mm<\/td><td>180 mm<\/td><\/tr><tr><td>Puissance (kw)<\/td><td>11kw\/380v<\/td><td>18.5kw\/380v<\/td><\/tr><tr><td>Dimension(lxwxh)<\/td><td>195x115x180cm(h)<\/td><td>170x120x190cm(h)<\/td><\/tr><tr><td>Poids (kgs)<\/td><td>1300<\/td><td>1500<\/td><\/tr><\/tbody><\/table><\/figure>\n<\/div>\n<\/div>","protected":false},"excerpt":{"rendered":"<p>Pompe \u00e0 piston \u00e0 entra\u00eenement hydraulique, elle transporte le pl\u00e2tre d'argile vers le filtre-presse avec stabilit\u00e9, garantissant une faible teneur en eau et un fonctionnement fiable.<\/p>\n<h2>Solution unique pour les pompes \u00e0 piston :<\/h2>\n<ol>\n<li>\n<p>Solution d'am\u00e9nagement de l'usine : En fonction de l'espace de l'usine et du plan de production, nous fournissons des suggestions professionnelles pour l'agencement des machines c\u00e9ramiques.<\/p>\n<\/li>\n<li>\n<p>Assistance technique : Fournir des conseils et une assistance techniques professionnels, avec des guides vid\u00e9o pour garantir une utilisation rapide du produit.<\/p>\n<\/li>\n<li>\n<p>Pi\u00e8ces d\u00e9tach\u00e9es : Une gamme de pi\u00e8ces d\u00e9tach\u00e9es d'origine est disponible.<\/p>\n<\/li>\n<li>\n<p>Assistance apr\u00e8s-vente : Assistance en ligne 24 heures sur 24 pour s'assurer que vous \u00eates satisfait de la pompe \u00e0 piston et qu'elle est utilis\u00e9e sans probl\u00e8me sur votre cha\u00eene de production.<\/p>\n<\/li>\n<\/ol>","protected":false},"featured_media":3822,"template":"","meta":{"_acf_changed":false},"product_brand":[],"product_cat":[54],"product_tag":[],"class_list":{"0":"post-3820","1":"product","2":"type-product","3":"status-publish","4":"has-post-thumbnail","6":"product_cat-clay-making-machine","8":"first","9":"instock","10":"shipping-taxable","11":"product-type-simple"},"acf":{"customization_content":"<h2><\/h2>\r\n<div><\/div>","customization_content_source":{"label":"Customization Content","type":"wysiwyg","formatted_value":"<h2><\/h2>\n<div><\/div>\n"},"why_choose_us_content":"<h2 style=\"text-align: center;\">Why Choose Us as Your Piston Pump Supplier<\/h2>\r\n\r\n<hr \/>\r\n<p style=\"text-align: center;\">Yutai as a ceramic tableware manufacturer, maintains strict quality standards and excellent service. Revolutionize your manufacturing processes with cutting-edge automation technology that streamlines forming and enhances efficiency.<\/p>","why_choose_us_content_source":{"label":"Why Choose Us Content","type":"wysiwyg","formatted_value":"<h2 style=\"text-align: center;\">Why Choose Us as Your Piston Pump Supplier<\/h2>\n<hr \/>\n<p style=\"text-align: center;\">Yutai as a ceramic tableware manufacturer, maintains strict quality standards and excellent service. Revolutionize your manufacturing processes with cutting-edge automation technology that streamlines forming and enhances efficiency.<\/p>\n"}},"_links":{"self":[{"href":"https:\/\/yutaimachinery.com\/fr\/wp-json\/wp\/v2\/product\/3820","targetHints":{"allow":["GET"]}}],"collection":[{"href":"https:\/\/yutaimachinery.com\/fr\/wp-json\/wp\/v2\/product"}],"about":[{"href":"https:\/\/yutaimachinery.com\/fr\/wp-json\/wp\/v2\/types\/product"}],"version-history":[{"count":0,"href":"https:\/\/yutaimachinery.com\/fr\/wp-json\/wp\/v2\/product\/3820\/revisions"}],"wp:featuredmedia":[{"embeddable":true,"href":"https:\/\/yutaimachinery.com\/fr\/wp-json\/wp\/v2\/media\/3822"}],"wp:attachment":[{"href":"https:\/\/yutaimachinery.com\/fr\/wp-json\/wp\/v2\/media?parent=3820"}],"wp:term":[{"taxonomy":"product_brand","embeddable":true,"href":"https:\/\/yutaimachinery.com\/fr\/wp-json\/wp\/v2\/product_brand?post=3820"},{"taxonomy":"product_cat","embeddable":true,"href":"https:\/\/yutaimachinery.com\/fr\/wp-json\/wp\/v2\/product_cat?post=3820"},{"taxonomy":"product_tag","embeddable":true,"href":"https:\/\/yutaimachinery.com\/fr\/wp-json\/wp\/v2\/product_tag?post=3820"}],"curies":[{"name":"wp","href":"https:\/\/api.w.org\/{rel}","templated":true}]}}