{"id":3809,"date":"2024-04-16T11:56:45","date_gmt":"2024-04-16T03:56:45","guid":{"rendered":"https:\/\/yutaimachinery.com\/?post_type=product&#038;p=3809"},"modified":"2024-04-16T14:43:24","modified_gmt":"2024-04-16T06:43:24","slug":"elimination-du-fer-par-voie-magnetique","status":"publish","type":"product","link":"https:\/\/yutaimachinery.com\/fr\/product\/magnetic-iron-remover\/","title":{"rendered":"S\u00e9parateur de fer magn\u00e9tique en vrac S\u00e9parateur de fer \u00e0 auge pour conduites de fluides"},"content":{"rendered":"<div class=\"wp-block-columns is-layout-flex wp-container-core-columns-is-layout-9d6595d7 wp-block-columns-is-layout-flex\">\n<div class=\"wp-block-column is-layout-flow wp-block-column-is-layout-flow\">\n<figure class=\"wp-block-image size-full\"><img fetchpriority=\"high\" decoding=\"async\" width=\"1080\" height=\"1080\" src=\"https:\/\/yutaimachinery.com\/wp-content\/uploads\/2024\/04\/magnetic-iron-remover5.webp\" alt=\"\u00e9limination du fer par voie magn\u00e9tique\" class=\"wp-image-3813\" title=\"\" srcset=\"https:\/\/yutaimachinery.com\/wp-content\/uploads\/2024\/04\/magnetic-iron-remover5.webp 1080w, https:\/\/yutaimachinery.com\/wp-content\/uploads\/2024\/04\/magnetic-iron-remover5-300x300.webp 300w, https:\/\/yutaimachinery.com\/wp-content\/uploads\/2024\/04\/magnetic-iron-remover5-150x150.webp 150w, https:\/\/yutaimachinery.com\/wp-content\/uploads\/2024\/04\/magnetic-iron-remover5-768x768.webp 768w, https:\/\/yutaimachinery.com\/wp-content\/uploads\/2024\/04\/magnetic-iron-remover5-285x285.webp 285w, https:\/\/yutaimachinery.com\/wp-content\/uploads\/2024\/04\/magnetic-iron-remover5-270x270.webp 270w, https:\/\/yutaimachinery.com\/wp-content\/uploads\/2024\/04\/magnetic-iron-remover5-540x540.webp 540w, https:\/\/yutaimachinery.com\/wp-content\/uploads\/2024\/04\/magnetic-iron-remover5-660x660.webp 660w\" sizes=\"(max-width: 1080px) 100vw, 1080px\" \/><\/figure>\n<\/div>\n\n\n\n<div class=\"wp-block-column is-layout-flow wp-block-column-is-layout-flow\">\n<figure class=\"wp-block-image size-full\"><img decoding=\"async\" width=\"378\" height=\"378\" src=\"https:\/\/yutaimachinery.com\/wp-content\/uploads\/2024\/04\/magnetic-iron-remover3.webp\" alt=\"\u00e9limination du fer par voie magn\u00e9tique\" class=\"wp-image-3811\" title=\"\" srcset=\"https:\/\/yutaimachinery.com\/wp-content\/uploads\/2024\/04\/magnetic-iron-remover3.webp 378w, https:\/\/yutaimachinery.com\/wp-content\/uploads\/2024\/04\/magnetic-iron-remover3-300x300.webp 300w, https:\/\/yutaimachinery.com\/wp-content\/uploads\/2024\/04\/magnetic-iron-remover3-150x150.webp 150w, https:\/\/yutaimachinery.com\/wp-content\/uploads\/2024\/04\/magnetic-iron-remover3-285x285.webp 285w, https:\/\/yutaimachinery.com\/wp-content\/uploads\/2024\/04\/magnetic-iron-remover3-270x270.webp 270w\" sizes=\"(max-width: 378px) 100vw, 378px\" \/><\/figure>\n<\/div>\n\n\n\n<div class=\"wp-block-column is-layout-flow wp-block-column-is-layout-flow\">\n<figure class=\"wp-block-image size-full is-resized\"><img decoding=\"async\" width=\"197\" height=\"197\" src=\"https:\/\/yutaimachinery.com\/wp-content\/uploads\/2024\/04\/magnetic-iron-remover.webp\" alt=\"\u00e9limination du fer par voie magn\u00e9tique\" class=\"wp-image-3814\" style=\"width:257px;height:auto\" title=\"\" srcset=\"https:\/\/yutaimachinery.com\/wp-content\/uploads\/2024\/04\/magnetic-iron-remover.webp 197w, https:\/\/yutaimachinery.com\/wp-content\/uploads\/2024\/04\/magnetic-iron-remover-150x150.webp 150w\" sizes=\"(max-width: 197px) 100vw, 197px\" \/><\/figure>\n<\/div>\n<\/div>","protected":false},"excerpt":{"rendered":"<p>L'auge de d\u00e9ferrisation magn\u00e9tique en gros convient \u00e0 l'\u00e9limination des impuret\u00e9s de fer et d'autres particules ferromagn\u00e9tiques des fluides de boue. Facile \u00e0 installer et \u00e0 retirer, facile \u00e0 nettoyer. Des structures magn\u00e9tiques bien con\u00e7ues garantissent des effets magn\u00e9tiques maximaux sans obstruer le flux de liquide.<\/p>","protected":false},"featured_media":3811,"template":"","meta":{"_acf_changed":false},"product_brand":[],"product_cat":[54],"product_tag":[],"class_list":{"0":"post-3809","1":"product","2":"type-product","3":"status-publish","4":"has-post-thumbnail","6":"product_cat-clay-making-machine","8":"first","9":"instock","10":"shipping-taxable","11":"product-type-simple"},"acf":{"customization_content":"<h2><\/h2>\r\n<div><\/div>","customization_content_source":{"label":"Customization Content","type":"wysiwyg","formatted_value":"<h2><\/h2>\n<div><\/div>\n"},"why_choose_us_content":"<h2 style=\"text-align: center;\">Why Choose Us as Your Iron Removal Machine Supplier<\/h2>\r\n\r\n<hr \/>\r\n<p style=\"text-align: center;\">Yutai as a ceramic tableware manufacturer, maintains strict quality standards and excellent service. Revolutionize your manufacturing processes with cutting-edge automation technology that streamlines forming and enhances efficiency.<\/p>","why_choose_us_content_source":{"label":"Why Choose Us Content","type":"wysiwyg","formatted_value":"<h2 style=\"text-align: center;\">Why Choose Us as Your Iron Removal Machine Supplier<\/h2>\n<hr \/>\n<p style=\"text-align: center;\">Yutai as a ceramic tableware manufacturer, maintains strict quality standards and excellent service. Revolutionize your manufacturing processes with cutting-edge automation technology that streamlines forming and enhances efficiency.<\/p>\n"}},"_links":{"self":[{"href":"https:\/\/yutaimachinery.com\/fr\/wp-json\/wp\/v2\/product\/3809","targetHints":{"allow":["GET"]}}],"collection":[{"href":"https:\/\/yutaimachinery.com\/fr\/wp-json\/wp\/v2\/product"}],"about":[{"href":"https:\/\/yutaimachinery.com\/fr\/wp-json\/wp\/v2\/types\/product"}],"version-history":[{"count":0,"href":"https:\/\/yutaimachinery.com\/fr\/wp-json\/wp\/v2\/product\/3809\/revisions"}],"wp:featuredmedia":[{"embeddable":true,"href":"https:\/\/yutaimachinery.com\/fr\/wp-json\/wp\/v2\/media\/3811"}],"wp:attachment":[{"href":"https:\/\/yutaimachinery.com\/fr\/wp-json\/wp\/v2\/media?parent=3809"}],"wp:term":[{"taxonomy":"product_brand","embeddable":true,"href":"https:\/\/yutaimachinery.com\/fr\/wp-json\/wp\/v2\/product_brand?post=3809"},{"taxonomy":"product_cat","embeddable":true,"href":"https:\/\/yutaimachinery.com\/fr\/wp-json\/wp\/v2\/product_cat?post=3809"},{"taxonomy":"product_tag","embeddable":true,"href":"https:\/\/yutaimachinery.com\/fr\/wp-json\/wp\/v2\/product_tag?post=3809"}],"curies":[{"name":"wp","href":"https:\/\/api.w.org\/{rel}","templated":true}]}}