{"id":3782,"date":"2024-04-14T23:41:49","date_gmt":"2024-04-14T15:41:49","guid":{"rendered":"https:\/\/yutaimachinery.com\/?post_type=product&#038;p=3782"},"modified":"2024-04-15T00:08:20","modified_gmt":"2024-04-14T16:08:20","slug":"petit-four-a-ceramique","status":"publish","type":"product","link":"https:\/\/yutaimachinery.com\/fr\/product\/small-ceramic-kiln\/","title":{"rendered":"Petit four \u00e0 c\u00e9ramique sur mesure pour la fabrication de tasses en c\u00e9ramique"},"content":{"rendered":"<div class=\"wp-block-columns is-layout-flex wp-container-core-columns-is-layout-9d6595d7 wp-block-columns-is-layout-flex\">\n<div class=\"wp-block-column is-layout-flow wp-block-column-is-layout-flow\">\n<figure class=\"wp-block-image size-full\"><img fetchpriority=\"high\" decoding=\"async\" width=\"3024\" height=\"3024\" src=\"https:\/\/yutaimachinery.com\/wp-content\/uploads\/2024\/04\/small-ceramic-kiln5.webp\" alt=\"petit four \u00e0 c\u00e9ramique\" class=\"wp-image-3784\" title=\"\" srcset=\"https:\/\/yutaimachinery.com\/wp-content\/uploads\/2024\/04\/small-ceramic-kiln5.webp 3024w, https:\/\/yutaimachinery.com\/wp-content\/uploads\/2024\/04\/small-ceramic-kiln5-300x300.webp 300w, https:\/\/yutaimachinery.com\/wp-content\/uploads\/2024\/04\/small-ceramic-kiln5-150x150.webp 150w, https:\/\/yutaimachinery.com\/wp-content\/uploads\/2024\/04\/small-ceramic-kiln5-768x768.webp 768w, https:\/\/yutaimachinery.com\/wp-content\/uploads\/2024\/04\/small-ceramic-kiln5-285x285.webp 285w, https:\/\/yutaimachinery.com\/wp-content\/uploads\/2024\/04\/small-ceramic-kiln5-1600x1600.webp 1600w, https:\/\/yutaimachinery.com\/wp-content\/uploads\/2024\/04\/small-ceramic-kiln5-270x270.webp 270w, https:\/\/yutaimachinery.com\/wp-content\/uploads\/2024\/04\/small-ceramic-kiln5-540x540.webp 540w, https:\/\/yutaimachinery.com\/wp-content\/uploads\/2024\/04\/small-ceramic-kiln5-660x660.webp 660w\" sizes=\"(max-width: 3024px) 100vw, 3024px\" \/><\/figure>\n<\/div>\n\n\n\n<div class=\"wp-block-column is-layout-flow wp-block-column-is-layout-flow\">\n<h2 class=\"wp-block-heading\"><strong>Caract\u00e9ristiques <\/strong>Petit four \u00e0 c\u00e9ramique<\/h2>\n\n\n\n<p>L'avantage de nos petits fours \u00e0 c\u00e9ramique est leur conception compacte et leurs sp\u00e9cifications personnalisables, ce qui les rend adapt\u00e9s \u00e0 la production \u00e0 petite \u00e9chelle et \u00e0 l'utilisation en studio. Gr\u00e2ce \u00e0 un contr\u00f4le pr\u00e9cis de la temp\u00e9rature et \u00e0 la fermeture automatique des portes du four, il est facile \u00e0 utiliser, fiable et durable. En outre, ils sont achet\u00e9s directement \u00e0 l'usine pour garantir la qualit\u00e9 et des prix abordables.<\/p>\n<\/div>\n<\/div>\n\n\n\n<div class=\"wp-block-columns is-layout-flex wp-container-core-columns-is-layout-9d6595d7 wp-block-columns-is-layout-flex\">\n<div class=\"wp-block-column is-layout-flow wp-block-column-is-layout-flow\">\n<figure class=\"wp-block-image size-full\"><img decoding=\"async\" width=\"474\" height=\"474\" src=\"https:\/\/yutaimachinery.com\/wp-content\/uploads\/2024\/04\/small-ceramic-kiln6.webp\" alt=\"petit four \u00e0 c\u00e9ramique\" class=\"wp-image-3783\" title=\"\" srcset=\"https:\/\/yutaimachinery.com\/wp-content\/uploads\/2024\/04\/small-ceramic-kiln6.webp 474w, https:\/\/yutaimachinery.com\/wp-content\/uploads\/2024\/04\/small-ceramic-kiln6-300x300.webp 300w, https:\/\/yutaimachinery.com\/wp-content\/uploads\/2024\/04\/small-ceramic-kiln6-150x150.webp 150w, https:\/\/yutaimachinery.com\/wp-content\/uploads\/2024\/04\/small-ceramic-kiln6-285x285.webp 285w, https:\/\/yutaimachinery.com\/wp-content\/uploads\/2024\/04\/small-ceramic-kiln6-270x270.webp 270w\" sizes=\"(max-width: 474px) 100vw, 474px\" \/><\/figure>\n<\/div>\n\n\n\n<div class=\"wp-block-column is-layout-flow wp-block-column-is-layout-flow\">\n<figure class=\"wp-block-image size-full\"><img decoding=\"async\" width=\"800\" height=\"800\" src=\"https:\/\/yutaimachinery.com\/wp-content\/uploads\/2024\/04\/small-ceramic-kiln.webp\" alt=\"petit four \u00e0 c\u00e9ramique\" class=\"wp-image-3788\" title=\"\" srcset=\"https:\/\/yutaimachinery.com\/wp-content\/uploads\/2024\/04\/small-ceramic-kiln.webp 800w, https:\/\/yutaimachinery.com\/wp-content\/uploads\/2024\/04\/small-ceramic-kiln-300x300.webp 300w, https:\/\/yutaimachinery.com\/wp-content\/uploads\/2024\/04\/small-ceramic-kiln-150x150.webp 150w, https:\/\/yutaimachinery.com\/wp-content\/uploads\/2024\/04\/small-ceramic-kiln-768x768.webp 768w, https:\/\/yutaimachinery.com\/wp-content\/uploads\/2024\/04\/small-ceramic-kiln-285x285.webp 285w, https:\/\/yutaimachinery.com\/wp-content\/uploads\/2024\/04\/small-ceramic-kiln-270x270.webp 270w, https:\/\/yutaimachinery.com\/wp-content\/uploads\/2024\/04\/small-ceramic-kiln-540x540.webp 540w, https:\/\/yutaimachinery.com\/wp-content\/uploads\/2024\/04\/small-ceramic-kiln-660x660.webp 660w\" sizes=\"(max-width: 800px) 100vw, 800px\" \/><\/figure>\n<\/div>\n<\/div>","protected":false},"excerpt":{"rendered":"<p>Vente directe d'usine, le petit four \u00e0 c\u00e9ramique peut \u00eatre personnalis\u00e9 en fonction des sp\u00e9cifications, il convient pour les tasses en c\u00e9ramique \u00e0 cuisson v\u00e9g\u00e9tarienne. La qualit\u00e9 et le prix sont garantis.<\/p>\n<h2>Une solution unique pour les petits fours \u00e0 c\u00e9ramique :<\/h2>\n<ol>\n<li>\n<p>Solution d'am\u00e9nagement de l'usine : En fonction de l'espace de l'usine et du plan de production, nous fournissons des suggestions professionnelles pour l'agencement des machines c\u00e9ramiques.<\/p>\n<\/li>\n<li>\n<p>Assistance technique : Fournir des conseils et une assistance techniques professionnels, avec des guides vid\u00e9o pour garantir une utilisation rapide du produit.<\/p>\n<\/li>\n<li>\n<p>Pi\u00e8ces d\u00e9tach\u00e9es : Une gamme de pi\u00e8ces d\u00e9tach\u00e9es d'origine est disponible.<\/p>\n<\/li>\n<li>\n<p>Assistance apr\u00e8s-vente : Assistance en ligne 24 heures sur 24 pour s'assurer que vous \u00eates satisfait du petit four \u00e0 c\u00e9ramique et qu'il est utilis\u00e9 sans probl\u00e8me sur votre ligne de production.<\/p>\n<\/li>\n<\/ol>","protected":false},"featured_media":3787,"template":"","meta":{"_acf_changed":false},"product_brand":[],"product_cat":[58],"product_tag":[80],"class_list":{"0":"post-3782","1":"product","2":"type-product","3":"status-publish","4":"has-post-thumbnail","6":"product_cat-ceramic-kiln","7":"product_tag-small-ceramic-kiln","9":"first","10":"instock","11":"shipping-taxable","12":"product-type-simple"},"acf":{"customization_content":"<h2><\/h2>\r\n<div><\/div>","customization_content_source":{"label":"Customization Content","type":"wysiwyg","formatted_value":"<h2><\/h2>\n<div><\/div>\n"},"why_choose_us_content":"<h2 style=\"text-align: center;\">Why Choose Us as Your Ceramic Kiln\u00a0Supplier<\/h2>\r\n\r\n<hr \/>\r\n<p style=\"text-align: center;\">Yutai as a ceramic tableware manufacturer, maintains strict quality standards and excellent service. Revolutionize your manufacturing processes with cutting-edge automation technology that streamlines forming and enhances efficiency.<\/p>","why_choose_us_content_source":{"label":"Why Choose Us Content","type":"wysiwyg","formatted_value":"<h2 style=\"text-align: center;\">Why Choose Us as Your Ceramic Kiln\u00a0Supplier<\/h2>\n<hr \/>\n<p style=\"text-align: center;\">Yutai as a ceramic tableware manufacturer, maintains strict quality standards and excellent service. Revolutionize your manufacturing processes with cutting-edge automation technology that streamlines forming and enhances efficiency.<\/p>\n"}},"_links":{"self":[{"href":"https:\/\/yutaimachinery.com\/fr\/wp-json\/wp\/v2\/product\/3782","targetHints":{"allow":["GET"]}}],"collection":[{"href":"https:\/\/yutaimachinery.com\/fr\/wp-json\/wp\/v2\/product"}],"about":[{"href":"https:\/\/yutaimachinery.com\/fr\/wp-json\/wp\/v2\/types\/product"}],"version-history":[{"count":0,"href":"https:\/\/yutaimachinery.com\/fr\/wp-json\/wp\/v2\/product\/3782\/revisions"}],"wp:featuredmedia":[{"embeddable":true,"href":"https:\/\/yutaimachinery.com\/fr\/wp-json\/wp\/v2\/media\/3787"}],"wp:attachment":[{"href":"https:\/\/yutaimachinery.com\/fr\/wp-json\/wp\/v2\/media?parent=3782"}],"wp:term":[{"taxonomy":"product_brand","embeddable":true,"href":"https:\/\/yutaimachinery.com\/fr\/wp-json\/wp\/v2\/product_brand?post=3782"},{"taxonomy":"product_cat","embeddable":true,"href":"https:\/\/yutaimachinery.com\/fr\/wp-json\/wp\/v2\/product_cat?post=3782"},{"taxonomy":"product_tag","embeddable":true,"href":"https:\/\/yutaimachinery.com\/fr\/wp-json\/wp\/v2\/product_tag?post=3782"}],"curies":[{"name":"wp","href":"https:\/\/api.w.org\/{rel}","templated":true}]}}