{"id":3771,"date":"2024-04-14T23:09:27","date_gmt":"2024-04-14T15:09:27","guid":{"rendered":"https:\/\/yutaimachinery.com\/?post_type=product&#038;p=3771"},"modified":"2024-04-14T23:41:34","modified_gmt":"2024-04-14T15:41:34","slug":"four-a-navette","status":"publish","type":"product","link":"https:\/\/yutaimachinery.com\/fr\/product\/shuttle-kiln\/","title":{"rendered":"Four \u00e0 navette \u00e0 haute temp\u00e9rature pour la fabrication automatique de c\u00e9ramique cuite au feu\u00a0"},"content":{"rendered":"<div class=\"wp-block-columns is-layout-flex wp-container-core-columns-is-layout-9d6595d7 wp-block-columns-is-layout-flex\">\n<div class=\"wp-block-column is-layout-flow wp-block-column-is-layout-flow\">\n<figure class=\"wp-block-embed is-type-video is-provider-youtube wp-block-embed-youtube wp-embed-aspect-16-9 wp-has-aspect-ratio\"><div class=\"wp-block-embed__wrapper\">\n<iframe title=\"four \u00e0 navette pour porcelaine, c\u00e9ramique, gr\u00e8s\" width=\"940\" height=\"529\" src=\"https:\/\/www.youtube.com\/embed\/f8JweaXRuTM?feature=oembed\" frameborder=\"0\" allow=\"accelerometer; autoplay; clipboard-write; encrypted-media; gyroscope; picture-in-picture; web-share\" referrerpolicy=\"strict-origin-when-cross-origin\" allowfullscreen><\/iframe>\n<\/div><\/figure>\n<\/div>\n\n\n\n<div class=\"wp-block-column is-layout-flow wp-block-column-is-layout-flow\">\n<h2 class=\"wp-block-heading\"><strong>Caract\u00e9ristiques de Shuttle Kil<\/strong>n<\/h2>\n\n\n\n<ul class=\"wp-block-list\">\n<li>Applications polyvalentes : Convient \u00e0 la cuisson de biscuit et \u00e0 la cuisson de gla\u00e7age de divers produits c\u00e9ramiques tels que la porcelaine, le gr\u00e8s et la fa\u00efence.<\/li>\n\n\n\n<li>Contr\u00f4le pr\u00e9cis de la temp\u00e9rature : Le four est dot\u00e9 d'une commande automatique par micro-ordinateur PID, qui garantit un contr\u00f4le pr\u00e9cis et constant de la temp\u00e9rature tout au long du processus de cuisson.<\/li>\n\n\n\n<li>Fonctionnement efficace : Le four \u00e0 navette est con\u00e7u pour un fonctionnement efficace, permettant des cycles de chauffage et de refroidissement rapides afin d'optimiser l'efficacit\u00e9 de la production.<\/li>\n<\/ul>\n<\/div>\n<\/div>\n\n\n\n<div class=\"wp-block-columns is-layout-flex wp-container-core-columns-is-layout-9d6595d7 wp-block-columns-is-layout-flex\">\n<div class=\"wp-block-column is-layout-flow wp-block-column-is-layout-flow\">\n<figure class=\"wp-block-image size-full\"><img fetchpriority=\"high\" decoding=\"async\" width=\"1080\" height=\"1080\" src=\"https:\/\/yutaimachinery.com\/wp-content\/uploads\/2024\/04\/Shuttle-Kiln2.webp\" alt=\"Four \u00e0 navette\" class=\"wp-image-3778\" title=\"\" srcset=\"https:\/\/yutaimachinery.com\/wp-content\/uploads\/2024\/04\/Shuttle-Kiln2.webp 1080w, https:\/\/yutaimachinery.com\/wp-content\/uploads\/2024\/04\/Shuttle-Kiln2-300x300.webp 300w, https:\/\/yutaimachinery.com\/wp-content\/uploads\/2024\/04\/Shuttle-Kiln2-150x150.webp 150w, https:\/\/yutaimachinery.com\/wp-content\/uploads\/2024\/04\/Shuttle-Kiln2-768x768.webp 768w, https:\/\/yutaimachinery.com\/wp-content\/uploads\/2024\/04\/Shuttle-Kiln2-285x285.webp 285w, https:\/\/yutaimachinery.com\/wp-content\/uploads\/2024\/04\/Shuttle-Kiln2-270x270.webp 270w, https:\/\/yutaimachinery.com\/wp-content\/uploads\/2024\/04\/Shuttle-Kiln2-540x540.webp 540w, https:\/\/yutaimachinery.com\/wp-content\/uploads\/2024\/04\/Shuttle-Kiln2-660x660.webp 660w\" sizes=\"(max-width: 1080px) 100vw, 1080px\" \/><\/figure>\n<\/div>\n\n\n\n<div class=\"wp-block-column is-layout-flow wp-block-column-is-layout-flow\">\n<figure class=\"wp-block-image size-full\"><img decoding=\"async\" width=\"1276\" height=\"1276\" src=\"https:\/\/yutaimachinery.com\/wp-content\/uploads\/2024\/04\/Shuttle-Kiln3.webp\" alt=\"Four \u00e0 navette\" class=\"wp-image-3774\" title=\"\" srcset=\"https:\/\/yutaimachinery.com\/wp-content\/uploads\/2024\/04\/Shuttle-Kiln3.webp 1276w, https:\/\/yutaimachinery.com\/wp-content\/uploads\/2024\/04\/Shuttle-Kiln3-300x300.webp 300w, https:\/\/yutaimachinery.com\/wp-content\/uploads\/2024\/04\/Shuttle-Kiln3-150x150.webp 150w, https:\/\/yutaimachinery.com\/wp-content\/uploads\/2024\/04\/Shuttle-Kiln3-768x768.webp 768w, https:\/\/yutaimachinery.com\/wp-content\/uploads\/2024\/04\/Shuttle-Kiln3-285x285.webp 285w, https:\/\/yutaimachinery.com\/wp-content\/uploads\/2024\/04\/Shuttle-Kiln3-270x270.webp 270w, https:\/\/yutaimachinery.com\/wp-content\/uploads\/2024\/04\/Shuttle-Kiln3-540x540.webp 540w, https:\/\/yutaimachinery.com\/wp-content\/uploads\/2024\/04\/Shuttle-Kiln3-660x660.webp 660w\" sizes=\"(max-width: 1276px) 100vw, 1276px\" \/><\/figure>\n<\/div>\n<\/div>","protected":false},"excerpt":{"rendered":"<p>Con\u00e7u pour \u00eatre personnalis\u00e9 par l'usine, le four \u00e0 navette convient au traitement de la c\u00e9ramique, de la porcelaine et du gr\u00e8s. Bonne r\u00e9sistance \u00e0 la chaleur et contr\u00f4le pr\u00e9cis de la temp\u00e9rature pour am\u00e9liorer la productivit\u00e9.<\/p>\n<h2>Une solution unique pour les fours \u00e0 navette :<\/h2>\n<ol>\n<li>\n<p>Conception de l'agencement : En fonction de l'espace de l'usine et du plan de production, nous fournissons une conception professionnelle de l'agencement des machines \u00e0 c\u00e9ramique.<\/p>\n<\/li>\n<li>\n<p>Assistance \u00e0 l'installation : Fournir l'installation et la configuration sur place pour l'installation du four \u00e0 navette afin d'assurer son fonctionnement normal.<\/p>\n<\/li>\n<li>\n<p>Pi\u00e8ces d\u00e9tach\u00e9es : Une gamme de pi\u00e8ces d\u00e9tach\u00e9es d'origine est disponible.<\/p>\n<\/li>\n<li>\n<p>Assistance apr\u00e8s-vente : Assistance en ligne 24 heures sur 24 pour s'assurer que vous \u00eates satisfait du four \u00e0 navette et qu'il est utilis\u00e9 sans probl\u00e8me sur votre ligne de production.<\/p>\n<\/li>\n<li>\u00a0<\/li>\n<\/ol>","protected":false},"featured_media":3775,"template":"","meta":{"_acf_changed":false},"product_brand":[],"product_cat":[58],"product_tag":[79],"class_list":{"0":"post-3771","1":"product","2":"type-product","3":"status-publish","4":"has-post-thumbnail","6":"product_cat-ceramic-kiln","7":"product_tag-shuttle-kiln","9":"first","10":"instock","11":"shipping-taxable","12":"product-type-simple"},"acf":{"customization_content":"<h2><\/h2>\r\n<div><\/div>","customization_content_source":{"label":"Customization Content","type":"wysiwyg","formatted_value":"<h2><\/h2>\n<div><\/div>\n"},"why_choose_us_content":"<h2 style=\"text-align: center;\">Why Choose Us as Your <strong>Shuttle Kil<\/strong>n Supplier<\/h2>\r\n\r\n<hr \/>\r\n<p style=\"text-align: center;\">Yutai as a ceramic tableware manufacturer, maintains strict quality standards and excellent service. Revolutionize your manufacturing processes with cutting-edge automation technology that streamlines forming and enhances efficiency.<\/p>","why_choose_us_content_source":{"label":"Why Choose Us Content","type":"wysiwyg","formatted_value":"<h2 style=\"text-align: center;\">Why Choose Us as Your <strong>Shuttle Kil<\/strong>n Supplier<\/h2>\n<hr \/>\n<p style=\"text-align: center;\">Yutai as a ceramic tableware manufacturer, maintains strict quality standards and excellent service. Revolutionize your manufacturing processes with cutting-edge automation technology that streamlines forming and enhances efficiency.<\/p>\n"}},"_links":{"self":[{"href":"https:\/\/yutaimachinery.com\/fr\/wp-json\/wp\/v2\/product\/3771","targetHints":{"allow":["GET"]}}],"collection":[{"href":"https:\/\/yutaimachinery.com\/fr\/wp-json\/wp\/v2\/product"}],"about":[{"href":"https:\/\/yutaimachinery.com\/fr\/wp-json\/wp\/v2\/types\/product"}],"version-history":[{"count":0,"href":"https:\/\/yutaimachinery.com\/fr\/wp-json\/wp\/v2\/product\/3771\/revisions"}],"wp:featuredmedia":[{"embeddable":true,"href":"https:\/\/yutaimachinery.com\/fr\/wp-json\/wp\/v2\/media\/3775"}],"wp:attachment":[{"href":"https:\/\/yutaimachinery.com\/fr\/wp-json\/wp\/v2\/media?parent=3771"}],"wp:term":[{"taxonomy":"product_brand","embeddable":true,"href":"https:\/\/yutaimachinery.com\/fr\/wp-json\/wp\/v2\/product_brand?post=3771"},{"taxonomy":"product_cat","embeddable":true,"href":"https:\/\/yutaimachinery.com\/fr\/wp-json\/wp\/v2\/product_cat?post=3771"},{"taxonomy":"product_tag","embeddable":true,"href":"https:\/\/yutaimachinery.com\/fr\/wp-json\/wp\/v2\/product_tag?post=3771"}],"curies":[{"name":"wp","href":"https:\/\/api.w.org\/{rel}","templated":true}]}}