{"id":3760,"date":"2024-04-14T22:29:54","date_gmt":"2024-04-14T14:29:54","guid":{"rendered":"https:\/\/yutaimachinery.com\/?post_type=product&#038;p=3760"},"modified":"2024-04-14T23:09:08","modified_gmt":"2024-04-14T15:09:08","slug":"machine-a-vitrer-automatique-2","status":"publish","type":"product","link":"https:\/\/yutaimachinery.com\/fr\/product\/automatic-glazing-machine\/","title":{"rendered":"Machine \u00e0 glacer automatique pour le trempage de plaques c\u00e9ramiques et de sauces glac\u00e9es"},"content":{"rendered":"<div class=\"wp-block-columns is-layout-flex wp-container-core-columns-is-layout-9d6595d7 wp-block-columns-is-layout-flex\">\n<div class=\"wp-block-column is-layout-flow wp-block-column-is-layout-flow\">\n<figure class=\"wp-block-image size-full\"><img fetchpriority=\"high\" decoding=\"async\" width=\"1216\" height=\"1216\" src=\"https:\/\/yutaimachinery.com\/wp-content\/uploads\/2024\/04\/automatic-glazing-machine4.webp\" alt=\"machine \u00e0 vitrer automatique\" class=\"wp-image-3761\" title=\"\" srcset=\"https:\/\/yutaimachinery.com\/wp-content\/uploads\/2024\/04\/automatic-glazing-machine4.webp 1216w, https:\/\/yutaimachinery.com\/wp-content\/uploads\/2024\/04\/automatic-glazing-machine4-300x300.webp 300w, https:\/\/yutaimachinery.com\/wp-content\/uploads\/2024\/04\/automatic-glazing-machine4-150x150.webp 150w, https:\/\/yutaimachinery.com\/wp-content\/uploads\/2024\/04\/automatic-glazing-machine4-768x768.webp 768w, https:\/\/yutaimachinery.com\/wp-content\/uploads\/2024\/04\/automatic-glazing-machine4-285x285.webp 285w, https:\/\/yutaimachinery.com\/wp-content\/uploads\/2024\/04\/automatic-glazing-machine4-270x270.webp 270w, https:\/\/yutaimachinery.com\/wp-content\/uploads\/2024\/04\/automatic-glazing-machine4-540x540.webp 540w, https:\/\/yutaimachinery.com\/wp-content\/uploads\/2024\/04\/automatic-glazing-machine4-660x660.webp 660w\" sizes=\"(max-width: 1216px) 100vw, 1216px\" \/><\/figure>\n<\/div>\n\n\n\n<div class=\"wp-block-column is-layout-flow wp-block-column-is-layout-flow\">\n<h2 class=\"wp-block-heading\"><strong>Param\u00e8tres de la machine \u00e0 vitrer automatique<\/strong><\/h2>\n\n\n\n<figure class=\"wp-block-table\"><table><tbody><tr><td>Mod\u00e8le<\/td><td>320<\/td><\/tr><tr><td>Taille max. Taille de formage (cm)<\/td><td>dia 20x15cm(h)<\/td><\/tr><tr><td>Capacit\u00e9<\/td><td>66-900pc\/h<\/td><\/tr><tr><td>Puissance (kw)<\/td><td>1,5 kW<\/td><\/tr><tr><td>Dimension(lxwxh)<\/td><td>110x55x150 m(h)<\/td><\/tr><tr><td>Poids (kgs)<\/td><td>350<\/td><\/tr><tr><td>Postes de travail<\/td><td>3<\/td><\/tr><\/tbody><\/table><\/figure>\n<\/div>\n<\/div>","protected":false},"excerpt":{"rendered":"<p>Prix d'usine, solutions personnalis\u00e9es et services techniques. Cette \u00e9mailleuse automatique est destin\u00e9e \u00e0 l'\u00e9maillage d'assiettes et de soucoupes en c\u00e9ramique et en porcelaine. Elle est facile \u00e0 utiliser. Nous pouvons fabriquer la machine selon vos demandes.<\/p>\n<h2>Une solution unique pour une<strong>machine \u00e0 vitrer automatique<\/strong>:<\/h2>\n<ol>\n<li>Installation et assistance technique : Notre \u00e9quipe se chargera de l'installation et de la configuration de la machine \u00e0 vitrer dans votre usine. Elle vous fournira \u00e9galement les conseils techniques n\u00e9cessaires.<\/li>\n<li>Personnalisation : Nous proposons des options de personnalisation pour adapter la machine \u00e0 vos exigences de production sp\u00e9cifiques.<\/li>\n<li>Fourniture de pi\u00e8ces d\u00e9tach\u00e9es : Nous fournissons des pi\u00e8ces de rechange de haute qualit\u00e9 pour assurer le fonctionnement continu de l'\u00e9quipement.<\/li>\n<\/ol>","protected":false},"featured_media":3761,"template":"","meta":{"_acf_changed":false},"product_brand":[],"product_cat":[57],"product_tag":[78],"class_list":{"0":"post-3760","1":"product","2":"type-product","3":"status-publish","4":"has-post-thumbnail","6":"product_cat-ceramic-glazing-machine","7":"product_tag-glaze-dipping-machine","9":"first","10":"instock","11":"shipping-taxable","12":"product-type-simple"},"acf":{"customization_content":"<h2><\/h2>\r\n<div><\/div>","customization_content_source":{"label":"Customization Content","type":"wysiwyg","formatted_value":"<h2><\/h2>\n<div><\/div>\n"},"why_choose_us_content":"<h2 style=\"text-align: center;\">Why Choose Us as Your <strong>Automatic Glazing Machine<\/strong> Supplier<\/h2>\r\n\r\n<hr \/>\r\n<p style=\"text-align: center;\">Yutai as a ceramic tableware manufacturer, maintains strict quality standards and excellent service. Revolutionize your manufacturing processes with cutting-edge automation technology that streamlines forming and enhances efficiency.<\/p>","why_choose_us_content_source":{"label":"Why Choose Us Content","type":"wysiwyg","formatted_value":"<h2 style=\"text-align: center;\">Why Choose Us as Your <strong>Automatic Glazing Machine<\/strong> Supplier<\/h2>\n<hr \/>\n<p style=\"text-align: center;\">Yutai as a ceramic tableware manufacturer, maintains strict quality standards and excellent service. Revolutionize your manufacturing processes with cutting-edge automation technology that streamlines forming and enhances efficiency.<\/p>\n"}},"_links":{"self":[{"href":"https:\/\/yutaimachinery.com\/fr\/wp-json\/wp\/v2\/product\/3760","targetHints":{"allow":["GET"]}}],"collection":[{"href":"https:\/\/yutaimachinery.com\/fr\/wp-json\/wp\/v2\/product"}],"about":[{"href":"https:\/\/yutaimachinery.com\/fr\/wp-json\/wp\/v2\/types\/product"}],"version-history":[{"count":0,"href":"https:\/\/yutaimachinery.com\/fr\/wp-json\/wp\/v2\/product\/3760\/revisions"}],"wp:featuredmedia":[{"embeddable":true,"href":"https:\/\/yutaimachinery.com\/fr\/wp-json\/wp\/v2\/media\/3761"}],"wp:attachment":[{"href":"https:\/\/yutaimachinery.com\/fr\/wp-json\/wp\/v2\/media?parent=3760"}],"wp:term":[{"taxonomy":"product_brand","embeddable":true,"href":"https:\/\/yutaimachinery.com\/fr\/wp-json\/wp\/v2\/product_brand?post=3760"},{"taxonomy":"product_cat","embeddable":true,"href":"https:\/\/yutaimachinery.com\/fr\/wp-json\/wp\/v2\/product_cat?post=3760"},{"taxonomy":"product_tag","embeddable":true,"href":"https:\/\/yutaimachinery.com\/fr\/wp-json\/wp\/v2\/product_tag?post=3760"}],"curies":[{"name":"wp","href":"https:\/\/api.w.org\/{rel}","templated":true}]}}