{"id":3751,"date":"2024-04-14T14:30:48","date_gmt":"2024-04-14T06:30:48","guid":{"rendered":"https:\/\/yutaimachinery.com\/?post_type=product&#038;p=3751"},"modified":"2024-04-14T23:03:30","modified_gmt":"2024-04-14T15:03:30","slug":"machine-a-tremper-les-glacures","status":"publish","type":"product","link":"https:\/\/yutaimachinery.com\/fr\/product\/glaze-dipping-machine\/","title":{"rendered":"Machine automatique de trempage de la gla\u00e7ure pour la c\u00e9ramique"},"content":{"rendered":"<div class=\"wp-block-columns is-layout-flex wp-container-core-columns-is-layout-9d6595d7 wp-block-columns-is-layout-flex\">\n<div class=\"wp-block-column is-layout-flow wp-block-column-is-layout-flow\">\n<figure class=\"wp-block-embed is-type-video is-provider-youtube wp-block-embed-youtube wp-embed-aspect-16-9 wp-has-aspect-ratio\"><div class=\"wp-block-embed__wrapper\">\n<iframe title=\"vaisselle assiette bols mugs machine \u00e0 tremper les gla\u00e7ures\" width=\"940\" height=\"529\" src=\"https:\/\/www.youtube.com\/embed\/dnT3FUYngeE?feature=oembed\" frameborder=\"0\" allow=\"accelerometer; autoplay; clipboard-write; encrypted-media; gyroscope; picture-in-picture; web-share\" referrerpolicy=\"strict-origin-when-cross-origin\" allowfullscreen><\/iframe>\n<\/div><\/figure>\n<\/div>\n\n\n\n<div class=\"wp-block-column is-layout-flow wp-block-column-is-layout-flow\">\n<h2 class=\"wp-block-heading\"><strong>Caract\u00e9ristiques de la machine \u00e0 tremper les gla\u00e7ures<\/strong><\/h2>\n\n\n\n<p>Cette machine de trempage de gla\u00e7age utilise l'aspiration sous vide pour maintenir fermement les produits, les immergeant dans la solution de gla\u00e7age pour une couverture compl\u00e8te \u00e0 l'int\u00e9rieur et \u00e0 l'ext\u00e9rieur. Personnalisable en termes de postes de travail et compatible avec diff\u00e9rentes tailles de produits, elle est con\u00e7ue pour r\u00e9pondre \u00e0 vos besoins sp\u00e9cifiques. Am\u00e9liorez votre production d'articles en c\u00e9ramique avec notre machine de trempage de gla\u00e7ure - la solution parfaite pour le gla\u00e7age automatique de bols, tasses, assiettes, pots et grands r\u00e9cipients.<\/p>\n<\/div>\n<\/div>\n\n\n\n<div class=\"wp-block-columns is-layout-flex wp-container-core-columns-is-layout-9d6595d7 wp-block-columns-is-layout-flex\">\n<div class=\"wp-block-column is-layout-flow wp-block-column-is-layout-flow\">\n<h2 class=\"wp-block-heading\">Param\u00e8tres de la machine \u00e0 tremper les gla\u00e7ures :<\/h2>\n\n\n\n<figure class=\"wp-block-table\"><table><tbody><tr><td>Mod\u00e8le<\/td><td>Taille maximale du formage (cm)<\/td><td>Capacit\u00e9<\/td><td>Puissance (kw)<\/td><td>Dimension(lxwxh)<\/td><td>Poids (kgs)<\/td><\/tr><tr><td>2 t\u00eates R\u00e9servoir 4staion<\/td><td>10\u2033<\/td><td>480 fois\/h<\/td><td>4kw\/380v<\/td><td>2\u00d71,2\u00d71,85(h)m<\/td><td>500<\/td><\/tr><tr><td>2 t\u00eates 2 r\u00e9servoirs 4 stations<\/td><td>18\u2033<\/td><td>480 fois\/h<\/td><td>6kw\/380y<\/td><td>2,9\u00d71,6\u00d72,2(h)m<\/td><td>800<\/td><\/tr><\/tbody><\/table><\/figure>\n<\/div>\n<\/div>","protected":false},"excerpt":{"rendered":"<p>Cette machine est destin\u00e9e \u00e0 l'\u00e9maillage d'assiettes et de soucoupes en c\u00e9ramique et en porcelaine. Fonctionnement facile. Nous pouvons fabriquer la machine selon vos demandes.<\/p>\n<h2>Une solution unique pour les machines \u00e0 tremper les gla\u00e7ages :<\/h2>\n<ol>\n<li>Installation et assistance technique : Notre \u00e9quipe se chargera de l'installation et de la configuration de la machine \u00e0 vitrer dans votre usine. Elle vous fournira \u00e9galement les conseils techniques n\u00e9cessaires.<\/li>\n<li>Personnalisation : Nous proposons des options de personnalisation pour adapter la machine \u00e0 vos exigences de production sp\u00e9cifiques.<\/li>\n<li>Fourniture de pi\u00e8ces d\u00e9tach\u00e9es : Nous fournissons des pi\u00e8ces de rechange de haute qualit\u00e9 pour assurer le fonctionnement continu de l'\u00e9quipement.<\/li>\n<\/ol>","protected":false},"featured_media":3756,"template":"","meta":{"_acf_changed":false},"product_brand":[],"product_cat":[57],"product_tag":[78],"class_list":{"0":"post-3751","1":"product","2":"type-product","3":"status-publish","4":"has-post-thumbnail","6":"product_cat-ceramic-glazing-machine","7":"product_tag-glaze-dipping-machine","9":"first","10":"instock","11":"shipping-taxable","12":"product-type-simple"},"acf":{"customization_content":"<h2><\/h2>\r\n<div><\/div>","customization_content_source":{"label":"Customization Content","type":"wysiwyg","formatted_value":"<h2><\/h2>\n<div><\/div>\n"},"why_choose_us_content":"<h2 style=\"text-align: center;\">Why Choose Us as Your Glaze Dipping Machine Supplier<\/h2>\r\n\r\n<hr \/>\r\n<p style=\"text-align: center;\">Yutai as a ceramic tableware manufacturer, maintains strict quality standards and excellent service. Revolutionize your manufacturing processes with cutting-edge automation technology that streamlines forming and enhances efficiency.<\/p>","why_choose_us_content_source":{"label":"Why Choose Us Content","type":"wysiwyg","formatted_value":"<h2 style=\"text-align: center;\">Why Choose Us as Your Glaze Dipping Machine Supplier<\/h2>\n<hr \/>\n<p style=\"text-align: center;\">Yutai as a ceramic tableware manufacturer, maintains strict quality standards and excellent service. Revolutionize your manufacturing processes with cutting-edge automation technology that streamlines forming and enhances efficiency.<\/p>\n"}},"_links":{"self":[{"href":"https:\/\/yutaimachinery.com\/fr\/wp-json\/wp\/v2\/product\/3751","targetHints":{"allow":["GET"]}}],"collection":[{"href":"https:\/\/yutaimachinery.com\/fr\/wp-json\/wp\/v2\/product"}],"about":[{"href":"https:\/\/yutaimachinery.com\/fr\/wp-json\/wp\/v2\/types\/product"}],"version-history":[{"count":0,"href":"https:\/\/yutaimachinery.com\/fr\/wp-json\/wp\/v2\/product\/3751\/revisions"}],"wp:featuredmedia":[{"embeddable":true,"href":"https:\/\/yutaimachinery.com\/fr\/wp-json\/wp\/v2\/media\/3756"}],"wp:attachment":[{"href":"https:\/\/yutaimachinery.com\/fr\/wp-json\/wp\/v2\/media?parent=3751"}],"wp:term":[{"taxonomy":"product_brand","embeddable":true,"href":"https:\/\/yutaimachinery.com\/fr\/wp-json\/wp\/v2\/product_brand?post=3751"},{"taxonomy":"product_cat","embeddable":true,"href":"https:\/\/yutaimachinery.com\/fr\/wp-json\/wp\/v2\/product_cat?post=3751"},{"taxonomy":"product_tag","embeddable":true,"href":"https:\/\/yutaimachinery.com\/fr\/wp-json\/wp\/v2\/product_tag?post=3751"}],"curies":[{"name":"wp","href":"https:\/\/api.w.org\/{rel}","templated":true}]}}