{"id":3736,"date":"2024-04-14T10:38:13","date_gmt":"2024-04-14T02:38:13","guid":{"rendered":"https:\/\/yutaimachinery.com\/?post_type=product&#038;p=3736"},"modified":"2025-12-14T14:31:10","modified_gmt":"2025-12-14T06:31:10","slug":"jigger-machine-ceramic","status":"publish","type":"product","link":"https:\/\/yutaimachinery.com\/fr\/product\/jigger-machine-ceramic\/","title":{"rendered":"Machine \u00e0 jigger en c\u00e9ramique, laminage semi-automatique pour la production de tasses, assiettes, bols et pots"},"content":{"rendered":"<h2 class=\"wp-block-heading\">Param\u00e8tres de la machine \u00e0 jigger en c\u00e9ramique<\/h2>\n\n\n\n<figure class=\"wp-block-table\"><table class=\"has-fixed-layout\"><tbody><tr><td><strong>Mod\u00e8le<\/strong><\/td><td><strong>Taille du porte-moule<\/strong><\/td><td><strong>Taille maximale de formage<\/strong><\/td><td><strong>Capacit\u00e9<\/strong><\/td><td><strong>Puissance (kw)<\/strong><\/td><td><strong>Dimension(xwxh)<\/strong><\/td><td><strong>Poids(KGs)<\/strong><\/td><\/tr><tr><td>S<\/td><td>300mm<\/td><td>\u22648\u2033 H\u226417cm<\/td><td>360PCS\/H<\/td><td>2,2 kW<\/td><td>150x80x150(h)<\/td><td>400<\/td><\/tr><tr><td>M<\/td><td>393mm<\/td><td>\u226412\u2033 H\u226422cm<\/td><td>300PCS\/H<\/td><td>3kw<\/td><td>155x87x155(h)<\/td><td>500<\/td><\/tr><tr><td>L<\/td><td>445mm<\/td><td>\u226413\u2033 H\u226417cm<\/td><td>240PCS\/H<\/td><td>5kw<\/td><td>160x95x160(h)<\/td><td>800<\/td><\/tr><tr><td>XL<\/td><td>485mm<\/td><td>\u226416\u2033 H\u226417cm<\/td><td>180PCS\/H<\/td><td>5,5 kW<\/td><td>165x100x165(h)<\/td><td>1000<\/td><\/tr><\/tbody><\/table><\/figure>\n\n\n\n<div class=\"wp-block-columns is-layout-flex wp-container-core-columns-is-layout-9d6595d7 wp-block-columns-is-layout-flex\">\n<div class=\"wp-block-column is-layout-flow wp-block-column-is-layout-flow\">\n<figure class=\"wp-block-embed is-type-video is-provider-youtube wp-block-embed-youtube wp-embed-aspect-4-3 wp-has-aspect-ratio\"><div class=\"wp-block-embed__wrapper\">\n<iframe title=\"machine \u00e0 jigger\" width=\"940\" height=\"705\" src=\"https:\/\/www.youtube.com\/embed\/bsFBigVrgwI?feature=oembed\" frameborder=\"0\" allow=\"accelerometer; autoplay; clipboard-write; encrypted-media; gyroscope; picture-in-picture; web-share\" referrerpolicy=\"strict-origin-when-cross-origin\" allowfullscreen><\/iframe>\n<\/div><\/figure>\n<\/div>\n\n\n\n<div class=\"wp-block-column is-layout-flow wp-block-column-is-layout-flow\">\n<h2 class=\"wp-block-heading\">Caract\u00e9ristiques de la machine \u00e0 jigger en c\u00e9ramique<\/h2>\n\n\n\n<p><strong>Fonctionnement semi-automatique :<\/strong> L'alimentation manuelle combin\u00e9e au formage automatique garantit un fa\u00e7onnage pr\u00e9cis tout en maintenant des co\u00fbts r\u00e9duits.<\/p>\n\n\n\n<p><strong>\u00c9conomique et pratique : <\/strong>Id\u00e9al pour les petites et moyennes usines de c\u00e9ramique, offrant un rendement stable avec un investissement minimal.<\/p>\n\n\n\n<p><strong>Large gamme de produits : <\/strong>Convient \u00e0 divers articles de vaisselle et articles creux en c\u00e9ramique, notamment les tasses, assiettes, bols, pots et bocaux.<\/p>\n\n\n\n<p><strong>Qualit\u00e9 constante : <\/strong>Garantit des surfaces lisses, une \u00e9paisseur uniforme et des dimensions pr\u00e9cises.<\/p>\n\n\n\n<p><strong>Facile \u00e0 utiliser :<\/strong> Une configuration simple et un fonctionnement intuitif r\u00e9duisent la courbe d'apprentissage pour les op\u00e9rateurs.<\/p>\n\n\n\n<p><strong>Durable et fiable : <\/strong>Con\u00e7u avec des mat\u00e9riaux de haute qualit\u00e9 pour un fonctionnement \u00e0 long terme et un entretien r\u00e9duit. Fonctionnement semi-automatique.<\/p>\n<\/div>\n<\/div>","protected":false},"excerpt":{"rendered":"<p>La machine \u00e0 mouler la c\u00e9ramique est une machine de formage semi-automatique con\u00e7ue pour la production efficace de tasses, assiettes, bols, bocaux et pots en c\u00e9ramique. La machine est dot\u00e9e d'un syst\u00e8me d'alimentation manuelle en argile et d'un syst\u00e8me de formage automatique, offrant une solution rentable et pratique pour la fabrication de c\u00e9ramique \u00e0 petite et moyenne \u00e9chelle. Obtenez un devis d\u00e8s maintenant !<\/p>\n<h2>Solution tout-en-un pour la machine \u00e0 jigger c\u00e9ramique :<\/h2>\n<ol>\n<li><strong>Guide de configuration et d'installation de la machine :<\/strong> Assistance sur site ou \u00e0 distance pour garantir un montage et un alignement corrects, ainsi qu'un fonctionnement s\u00fbr.<\/li>\n<li><strong>Formation des op\u00e9rateurs :<\/strong> Formation pratique sur l'alimentation manuelle, le fonctionnement de la machine, les r\u00e9glages de formage et l'entretien de base.<\/li>\n<li><strong>Guide du processus :<\/strong> Conseils pour la fabrication de diff\u00e9rents produits en c\u00e9ramique tels que tasses, assiettes, bols, bocaux et objets d\u00e9coratifs afin d'obtenir une qualit\u00e9 constante.<\/li>\n<li><strong>Assistance \u00e0 la maintenance et au d\u00e9pannage :<\/strong> Assistance technique rapide pour minimiser les temps d'arr\u00eat et garantir une production fluide.<\/li>\n<li><strong>Consultation personnalis\u00e9e :<\/strong> Conseils sur l'adaptation des moules, les r\u00e9glages des machines ou les modifications mineures \u00e0 apporter pour r\u00e9pondre aux besoins sp\u00e9cifiques de vos types de produits et tailles de lots.<\/li>\n<li><strong>Fourniture de pi\u00e8ces de rechange :<\/strong> Disponibilit\u00e9 fiable de pi\u00e8ces de rechange de haute qualit\u00e9 pour un fonctionnement \u00e0 long terme.<\/li>\n<li><strong>Optimisation de l'efficacit\u00e9 de la production :<\/strong> Conseils et solutions pour am\u00e9liorer la vitesse de formage, r\u00e9duire les d\u00e9fauts et maintenir une \u00e9paisseur et une finition de surface uniformes.<\/li>\n<\/ol>","protected":false},"featured_media":3745,"template":"","meta":{"_acf_changed":false},"product_brand":[],"product_cat":[55],"product_tag":[77],"class_list":{"0":"post-3736","1":"product","2":"type-product","3":"status-publish","4":"has-post-thumbnail","6":"product_cat-ceramic-forming-machine","7":"product_tag-jigger-machine","9":"first","10":"instock","11":"shipping-taxable","12":"product-type-simple"},"acf":{"customization_content":"<h2><\/h2>\r\n<div><\/div>","customization_content_source":{"label":"Customization Content","type":"wysiwyg","formatted_value":"<h2><\/h2>\n<div><\/div>\n"},"why_choose_us_content":"<h2 style=\"text-align: center;\">Why Choose Us as Your Jigger Machine Ceramic Supplier<\/h2>\r\n\r\n<hr \/>\r\n<p style=\"text-align: center;\">Yutai as a ceramic tableware manufacturer, maintains strict quality standards and excellent service. Revolutionize your manufacturing processes with cutting-edge automation technology that streamlines forming and enhances efficiency.<\/p>","why_choose_us_content_source":{"label":"Why Choose Us Content","type":"wysiwyg","formatted_value":"<h2 style=\"text-align: center;\">Why Choose Us as Your Jigger Machine Ceramic Supplier<\/h2>\n<hr \/>\n<p style=\"text-align: center;\">Yutai as a ceramic tableware manufacturer, maintains strict quality standards and excellent service. Revolutionize your manufacturing processes with cutting-edge automation technology that streamlines forming and enhances efficiency.<\/p>\n"}},"_links":{"self":[{"href":"https:\/\/yutaimachinery.com\/fr\/wp-json\/wp\/v2\/product\/3736","targetHints":{"allow":["GET"]}}],"collection":[{"href":"https:\/\/yutaimachinery.com\/fr\/wp-json\/wp\/v2\/product"}],"about":[{"href":"https:\/\/yutaimachinery.com\/fr\/wp-json\/wp\/v2\/types\/product"}],"version-history":[{"count":0,"href":"https:\/\/yutaimachinery.com\/fr\/wp-json\/wp\/v2\/product\/3736\/revisions"}],"wp:featuredmedia":[{"embeddable":true,"href":"https:\/\/yutaimachinery.com\/fr\/wp-json\/wp\/v2\/media\/3745"}],"wp:attachment":[{"href":"https:\/\/yutaimachinery.com\/fr\/wp-json\/wp\/v2\/media?parent=3736"}],"wp:term":[{"taxonomy":"product_brand","embeddable":true,"href":"https:\/\/yutaimachinery.com\/fr\/wp-json\/wp\/v2\/product_brand?post=3736"},{"taxonomy":"product_cat","embeddable":true,"href":"https:\/\/yutaimachinery.com\/fr\/wp-json\/wp\/v2\/product_cat?post=3736"},{"taxonomy":"product_tag","embeddable":true,"href":"https:\/\/yutaimachinery.com\/fr\/wp-json\/wp\/v2\/product_tag?post=3736"}],"curies":[{"name":"wp","href":"https:\/\/api.w.org\/{rel}","templated":true}]}}