{"id":3722,"date":"2024-04-13T19:14:22","date_gmt":"2024-04-13T11:14:22","guid":{"rendered":"https:\/\/yutaimachinery.com\/?post_type=product&#038;p=3722"},"modified":"2025-10-22T16:07:32","modified_gmt":"2025-10-22T08:07:32","slug":"machine-a-vitrer","status":"publish","type":"product","link":"https:\/\/yutaimachinery.com\/fr\/product\/glazing-machine\/","title":{"rendered":"Machine automatique \u00e0 glacer la c\u00e9ramique \u00e0 12 stations pour le trempage des assiettes, des bols et de la gla\u00e7ure"},"content":{"rendered":"<div class=\"wp-block-columns is-layout-flex wp-container-core-columns-is-layout-9d6595d7 wp-block-columns-is-layout-flex\">\n<div class=\"wp-block-column is-layout-flow wp-block-column-is-layout-flow\">\n<figure class=\"wp-block-embed is-type-video is-provider-youtube wp-block-embed-youtube wp-embed-aspect-16-9 wp-has-aspect-ratio\"><div class=\"wp-block-embed__wrapper\">\n<iframe title=\"tasses en c\u00e9ramique\/porcelaine bols tasses soucoupes machine \u00e0 tremper les gla\u00e7ures\" width=\"940\" height=\"529\" src=\"https:\/\/www.youtube.com\/embed\/2WBb_F7nhmk?feature=oembed\" frameborder=\"0\" allow=\"accelerometer; autoplay; clipboard-write; encrypted-media; gyroscope; picture-in-picture; web-share\" referrerpolicy=\"strict-origin-when-cross-origin\" allowfullscreen><\/iframe>\n<\/div><\/figure>\n<\/div>\n\n\n\n<div class=\"wp-block-column is-layout-flow wp-block-column-is-layout-flow\">\n<h2 class=\"wp-block-heading\">Param\u00e8tres de la machine \u00e0 vitrer automatique<\/h2>\n\n\n\n<figure class=\"wp-block-table\"><table><tbody><tr><td><strong>Mod\u00e8le<\/strong><\/td><td>150<\/td><\/tr><tr><td><strong>Taille maximale de formage<\/strong><\/td><td>6\u2033 et mugs<\/td><\/tr><tr><td><strong>Capacit\u00e9<\/strong><\/td><td>36pcs\/m<\/td><\/tr><tr><td><strong>Puissance (kw)<\/strong><\/td><td>2kw\/380v<\/td><\/tr><tr><td><strong>Dimension(lxwxh)<\/strong><\/td><td>2\u00d74,2\u00d71,4m(h)<\/td><\/tr><tr><td><strong>Poids (kgs)<\/strong><\/td><td>400<\/td><\/tr><tr><td><strong>Poste de travail<\/strong><\/td><td>12<\/td><\/tr><\/tbody><\/table><\/figure>\n\n\n\n<h2 class=\"wp-block-heading\"><strong>Machine automatique \u00e0 gla\u00e7age c\u00e9ramique<\/strong> <strong>Caract\u00e9ristiques<\/strong><\/h2>\n\n\n\n<p>La machine d'\u00e9maillage peut faire pivoter automatiquement les produits c\u00e9ramiques pour les tremper et les recouvrir uniform\u00e9ment \u00e0 l'int\u00e9rieur et \u00e0 l'ext\u00e9rieur, ce qui convient aux petits bols, aux tasses et aux petits plats. Une production efficace permet \u00e9galement de r\u00e9duire la consommation d'\u00e9nergie.<\/p>\n<\/div>\n<\/div>\n\n\n\n<div class=\"wp-block-columns is-layout-flex wp-container-core-columns-is-layout-9d6595d7 wp-block-columns-is-layout-flex\">\n<div class=\"wp-block-column is-layout-flow wp-block-column-is-layout-flow\">\n<figure class=\"wp-block-image size-full\"><img fetchpriority=\"high\" decoding=\"async\" width=\"640\" height=\"640\" src=\"https:\/\/yutaimachinery.com\/wp-content\/uploads\/2024\/04\/ceramic-glazing-machine-for-Ceramic-Plates-Bowls-Glaze-Dipping-5.webp\" alt=\"Machine \u00e0 glacer la c\u00e9ramique pour le trempage des assiettes en c\u00e9ramique, des bols et de la gla\u00e7ure\" class=\"wp-image-5969\" title=\"\" srcset=\"https:\/\/yutaimachinery.com\/wp-content\/uploads\/2024\/04\/ceramic-glazing-machine-for-Ceramic-Plates-Bowls-Glaze-Dipping-5.webp 640w, https:\/\/yutaimachinery.com\/wp-content\/uploads\/2024\/04\/ceramic-glazing-machine-for-Ceramic-Plates-Bowls-Glaze-Dipping-5-300x300.webp 300w, https:\/\/yutaimachinery.com\/wp-content\/uploads\/2024\/04\/ceramic-glazing-machine-for-Ceramic-Plates-Bowls-Glaze-Dipping-5-150x150.webp 150w, https:\/\/yutaimachinery.com\/wp-content\/uploads\/2024\/04\/ceramic-glazing-machine-for-Ceramic-Plates-Bowls-Glaze-Dipping-5-12x12.webp 12w, https:\/\/yutaimachinery.com\/wp-content\/uploads\/2024\/04\/ceramic-glazing-machine-for-Ceramic-Plates-Bowls-Glaze-Dipping-5-285x285.webp 285w, https:\/\/yutaimachinery.com\/wp-content\/uploads\/2024\/04\/ceramic-glazing-machine-for-Ceramic-Plates-Bowls-Glaze-Dipping-5-270x270.webp 270w, https:\/\/yutaimachinery.com\/wp-content\/uploads\/2024\/04\/ceramic-glazing-machine-for-Ceramic-Plates-Bowls-Glaze-Dipping-5-540x540.webp 540w\" sizes=\"(max-width: 640px) 100vw, 640px\" \/><\/figure>\n<\/div>\n\n\n\n<div class=\"wp-block-column is-layout-flow wp-block-column-is-layout-flow\">\n<figure class=\"wp-block-image size-full\"><img decoding=\"async\" width=\"640\" height=\"640\" src=\"https:\/\/yutaimachinery.com\/wp-content\/uploads\/2024\/04\/ceramic-glazing-machine-for-Ceramic-Plates-Bowls-Glaze-Dipping-4.webp\" alt=\"Machine \u00e0 glacer la c\u00e9ramique pour le trempage des assiettes en c\u00e9ramique, des bols et de la gla\u00e7ure\" class=\"wp-image-5968\" title=\"\" srcset=\"https:\/\/yutaimachinery.com\/wp-content\/uploads\/2024\/04\/ceramic-glazing-machine-for-Ceramic-Plates-Bowls-Glaze-Dipping-4.webp 640w, https:\/\/yutaimachinery.com\/wp-content\/uploads\/2024\/04\/ceramic-glazing-machine-for-Ceramic-Plates-Bowls-Glaze-Dipping-4-300x300.webp 300w, https:\/\/yutaimachinery.com\/wp-content\/uploads\/2024\/04\/ceramic-glazing-machine-for-Ceramic-Plates-Bowls-Glaze-Dipping-4-150x150.webp 150w, https:\/\/yutaimachinery.com\/wp-content\/uploads\/2024\/04\/ceramic-glazing-machine-for-Ceramic-Plates-Bowls-Glaze-Dipping-4-12x12.webp 12w, https:\/\/yutaimachinery.com\/wp-content\/uploads\/2024\/04\/ceramic-glazing-machine-for-Ceramic-Plates-Bowls-Glaze-Dipping-4-285x285.webp 285w, https:\/\/yutaimachinery.com\/wp-content\/uploads\/2024\/04\/ceramic-glazing-machine-for-Ceramic-Plates-Bowls-Glaze-Dipping-4-270x270.webp 270w, https:\/\/yutaimachinery.com\/wp-content\/uploads\/2024\/04\/ceramic-glazing-machine-for-Ceramic-Plates-Bowls-Glaze-Dipping-4-540x540.webp 540w\" sizes=\"(max-width: 640px) 100vw, 640px\" \/><\/figure>\n<\/div>\n<\/div>\n\n\n\n<div class=\"wp-block-columns is-layout-flex wp-container-core-columns-is-layout-9d6595d7 wp-block-columns-is-layout-flex\">\n<div class=\"wp-block-column is-layout-flow wp-block-column-is-layout-flow\">\n<figure class=\"wp-block-image size-full\"><img decoding=\"async\" width=\"640\" height=\"640\" src=\"https:\/\/yutaimachinery.com\/wp-content\/uploads\/2024\/04\/ceramic-glazing-machine-for-Ceramic-Plates-Bowls-Glaze-Dipping-2.webp\" alt=\"Machine \u00e0 glacer la c\u00e9ramique pour le trempage des assiettes en c\u00e9ramique, des bols et de la gla\u00e7ure\" class=\"wp-image-5966\" title=\"\" srcset=\"https:\/\/yutaimachinery.com\/wp-content\/uploads\/2024\/04\/ceramic-glazing-machine-for-Ceramic-Plates-Bowls-Glaze-Dipping-2.webp 640w, https:\/\/yutaimachinery.com\/wp-content\/uploads\/2024\/04\/ceramic-glazing-machine-for-Ceramic-Plates-Bowls-Glaze-Dipping-2-300x300.webp 300w, https:\/\/yutaimachinery.com\/wp-content\/uploads\/2024\/04\/ceramic-glazing-machine-for-Ceramic-Plates-Bowls-Glaze-Dipping-2-150x150.webp 150w, https:\/\/yutaimachinery.com\/wp-content\/uploads\/2024\/04\/ceramic-glazing-machine-for-Ceramic-Plates-Bowls-Glaze-Dipping-2-12x12.webp 12w, https:\/\/yutaimachinery.com\/wp-content\/uploads\/2024\/04\/ceramic-glazing-machine-for-Ceramic-Plates-Bowls-Glaze-Dipping-2-285x285.webp 285w, https:\/\/yutaimachinery.com\/wp-content\/uploads\/2024\/04\/ceramic-glazing-machine-for-Ceramic-Plates-Bowls-Glaze-Dipping-2-270x270.webp 270w, https:\/\/yutaimachinery.com\/wp-content\/uploads\/2024\/04\/ceramic-glazing-machine-for-Ceramic-Plates-Bowls-Glaze-Dipping-2-540x540.webp 540w\" sizes=\"(max-width: 640px) 100vw, 640px\" \/><\/figure>\n<\/div>\n\n\n\n<div class=\"wp-block-column is-layout-flow wp-block-column-is-layout-flow\">\n<figure class=\"wp-block-image size-full\"><img loading=\"lazy\" decoding=\"async\" width=\"640\" height=\"640\" src=\"https:\/\/yutaimachinery.com\/wp-content\/uploads\/2024\/04\/ceramic-glazing-machine-for-Ceramic-Plates-Bowls-Glaze-Dipping-1.webp\" alt=\"Machine \u00e0 glacer la c\u00e9ramique pour le trempage des assiettes en c\u00e9ramique, des bols et de la gla\u00e7ure\" class=\"wp-image-5965\" title=\"\" srcset=\"https:\/\/yutaimachinery.com\/wp-content\/uploads\/2024\/04\/ceramic-glazing-machine-for-Ceramic-Plates-Bowls-Glaze-Dipping-1.webp 640w, https:\/\/yutaimachinery.com\/wp-content\/uploads\/2024\/04\/ceramic-glazing-machine-for-Ceramic-Plates-Bowls-Glaze-Dipping-1-300x300.webp 300w, https:\/\/yutaimachinery.com\/wp-content\/uploads\/2024\/04\/ceramic-glazing-machine-for-Ceramic-Plates-Bowls-Glaze-Dipping-1-150x150.webp 150w, https:\/\/yutaimachinery.com\/wp-content\/uploads\/2024\/04\/ceramic-glazing-machine-for-Ceramic-Plates-Bowls-Glaze-Dipping-1-12x12.webp 12w, https:\/\/yutaimachinery.com\/wp-content\/uploads\/2024\/04\/ceramic-glazing-machine-for-Ceramic-Plates-Bowls-Glaze-Dipping-1-285x285.webp 285w, https:\/\/yutaimachinery.com\/wp-content\/uploads\/2024\/04\/ceramic-glazing-machine-for-Ceramic-Plates-Bowls-Glaze-Dipping-1-270x270.webp 270w, https:\/\/yutaimachinery.com\/wp-content\/uploads\/2024\/04\/ceramic-glazing-machine-for-Ceramic-Plates-Bowls-Glaze-Dipping-1-540x540.webp 540w\" sizes=\"(max-width: 640px) 100vw, 640px\" \/><\/figure>\n<\/div>\n<\/div>","protected":false},"excerpt":{"rendered":"<p>Machine \u00e0 glacer automatique \u00e0 prix d'usine pour les petits bols, les tasses, les petites assiettes, l'ensemble du produit \u00e9tant glac\u00e9 \u00e0 l'int\u00e9rieur et \u00e0 l'ext\u00e9rieur. L'op\u00e9ration est simple et permet d'\u00e9conomiser les co\u00fbts de main-d'\u0153uvre.<\/p>\n<h2>Une solution unique pour les machines \u00e0 vitrer automatiques :<\/h2>\n<ol>\n<li>\n<p>Assistance \u00e0 l'installation : Je peux fournir des conseils et une assistance pour l'installation du filtre magn\u00e9tique, en veillant \u00e0 ce qu'il soit install\u00e9 correctement et fonctionne de mani\u00e8re optimale.<\/p>\n<\/li>\n<li>Pi\u00e8ces de rechange : J'offre une gamme de pi\u00e8ces de rechange pour le filtre magn\u00e9tique, assurant des remplacements rapides et faciles chaque fois que n\u00e9cessaire afin de minimiser les temps d'arr\u00eat.<\/li>\n<li>Assistance apr\u00e8s-vente : Je m'engage \u00e0 vous fournir un soutien et une assistance continus afin de garantir votre satisfaction \u00e0 l'\u00e9gard du filtre magn\u00e9tique et son utilisation sans heurts sur votre cha\u00eene de production.<\/li>\n<\/ol>","protected":false},"featured_media":3724,"template":"","meta":{"_acf_changed":false},"product_brand":[],"product_cat":[57],"product_tag":[],"class_list":{"0":"post-3722","1":"product","2":"type-product","3":"status-publish","4":"has-post-thumbnail","6":"product_cat-ceramic-glazing-machine","8":"first","9":"instock","10":"shipping-taxable","11":"product-type-simple"},"acf":{"customization_content":"<h2><\/h2>\r\n<div><\/div>","customization_content_source":{"label":"Customization Content","type":"wysiwyg","formatted_value":"<h2><\/h2>\n<div><\/div>\n"},"why_choose_us_content":"<h2 style=\"text-align: center;\">Why Choose Us as Your Automatic Glazing Machine Supplier<\/h2>\r\n\r\n<hr \/>\r\n<p style=\"text-align: center;\">Yutai as a ceramic tableware manufacturer, maintains strict quality standards and excellent service. Revolutionize your manufacturing processes with cutting-edge automation technology that streamlines forming and enhances efficiency.<\/p>","why_choose_us_content_source":{"label":"Why Choose Us Content","type":"wysiwyg","formatted_value":"<h2 style=\"text-align: center;\">Why Choose Us as Your Automatic Glazing Machine Supplier<\/h2>\n<hr \/>\n<p style=\"text-align: center;\">Yutai as a ceramic tableware manufacturer, maintains strict quality standards and excellent service. Revolutionize your manufacturing processes with cutting-edge automation technology that streamlines forming and enhances efficiency.<\/p>\n"}},"_links":{"self":[{"href":"https:\/\/yutaimachinery.com\/fr\/wp-json\/wp\/v2\/product\/3722","targetHints":{"allow":["GET"]}}],"collection":[{"href":"https:\/\/yutaimachinery.com\/fr\/wp-json\/wp\/v2\/product"}],"about":[{"href":"https:\/\/yutaimachinery.com\/fr\/wp-json\/wp\/v2\/types\/product"}],"version-history":[{"count":0,"href":"https:\/\/yutaimachinery.com\/fr\/wp-json\/wp\/v2\/product\/3722\/revisions"}],"wp:featuredmedia":[{"embeddable":true,"href":"https:\/\/yutaimachinery.com\/fr\/wp-json\/wp\/v2\/media\/3724"}],"wp:attachment":[{"href":"https:\/\/yutaimachinery.com\/fr\/wp-json\/wp\/v2\/media?parent=3722"}],"wp:term":[{"taxonomy":"product_brand","embeddable":true,"href":"https:\/\/yutaimachinery.com\/fr\/wp-json\/wp\/v2\/product_brand?post=3722"},{"taxonomy":"product_cat","embeddable":true,"href":"https:\/\/yutaimachinery.com\/fr\/wp-json\/wp\/v2\/product_cat?post=3722"},{"taxonomy":"product_tag","embeddable":true,"href":"https:\/\/yutaimachinery.com\/fr\/wp-json\/wp\/v2\/product_tag?post=3722"}],"curies":[{"name":"wp","href":"https:\/\/api.w.org\/{rel}","templated":true}]}}