{"id":3694,"date":"2024-04-13T00:33:53","date_gmt":"2024-04-12T16:33:53","guid":{"rendered":"https:\/\/yutaimachinery.com\/?post_type=product&#038;p=3694"},"modified":"2024-04-14T14:30:42","modified_gmt":"2024-04-14T06:30:42","slug":"magnetic-filter","status":"publish","type":"product","link":"https:\/\/yutaimachinery.com\/fr\/product\/magnetic-filter\/","title":{"rendered":"Filtre \u00e9lectromagn\u00e9tique humide automatique pour la d\u00e9ferrisation de la c\u00e9ramique"},"content":{"rendered":"<div class=\"wp-block-columns is-layout-flex wp-container-core-columns-is-layout-9d6595d7 wp-block-columns-is-layout-flex\">\n<div class=\"wp-block-column is-layout-flow wp-block-column-is-layout-flow\">\n<figure class=\"wp-block-image size-full is-resized\"><img decoding=\"async\" width=\"190\" height=\"190\" src=\"https:\/\/yutaimachinery.com\/wp-content\/uploads\/2024\/04\/Automatic-Magnetic-Filter.webp\" alt=\"\" class=\"wp-image-3695\" style=\"width:387px;height:auto\" title=\"\" srcset=\"https:\/\/yutaimachinery.com\/wp-content\/uploads\/2024\/04\/Automatic-Magnetic-Filter.webp 190w, https:\/\/yutaimachinery.com\/wp-content\/uploads\/2024\/04\/Automatic-Magnetic-Filter-150x150.webp 150w\" sizes=\"(max-width: 190px) 100vw, 190px\" \/><\/figure>\n<\/div>\n\n\n\n<div class=\"wp-block-column is-layout-flow wp-block-column-is-layout-flow\">\n<h2 class=\"wp-block-heading\"><strong>Caract\u00e9ristiques du filtre magn\u00e9tique<\/strong><\/h2>\n\n\n\n<p>Le filtre magn\u00e9tique humide automatique est un nouveau type d'\u00e9quipement automatique de d\u00e9ferrisation, adapt\u00e9 aux min\u00e9raux non m\u00e9talliques : feldspath, quartz, mica, kaolin et autres min\u00e9raux pour \u00e9liminer les impuret\u00e9s ferreuses afin d'am\u00e9liorer la qualit\u00e9, largement utilis\u00e9 dans les industries c\u00e9ramiques, chimiques, mini\u00e8res et autres. Programme de contr\u00f4le de pr\u00e9cision enti\u00e8rement automatique, processus avanc\u00e9 de refroidissement de l'huile et processus de manipulation des bobines. Facile \u00e0 nettoyer et \u00e0 entretenir \u00e0 l'aide d'une seule cl\u00e9, excellente performance et grande force de champ magn\u00e9tique.<\/p>\n<\/div>\n<\/div>\n\n\n\n<h2 class=\"wp-block-heading\"><strong>Param\u00e8tres du filtre magn\u00e9tique<\/strong><\/h2>\n\n\n\n<figure class=\"wp-block-table\"><table><tbody><tr><td>Mod\u00e8le<\/td><td>Diam\u00e8tre de la cavit\u00e9 magn\u00e9tique<\/td><td>Courant de travail<\/td><td>Densit\u00e9 du flux<\/td><td>Capacit\u00e9<\/td><td>Poids (kgs)<\/td><\/tr><tr><td>250<\/td><td>250mm<\/td><td>30A<\/td><td>3T<\/td><td>7-15t\/h<\/td><td>1800<\/td><\/tr><tr><td>350<\/td><td>350 mm<\/td><td>60A<\/td><td>3T<\/td><td>18-30t\/h<\/td><td>2500<\/td><\/tr><tr><td>500<\/td><td>500mm<\/td><td>80A<\/td><td>3T<\/td><td>25-60t\/h<\/td><td>3500<\/td><\/tr><tr><td>700<\/td><td>700mm<\/td><td>90A<\/td><td>3T<\/td><td>60-100t\/h<\/td><td>8000<\/td><\/tr><tr><td>1000<\/td><td>1000mm<\/td><td>180A<\/td><td>3T<\/td><td>70-150t\/h<\/td><td>14000<\/td><\/tr><\/tbody><\/table><\/figure>","protected":false},"excerpt":{"rendered":"<p>Yutai Factory Direct fournit une assistance technique. Le nouveau filtre magn\u00e9tique \u00e9lectromagn\u00e9tique humide automatique est dot\u00e9 d'un processus avanc\u00e9 de refroidissement de l'huile, d'une faible consommation d'\u00e9nergie et d'un effet \u00e9vident d'\u00e9limination du fer.<\/p>\n<h2>Solution unique pour les filtres magn\u00e9tiques :<\/h2>\n<ol>\n<li>\n<p>Assistance \u00e0 l'installation : Fournir des conseils et une assistance pour l'installation des filtres magn\u00e9tiques afin de s'assurer qu'ils sont install\u00e9s correctement et qu'ils remplissent leurs fonctions de mani\u00e8re optimale.<\/p>\n<\/li>\n<li>\n<p>Pi\u00e8ces de rechange : Une gamme de pi\u00e8ces d\u00e9tach\u00e9es d'origine est disponible pour assurer un remplacement rapide et facile en cas de besoin afin de minimiser les temps d'arr\u00eat.<\/p>\n<\/li>\n<li>\n<p>Assistance apr\u00e8s-vente : Assistance continue et aide pour que le filtre magn\u00e9tique soit utilis\u00e9 sans probl\u00e8me sur la ligne de production.<\/p>\n<\/li>\n<\/ol>","protected":false},"featured_media":3695,"template":"","meta":{"_acf_changed":false},"product_brand":[],"product_cat":[54],"product_tag":[],"class_list":{"0":"post-3694","1":"product","2":"type-product","3":"status-publish","4":"has-post-thumbnail","6":"product_cat-clay-making-machine","8":"first","9":"instock","10":"shipping-taxable","11":"product-type-simple"},"acf":{"customization_content":"<h2><\/h2>\r\n<div><\/div>","customization_content_source":{"label":"Customization Content","type":"wysiwyg","formatted_value":"<h2><\/h2>\n<div><\/div>\n"},"why_choose_us_content":"<h2 style=\"text-align: center;\">Why Choose Us as Your <strong>Magnetic Filter<\/strong> Supplier<\/h2>\r\n\r\n<hr \/>\r\n<p style=\"text-align: center;\">Yutai as a ceramic tableware manufacturer, maintains strict quality standards and excellent service. Revolutionize your manufacturing processes with cutting-edge automation technology that streamlines forming and enhances efficiency.<\/p>","why_choose_us_content_source":{"label":"Why Choose Us Content","type":"wysiwyg","formatted_value":"<h2 style=\"text-align: center;\">Why Choose Us as Your <strong>Magnetic Filter<\/strong> Supplier<\/h2>\n<hr \/>\n<p style=\"text-align: center;\">Yutai as a ceramic tableware manufacturer, maintains strict quality standards and excellent service. Revolutionize your manufacturing processes with cutting-edge automation technology that streamlines forming and enhances efficiency.<\/p>\n"}},"_links":{"self":[{"href":"https:\/\/yutaimachinery.com\/fr\/wp-json\/wp\/v2\/product\/3694","targetHints":{"allow":["GET"]}}],"collection":[{"href":"https:\/\/yutaimachinery.com\/fr\/wp-json\/wp\/v2\/product"}],"about":[{"href":"https:\/\/yutaimachinery.com\/fr\/wp-json\/wp\/v2\/types\/product"}],"version-history":[{"count":0,"href":"https:\/\/yutaimachinery.com\/fr\/wp-json\/wp\/v2\/product\/3694\/revisions"}],"wp:featuredmedia":[{"embeddable":true,"href":"https:\/\/yutaimachinery.com\/fr\/wp-json\/wp\/v2\/media\/3695"}],"wp:attachment":[{"href":"https:\/\/yutaimachinery.com\/fr\/wp-json\/wp\/v2\/media?parent=3694"}],"wp:term":[{"taxonomy":"product_brand","embeddable":true,"href":"https:\/\/yutaimachinery.com\/fr\/wp-json\/wp\/v2\/product_brand?post=3694"},{"taxonomy":"product_cat","embeddable":true,"href":"https:\/\/yutaimachinery.com\/fr\/wp-json\/wp\/v2\/product_cat?post=3694"},{"taxonomy":"product_tag","embeddable":true,"href":"https:\/\/yutaimachinery.com\/fr\/wp-json\/wp\/v2\/product_tag?post=3694"}],"curies":[{"name":"wp","href":"https:\/\/api.w.org\/{rel}","templated":true}]}}