{"id":3689,"date":"2024-04-12T23:02:57","date_gmt":"2024-04-12T15:02:57","guid":{"rendered":"https:\/\/yutaimachinery.com\/?post_type=product&#038;p=3689"},"modified":"2024-04-13T00:31:47","modified_gmt":"2024-04-12T16:31:47","slug":"aimant-de-filtre-2","status":"publish","type":"product","link":"https:\/\/yutaimachinery.com\/fr\/product\/filter-magnet\/","title":{"rendered":"Aimant de filtre en gros pour la d\u00e9ferrisation de l'argile"},"content":{"rendered":"<div class=\"wp-block-columns is-layout-flex wp-container-core-columns-is-layout-9d6595d7 wp-block-columns-is-layout-flex\">\n<div class=\"wp-block-column is-layout-flow wp-block-column-is-layout-flow\">\n<figure class=\"wp-block-image size-full\"><img fetchpriority=\"high\" decoding=\"async\" width=\"1014\" height=\"1014\" src=\"https:\/\/yutaimachinery.com\/wp-content\/uploads\/2024\/04\/Filter-Magnet.jpg\" alt=\"Aimant de filtre\" class=\"wp-image-3691\" title=\"\" srcset=\"https:\/\/yutaimachinery.com\/wp-content\/uploads\/2024\/04\/Filter-Magnet.jpg 1014w, https:\/\/yutaimachinery.com\/wp-content\/uploads\/2024\/04\/Filter-Magnet-300x300.jpg 300w, https:\/\/yutaimachinery.com\/wp-content\/uploads\/2024\/04\/Filter-Magnet-150x150.jpg 150w, https:\/\/yutaimachinery.com\/wp-content\/uploads\/2024\/04\/Filter-Magnet-768x768.jpg 768w, https:\/\/yutaimachinery.com\/wp-content\/uploads\/2024\/04\/Filter-Magnet-285x285.jpg 285w, https:\/\/yutaimachinery.com\/wp-content\/uploads\/2024\/04\/Filter-Magnet-270x270.jpg 270w, https:\/\/yutaimachinery.com\/wp-content\/uploads\/2024\/04\/Filter-Magnet-540x540.jpg 540w, https:\/\/yutaimachinery.com\/wp-content\/uploads\/2024\/04\/Filter-Magnet-660x660.jpg 660w\" sizes=\"(max-width: 1014px) 100vw, 1014px\" \/><\/figure>\n<\/div>\n\n\n\n<div class=\"wp-block-column is-layout-flow wp-block-column-is-layout-flow\">\n<h2 class=\"wp-block-heading\"><strong>Param\u00e8tres de l'aimant de filtre<\/strong><\/h2>\n\n\n\n<figure class=\"wp-block-table\"><table><tbody><tr><td>Mod\u00e8le<\/td><td>Diam\u00e8tre du tuyau<\/td><\/tr><tr><td>90<\/td><td>9cm<\/td><\/tr><tr><td>110<\/td><td>11cm<\/td><\/tr><\/tbody><\/table><\/figure>\n\n\n\n<h2 class=\"wp-block-heading\"><strong>Caract\u00e9ristiques de l'aimant de filtre<\/strong><\/h2>\n\n\n\n<p>Le filtre magn\u00e9tique est un dispositif de filtration sp\u00e9cial qui utilise des mat\u00e9riaux magn\u00e9tiques pour adsorber les impuret\u00e9s ferreuses des liquides et filtrer ainsi les boues. Il poss\u00e8de une forte capacit\u00e9 d'adsorption, une grande pr\u00e9cision de filtration et une faible consommation d'\u00e9nergie.<\/p>\n<\/div>\n<\/div>","protected":false},"excerpt":{"rendered":"<p>Simple Filter Magnet haute efficacit\u00e9 de d\u00e9ferrisation, nettoyage facile et entretien quotidien, durable et r\u00e9sistant \u00e0 l'usure. Il peut \u00eatre connect\u00e9 arbitrairement au tuyau de boue pour jouer le r\u00f4le de d\u00e9ferrailleur. Les d\u00e9fauts du d\u00e9ferrailleur \u00e9lectromagn\u00e9tique sont exclus (consommation d'\u00e9nergie, fuites, facilit\u00e9 \u00e0 br\u00fbler, etc.)\u00a0<\/p>\n<h2>Une solution unique pour les filtres magn\u00e9tiques :<\/h2>\n<ol>\n<li>\n<p>Assistance technique : Notre \u00e9quipe fournit des services d'installation professionnels pour s'assurer que les filtres magn\u00e9tiques sont parfaitement connect\u00e9s \u00e0 votre ligne de production.<\/p>\n<\/li>\n<li>\n<p>Pi\u00e8ces de rechange : Nous proposons une gamme compl\u00e8te de pi\u00e8ces d\u00e9tach\u00e9es et de composants de haute qualit\u00e9 pour les filtres-aimants, garantissant un remplacement rapide et facile en cas de besoin, ce qui minimise les temps d'arr\u00eat.<\/p>\n<\/li>\n<\/ol>","protected":false},"featured_media":3691,"template":"","meta":{"_acf_changed":false},"product_brand":[],"product_cat":[54],"product_tag":[75],"class_list":{"0":"post-3689","1":"product","2":"type-product","3":"status-publish","4":"has-post-thumbnail","6":"product_cat-clay-making-machine","7":"product_tag-filter-magnet","9":"first","10":"instock","11":"shipping-taxable","12":"product-type-simple"},"acf":{"customization_content":"<h2><\/h2>\r\n<div><\/div>","customization_content_source":{"label":"Customization Content","type":"wysiwyg","formatted_value":"<h2><\/h2>\n<div><\/div>\n"},"why_choose_us_content":"<h2 style=\"text-align: center;\">Why Choose Us as Your Filter Magnet\u00a0Supplier<\/h2>\r\n\r\n<hr \/>\r\n<p style=\"text-align: center;\">Yutai as a ceramic tableware manufacturer, maintains strict quality standards and excellent service. Revolutionize your manufacturing processes with cutting-edge automation technology that streamlines forming and enhances efficiency.<\/p>","why_choose_us_content_source":{"label":"Why Choose Us Content","type":"wysiwyg","formatted_value":"<h2 style=\"text-align: center;\">Why Choose Us as Your Filter Magnet\u00a0Supplier<\/h2>\n<hr \/>\n<p style=\"text-align: center;\">Yutai as a ceramic tableware manufacturer, maintains strict quality standards and excellent service. Revolutionize your manufacturing processes with cutting-edge automation technology that streamlines forming and enhances efficiency.<\/p>\n"}},"_links":{"self":[{"href":"https:\/\/yutaimachinery.com\/fr\/wp-json\/wp\/v2\/product\/3689","targetHints":{"allow":["GET"]}}],"collection":[{"href":"https:\/\/yutaimachinery.com\/fr\/wp-json\/wp\/v2\/product"}],"about":[{"href":"https:\/\/yutaimachinery.com\/fr\/wp-json\/wp\/v2\/types\/product"}],"version-history":[{"count":0,"href":"https:\/\/yutaimachinery.com\/fr\/wp-json\/wp\/v2\/product\/3689\/revisions"}],"wp:featuredmedia":[{"embeddable":true,"href":"https:\/\/yutaimachinery.com\/fr\/wp-json\/wp\/v2\/media\/3691"}],"wp:attachment":[{"href":"https:\/\/yutaimachinery.com\/fr\/wp-json\/wp\/v2\/media?parent=3689"}],"wp:term":[{"taxonomy":"product_brand","embeddable":true,"href":"https:\/\/yutaimachinery.com\/fr\/wp-json\/wp\/v2\/product_brand?post=3689"},{"taxonomy":"product_cat","embeddable":true,"href":"https:\/\/yutaimachinery.com\/fr\/wp-json\/wp\/v2\/product_cat?post=3689"},{"taxonomy":"product_tag","embeddable":true,"href":"https:\/\/yutaimachinery.com\/fr\/wp-json\/wp\/v2\/product_tag?post=3689"}],"curies":[{"name":"wp","href":"https:\/\/api.w.org\/{rel}","templated":true}]}}