{"id":3678,"date":"2024-04-11T20:06:36","date_gmt":"2024-04-11T12:06:36","guid":{"rendered":"https:\/\/yutaimachinery.com\/?post_type=product&#038;p=3678"},"modified":"2024-04-12T23:17:47","modified_gmt":"2024-04-12T15:17:47","slug":"tamis-vibrant","status":"publish","type":"product","link":"https:\/\/yutaimachinery.com\/fr\/product\/vibrating-sieve\/","title":{"rendered":"Tamis vibrant en acier inoxydable sur mesure 80cm 100cm"},"content":{"rendered":"<div class=\"wp-block-columns is-layout-flex wp-container-core-columns-is-layout-9d6595d7 wp-block-columns-is-layout-flex\">\n<div class=\"wp-block-column is-layout-flow wp-block-column-is-layout-flow\">\n<figure class=\"wp-block-image size-full\"><img fetchpriority=\"high\" decoding=\"async\" width=\"600\" height=\"600\" src=\"https:\/\/yutaimachinery.com\/wp-content\/uploads\/2024\/04\/Vibrating-Sieve.webp\" alt=\"Tamis vibrant\" class=\"wp-image-3681\" title=\"\" srcset=\"https:\/\/yutaimachinery.com\/wp-content\/uploads\/2024\/04\/Vibrating-Sieve.webp 600w, https:\/\/yutaimachinery.com\/wp-content\/uploads\/2024\/04\/Vibrating-Sieve-300x300.webp 300w, https:\/\/yutaimachinery.com\/wp-content\/uploads\/2024\/04\/Vibrating-Sieve-150x150.webp 150w, https:\/\/yutaimachinery.com\/wp-content\/uploads\/2024\/04\/Vibrating-Sieve-285x285.webp 285w, https:\/\/yutaimachinery.com\/wp-content\/uploads\/2024\/04\/Vibrating-Sieve-270x270.webp 270w, https:\/\/yutaimachinery.com\/wp-content\/uploads\/2024\/04\/Vibrating-Sieve-540x540.webp 540w\" sizes=\"(max-width: 600px) 100vw, 600px\" \/><\/figure>\n<\/div>\n\n\n\n<div class=\"wp-block-column is-layout-flow wp-block-column-is-layout-flow\">\n<h2 class=\"wp-block-heading\"><strong>Caract\u00e9ristiques du tamis vibrant<\/strong><\/h2>\n\n\n\n<p>Construction en acier inoxydable : Le crible est dot\u00e9 d'un cadre robuste en acier inoxydable qui garantit sa durabilit\u00e9 et convient \u00e0 une grande vari\u00e9t\u00e9 d'applications industrielles.<\/p>\n\n\n\n<p>Grand diam\u00e8tre des trous de tamisage : Le diam\u00e8tre des trous du tamis est compris entre 80 et 100 cm, et la surface des trous du tamis est importante, ce qui permet d'obtenir un tamisage de grande capacit\u00e9 et une s\u00e9paration efficace des particules.<\/p>\n\n\n\n<p>Taille des mailles personnalisable : Le crible peut s'adapter \u00e0 une large gamme de tailles de mailles, personnalisant la taille des mailles en fonction de la taille des particules. Il peut tamiser des particules aussi fines que 7 microns.<\/p>\n\n\n\n<p>Efficace : \u00c9quip\u00e9 d'un puissant moteur de vibration, les particules cribl\u00e9es sont efficaces et uniformes, ce qui am\u00e9liore la productivit\u00e9 des op\u00e9rations de manutention.<\/p>\n<\/div>\n<\/div>\n\n\n\n<div class=\"wp-block-columns is-layout-flex wp-container-core-columns-is-layout-9d6595d7 wp-block-columns-is-layout-flex\">\n<div class=\"wp-block-column is-layout-flow wp-block-column-is-layout-flow\"><div class=\"wp-block-image\">\n<figure class=\"aligncenter size-full is-resized\"><img decoding=\"async\" width=\"600\" height=\"600\" src=\"https:\/\/yutaimachinery.com\/wp-content\/uploads\/2024\/04\/Vibrating-Sieve5.webp\" alt=\"Tamis vibrant\" class=\"wp-image-3686\" style=\"width:404px;height:auto\" title=\"\" srcset=\"https:\/\/yutaimachinery.com\/wp-content\/uploads\/2024\/04\/Vibrating-Sieve5.webp 600w, https:\/\/yutaimachinery.com\/wp-content\/uploads\/2024\/04\/Vibrating-Sieve5-300x300.webp 300w, https:\/\/yutaimachinery.com\/wp-content\/uploads\/2024\/04\/Vibrating-Sieve5-150x150.webp 150w, https:\/\/yutaimachinery.com\/wp-content\/uploads\/2024\/04\/Vibrating-Sieve5-285x285.webp 285w, https:\/\/yutaimachinery.com\/wp-content\/uploads\/2024\/04\/Vibrating-Sieve5-270x270.webp 270w, https:\/\/yutaimachinery.com\/wp-content\/uploads\/2024\/04\/Vibrating-Sieve5-540x540.webp 540w\" sizes=\"(max-width: 600px) 100vw, 600px\" \/><\/figure>\n<\/div><\/div>\n\n\n\n<div class=\"wp-block-column is-layout-flow wp-block-column-is-layout-flow\">\n<h2 class=\"wp-block-heading\"><strong>Param\u00e8tres du tamis vibrant<\/strong><\/h2>\n\n\n\n<figure class=\"wp-block-table\"><table><tbody><tr><td>Mod\u00e8le<\/td><td colspan=\"3\">80<\/td><td colspan=\"3\">100<\/td><\/tr><tr><td>Diam\u00e8tre de la maille (cm)<\/td><td colspan=\"3\">80cm<\/td><td colspan=\"3\">100cm<\/td><\/tr><tr><td>Puissance (kw)<\/td><td colspan=\"3\">1,5KW<\/td><td colspan=\"3\">2,2 kW<\/td><\/tr><tr><td>Capacit\u00e9<\/td><td colspan=\"3\">8t\/h<\/td><td colspan=\"3\">12t\/h<\/td><\/tr><\/tbody><\/table><\/figure>\n<\/div>\n<\/div>","protected":false},"excerpt":{"rendered":"<p>Le tamis vibrant en acier inoxydable est utilis\u00e9 pour tamiser les mati\u00e8res premi\u00e8res des industries c\u00e9ramiques. Le dispositif de tension en acier inoxydable est appropri\u00e9, peu bruyant et de grande capacit\u00e9. La taille des mailles peut \u00eatre personnalis\u00e9e.<\/p>\n<h2>Une solution unique pour les tamis vibrants :<\/h2>\n<ol>\n<li>Installation et mise en place : Notre \u00e9quipe fournit des services professionnels d'installation et de configuration, garantissant que le tamis vibrant est correctement install\u00e9 et configur\u00e9 pour des performances optimales.<\/li>\n<li>Pi\u00e8ces de rechange : Nous fournissons une gamme compl\u00e8te de pi\u00e8ces d\u00e9tach\u00e9es et de composants de haute qualit\u00e9 pour le tamis vibrant, garantissant un remplacement rapide et facile en cas de besoin afin de minimiser les temps d'arr\u00eat.<\/li>\n<li>Personnalisation : Nous proposons des services de personnalisation pour adapter le tamis vibrant aux exigences sp\u00e9cifiques du client, y compris des tailles personnalis\u00e9es, des options de maille et des caract\u00e9ristiques suppl\u00e9mentaires.<\/li>\n<\/ol>","protected":false},"featured_media":3681,"template":"","meta":{"_acf_changed":false},"product_brand":[],"product_cat":[54],"product_tag":[74],"class_list":{"0":"post-3678","1":"product","2":"type-product","3":"status-publish","4":"has-post-thumbnail","6":"product_cat-clay-making-machine","7":"product_tag-vibrating-sieve","9":"first","10":"instock","11":"shipping-taxable","12":"product-type-simple"},"acf":{"customization_content":"<h2><\/h2>\r\n<div><\/div>","customization_content_source":{"label":"Customization Content","type":"wysiwyg","formatted_value":"<h2><\/h2>\n<div><\/div>\n"},"why_choose_us_content":"<h2 style=\"text-align: center;\">Why Choose Us as Your <strong>Vibrating Sieve<\/strong> Supplier<\/h2>\r\n\r\n<hr \/>\r\n<p style=\"text-align: center;\">Yutai as a ceramic tableware manufacturer, maintains strict quality standards and excellent service. Revolutionize your manufacturing processes with cutting-edge automation technology that streamlines forming and enhances efficiency.<\/p>","why_choose_us_content_source":{"label":"Why Choose Us Content","type":"wysiwyg","formatted_value":"<h2 style=\"text-align: center;\">Why Choose Us as Your <strong>Vibrating Sieve<\/strong> Supplier<\/h2>\n<hr \/>\n<p style=\"text-align: center;\">Yutai as a ceramic tableware manufacturer, maintains strict quality standards and excellent service. Revolutionize your manufacturing processes with cutting-edge automation technology that streamlines forming and enhances efficiency.<\/p>\n"}},"_links":{"self":[{"href":"https:\/\/yutaimachinery.com\/fr\/wp-json\/wp\/v2\/product\/3678","targetHints":{"allow":["GET"]}}],"collection":[{"href":"https:\/\/yutaimachinery.com\/fr\/wp-json\/wp\/v2\/product"}],"about":[{"href":"https:\/\/yutaimachinery.com\/fr\/wp-json\/wp\/v2\/types\/product"}],"version-history":[{"count":0,"href":"https:\/\/yutaimachinery.com\/fr\/wp-json\/wp\/v2\/product\/3678\/revisions"}],"wp:featuredmedia":[{"embeddable":true,"href":"https:\/\/yutaimachinery.com\/fr\/wp-json\/wp\/v2\/media\/3681"}],"wp:attachment":[{"href":"https:\/\/yutaimachinery.com\/fr\/wp-json\/wp\/v2\/media?parent=3678"}],"wp:term":[{"taxonomy":"product_brand","embeddable":true,"href":"https:\/\/yutaimachinery.com\/fr\/wp-json\/wp\/v2\/product_brand?post=3678"},{"taxonomy":"product_cat","embeddable":true,"href":"https:\/\/yutaimachinery.com\/fr\/wp-json\/wp\/v2\/product_cat?post=3678"},{"taxonomy":"product_tag","embeddable":true,"href":"https:\/\/yutaimachinery.com\/fr\/wp-json\/wp\/v2\/product_tag?post=3678"}],"curies":[{"name":"wp","href":"https:\/\/api.w.org\/{rel}","templated":true}]}}