{"id":3677,"date":"2024-04-11T20:04:46","date_gmt":"2024-04-11T12:04:46","guid":{"rendered":"https:\/\/yutaimachinery.com\/?post_type=product&#038;p=3677"},"modified":"2025-12-14T14:54:15","modified_gmt":"2025-12-14T06:54:15","slug":"machine-a-jigger-2","status":"publish","type":"product","link":"https:\/\/yutaimachinery.com\/fr\/product\/jiggering-machine\/","title":{"rendered":"Machine automatique pour la fabrication de tasses en c\u00e9ramique, machine \u00e0 jigger"},"content":{"rendered":"<div class=\"wp-block-columns is-layout-flex wp-container-core-columns-is-layout-9d6595d7 wp-block-columns-is-layout-flex\">\n<div class=\"wp-block-column is-layout-flow wp-block-column-is-layout-flow\">\n<figure class=\"wp-block-embed is-type-video is-provider-youtube wp-block-embed-youtube wp-embed-aspect-16-9 wp-has-aspect-ratio\"><div class=\"wp-block-embed__wrapper\">\n<iframe title=\"Machine de fabrication de tasses en c\u00e9ramique avec anse\" width=\"940\" height=\"529\" src=\"https:\/\/www.youtube.com\/embed\/BHIx1WBU9Tc?feature=oembed\" frameborder=\"0\" allow=\"accelerometer; autoplay; clipboard-write; encrypted-media; gyroscope; picture-in-picture; web-share\" referrerpolicy=\"strict-origin-when-cross-origin\" allowfullscreen><\/iframe>\n<\/div><\/figure>\n<\/div>\n\n\n\n<div class=\"wp-block-column is-layout-flow wp-block-column-is-layout-flow\">\n<h2 class=\"wp-block-heading\">Caract\u00e9ristiques de la machine \u00e0 tamiser<\/h2>\n\n\n\n<p><strong>Con\u00e7u pour les usines de vaisselle :<\/strong> Optimis\u00e9 sp\u00e9cialement pour la production d'assiettes, de bols et de tasses, avec un formage stable et des r\u00e9sultats reproductibles.<\/p>\n\n\n\n<p><strong>Formage automatis\u00e9 par jiggering : <\/strong>Garantit une \u00e9paisseur uniforme, des surfaces lisses et des dimensions pr\u00e9cises pour la production en s\u00e9rie de vaisselle.<\/p>\n\n\n\n<p><strong>S\u00e9chage et d\u00e9moulage int\u00e9gr\u00e9s :<\/strong> Rationalise le flux de production et r\u00e9duit la dur\u00e9e du cycle pour une efficacit\u00e9 globale accrue.<\/p>\n\n\n\n<p><strong>Facilit\u00e9 d'utilisation et d'entretien : <\/strong>Un syst\u00e8me de commande simple et une structure durable permettent une utilisation facile et des co\u00fbts d'entretien r\u00e9duits.<\/p>\n\n\n\n<p><strong>Production rentable : <\/strong>R\u00e9duit les besoins en main-d'\u0153uvre tout en maintenant un rendement constant, ce qui contribue \u00e0 r\u00e9duire les co\u00fbts globaux de fabrication.<\/p>\n\n\n\n<p><strong>Stabilit\u00e9 de qualit\u00e9 industrielle : <\/strong>Con\u00e7u pour un fonctionnement continu en usine, avec une longue dur\u00e9e de vie et des performances fiables.<\/p>\n<\/div>\n<\/div>\n\n\n\n<div class=\"wp-block-columns is-layout-flex wp-container-core-columns-is-layout-9d6595d7 wp-block-columns-is-layout-flex\">\n<div class=\"wp-block-column is-layout-flow wp-block-column-is-layout-flow\">\n<figure class=\"wp-block-image size-full\"><img fetchpriority=\"high\" decoding=\"async\" width=\"1276\" height=\"1276\" src=\"https:\/\/yutaimachinery.com\/wp-content\/uploads\/2024\/04\/jiggering-machine4.webp\" alt=\"machine \u00e0 jigger\" class=\"wp-image-3701\" title=\"\" srcset=\"https:\/\/yutaimachinery.com\/wp-content\/uploads\/2024\/04\/jiggering-machine4.webp 1276w, https:\/\/yutaimachinery.com\/wp-content\/uploads\/2024\/04\/jiggering-machine4-300x300.webp 300w, https:\/\/yutaimachinery.com\/wp-content\/uploads\/2024\/04\/jiggering-machine4-150x150.webp 150w, https:\/\/yutaimachinery.com\/wp-content\/uploads\/2024\/04\/jiggering-machine4-768x768.webp 768w, https:\/\/yutaimachinery.com\/wp-content\/uploads\/2024\/04\/jiggering-machine4-285x285.webp 285w, https:\/\/yutaimachinery.com\/wp-content\/uploads\/2024\/04\/jiggering-machine4-270x270.webp 270w, https:\/\/yutaimachinery.com\/wp-content\/uploads\/2024\/04\/jiggering-machine4-540x540.webp 540w, https:\/\/yutaimachinery.com\/wp-content\/uploads\/2024\/04\/jiggering-machine4-660x660.webp 660w\" sizes=\"(max-width: 1276px) 100vw, 1276px\" \/><\/figure>\n<\/div>\n\n\n\n<div class=\"wp-block-column is-layout-flow wp-block-column-is-layout-flow\">\n<figure class=\"wp-block-image size-full\"><img decoding=\"async\" width=\"3024\" height=\"3024\" src=\"https:\/\/yutaimachinery.com\/wp-content\/uploads\/2024\/04\/jiggering-machine3.webp\" alt=\"machine \u00e0 jigger\" class=\"wp-image-3700\" title=\"\" srcset=\"https:\/\/yutaimachinery.com\/wp-content\/uploads\/2024\/04\/jiggering-machine3.webp 3024w, https:\/\/yutaimachinery.com\/wp-content\/uploads\/2024\/04\/jiggering-machine3-300x300.webp 300w, https:\/\/yutaimachinery.com\/wp-content\/uploads\/2024\/04\/jiggering-machine3-150x150.webp 150w, https:\/\/yutaimachinery.com\/wp-content\/uploads\/2024\/04\/jiggering-machine3-768x768.webp 768w, https:\/\/yutaimachinery.com\/wp-content\/uploads\/2024\/04\/jiggering-machine3-285x285.webp 285w, https:\/\/yutaimachinery.com\/wp-content\/uploads\/2024\/04\/jiggering-machine3-1600x1600.webp 1600w, https:\/\/yutaimachinery.com\/wp-content\/uploads\/2024\/04\/jiggering-machine3-270x270.webp 270w, https:\/\/yutaimachinery.com\/wp-content\/uploads\/2024\/04\/jiggering-machine3-540x540.webp 540w, https:\/\/yutaimachinery.com\/wp-content\/uploads\/2024\/04\/jiggering-machine3-660x660.webp 660w\" sizes=\"(max-width: 3024px) 100vw, 3024px\" \/><\/figure>\n<\/div>\n<\/div>","protected":false},"excerpt":{"rendered":"<p>La machine automatique de fabrication de vaisselle en c\u00e9ramique est une solution pratique et \u00e9conomique con\u00e7ue pour la production de vaisselle \u00e0 usage quotidien. Elle est id\u00e9ale pour les usines de c\u00e9ramique qui recherchent un rendement stable, une main-d'\u0153uvre r\u00e9duite et des co\u00fbts de fabrication ma\u00eetris\u00e9s. Contactez-nous d\u00e8s maintenant pour obtenir un devis !<\/p>\n<h2>Solution tout-en-un pour la fabrication de tasses et mugs en c\u00e9ramique :<\/h2>\n<ol>\n<li><strong>Solutions cl\u00e9s en main pour lignes de production c\u00e9ramique :<\/strong> Assistance compl\u00e8te, depuis le choix des \u00e9quipements et la planification de l'agencement de la ligne jusqu'\u00e0 l'int\u00e9gration compl\u00e8te de la ligne de production.<\/li>\n<li><strong>Personnalisation de l'\u00e9quipement :<\/strong> Configurations de machines adapt\u00e9es \u00e0 diff\u00e9rents produits c\u00e9ramiques, tels que les assiettes, les bols, les tasses et les mugs, en fonction de leur taille, de leur forme et de leur capacit\u00e9 de production.<\/li>\n<li><strong>Installation et mise en service :<\/strong> Assistance technique sur site ou \u00e0 distance pour garantir un fonctionnement stable et des r\u00e9sultats de coul\u00e9e pr\u00e9cis.<\/li>\n<li><strong>Formation des op\u00e9rateurs et assistance technique :<\/strong> Formation compl\u00e8te couvrant le fonctionnement des machines, la maintenance et le contr\u00f4le qualit\u00e9.<\/li>\n<li><strong>Service apr\u00e8s-vente et fourniture de pi\u00e8ces d\u00e9tach\u00e9es :<\/strong> Service technique r\u00e9actif, programmes de maintenance pr\u00e9ventive et disponibilit\u00e9 fiable des pi\u00e8ces de rechange.<\/li>\n<li><strong>Am\u00e9lioration de la qualit\u00e9 et optimisation du rendement :<\/strong> Solutions pour r\u00e9duire les d\u00e9fauts, am\u00e9liorer la coh\u00e9rence du moulage et optimiser l'efficacit\u00e9 de la production.<\/li>\n<\/ol>","protected":false},"featured_media":3701,"template":"","meta":{"_acf_changed":false},"product_brand":[],"product_cat":[55],"product_tag":[76],"class_list":{"0":"post-3677","1":"product","2":"type-product","3":"status-publish","4":"has-post-thumbnail","6":"product_cat-ceramic-forming-machine","7":"product_tag-jiggering-machine","9":"first","10":"instock","11":"shipping-taxable","12":"product-type-simple"},"acf":{"customization_content":"<h2><\/h2>\r\n<div><\/div>","customization_content_source":{"label":"Customization Content","type":"wysiwyg","formatted_value":"<h2><\/h2>\n<div><\/div>\n"},"why_choose_us_content":"<h2 style=\"text-align: center;\">Why Choose Us as Your <strong>Jiggering Machine<\/strong> Supplier<\/h2>\r\n\r\n<hr \/>\r\n<p style=\"text-align: center;\">Yutai as a ceramic tableware manufacturer, maintains strict quality standards and excellent service. Revolutionize your manufacturing processes with cutting-edge automation technology that streamlines forming and enhances efficiency.<\/p>","why_choose_us_content_source":{"label":"Why Choose Us Content","type":"wysiwyg","formatted_value":"<h2 style=\"text-align: center;\">Why Choose Us as Your <strong>Jiggering Machine<\/strong> Supplier<\/h2>\n<hr \/>\n<p style=\"text-align: center;\">Yutai as a ceramic tableware manufacturer, maintains strict quality standards and excellent service. Revolutionize your manufacturing processes with cutting-edge automation technology that streamlines forming and enhances efficiency.<\/p>\n"}},"_links":{"self":[{"href":"https:\/\/yutaimachinery.com\/fr\/wp-json\/wp\/v2\/product\/3677","targetHints":{"allow":["GET"]}}],"collection":[{"href":"https:\/\/yutaimachinery.com\/fr\/wp-json\/wp\/v2\/product"}],"about":[{"href":"https:\/\/yutaimachinery.com\/fr\/wp-json\/wp\/v2\/types\/product"}],"version-history":[{"count":0,"href":"https:\/\/yutaimachinery.com\/fr\/wp-json\/wp\/v2\/product\/3677\/revisions"}],"wp:featuredmedia":[{"embeddable":true,"href":"https:\/\/yutaimachinery.com\/fr\/wp-json\/wp\/v2\/media\/3701"}],"wp:attachment":[{"href":"https:\/\/yutaimachinery.com\/fr\/wp-json\/wp\/v2\/media?parent=3677"}],"wp:term":[{"taxonomy":"product_brand","embeddable":true,"href":"https:\/\/yutaimachinery.com\/fr\/wp-json\/wp\/v2\/product_brand?post=3677"},{"taxonomy":"product_cat","embeddable":true,"href":"https:\/\/yutaimachinery.com\/fr\/wp-json\/wp\/v2\/product_cat?post=3677"},{"taxonomy":"product_tag","embeddable":true,"href":"https:\/\/yutaimachinery.com\/fr\/wp-json\/wp\/v2\/product_tag?post=3677"}],"curies":[{"name":"wp","href":"https:\/\/api.w.org\/{rel}","templated":true}]}}