{"id":3664,"date":"2024-04-11T15:18:18","date_gmt":"2024-04-11T07:18:18","guid":{"rendered":"https:\/\/yutaimachinery.com\/?post_type=product&#038;p=3664"},"modified":"2024-04-11T20:12:22","modified_gmt":"2024-04-11T12:12:22","slug":"imprimante-a-tampon-ceramique","status":"publish","type":"product","link":"https:\/\/yutaimachinery.com\/fr\/product\/ceramic-pad-printer\/","title":{"rendered":"Imprimante automatique de tampons c\u00e9ramiques 2-4 couleurs pour l'impression de c\u00e9ramiques"},"content":{"rendered":"<div class=\"wp-block-columns is-layout-flex wp-container-core-columns-is-layout-9d6595d7 wp-block-columns-is-layout-flex\">\n<div class=\"wp-block-column is-layout-flow wp-block-column-is-layout-flow\">\n<figure class=\"wp-block-embed is-type-video is-provider-youtube wp-block-embed-youtube wp-embed-aspect-16-9 wp-has-aspect-ratio\"><div class=\"wp-block-embed__wrapper\">\n<iframe title=\"tampographie de plaques de poterie\" width=\"940\" height=\"529\" src=\"https:\/\/www.youtube.com\/embed\/TkmTveFmIrY?feature=oembed\" frameborder=\"0\" allow=\"accelerometer; autoplay; clipboard-write; encrypted-media; gyroscope; picture-in-picture; web-share\" referrerpolicy=\"strict-origin-when-cross-origin\" allowfullscreen><\/iframe>\n<\/div><\/figure>\n<\/div>\n\n\n\n<div class=\"wp-block-column is-layout-flow wp-block-column-is-layout-flow\">\n<h2 class=\"wp-block-heading\"><strong>Caract\u00e9ristiques de l'imprimante \u00e0 tampon<\/strong><\/h2>\n\n\n\n<p>Polyvalence : Convient pour l'impression sur une vari\u00e9t\u00e9 de surfaces c\u00e9ramiques, y compris les formes plates, incurv\u00e9es et irr\u00e9guli\u00e8res, \u00e0 l'int\u00e9rieur et \u00e0 l'ext\u00e9rieur de la c\u00e9ramique. Il peut \u00e9galement \u00eatre utilis\u00e9 pour imprimer des tasses, des assiettes, des soufflets et d'autres plats en c\u00e9ramique.<\/p>\n\n\n\n<p>Impression multicolore et personnalisation : Il prend en charge les capacit\u00e9s d'impression multicolore, y compris les options 2 couleurs et 4 couleurs. Il est \u00e9galement possible de personnaliser les dessins et les motifs d'impression pour r\u00e9pondre aux besoins des clients et aux tendances du march\u00e9.<\/p>\n<\/div>\n<\/div>\n\n\n\n<div class=\"wp-block-columns is-layout-flex wp-container-core-columns-is-layout-9d6595d7 wp-block-columns-is-layout-flex\">\n<div class=\"wp-block-column is-layout-flow wp-block-column-is-layout-flow\"><div class=\"wp-block-image\">\n<figure class=\"aligncenter size-full is-resized\"><img fetchpriority=\"high\" decoding=\"async\" width=\"1276\" height=\"1276\" src=\"https:\/\/yutaimachinery.com\/wp-content\/uploads\/2024\/04\/pad-printer5.webp\" alt=\"imprimante \u00e0 tampon\" class=\"wp-image-3674\" style=\"width:404px;height:auto\" title=\"\" srcset=\"https:\/\/yutaimachinery.com\/wp-content\/uploads\/2024\/04\/pad-printer5.webp 1276w, https:\/\/yutaimachinery.com\/wp-content\/uploads\/2024\/04\/pad-printer5-300x300.webp 300w, https:\/\/yutaimachinery.com\/wp-content\/uploads\/2024\/04\/pad-printer5-150x150.webp 150w, https:\/\/yutaimachinery.com\/wp-content\/uploads\/2024\/04\/pad-printer5-768x768.webp 768w, https:\/\/yutaimachinery.com\/wp-content\/uploads\/2024\/04\/pad-printer5-285x285.webp 285w, https:\/\/yutaimachinery.com\/wp-content\/uploads\/2024\/04\/pad-printer5-270x270.webp 270w, https:\/\/yutaimachinery.com\/wp-content\/uploads\/2024\/04\/pad-printer5-540x540.webp 540w, https:\/\/yutaimachinery.com\/wp-content\/uploads\/2024\/04\/pad-printer5-660x660.webp 660w\" sizes=\"(max-width: 1276px) 100vw, 1276px\" \/><\/figure>\n<\/div><\/div>\n\n\n\n<div class=\"wp-block-column is-layout-flow wp-block-column-is-layout-flow\">\n<h2 class=\"wp-block-heading\"><strong>Param\u00e8tres de l'imprimante \u00e0 tampon<\/strong><\/h2>\n\n\n\n<figure class=\"wp-block-table\"><table><tbody><tr><td>Mod\u00e8le<\/td><td>2 couleurs<\/td><td>4 couleurs<\/td><td><\/td><\/tr><tr><td>Hauteur d'impression<\/td><td>25-35cm<\/td><td>25-35cm<\/td><td><\/td><\/tr><tr><td>Zone d'impression maximale<\/td><td>40x40cm<\/td><td>40x40cm<\/td><td><\/td><\/tr><tr><td>Taille de la plaque d'encre<\/td><td>75\u00d755 cm<\/td><td>75\u00d755 cm<\/td><td><\/td><\/tr><tr><td>Puissance (kw)<\/td><td>1,5kw\/22ov<\/td><td>1,5 kW<\/td><td><\/td><\/tr><tr><td>Dimension(lxwxh)<\/td><td>200x65x220cm(h)<\/td><td>220x130x220cm(h)<\/td><td><\/td><\/tr><tr><td>Vitesse<\/td><td>600-800pcs\/h<\/td><td>600-800pcs\/h<\/td><td><\/td><\/tr><tr><td>Poids (kgs)<\/td><td>500 kg<\/td><td>1200 kg<\/td><td><\/td><\/tr><\/tbody><\/table><\/figure>\n<\/div>\n<\/div>","protected":false},"excerpt":{"rendered":"<p>Machine de tampographie c\u00e9ramique avec 2 \u00e0 4 choix de couleurs, adapt\u00e9e \u00e0 l'impression de tasses, de bols et de plaques en c\u00e9ramique. Nous proposons des prix d'usine et des services techniques personnalis\u00e9s.<\/p>\n<h2>Une solution unique pour les imprimantes \u00e0 tampon :<\/h2>\n<ol>\n<li>Personnalisation : Prise en charge de pi\u00e8ces d'\u00e9quipement, d'accessoires et d'applications personnalis\u00e9s.<\/li>\n<li>Conseils en mati\u00e8re d'agencement de l'\u00e9quipement :  En fonction de la superficie de l'usine, du plan de production et de l'investissement en capital, nous fournissons des conseils professionnels sur l'agencement de l'\u00e9quipement d'impression.<\/li>\n<li>Assistance technique : Nous offrons une assistance technique permanente pour r\u00e9pondre \u00e0 tous les probl\u00e8mes ou questions qui peuvent se poser pendant l'utilisation de la machine.<\/li>\n<\/ol>","protected":false},"featured_media":3674,"template":"","meta":{"_acf_changed":false},"product_brand":[],"product_cat":[59],"product_tag":[73],"class_list":{"0":"post-3664","1":"product","2":"type-product","3":"status-publish","4":"has-post-thumbnail","6":"product_cat-ceramic-printing-machine","7":"product_tag-pad-printer","9":"first","10":"instock","11":"shipping-taxable","12":"product-type-simple"},"acf":{"customization_content":"<h2><\/h2>\r\n<div><\/div>","customization_content_source":{"label":"Customization Content","type":"wysiwyg","formatted_value":"<h2><\/h2>\n<div><\/div>\n"},"why_choose_us_content":"<h2 style=\"text-align: center;\">Why Choose Us as Your Pad Printer Supplier<\/h2>\r\n\r\n<hr \/>\r\n<p style=\"text-align: center;\">Yutai as a ceramic tableware manufacturer, maintains strict quality standards and excellent service. Revolutionize your manufacturing processes with cutting-edge automation technology that streamlines forming and enhances efficiency.<\/p>","why_choose_us_content_source":{"label":"Why Choose Us Content","type":"wysiwyg","formatted_value":"<h2 style=\"text-align: center;\">Why Choose Us as Your Pad Printer Supplier<\/h2>\n<hr \/>\n<p style=\"text-align: center;\">Yutai as a ceramic tableware manufacturer, maintains strict quality standards and excellent service. Revolutionize your manufacturing processes with cutting-edge automation technology that streamlines forming and enhances efficiency.<\/p>\n"}},"_links":{"self":[{"href":"https:\/\/yutaimachinery.com\/fr\/wp-json\/wp\/v2\/product\/3664","targetHints":{"allow":["GET"]}}],"collection":[{"href":"https:\/\/yutaimachinery.com\/fr\/wp-json\/wp\/v2\/product"}],"about":[{"href":"https:\/\/yutaimachinery.com\/fr\/wp-json\/wp\/v2\/types\/product"}],"version-history":[{"count":0,"href":"https:\/\/yutaimachinery.com\/fr\/wp-json\/wp\/v2\/product\/3664\/revisions"}],"wp:featuredmedia":[{"embeddable":true,"href":"https:\/\/yutaimachinery.com\/fr\/wp-json\/wp\/v2\/media\/3674"}],"wp:attachment":[{"href":"https:\/\/yutaimachinery.com\/fr\/wp-json\/wp\/v2\/media?parent=3664"}],"wp:term":[{"taxonomy":"product_brand","embeddable":true,"href":"https:\/\/yutaimachinery.com\/fr\/wp-json\/wp\/v2\/product_brand?post=3664"},{"taxonomy":"product_cat","embeddable":true,"href":"https:\/\/yutaimachinery.com\/fr\/wp-json\/wp\/v2\/product_cat?post=3664"},{"taxonomy":"product_tag","embeddable":true,"href":"https:\/\/yutaimachinery.com\/fr\/wp-json\/wp\/v2\/product_tag?post=3664"}],"curies":[{"name":"wp","href":"https:\/\/api.w.org\/{rel}","templated":true}]}}