{"id":3654,"date":"2024-04-10T18:58:46","date_gmt":"2024-04-10T10:58:46","guid":{"rendered":"https:\/\/yutaimachinery.com\/?post_type=product&#038;p=3654"},"modified":"2024-04-11T15:23:45","modified_gmt":"2024-04-11T07:23:45","slug":"machine-dimpression-de-decalcomanies-en-ceramique","status":"publish","type":"product","link":"https:\/\/yutaimachinery.com\/fr\/product\/ceramic-decal-printing-machine\/","title":{"rendered":"Machine automatique d'impression de d\u00e9calcomanies c\u00e9ramiques durables"},"content":{"rendered":"<div class=\"wp-block-columns is-layout-flex wp-container-core-columns-is-layout-9d6595d7 wp-block-columns-is-layout-flex\">\n<div class=\"wp-block-column is-layout-flow wp-block-column-is-layout-flow\">\n<figure class=\"wp-block-embed is-type-video is-provider-youtube wp-block-embed-youtube wp-embed-aspect-16-9 wp-has-aspect-ratio\"><div class=\"wp-block-embed__wrapper\">\n<iframe title=\"Machine automatique d&#039;impression de d\u00e9calcomanies par transfert de diapositives\" width=\"940\" height=\"529\" src=\"https:\/\/www.youtube.com\/embed\/uKsopM37BKE?feature=oembed\" frameborder=\"0\" allow=\"accelerometer; autoplay; clipboard-write; encrypted-media; gyroscope; picture-in-picture; web-share\" referrerpolicy=\"strict-origin-when-cross-origin\" allowfullscreen><\/iframe>\n<\/div><\/figure>\n<\/div>\n\n\n\n<div class=\"wp-block-column is-layout-flow wp-block-column-is-layout-flow\">\n<h2 class=\"wp-block-heading\"><strong>Caract\u00e9ristiques de la machine d'impression de d\u00e9calcomanies en c\u00e9ramique<\/strong><\/h2>\n\n\n\n<p>Polyvalence : Il est compatible avec une large gamme de produits c\u00e9ramiques, y compris les carreaux, la vaisselle, les articles sanitaires et les articles d\u00e9coratifs, ce qui permet une grande polyvalence dans les applications d'impression.<\/p>\n\n\n\n<p>Personnalisation : La machine permet de personnaliser les dessins et les mod\u00e8les, afin de r\u00e9pondre aux pr\u00e9f\u00e9rences individuelles des clients et aux demandes sp\u00e9cifiques du march\u00e9.<\/p>\n\n\n\n<p>Impression \u00e0 grande vitesse : Gr\u00e2ce \u00e0 ses vitesses d'impression \u00e9lev\u00e9es, la machine am\u00e9liore l'efficacit\u00e9 et le rendement de la production, ce qui permet de r\u00e9aliser rapidement des commandes d'impression importantes.<\/p>\n<\/div>\n<\/div>\n\n\n\n<div class=\"wp-block-columns is-layout-flex wp-container-core-columns-is-layout-9d6595d7 wp-block-columns-is-layout-flex\">\n<div class=\"wp-block-column is-layout-flow wp-block-column-is-layout-flow\">\n<h2 class=\"wp-block-heading\">Param\u00e8tres de la machine d'impression de d\u00e9calcomanies en c\u00e9ramique<\/h2>\n\n\n\n<figure class=\"wp-block-table\"><table><tbody><tr><td>Mod\u00e8le<\/td><td>Surface d'impression maximale<\/td><td>Taille maximale du papier (cm)<\/td><td>Taille minimale du papier<\/td><td>\u00c9paisseur du papier<\/td><td>Poids (kgs)<\/td><\/tr><tr><td>720<\/td><td>720x500mm<\/td><td>720x520mm<\/td><td>350x270mm<\/td><td>80-350g\/\u33a1<\/td><td>3500<\/td><\/tr><tr><td>780<\/td><td>780x520mm<\/td><td>780x520mm<\/td><td>350x270mm<\/td><td>80-350g\/\u33a1<\/td><td>3800<\/td><\/tr><tr><td>1020<\/td><td>1020x700mm<\/td><td>1020x720mm<\/td><td>350x560mm<\/td><td>80-350g\/m<\/td><td>5000<\/td><\/tr><\/tbody><\/table><\/figure>\n<\/div>\n<\/div>\n\n\n\n<figure class=\"wp-block-table\"><table><tbody><tr><td>Taille du cadre<\/td><td>Puissance (kw)<\/td><td>Dimension(lxwxh)<\/td><\/tr><tr><td>880x880mm<\/td><td>7,3 kW<\/td><td>4700x1960x1270mm<\/td><\/tr><tr><td>940x940mm<\/td><td>7,8 kW<\/td><td>4900x2080x1270mm<\/td><\/tr><tr><td>1280x1140mm<\/td><td>8,2 kW<\/td><td>5300x2720x1430mm<\/td><\/tr><\/tbody><\/table><\/figure>","protected":false},"excerpt":{"rendered":"<p>Machine automatique d'impression de d\u00e9calcomanies c\u00e9ramiques de haute qualit\u00e9, fabriqu\u00e9e en Chine, permettant de r\u00e9orienter les d\u00e9calcomanies sur des plaques en verre c\u00e9ramique, des bols et des gobelets, avec 1360 trombones et une grande vitesse d'ex\u00e9cution.<\/p>\n<h2>Solution unique pour les machines d'impression de d\u00e9calcomanies c\u00e9ramiques :<\/h2>\n<ol>\n<li>Personnalisation : Prise en charge de pi\u00e8ces d'\u00e9quipement, d'accessoires et d'applications personnalis\u00e9s.<\/li>\n<li>Soutien \u00e0 la conception de l'agencement :  En fonction de la superficie de l'usine, du plan de production et de l'investissement en capital, nous fournissons des services professionnels de conception et d'agencement.<\/li>\n<li>Assistance technique et service : Des techniciens hautement qualifi\u00e9s assembleront vos machines et assureront la formation vid\u00e9o et l'assistance technique.<\/li>\n<\/ol>","protected":false},"featured_media":3661,"template":"","meta":{"_acf_changed":false},"product_brand":[],"product_cat":[59],"product_tag":[72],"class_list":{"0":"post-3654","1":"product","2":"type-product","3":"status-publish","4":"has-post-thumbnail","6":"product_cat-ceramic-printing-machine","7":"product_tag-ceramic-decal-printing-machine","9":"first","10":"instock","11":"shipping-taxable","12":"product-type-simple"},"acf":{"customization_content":"<h2><\/h2>\r\n<div><\/div>","customization_content_source":{"label":"Customization Content","type":"wysiwyg","formatted_value":"<h2><\/h2>\n<div><\/div>\n"},"why_choose_us_content":"<h2 style=\"text-align: center;\">Why Choose Us as Your Ceramic Printing Machine Supplier<\/h2>\r\n\r\n<hr \/>\r\n<p style=\"text-align: center;\">Yutai as a ceramic tableware manufacturer, maintains strict quality standards and excellent service. Revolutionize your manufacturing processes with cutting-edge automation technology that streamlines forming and enhances efficiency.<\/p>","why_choose_us_content_source":{"label":"Why Choose Us Content","type":"wysiwyg","formatted_value":"<h2 style=\"text-align: center;\">Why Choose Us as Your Ceramic Printing Machine Supplier<\/h2>\n<hr \/>\n<p style=\"text-align: center;\">Yutai as a ceramic tableware manufacturer, maintains strict quality standards and excellent service. Revolutionize your manufacturing processes with cutting-edge automation technology that streamlines forming and enhances efficiency.<\/p>\n"}},"_links":{"self":[{"href":"https:\/\/yutaimachinery.com\/fr\/wp-json\/wp\/v2\/product\/3654","targetHints":{"allow":["GET"]}}],"collection":[{"href":"https:\/\/yutaimachinery.com\/fr\/wp-json\/wp\/v2\/product"}],"about":[{"href":"https:\/\/yutaimachinery.com\/fr\/wp-json\/wp\/v2\/types\/product"}],"version-history":[{"count":0,"href":"https:\/\/yutaimachinery.com\/fr\/wp-json\/wp\/v2\/product\/3654\/revisions"}],"wp:featuredmedia":[{"embeddable":true,"href":"https:\/\/yutaimachinery.com\/fr\/wp-json\/wp\/v2\/media\/3661"}],"wp:attachment":[{"href":"https:\/\/yutaimachinery.com\/fr\/wp-json\/wp\/v2\/media?parent=3654"}],"wp:term":[{"taxonomy":"product_brand","embeddable":true,"href":"https:\/\/yutaimachinery.com\/fr\/wp-json\/wp\/v2\/product_brand?post=3654"},{"taxonomy":"product_cat","embeddable":true,"href":"https:\/\/yutaimachinery.com\/fr\/wp-json\/wp\/v2\/product_cat?post=3654"},{"taxonomy":"product_tag","embeddable":true,"href":"https:\/\/yutaimachinery.com\/fr\/wp-json\/wp\/v2\/product_tag?post=3654"}],"curies":[{"name":"wp","href":"https:\/\/api.w.org\/{rel}","templated":true}]}}