{"id":3639,"date":"2024-04-09T16:14:31","date_gmt":"2024-04-09T08:14:31","guid":{"rendered":"https:\/\/yutaimachinery.com\/?post_type=product&#038;p=3639"},"modified":"2025-12-14T14:09:18","modified_gmt":"2025-12-14T06:09:18","slug":"machine-a-presser-la-ceramique-2","status":"publish","type":"product","link":"https:\/\/yutaimachinery.com\/fr\/product\/ceramic-press-machine\/","title":{"rendered":"Machine \u00e0 presser la c\u00e9ramique 30T de haute qualit\u00e9 pour le formage de la vaisselle en c\u00e9ramique"},"content":{"rendered":"<div class=\"wp-block-columns is-layout-flex wp-container-core-columns-is-layout-9d6595d7 wp-block-columns-is-layout-flex\">\n<div class=\"wp-block-column is-layout-flow wp-block-column-is-layout-flow\">\n<h2 class=\"wp-block-heading\">Param\u00e8tres de la presse \u00e0 c\u00e9ramique<\/h2>\n\n\n\n<figure class=\"wp-block-table\"><table><tbody><tr><td><strong>Capacit\u00e9<\/strong><\/td><td>5-6 pi\u00e8ces\/min<\/td><\/tr><tr><td><strong>Onglet de travail Efficace<\/strong><\/td><td>60x48cm<\/td><\/tr><tr><td><strong>Course de travail<\/strong><\/td><td>40 cm<\/td><\/tr><tr><td><strong>Pression de service<\/strong><\/td><td>\u22646,3 MPa<\/td><\/tr><tr><td><strong>Dimensions ext\u00e9rieures (mm)<\/strong><\/td><td>110 \u00d7 64 \u00d7 170 cm \/ 85 \u00d7 65 \u00d7 105 cm<\/td><\/tr><\/tbody><\/table><\/figure>\n\n\n\n<h2 class=\"wp-block-heading\">Caract\u00e9ristiques de la presse \u00e0 c\u00e9ramique<\/h2>\n\n\n\n<p><strong>Capacit\u00e9 haute pression :<\/strong> La machine est \u00e9quip\u00e9e d'une capacit\u00e9 de pressage de 30 tonnes, ce qui permet une compression efficace et performante des mat\u00e9riaux c\u00e9ramiques afin d'obtenir les formes souhait\u00e9es.<\/p>\n\n\n\n<p><strong>Contr\u00f4le de pr\u00e9cision :<\/strong> Il offre un contr\u00f4le pr\u00e9cis des param\u00e8tres de pressage tels que la pression, la vitesse et le temps, garantissant ainsi l'uniformit\u00e9 et la coh\u00e9rence dans la production de produits c\u00e9ramiques.<\/p>\n\n\n\n<p><strong>Durabilit\u00e9 de qualit\u00e9 industrielle :<\/strong> Fabriqu\u00e9 en acier haute r\u00e9sistance et avec des composants haut de gamme pour un fonctionnement durable et fiable.<\/p>\n\n\n\n<p><strong>Qualit\u00e9 constante des produits :<\/strong> Garantit une \u00e9paisseur uniforme, des surfaces lisses et des dimensions pr\u00e9cises pour la production en s\u00e9rie.<\/p>\n\n\n\n<p><strong>Efficace et \u00e9conome en main-d'\u0153uvre :<\/strong> R\u00e9duit la manutention manuelle et augmente l'efficacit\u00e9 de la production pour la fabrication \u00e0 grand volume.<\/p>\n<\/div>\n\n\n\n<div class=\"wp-block-column is-layout-flow wp-block-column-is-layout-flow\">\n<figure class=\"wp-block-image size-full\"><img fetchpriority=\"high\" decoding=\"async\" width=\"678\" height=\"678\" src=\"https:\/\/yutaimachinery.com\/wp-content\/uploads\/2024\/04\/Ceramic-Press-Machine.webp\" alt=\"Machine \u00e0 presser la c\u00e9ramique\" class=\"wp-image-3640\" title=\"\" srcset=\"https:\/\/yutaimachinery.com\/wp-content\/uploads\/2024\/04\/Ceramic-Press-Machine.webp 678w, https:\/\/yutaimachinery.com\/wp-content\/uploads\/2024\/04\/Ceramic-Press-Machine-300x300.webp 300w, https:\/\/yutaimachinery.com\/wp-content\/uploads\/2024\/04\/Ceramic-Press-Machine-150x150.webp 150w, https:\/\/yutaimachinery.com\/wp-content\/uploads\/2024\/04\/Ceramic-Press-Machine-285x285.webp 285w, https:\/\/yutaimachinery.com\/wp-content\/uploads\/2024\/04\/Ceramic-Press-Machine-270x270.webp 270w, https:\/\/yutaimachinery.com\/wp-content\/uploads\/2024\/04\/Ceramic-Press-Machine-540x540.webp 540w, https:\/\/yutaimachinery.com\/wp-content\/uploads\/2024\/04\/Ceramic-Press-Machine-660x660.webp 660w\" sizes=\"(max-width: 678px) 100vw, 678px\" \/><\/figure>\n<\/div>\n<\/div>","protected":false},"excerpt":{"rendered":"<p>Cette presse \u00e0 c\u00e9ramique est une solution de formage robuste, durable et extr\u00eamement pr\u00e9cise, adapt\u00e9e \u00e0 la production de diverses plaques c\u00e9ramiques de forme irr\u00e9guli\u00e8re. Sa pression maximale de 30 tonnes garantit un formage constant et une densit\u00e9 uniforme pour tous les produits c\u00e9ramiques. Demandez d\u00e8s aujourd'hui plus d'informations sur nos solutions d'\u00e9quipement !<\/p>\n<h2>Solution tout-en-un pour la presse \u00e0 c\u00e9ramique :<\/h2>\n<ol>\n<li><strong>Personnalisation de l'\u00e9quipement :<\/strong> Adaptez la force de pression, la conception du moule, le niveau d'automatisation et la configuration de la machine \u00e0 vos types de produits et \u00e0 votre volume de production.<\/li>\n<li><strong>Conception de moules et assistance \u00e0 l'outillage :<\/strong> D\u00e9veloppement de moules de pr\u00e9cision pour diverses assiettes en c\u00e9ramique de forme irr\u00e9guli\u00e8re, vaisselle ou c\u00e9ramiques d\u00e9coratives.<\/li>\n<li><strong>Installation et mise en service :<\/strong> Assistance sur site ou \u00e0 distance pour garantir un fonctionnement stable et une production efficace.<\/li>\n<li><strong>Formation des op\u00e9rateurs et conseils techniques :<\/strong> Formation sur le fonctionnement, la maintenance et le contr\u00f4le qualit\u00e9 des machines afin d'optimiser leur disponibilit\u00e9 et leur rendement.<\/li>\n<li><strong>Service apr\u00e8s-vente et fourniture de pi\u00e8ces d\u00e9tach\u00e9es :<\/strong> Assistance technique rapide, maintenance pr\u00e9ventive et disponibilit\u00e9 fiable des pi\u00e8ces de rechange.<\/li>\n<li><strong>Solutions d'am\u00e9lioration et d'\u00e9volutivit\u00e9 de la production :<\/strong> Assistance pour l'extension future des capacit\u00e9s, la modernisation de l'automatisation des lignes ou l'int\u00e9gration avec d'autres \u00e9quipements de formage de c\u00e9ramique.<\/li>\n<\/ol>","protected":false},"featured_media":3640,"template":"","meta":{"_acf_changed":false},"product_brand":[],"product_cat":[55],"product_tag":[],"class_list":{"0":"post-3639","1":"product","2":"type-product","3":"status-publish","4":"has-post-thumbnail","6":"product_cat-ceramic-forming-machine","8":"first","9":"instock","10":"shipping-taxable","11":"product-type-simple"},"acf":{"customization_content":"<h2><\/h2>\r\n<div><\/div>","customization_content_source":{"label":"Customization Content","type":"wysiwyg","formatted_value":"<h2><\/h2>\n<div><\/div>\n"},"why_choose_us_content":"<h2 style=\"text-align: center;\">Why Choose Us as Your <strong>Ceramic Press Machine<\/strong> Supplier<\/h2>\r\n\r\n<hr \/>\r\n<p style=\"text-align: center;\">Yutai as a ceramic tableware manufacturer, maintains strict quality standards and excellent service. Revolutionize your manufacturing processes with cutting-edge automation technology that streamlines forming and enhances efficiency.<\/p>","why_choose_us_content_source":{"label":"Why Choose Us Content","type":"wysiwyg","formatted_value":"<h2 style=\"text-align: center;\">Why Choose Us as Your <strong>Ceramic Press Machine<\/strong> Supplier<\/h2>\n<hr \/>\n<p style=\"text-align: center;\">Yutai as a ceramic tableware manufacturer, maintains strict quality standards and excellent service. Revolutionize your manufacturing processes with cutting-edge automation technology that streamlines forming and enhances efficiency.<\/p>\n"}},"_links":{"self":[{"href":"https:\/\/yutaimachinery.com\/fr\/wp-json\/wp\/v2\/product\/3639","targetHints":{"allow":["GET"]}}],"collection":[{"href":"https:\/\/yutaimachinery.com\/fr\/wp-json\/wp\/v2\/product"}],"about":[{"href":"https:\/\/yutaimachinery.com\/fr\/wp-json\/wp\/v2\/types\/product"}],"version-history":[{"count":0,"href":"https:\/\/yutaimachinery.com\/fr\/wp-json\/wp\/v2\/product\/3639\/revisions"}],"wp:featuredmedia":[{"embeddable":true,"href":"https:\/\/yutaimachinery.com\/fr\/wp-json\/wp\/v2\/media\/3640"}],"wp:attachment":[{"href":"https:\/\/yutaimachinery.com\/fr\/wp-json\/wp\/v2\/media?parent=3639"}],"wp:term":[{"taxonomy":"product_brand","embeddable":true,"href":"https:\/\/yutaimachinery.com\/fr\/wp-json\/wp\/v2\/product_brand?post=3639"},{"taxonomy":"product_cat","embeddable":true,"href":"https:\/\/yutaimachinery.com\/fr\/wp-json\/wp\/v2\/product_cat?post=3639"},{"taxonomy":"product_tag","embeddable":true,"href":"https:\/\/yutaimachinery.com\/fr\/wp-json\/wp\/v2\/product_tag?post=3639"}],"curies":[{"name":"wp","href":"https:\/\/api.w.org\/{rel}","templated":true}]}}