{"id":3630,"date":"2024-04-09T14:44:12","date_gmt":"2024-04-09T06:44:12","guid":{"rendered":"https:\/\/yutaimachinery.com\/?post_type=product&#038;p=3630"},"modified":"2024-04-16T16:35:25","modified_gmt":"2024-04-16T08:35:25","slug":"ceramic-glazing-wiping-machine","status":"publish","type":"product","link":"https:\/\/yutaimachinery.com\/fr\/product\/ceramic-glazing-wiping-machine\/","title":{"rendered":"Wholesale Ceramic Glazing Wiping Machine for Bottom Clean Sponge (machine \u00e0 essuyer les vitres en c\u00e9ramique pour nettoyer le fond)"},"content":{"rendered":"<div class=\"wp-block-columns is-layout-flex wp-container-core-columns-is-layout-9d6595d7 wp-block-columns-is-layout-flex\">\n<div class=\"wp-block-column is-layout-flow wp-block-column-is-layout-flow\">\n<h2 class=\"wp-block-heading\">Param\u00e8tres de la machine \u00e0 essuyer les vitres c\u00e9ramiques<\/h2>\n\n\n\n<figure class=\"wp-block-table\"><table><tbody><tr><td>Mod\u00e8le<\/td><td>Cm Taille de la ceinture<\/td><td>Dimension(lxwxh)<\/td><td>Couleur<\/td><\/tr><tr><td>Ceinture simple<\/td><td>30x90cm<\/td><td>55x100x90cm(h)<\/td><td>orange<\/td><\/tr><tr><td>Double ceinture<\/td><td>40x90cm<\/td><td>65x100x90cm<\/td><td>noir<\/td><\/tr><\/tbody><\/table><\/figure>\n<\/div>\n\n\n\n<div class=\"wp-block-column is-layout-flow wp-block-column-is-layout-flow\">\n<h2 class=\"wp-block-heading\"><strong>Caract\u00e9ristiques de la machine \u00e0 essuyer les vitrages c\u00e9ramiques<\/strong><\/h2>\n\n\n\n<p>Bande transporteuse \u00e0 \u00e9ponge \u00c9limination efficace de l'\u00e9mail : La bande transporteuse est \u00e9quip\u00e9e d'une \u00e9ponge de haute qualit\u00e9 qui permet d'\u00e9liminer efficacement l'exc\u00e8s d'\u00e9mail au fond des produits c\u00e9ramiques apr\u00e8s \u00e9maillage, garantissant ainsi des finitions propres et lisses.<\/p>\n\n\n\n<p>Fonction autonettoyante : L'\u00e9ponge est dot\u00e9e d'une fonction d'auto-nettoyage qui permet de rincer en permanence les r\u00e9sidus de gla\u00e7age pendant l'utilisation afin de maintenir des performances d'essuyage optimales.<\/p>\n\n\n\n<p>Application polyvalente : La machine est adapt\u00e9e \u00e0 diff\u00e9rents types et tailles de produits c\u00e9ramiques, offrant ainsi une grande polyvalence dans l'enl\u00e8vement de l'\u00e9mail pour r\u00e9pondre aux diff\u00e9rentes exigences de production.<\/p>\n<\/div>\n<\/div>\n\n\n\n<div class=\"wp-block-columns is-layout-flex wp-container-core-columns-is-layout-9d6595d7 wp-block-columns-is-layout-flex\">\n<div class=\"wp-block-column is-layout-flow wp-block-column-is-layout-flow\">\n<div class=\"wp-block-columns is-layout-flex wp-container-core-columns-is-layout-9d6595d7 wp-block-columns-is-layout-flex\">\n<div class=\"wp-block-column is-layout-flow wp-block-column-is-layout-flow\" style=\"flex-basis:100%\">\n<div class=\"wp-block-columns is-layout-flex wp-container-core-columns-is-layout-9d6595d7 wp-block-columns-is-layout-flex\">\n<div class=\"wp-block-column is-layout-flow wp-block-column-is-layout-flow\">\n<figure class=\"wp-block-image size-full\"><img fetchpriority=\"high\" decoding=\"async\" width=\"1170\" height=\"1170\" src=\"https:\/\/yutaimachinery.com\/wp-content\/uploads\/2024\/04\/Wiping-Machine-for-Ceramic-Glazing-Wiping3.webp\" alt=\"Machine \u00e0 essuyer les vitres c\u00e9ramiques\" class=\"wp-image-3631\" title=\"\" srcset=\"https:\/\/yutaimachinery.com\/wp-content\/uploads\/2024\/04\/Wiping-Machine-for-Ceramic-Glazing-Wiping3.webp 1170w, https:\/\/yutaimachinery.com\/wp-content\/uploads\/2024\/04\/Wiping-Machine-for-Ceramic-Glazing-Wiping3-300x300.webp 300w, https:\/\/yutaimachinery.com\/wp-content\/uploads\/2024\/04\/Wiping-Machine-for-Ceramic-Glazing-Wiping3-150x150.webp 150w, https:\/\/yutaimachinery.com\/wp-content\/uploads\/2024\/04\/Wiping-Machine-for-Ceramic-Glazing-Wiping3-768x768.webp 768w, https:\/\/yutaimachinery.com\/wp-content\/uploads\/2024\/04\/Wiping-Machine-for-Ceramic-Glazing-Wiping3-285x285.webp 285w, https:\/\/yutaimachinery.com\/wp-content\/uploads\/2024\/04\/Wiping-Machine-for-Ceramic-Glazing-Wiping3-270x270.webp 270w, https:\/\/yutaimachinery.com\/wp-content\/uploads\/2024\/04\/Wiping-Machine-for-Ceramic-Glazing-Wiping3-540x540.webp 540w, https:\/\/yutaimachinery.com\/wp-content\/uploads\/2024\/04\/Wiping-Machine-for-Ceramic-Glazing-Wiping3-660x660.webp 660w\" sizes=\"(max-width: 1170px) 100vw, 1170px\" \/><\/figure>\n<\/div>\n\n\n\n<div class=\"wp-block-column is-layout-flow wp-block-column-is-layout-flow\">\n<figure class=\"wp-block-image size-full\"><img decoding=\"async\" width=\"1080\" height=\"1080\" src=\"https:\/\/yutaimachinery.com\/wp-content\/uploads\/2024\/04\/Ceramic-Glazing-Wiping-Machine2.webp\" alt=\"Machine \u00e0 essuyer les vitres c\u00e9ramiques\" class=\"wp-image-3636\" title=\"\" srcset=\"https:\/\/yutaimachinery.com\/wp-content\/uploads\/2024\/04\/Ceramic-Glazing-Wiping-Machine2.webp 1080w, https:\/\/yutaimachinery.com\/wp-content\/uploads\/2024\/04\/Ceramic-Glazing-Wiping-Machine2-300x300.webp 300w, https:\/\/yutaimachinery.com\/wp-content\/uploads\/2024\/04\/Ceramic-Glazing-Wiping-Machine2-150x150.webp 150w, https:\/\/yutaimachinery.com\/wp-content\/uploads\/2024\/04\/Ceramic-Glazing-Wiping-Machine2-768x768.webp 768w, https:\/\/yutaimachinery.com\/wp-content\/uploads\/2024\/04\/Ceramic-Glazing-Wiping-Machine2-285x285.webp 285w, https:\/\/yutaimachinery.com\/wp-content\/uploads\/2024\/04\/Ceramic-Glazing-Wiping-Machine2-270x270.webp 270w, https:\/\/yutaimachinery.com\/wp-content\/uploads\/2024\/04\/Ceramic-Glazing-Wiping-Machine2-540x540.webp 540w, https:\/\/yutaimachinery.com\/wp-content\/uploads\/2024\/04\/Ceramic-Glazing-Wiping-Machine2-660x660.webp 660w\" sizes=\"(max-width: 1080px) 100vw, 1080px\" \/><\/figure>\n<\/div>\n\n\n\n<div class=\"wp-block-column is-layout-flow wp-block-column-is-layout-flow\">\n<figure class=\"wp-block-image size-full\"><img decoding=\"async\" width=\"1080\" height=\"1080\" src=\"https:\/\/yutaimachinery.com\/wp-content\/uploads\/2024\/04\/Wiping-Machine-for-Ceramic-Glazing-Wiping2.webp\" alt=\"Machine \u00e0 essuyer les vitres c\u00e9ramiques\" class=\"wp-image-3632\" title=\"\" srcset=\"https:\/\/yutaimachinery.com\/wp-content\/uploads\/2024\/04\/Wiping-Machine-for-Ceramic-Glazing-Wiping2.webp 1080w, https:\/\/yutaimachinery.com\/wp-content\/uploads\/2024\/04\/Wiping-Machine-for-Ceramic-Glazing-Wiping2-300x300.webp 300w, https:\/\/yutaimachinery.com\/wp-content\/uploads\/2024\/04\/Wiping-Machine-for-Ceramic-Glazing-Wiping2-150x150.webp 150w, https:\/\/yutaimachinery.com\/wp-content\/uploads\/2024\/04\/Wiping-Machine-for-Ceramic-Glazing-Wiping2-768x768.webp 768w, https:\/\/yutaimachinery.com\/wp-content\/uploads\/2024\/04\/Wiping-Machine-for-Ceramic-Glazing-Wiping2-285x285.webp 285w, https:\/\/yutaimachinery.com\/wp-content\/uploads\/2024\/04\/Wiping-Machine-for-Ceramic-Glazing-Wiping2-270x270.webp 270w, https:\/\/yutaimachinery.com\/wp-content\/uploads\/2024\/04\/Wiping-Machine-for-Ceramic-Glazing-Wiping2-540x540.webp 540w, https:\/\/yutaimachinery.com\/wp-content\/uploads\/2024\/04\/Wiping-Machine-for-Ceramic-Glazing-Wiping2-660x660.webp 660w\" sizes=\"(max-width: 1080px) 100vw, 1080px\" \/><\/figure>\n<\/div>\n<\/div>\n<\/div>\n<\/div>\n<\/div>\n<\/div>","protected":false},"excerpt":{"rendered":"<p>Factory Direct propose des prix de gros d'usine. La machine \u00e0 essuyer les gla\u00e7ures c\u00e9ramiques utilise une \u00e9ponge de haute qualit\u00e9 pour nettoyer le fond. L'\u00e9ponge a une fonction d'auto-nettoyage. Il y a une bande simple et une bande double.<\/p>\n<h2>Une solution unique pour les c<strong>machine d'essuyage de vitrages \u00e9ramiques<\/strong> :<\/h2>\n<ol>\n<li>Conception personnalis\u00e9e : Nous proposons des solutions de conception sur mesure pour r\u00e9pondre aux besoins sp\u00e9cifiques et aux exigences de production de nos clients, en garantissant l'int\u00e9gration transparente du produit dans leur ligne de production.<\/li>\n<li>Assistance technique et formation \u00e0 l'utilisation : Nous offrons une assistance technique et une formation \u00e0 l'utilisation 24 heures sur 24 afin de garantir que les clients comprennent les m\u00e9thodes d'utilisation des \u00e9quipements et les techniques d'entretien.<\/li>\n<li>Fourniture de pi\u00e8ces d\u00e9tach\u00e9es : Nous fournissons les composants et les pi\u00e8ces de rechange n\u00e9cessaires \u00e0 l'\u00e9quipement, ce qui garantit un fonctionnement stable \u00e0 long terme.<\/li>\n<\/ol>","protected":false},"featured_media":3634,"template":"","meta":{"_acf_changed":false},"product_brand":[],"product_cat":[57],"product_tag":[69],"class_list":{"0":"post-3630","1":"product","2":"type-product","3":"status-publish","4":"has-post-thumbnail","6":"product_cat-ceramic-glazing-machine","7":"product_tag-ceramic-glazing-wiping-machine","9":"first","10":"instock","11":"shipping-taxable","12":"product-type-simple"},"acf":{"customization_content":"<h2><\/h2>\r\n<div><\/div>","customization_content_source":{"label":"Customization Content","type":"wysiwyg","formatted_value":"<h2><\/h2>\n<div><\/div>\n"},"why_choose_us_content":"<h2 style=\"text-align: center;\">Why Choose Us as Your Glazing Wiping Machine\u00a0Supplier<\/h2>\r\n\r\n<hr \/>\r\n<p style=\"text-align: center;\">Yutai as a ceramic tableware manufacturer, maintains strict quality standards and excellent service. Revolutionize your manufacturing processes with cutting-edge automation technology that streamlines forming and enhances efficiency.<\/p>","why_choose_us_content_source":{"label":"Why Choose Us Content","type":"wysiwyg","formatted_value":"<h2 style=\"text-align: center;\">Why Choose Us as Your Glazing Wiping Machine\u00a0Supplier<\/h2>\n<hr \/>\n<p style=\"text-align: center;\">Yutai as a ceramic tableware manufacturer, maintains strict quality standards and excellent service. Revolutionize your manufacturing processes with cutting-edge automation technology that streamlines forming and enhances efficiency.<\/p>\n"}},"_links":{"self":[{"href":"https:\/\/yutaimachinery.com\/fr\/wp-json\/wp\/v2\/product\/3630","targetHints":{"allow":["GET"]}}],"collection":[{"href":"https:\/\/yutaimachinery.com\/fr\/wp-json\/wp\/v2\/product"}],"about":[{"href":"https:\/\/yutaimachinery.com\/fr\/wp-json\/wp\/v2\/types\/product"}],"version-history":[{"count":0,"href":"https:\/\/yutaimachinery.com\/fr\/wp-json\/wp\/v2\/product\/3630\/revisions"}],"wp:featuredmedia":[{"embeddable":true,"href":"https:\/\/yutaimachinery.com\/fr\/wp-json\/wp\/v2\/media\/3634"}],"wp:attachment":[{"href":"https:\/\/yutaimachinery.com\/fr\/wp-json\/wp\/v2\/media?parent=3630"}],"wp:term":[{"taxonomy":"product_brand","embeddable":true,"href":"https:\/\/yutaimachinery.com\/fr\/wp-json\/wp\/v2\/product_brand?post=3630"},{"taxonomy":"product_cat","embeddable":true,"href":"https:\/\/yutaimachinery.com\/fr\/wp-json\/wp\/v2\/product_cat?post=3630"},{"taxonomy":"product_tag","embeddable":true,"href":"https:\/\/yutaimachinery.com\/fr\/wp-json\/wp\/v2\/product_tag?post=3630"}],"curies":[{"name":"wp","href":"https:\/\/api.w.org\/{rel}","templated":true}]}}