{"id":3596,"date":"2024-04-07T19:04:42","date_gmt":"2024-04-07T11:04:42","guid":{"rendered":"https:\/\/yutaimachinery.com\/?post_type=product&#038;p=3596"},"modified":"2024-04-07T20:14:12","modified_gmt":"2024-04-07T12:14:12","slug":"broyeur-a-boulets","status":"publish","type":"product","link":"https:\/\/yutaimachinery.com\/fr\/product\/ball-mill\/","title":{"rendered":"Broyeur \u00e0 billes pour le broyage des mati\u00e8res premi\u00e8res c\u00e9ramiques"},"content":{"rendered":"<div class=\"wp-block-columns is-layout-flex wp-container-core-columns-is-layout-9d6595d7 wp-block-columns-is-layout-flex\">\n<div class=\"wp-block-column is-layout-flow wp-block-column-is-layout-flow\">\n<figure class=\"wp-block-embed is-type-video is-provider-youtube wp-block-embed-youtube wp-embed-aspect-16-9 wp-has-aspect-ratio\"><div class=\"wp-block-embed__wrapper\">\n<iframe title=\"BROYEUR \u00c0 BOULETS\" width=\"940\" height=\"529\" src=\"https:\/\/www.youtube.com\/embed\/54ySjxX3mpU?feature=oembed\" frameborder=\"0\" allow=\"accelerometer; autoplay; clipboard-write; encrypted-media; gyroscope; picture-in-picture; web-share\" referrerpolicy=\"strict-origin-when-cross-origin\" allowfullscreen><\/iframe>\n<\/div><\/figure>\n<\/div>\n\n\n\n<div class=\"wp-block-column is-layout-flow wp-block-column-is-layout-flow\">\n<h2 class=\"wp-block-heading\"><strong>Caract\u00e9ristiques du broyeur \u00e0 boulets<\/strong><\/h2>\n\n\n\n<p>Le broyeur \u00e0 billes est utilis\u00e9 pour broyer les mati\u00e8res premi\u00e8res c\u00e9ramiques. Le broyeur \u00e0 billes intermittent d\u00e9pend de la rotation et du glissement relatif de la meule \u00e0 billes pour r\u00e9pondre aux exigences de finesse du mat\u00e9riau.<\/p>\n\n\n\n<p>Polyvalence : Nous proposons une large gamme d'options allant de 35 kg \u00e0 2 tonnes. Qu'il s'agisse d'un traitement par lots \u00e0 petite \u00e9chelle ou d'une production \u00e0 grande \u00e9chelle, notre broyeur \u00e0 billes s'adapte \u00e0 diff\u00e9rentes capacit\u00e9s.<\/p>\n\n\n\n<p>Durabilit\u00e9 : Les briques d'alumine \u00e0 haute teneur en corindon ou les briques de marbre, les briques d'alumine \u00e0 l'int\u00e9rieur du broyeur \u00e0 boulets ont une structure plus solide, ce qui garantit leur durabilit\u00e9.<\/p>\n<\/div>\n<\/div>\n\n\n\n<div class=\"wp-block-columns is-layout-flex wp-container-core-columns-is-layout-9d6595d7 wp-block-columns-is-layout-flex\">\n<div class=\"wp-block-column is-layout-flow wp-block-column-is-layout-flow\">\n<h2 class=\"wp-block-heading\"><strong>Param\u00e8tres du broyeur \u00e0 boulets<\/strong><\/h2>\n\n\n\n<figure class=\"wp-block-table\"><table><tbody><tr><td>Nom<\/td><td>Dimension(l x l x h)mm<\/td><td>Capacit\u00e9<\/td><td>Puissance (kw)<\/td><\/tr><tr><td>Moulin \u00e0 boulets de 35 kgs<\/td><td>950x800x1160mm<\/td><td>35 kg\/temps<\/td><td>1,5kw\/380v<\/td><\/tr><tr><td>Moulin \u00e0 boulets de 50 kgs<\/td><td>1055x880x1230mm<\/td><td>50 kg\/temps<\/td><td>1,5kw\/380v<\/td><\/tr><tr><td>Moulin \u00e0 boulets de 100 kgs<\/td><td>1170x1100x1300mm<\/td><td>100kgs\/temps<\/td><td>1,5kw\/380v<\/td><\/tr><tr><td>Moulin \u00e0 boulets de 150 kgs<\/td><td>1200x1150x1350mm<\/td><td>150kgs\/temps<\/td><td>2kw\/380v<\/td><\/tr><tr><td>broyeur \u00e0 boulets de 200 kgs<\/td><td>1500x1950x1160mm<\/td><td>200kgs\/temps<\/td><td>2.2kw\/380v<\/td><\/tr><tr><td>broyeur \u00e0 boulets de 300 kgs<\/td><td>2150x1600x1700mm<\/td><td>300kgs\/temps<\/td><td>3kw\/380v<\/td><\/tr><tr><td>broyeur \u00e0 boulets de 500 kgs<\/td><td>2330x1660x1700mm<\/td><td>500kgs\/temps<\/td><td>5,5kw\/380v<\/td><\/tr><tr><td>broyeur \u00e0 boulets de 1 tonne<\/td><td>2400x2200x2100mm<\/td><td>1 t\/temps<\/td><td>11kw\/380v<\/td><\/tr><tr><td>Moulin \u00e0 boulets de 2 tonnes<\/td><td>3000x1800x2200mm<\/td><td>2t\/temps<\/td><td>18kw\/380v<\/td><\/tr><tr><td>broyeur \u00e0 boulets 3t<\/td><td>3500x2200x2300mm<\/td><td>3t\/temps<\/td><td>30kw\/380v<\/td><\/tr><\/tbody><\/table><\/figure>\n<\/div>\n<\/div>","protected":false},"excerpt":{"rendered":"<p>Notre broyeur \u00e0 billes pour c\u00e9ramiques a une capacit\u00e9 de 35 kg \u00e0 2 t et est utilis\u00e9 pour le broyage des mati\u00e8res premi\u00e8res c\u00e9ramiques. Les ventes directes de l'usine et la distribution mondiale fournissent des solutions uniques pour assurer une efficacit\u00e9 de production optimale pour diverses applications.<\/p>\n<h2>Une solution unique pour b<strong>tous les moulins<\/strong> :<\/h2>\n<ol>\n<li>Personnalisation : Services de personnalisation pour adapter le broyeur \u00e0 boulets aux exigences et applications sp\u00e9cifiques du client.<\/li>\n<li>Soutien \u00e0 la formation : Fournir une formation \u00e0 l'utilisation et une assistance technique pour s'assurer que les clients peuvent utiliser et entretenir l'\u00e9quipement de mani\u00e8re efficace.<\/li>\n<li>Fourniture de pi\u00e8ces d\u00e9tach\u00e9es : Fournir des services de fourniture de pi\u00e8ces d\u00e9tach\u00e9es d'origine afin que les clients puissent avoir acc\u00e8s \u00e0 tout moment \u00e0 des pi\u00e8ces d\u00e9tach\u00e9es et \u00e0 des consommables de haute qualit\u00e9.<\/li>\n<\/ol>","protected":false},"featured_media":3605,"template":"","meta":{"_acf_changed":false},"product_brand":[],"product_cat":[54],"product_tag":[67],"class_list":{"0":"post-3596","1":"product","2":"type-product","3":"status-publish","4":"has-post-thumbnail","6":"product_cat-clay-making-machine","7":"product_tag-ball-mill","9":"first","10":"instock","11":"shipping-taxable","12":"product-type-simple"},"acf":{"customization_content":"<h2><\/h2>\r\n<div><\/div>","customization_content_source":{"label":"Customization Content","type":"wysiwyg","formatted_value":"<h2><\/h2>\n<div><\/div>\n"},"why_choose_us_content":"<h2 style=\"text-align: center;\">Why Choose Us as Your <strong>Ball Mill<\/strong> Supplier<\/h2>\r\n\r\n<hr \/>\r\n<p style=\"text-align: center;\">Yutai as a ceramic tableware manufacturer, maintains strict quality standards and excellent service. Revolutionize your manufacturing processes with cutting-edge automation technology that streamlines forming and enhances efficiency.<\/p>","why_choose_us_content_source":{"label":"Why Choose Us Content","type":"wysiwyg","formatted_value":"<h2 style=\"text-align: center;\">Why Choose Us as Your <strong>Ball Mill<\/strong> Supplier<\/h2>\n<hr \/>\n<p style=\"text-align: center;\">Yutai as a ceramic tableware manufacturer, maintains strict quality standards and excellent service. Revolutionize your manufacturing processes with cutting-edge automation technology that streamlines forming and enhances efficiency.<\/p>\n"}},"_links":{"self":[{"href":"https:\/\/yutaimachinery.com\/fr\/wp-json\/wp\/v2\/product\/3596","targetHints":{"allow":["GET"]}}],"collection":[{"href":"https:\/\/yutaimachinery.com\/fr\/wp-json\/wp\/v2\/product"}],"about":[{"href":"https:\/\/yutaimachinery.com\/fr\/wp-json\/wp\/v2\/types\/product"}],"version-history":[{"count":0,"href":"https:\/\/yutaimachinery.com\/fr\/wp-json\/wp\/v2\/product\/3596\/revisions"}],"wp:featuredmedia":[{"embeddable":true,"href":"https:\/\/yutaimachinery.com\/fr\/wp-json\/wp\/v2\/media\/3605"}],"wp:attachment":[{"href":"https:\/\/yutaimachinery.com\/fr\/wp-json\/wp\/v2\/media?parent=3596"}],"wp:term":[{"taxonomy":"product_brand","embeddable":true,"href":"https:\/\/yutaimachinery.com\/fr\/wp-json\/wp\/v2\/product_brand?post=3596"},{"taxonomy":"product_cat","embeddable":true,"href":"https:\/\/yutaimachinery.com\/fr\/wp-json\/wp\/v2\/product_cat?post=3596"},{"taxonomy":"product_tag","embeddable":true,"href":"https:\/\/yutaimachinery.com\/fr\/wp-json\/wp\/v2\/product_tag?post=3596"}],"curies":[{"name":"wp","href":"https:\/\/api.w.org\/{rel}","templated":true}]}}