{"id":3583,"date":"2024-04-07T17:50:57","date_gmt":"2024-04-07T09:50:57","guid":{"rendered":"https:\/\/yutaimachinery.com\/?post_type=product&#038;p=3583"},"modified":"2024-04-07T19:19:25","modified_gmt":"2024-04-07T11:19:25","slug":"broyeur-de-fond-en-ceramique","status":"publish","type":"product","link":"https:\/\/yutaimachinery.com\/fr\/product\/ceramic-bottom-grinder\/","title":{"rendered":"Moulin \u00e0 fond en c\u00e9ramique Mugs Bols Polissage lisse en direct de l'usine"},"content":{"rendered":"<div class=\"wp-block-columns is-layout-flex wp-container-core-columns-is-layout-9d6595d7 wp-block-columns-is-layout-flex\">\n<div class=\"wp-block-column is-layout-flow wp-block-column-is-layout-flow\">\n<figure class=\"wp-block-embed is-type-video is-provider-youtube wp-block-embed-youtube wp-embed-aspect-16-9 wp-has-aspect-ratio\"><div class=\"wp-block-embed__wrapper\">\n<iframe title=\"Comment rendre le fond de la c\u00e9ramique lisse ?\" width=\"940\" height=\"529\" src=\"https:\/\/www.youtube.com\/embed\/W_4sH7umxI0?feature=oembed\" frameborder=\"0\" allow=\"accelerometer; autoplay; clipboard-write; encrypted-media; gyroscope; picture-in-picture; web-share\" referrerpolicy=\"strict-origin-when-cross-origin\" allowfullscreen><\/iframe>\n<\/div><\/figure>\n<\/div>\n\n\n\n<div class=\"wp-block-column is-layout-flow wp-block-column-is-layout-flow\">\n<h2 class=\"wp-block-heading\"><strong>Caract\u00e9ristiques du broyeur de fond en c\u00e9ramique<\/strong><\/h2>\n\n\n\n<p>Meulage de pr\u00e9cision : Sp\u00e9cialement con\u00e7u pour les fonds en c\u00e9ramique afin de garantir des surfaces lisses et r\u00e9guli\u00e8res, am\u00e9liorant ainsi la qualit\u00e9 et l'aspect du produit.<\/p>\n\n\n\n<p>Efficacit\u00e9 de production \u00e9lev\u00e9e : Le processus de broyage automatis\u00e9 am\u00e9liore l'efficacit\u00e9 de la production, en r\u00e9duisant les interventions manuelles et les co\u00fbts de temps.<\/p>\n\n\n\n<p>R\u00e9glable : Profondeur et vitesse de broyage r\u00e9glables pour r\u00e9pondre aux besoins individuels des clients pour diff\u00e9rents produits.<\/p>\n<\/div>\n<\/div>\n\n\n\n<div class=\"wp-block-columns is-layout-flex wp-container-core-columns-is-layout-9d6595d7 wp-block-columns-is-layout-flex\">\n<div class=\"wp-block-column is-layout-flow wp-block-column-is-layout-flow\">\n<div class=\"wp-block-columns is-layout-flex wp-container-core-columns-is-layout-9d6595d7 wp-block-columns-is-layout-flex\">\n<div class=\"wp-block-column is-layout-flow wp-block-column-is-layout-flow\">\n<figure class=\"wp-block-image size-full\"><img fetchpriority=\"high\" decoding=\"async\" width=\"640\" height=\"640\" src=\"https:\/\/yutaimachinery.com\/wp-content\/uploads\/2024\/04\/ceramic-bottom-grinder7.webp\" alt=\"broyeur de fond en c\u00e9ramique\" class=\"wp-image-3592\" title=\"\" srcset=\"https:\/\/yutaimachinery.com\/wp-content\/uploads\/2024\/04\/ceramic-bottom-grinder7.webp 640w, https:\/\/yutaimachinery.com\/wp-content\/uploads\/2024\/04\/ceramic-bottom-grinder7-300x300.webp 300w, https:\/\/yutaimachinery.com\/wp-content\/uploads\/2024\/04\/ceramic-bottom-grinder7-150x150.webp 150w, https:\/\/yutaimachinery.com\/wp-content\/uploads\/2024\/04\/ceramic-bottom-grinder7-285x285.webp 285w, https:\/\/yutaimachinery.com\/wp-content\/uploads\/2024\/04\/ceramic-bottom-grinder7-270x270.webp 270w, https:\/\/yutaimachinery.com\/wp-content\/uploads\/2024\/04\/ceramic-bottom-grinder7-540x540.webp 540w\" sizes=\"(max-width: 640px) 100vw, 640px\" \/><\/figure>\n<\/div>\n\n\n\n<div class=\"wp-block-column is-layout-flow wp-block-column-is-layout-flow\">\n<h2 class=\"wp-block-heading\">Param\u00e8tre de <strong>Broyeur de fond en c\u00e9ramique<\/strong><\/h2>\n\n\n\n<figure class=\"wp-block-table\"><table><tbody><tr><td colspan=\"2\">Mod\u00e8le<\/td><td>400<\/td><\/tr><tr><td colspan=\"2\">Diam\u00e8tre de la maille (cm)<\/td><td>75x90x80cm(h)<\/td><\/tr><tr><td colspan=\"2\">Puissance (kw)<\/td><td>200W<\/td><\/tr><tr><td colspan=\"2\">Poids (kgs)<\/td><td>50 kg<\/td><\/tr><\/tbody><\/table><\/figure>\n<\/div>\n<\/div>\n<\/div>\n<\/div>","protected":false},"excerpt":{"rendered":"<p>Le broyeur de fond de c\u00e9ramique manuel est utilis\u00e9 pour broyer et tailler le fond des assiettes, bols, tasses et soucoupes en c\u00e9ramique cuite, etc. avec un dispositif de circulation de l'eau pour \u00e9viter la poussi\u00e8re.<\/p>\n<h2>Une solution unique pour le broyeur de fond en c\u00e9ramique :<\/h2>\n<ol>\n<li>Du sur-mesure personnalis\u00e9 : Prise en charge des pi\u00e8ces d'\u00e9quipement, des accessoires et des applications personnalis\u00e9s.<\/li>\n<li>Soutien \u00e0 la formation : Fournir une formation \u00e0 l'utilisation et une assistance technique pour s'assurer que les clients peuvent utiliser et entretenir l'\u00e9quipement de mani\u00e8re efficace.<\/li>\n<li>Fourniture de pi\u00e8ces d\u00e9tach\u00e9es : Fournir des services de fourniture de pi\u00e8ces d\u00e9tach\u00e9es d'origine afin que les clients puissent avoir acc\u00e8s \u00e0 tout moment \u00e0 des pi\u00e8ces d\u00e9tach\u00e9es et \u00e0 des consommables de haute qualit\u00e9.<\/li>\n<\/ol>","protected":false},"featured_media":3592,"template":"","meta":{"_acf_changed":false},"product_brand":[],"product_cat":[60],"product_tag":[],"class_list":{"0":"post-3583","1":"product","2":"type-product","3":"status-publish","4":"has-post-thumbnail","6":"product_cat-ceramic-bottom-grinder","8":"first","9":"instock","10":"shipping-taxable","11":"product-type-simple"},"acf":{"customization_content":"<h2><\/h2>\r\n<div><\/div>","customization_content_source":{"label":"Customization Content","type":"wysiwyg","formatted_value":"<h2><\/h2>\n<div><\/div>\n"},"why_choose_us_content":"<h2 style=\"text-align: center;\">Why Choose Us as Your Ceramic Bottom Grinder Supplier<\/h2>\r\n\r\n<hr \/>\r\n<p style=\"text-align: center;\">Yutai as a ceramic tableware manufacturer, maintains strict quality standards and excellent service. Revolutionize your manufacturing processes with cutting-edge automation technology that streamlines forming and enhances efficiency.<\/p>","why_choose_us_content_source":{"label":"Why Choose Us Content","type":"wysiwyg","formatted_value":"<h2 style=\"text-align: center;\">Why Choose Us as Your Ceramic Bottom Grinder Supplier<\/h2>\n<hr \/>\n<p style=\"text-align: center;\">Yutai as a ceramic tableware manufacturer, maintains strict quality standards and excellent service. Revolutionize your manufacturing processes with cutting-edge automation technology that streamlines forming and enhances efficiency.<\/p>\n"}},"_links":{"self":[{"href":"https:\/\/yutaimachinery.com\/fr\/wp-json\/wp\/v2\/product\/3583","targetHints":{"allow":["GET"]}}],"collection":[{"href":"https:\/\/yutaimachinery.com\/fr\/wp-json\/wp\/v2\/product"}],"about":[{"href":"https:\/\/yutaimachinery.com\/fr\/wp-json\/wp\/v2\/types\/product"}],"version-history":[{"count":0,"href":"https:\/\/yutaimachinery.com\/fr\/wp-json\/wp\/v2\/product\/3583\/revisions"}],"wp:featuredmedia":[{"embeddable":true,"href":"https:\/\/yutaimachinery.com\/fr\/wp-json\/wp\/v2\/media\/3592"}],"wp:attachment":[{"href":"https:\/\/yutaimachinery.com\/fr\/wp-json\/wp\/v2\/media?parent=3583"}],"wp:term":[{"taxonomy":"product_brand","embeddable":true,"href":"https:\/\/yutaimachinery.com\/fr\/wp-json\/wp\/v2\/product_brand?post=3583"},{"taxonomy":"product_cat","embeddable":true,"href":"https:\/\/yutaimachinery.com\/fr\/wp-json\/wp\/v2\/product_cat?post=3583"},{"taxonomy":"product_tag","embeddable":true,"href":"https:\/\/yutaimachinery.com\/fr\/wp-json\/wp\/v2\/product_tag?post=3583"}],"curies":[{"name":"wp","href":"https:\/\/api.w.org\/{rel}","templated":true}]}}