{"id":3575,"date":"2024-04-07T16:56:21","date_gmt":"2024-04-07T08:56:21","guid":{"rendered":"https:\/\/yutaimachinery.com\/?post_type=product&#038;p=3575"},"modified":"2024-04-07T19:19:04","modified_gmt":"2024-04-07T11:19:04","slug":"machine-a-dessiner-les-lignes-ceramiques","status":"publish","type":"product","link":"https:\/\/yutaimachinery.com\/fr\/product\/ceramic-line-drawing-machine\/","title":{"rendered":"Machine \u00e0 dessiner des lignes en c\u00e9ramique pour la d\u00e9coration des bords de la vaisselle"},"content":{"rendered":"<div class=\"wp-block-columns is-layout-flex wp-container-core-columns-is-layout-9d6595d7 wp-block-columns-is-layout-flex\">\n<div class=\"wp-block-column is-layout-flow wp-block-column-is-layout-flow\">\n<figure class=\"wp-block-embed is-type-video is-provider-youtube wp-block-embed-youtube wp-embed-aspect-4-3 wp-has-aspect-ratio\"><div class=\"wp-block-embed__wrapper\">\n<iframe title=\"Machine \u00e0 rimer les assiettes en c\u00e9ramique, les bols et les tasses\" width=\"940\" height=\"705\" src=\"https:\/\/www.youtube.com\/embed\/wIm7uIqTYLA?feature=oembed\" frameborder=\"0\" allow=\"accelerometer; autoplay; clipboard-write; encrypted-media; gyroscope; picture-in-picture; web-share\" referrerpolicy=\"strict-origin-when-cross-origin\" allowfullscreen><\/iframe>\n<\/div><\/figure>\n<\/div>\n\n\n\n<div class=\"wp-block-column is-layout-flow wp-block-column-is-layout-flow\">\n<h2 class=\"wp-block-heading\"><strong>Caract\u00e9ristiques de la machine \u00e0 dessiner les lignes c\u00e9ramiques<\/strong><\/h2>\n\n\n\n<p>Pr\u00e9cision : Assure un dessin pr\u00e9cis et exact des lignes c\u00e9ramiques, am\u00e9liorant ainsi la qualit\u00e9 et l'aspect du produit. <\/p>\n\n\n\n<p>Efficacit\u00e9 : Augmente l'efficacit\u00e9 de la production en automatisant le processus de dessin au trait, en r\u00e9duisant le travail manuel et la consommation de temps. <\/p>\n\n\n\n<p>Coh\u00e9rence : Maintient une \u00e9paisseur de trait et une qualit\u00e9 constantes tout au long du processus de production, ce qui se traduit par une uniformit\u00e9 des produits c\u00e9ramiques. <\/p>\n\n\n\n<p>Polyvalence : Peut \u00eatre ajust\u00e9 pour s'adapter \u00e0 diff\u00e9rents mod\u00e8les de lignes et de motifs, offrant ainsi une grande flexibilit\u00e9 dans la personnalisation des produits.<\/p>\n<\/div>\n<\/div>\n\n\n\n<div class=\"wp-block-columns is-layout-flex wp-container-core-columns-is-layout-9d6595d7 wp-block-columns-is-layout-flex\">\n<div class=\"wp-block-column is-layout-flow wp-block-column-is-layout-flow\">\n<figure class=\"wp-block-image size-full\"><img fetchpriority=\"high\" decoding=\"async\" width=\"1280\" height=\"1280\" src=\"https:\/\/yutaimachinery.com\/wp-content\/uploads\/2024\/04\/Ceramic-Line-Drawing-Machine3.webp\" alt=\"Machine \u00e0 dessiner les lignes c\u00e9ramiques\" class=\"wp-image-3578\" title=\"\" srcset=\"https:\/\/yutaimachinery.com\/wp-content\/uploads\/2024\/04\/Ceramic-Line-Drawing-Machine3.webp 1280w, https:\/\/yutaimachinery.com\/wp-content\/uploads\/2024\/04\/Ceramic-Line-Drawing-Machine3-300x300.webp 300w, https:\/\/yutaimachinery.com\/wp-content\/uploads\/2024\/04\/Ceramic-Line-Drawing-Machine3-150x150.webp 150w, https:\/\/yutaimachinery.com\/wp-content\/uploads\/2024\/04\/Ceramic-Line-Drawing-Machine3-768x768.webp 768w, https:\/\/yutaimachinery.com\/wp-content\/uploads\/2024\/04\/Ceramic-Line-Drawing-Machine3-285x285.webp 285w, https:\/\/yutaimachinery.com\/wp-content\/uploads\/2024\/04\/Ceramic-Line-Drawing-Machine3-270x270.webp 270w, https:\/\/yutaimachinery.com\/wp-content\/uploads\/2024\/04\/Ceramic-Line-Drawing-Machine3-540x540.webp 540w, https:\/\/yutaimachinery.com\/wp-content\/uploads\/2024\/04\/Ceramic-Line-Drawing-Machine3-660x660.webp 660w\" sizes=\"(max-width: 1280px) 100vw, 1280px\" \/><\/figure>\n<\/div>\n\n\n\n<div class=\"wp-block-column is-layout-flow wp-block-column-is-layout-flow\">\n<h2 class=\"wp-block-heading\">Param\u00e8tres de la machine \u00e0 dessiner les lignes c\u00e9ramiques<\/h2>\n\n\n\n<figure class=\"wp-block-table\"><table><tbody><tr><td>Mod\u00e8le<\/td><td>YT-HXJ<\/td><\/tr><tr><td>Capacit\u00e9<\/td><td>30-50 par heure<\/td><\/tr><tr><td>Puissance (kw)<\/td><td>2kw<\/td><\/tr><tr><td>Dimension(lxwxh)<\/td><td>80x100x150(h)<\/td><\/tr><tr><td>Poids (kgs)<\/td><td>100<\/td><\/tr><\/tbody><\/table><\/figure>\n<\/div>\n<\/div>","protected":false},"excerpt":{"rendered":"<p>Yutai, en tant que fabricant de machines pour la c\u00e9ramique, propose une gamme compl\u00e8te de machines d'impression pour la c\u00e9ramique. Nos machines \u00e0 dessiner des lignes sont pr\u00e9cises et conviennent pour dessiner des lignes de diff\u00e9rentes couleurs sur le dessus des bols, les c\u00f4t\u00e9s, les embouchures et les c\u00f4t\u00e9s des plaques, et toutes sortes de c\u00e9ramiques.<\/p>\n<h2>Solution unique pour les machines \u00e0 dessiner les lignes c\u00e9ramiques :<\/h2>\n<ol>\n<li>Du sur-mesure personnalis\u00e9 : Prise en charge des pi\u00e8ces d'\u00e9quipement, des accessoires et des applications personnalis\u00e9s.<\/li>\n<li>Soutien \u00e0 la formation : Fournir une formation \u00e0 l'utilisation et une assistance technique pour s'assurer que les clients peuvent utiliser et entretenir l'\u00e9quipement de mani\u00e8re efficace.<\/li>\n<li>Fourniture de pi\u00e8ces d\u00e9tach\u00e9es : Fournir des services de fourniture de pi\u00e8ces d\u00e9tach\u00e9es d'origine afin que les clients puissent avoir acc\u00e8s \u00e0 tout moment \u00e0 des pi\u00e8ces d\u00e9tach\u00e9es et \u00e0 des consommables de haute qualit\u00e9.<\/li>\n<\/ol>","protected":false},"featured_media":3577,"template":"","meta":{"_acf_changed":false},"product_brand":[],"product_cat":[59],"product_tag":[66],"class_list":{"0":"post-3575","1":"product","2":"type-product","3":"status-publish","4":"has-post-thumbnail","6":"product_cat-ceramic-printing-machine","7":"product_tag-ceramic-line-drawing-machine","9":"first","10":"instock","11":"shipping-taxable","12":"product-type-simple"},"acf":{"customization_content":"<h2><\/h2>\r\n<div><\/div>","customization_content_source":{"label":"Customization Content","type":"wysiwyg","formatted_value":"<h2><\/h2>\n<div><\/div>\n"},"why_choose_us_content":"<h2 style=\"text-align: center;\">Why Choose Us as Your Ceramic Line Drawing Machine Supplier<\/h2>\r\n\r\n<hr \/>\r\n<p style=\"text-align: center;\">Yutai as a ceramic tableware manufacturer, maintains strict quality standards and excellent service. Revolutionize your manufacturing processes with cutting-edge automation technology that streamlines forming and enhances efficiency.<\/p>","why_choose_us_content_source":{"label":"Why Choose Us Content","type":"wysiwyg","formatted_value":"<h2 style=\"text-align: center;\">Why Choose Us as Your Ceramic Line Drawing Machine Supplier<\/h2>\n<hr \/>\n<p style=\"text-align: center;\">Yutai as a ceramic tableware manufacturer, maintains strict quality standards and excellent service. Revolutionize your manufacturing processes with cutting-edge automation technology that streamlines forming and enhances efficiency.<\/p>\n"}},"_links":{"self":[{"href":"https:\/\/yutaimachinery.com\/fr\/wp-json\/wp\/v2\/product\/3575","targetHints":{"allow":["GET"]}}],"collection":[{"href":"https:\/\/yutaimachinery.com\/fr\/wp-json\/wp\/v2\/product"}],"about":[{"href":"https:\/\/yutaimachinery.com\/fr\/wp-json\/wp\/v2\/types\/product"}],"version-history":[{"count":0,"href":"https:\/\/yutaimachinery.com\/fr\/wp-json\/wp\/v2\/product\/3575\/revisions"}],"wp:featuredmedia":[{"embeddable":true,"href":"https:\/\/yutaimachinery.com\/fr\/wp-json\/wp\/v2\/media\/3577"}],"wp:attachment":[{"href":"https:\/\/yutaimachinery.com\/fr\/wp-json\/wp\/v2\/media?parent=3575"}],"wp:term":[{"taxonomy":"product_brand","embeddable":true,"href":"https:\/\/yutaimachinery.com\/fr\/wp-json\/wp\/v2\/product_brand?post=3575"},{"taxonomy":"product_cat","embeddable":true,"href":"https:\/\/yutaimachinery.com\/fr\/wp-json\/wp\/v2\/product_cat?post=3575"},{"taxonomy":"product_tag","embeddable":true,"href":"https:\/\/yutaimachinery.com\/fr\/wp-json\/wp\/v2\/product_tag?post=3575"}],"curies":[{"name":"wp","href":"https:\/\/api.w.org\/{rel}","templated":true}]}}