{"id":3438,"date":"2024-04-06T14:18:08","date_gmt":"2024-04-06T06:18:08","guid":{"rendered":"https:\/\/yutaimachinery.com\/?post_type=product&#038;p=3438"},"modified":"2024-04-17T09:35:21","modified_gmt":"2024-04-17T01:35:21","slug":"four-tunnel-2","status":"publish","type":"product","link":"https:\/\/yutaimachinery.com\/fr\/product\/tunnel-kiln\/","title":{"rendered":"Four tunnel automatique \u00e0 haut rendement pour l'industrie"},"content":{"rendered":"<div class=\"wp-block-columns is-layout-flex wp-container-core-columns-is-layout-9d6595d7 wp-block-columns-is-layout-flex\">\n<div class=\"wp-block-column is-layout-flow wp-block-column-is-layout-flow\">\n<figure class=\"wp-block-embed is-type-video is-provider-youtube wp-block-embed-youtube wp-embed-aspect-4-3 wp-has-aspect-ratio\"><div class=\"wp-block-embed__wrapper\">\n<iframe title=\"four tunnel \u00e0 d\u00e9coration c\u00e9ramique\" width=\"940\" height=\"705\" src=\"https:\/\/www.youtube.com\/embed\/yTTW1kYA210?feature=oembed\" frameborder=\"0\" allow=\"accelerometer; autoplay; clipboard-write; encrypted-media; gyroscope; picture-in-picture; web-share\" referrerpolicy=\"strict-origin-when-cross-origin\" allowfullscreen><\/iframe>\n<\/div><\/figure>\n<\/div>\n\n\n\n<div class=\"wp-block-column is-layout-flow wp-block-column-is-layout-flow\">\n<h2 class=\"wp-block-heading\"><strong>Caract\u00e9ristiques du four tunnel<\/strong><\/h2>\n\n\n\n<p>Haut niveau d'automatisation : Le four tunnel est contr\u00f4l\u00e9 automatiquement par un micro-ordinateur PID, ce qui permet un contr\u00f4le pr\u00e9cis du processus de chauffage et r\u00e9duit les interventions manuelles.<\/p>\n\n\n\n<p>Contr\u00f4le uniforme de la temp\u00e9rature : Pendant le processus de cuisson, la quantit\u00e9 de gaz peut \u00eatre ajust\u00e9e automatiquement, ce qui permet de minimiser les diff\u00e9rences de temp\u00e9rature entre les diff\u00e9rentes sections du four, de r\u00e9duire la consommation de gaz et d'obtenir un taux de passage \u00e9lev\u00e9.<\/p>\n\n\n\n<p>Vaste champ d'application : Les fours \u00e0 tunnel peuvent \u00eatre utilis\u00e9s non seulement pour la cuisson de produits c\u00e9ramiques, mais aussi pour la cuisson et le traitement d'autres mat\u00e9riaux, ce qui t\u00e9moigne de leur polyvalence et de leur flexibilit\u00e9.<\/p>\n\n\n\n<p>\u00c9conomie d'\u00e9nergie et protection de l'environnement : la machine de combustion est efficace. La combustion est compl\u00e8te et ne produit pas de gaz d'\u00e9chappement polluants, ce qui est conforme aux exigences en mati\u00e8re de protection de l'environnement.<\/p>\n<\/div>\n<\/div>","protected":false},"excerpt":{"rendered":"<p>Notre four tunnel utilise des mat\u00e9riaux r\u00e9fractaires de haute qualit\u00e9 et est \u00e9quip\u00e9 d'un syst\u00e8me de contr\u00f4le automatis\u00e9 avanc\u00e9 pour contr\u00f4ler la temp\u00e9rature de mani\u00e8re uniforme et atteindre une capacit\u00e9 de production \u00e9lev\u00e9e. Il convient \u00e0 la cuisson \u00e9paisse et \u00e0 la cuisson de gla\u00e7age de la dolomie, de la porcelaine, de la c\u00e9ramique, des produits en argile, etc.<\/p>\n<h2>Une solution unique pour les fours tunnels :<\/h2>\n<ol>\n<li>Du sur-mesure personnalis\u00e9 : Prise en charge des pi\u00e8ces d'\u00e9quipement, des accessoires et des applications personnalis\u00e9s.<\/li>\n<li>Soutien \u00e0 la conception de l'agencement :  En fonction de la superficie de l'usine, du plan de production et de l'investissement en capital, nous fournissons des services professionnels de conception et d'agencement.<\/li>\n<li>Assistance technique et service : Des techniciens hautement qualifi\u00e9s assembleront vos machines et assureront la formation vid\u00e9o et l'assistance technique.<\/li>\n<\/ol>","protected":false},"featured_media":3552,"template":"","meta":{"_acf_changed":false},"product_brand":[],"product_cat":[58],"product_tag":[65],"class_list":{"0":"post-3438","1":"product","2":"type-product","3":"status-publish","4":"has-post-thumbnail","6":"product_cat-ceramic-kiln","7":"product_tag-tunnel-kiln","9":"first","10":"instock","11":"shipping-taxable","12":"product-type-simple"},"acf":{"customization_content":"<h2><\/h2>\r\n<div><\/div>","customization_content_source":{"label":"Customization Content","type":"wysiwyg","formatted_value":"<h2><\/h2>\n<div><\/div>\n"},"why_choose_us_content":"<h2 style=\"text-align: center;\">Why Choose Us as Your Automatic Tunnel Kiln Supplier<\/h2>\r\n\r\n<hr \/>\r\n<p style=\"text-align: center;\">Yutai as a ceramic tableware manufacturer, maintains strict quality standards and excellent service. Revolutionize your manufacturing processes with cutting-edge automation technology that streamlines forming and enhances efficiency.<\/p>","why_choose_us_content_source":{"label":"Why Choose Us Content","type":"wysiwyg","formatted_value":"<h2 style=\"text-align: center;\">Why Choose Us as Your Automatic Tunnel Kiln Supplier<\/h2>\n<hr \/>\n<p style=\"text-align: center;\">Yutai as a ceramic tableware manufacturer, maintains strict quality standards and excellent service. Revolutionize your manufacturing processes with cutting-edge automation technology that streamlines forming and enhances efficiency.<\/p>\n"}},"_links":{"self":[{"href":"https:\/\/yutaimachinery.com\/fr\/wp-json\/wp\/v2\/product\/3438","targetHints":{"allow":["GET"]}}],"collection":[{"href":"https:\/\/yutaimachinery.com\/fr\/wp-json\/wp\/v2\/product"}],"about":[{"href":"https:\/\/yutaimachinery.com\/fr\/wp-json\/wp\/v2\/types\/product"}],"version-history":[{"count":0,"href":"https:\/\/yutaimachinery.com\/fr\/wp-json\/wp\/v2\/product\/3438\/revisions"}],"wp:featuredmedia":[{"embeddable":true,"href":"https:\/\/yutaimachinery.com\/fr\/wp-json\/wp\/v2\/media\/3552"}],"wp:attachment":[{"href":"https:\/\/yutaimachinery.com\/fr\/wp-json\/wp\/v2\/media?parent=3438"}],"wp:term":[{"taxonomy":"product_brand","embeddable":true,"href":"https:\/\/yutaimachinery.com\/fr\/wp-json\/wp\/v2\/product_brand?post=3438"},{"taxonomy":"product_cat","embeddable":true,"href":"https:\/\/yutaimachinery.com\/fr\/wp-json\/wp\/v2\/product_cat?post=3438"},{"taxonomy":"product_tag","embeddable":true,"href":"https:\/\/yutaimachinery.com\/fr\/wp-json\/wp\/v2\/product_tag?post=3438"}],"curies":[{"name":"wp","href":"https:\/\/api.w.org\/{rel}","templated":true}]}}