{"id":3294,"date":"2024-04-05T15:17:39","date_gmt":"2024-04-05T07:17:39","guid":{"rendered":"https:\/\/yutaimachinery.com\/?post_type=product&#038;p=3294"},"modified":"2024-04-09T18:04:43","modified_gmt":"2024-04-09T10:04:43","slug":"machine-de-sechage-de-la-ceramique-2","status":"publish","type":"product","link":"https:\/\/yutaimachinery.com\/fr\/product\/ceramic-drying-machine\/","title":{"rendered":"Machine de s\u00e9chage de la c\u00e9ramique \u00e0 cha\u00eene \u00e0 haut rendement pour le s\u00e9chage de la c\u00e9ramique"},"content":{"rendered":"<div class=\"wp-block-columns is-layout-flex wp-container-core-columns-is-layout-9d6595d7 wp-block-columns-is-layout-flex\">\n<div class=\"wp-block-column is-layout-flow wp-block-column-is-layout-flow\">\n<figure class=\"wp-block-image size-large\"><img fetchpriority=\"high\" decoding=\"async\" width=\"1024\" height=\"1024\" src=\"https:\/\/yutaimachinery.com\/wp-content\/uploads\/2024\/04\/ceramic-drying-machine-1024x1024.webp\" alt=\"machine de s\u00e9chage de la c\u00e9ramique\" class=\"wp-image-3295\" title=\"\" srcset=\"https:\/\/yutaimachinery.com\/wp-content\/uploads\/2024\/04\/ceramic-drying-machine-1024x1024.webp 1024w, https:\/\/yutaimachinery.com\/wp-content\/uploads\/2024\/04\/ceramic-drying-machine-300x300.webp 300w, https:\/\/yutaimachinery.com\/wp-content\/uploads\/2024\/04\/ceramic-drying-machine-150x150.webp 150w, https:\/\/yutaimachinery.com\/wp-content\/uploads\/2024\/04\/ceramic-drying-machine-768x768.webp 768w, https:\/\/yutaimachinery.com\/wp-content\/uploads\/2024\/04\/ceramic-drying-machine-1536x1536.webp 1536w, https:\/\/yutaimachinery.com\/wp-content\/uploads\/2024\/04\/ceramic-drying-machine-2048x2048.webp 2048w, https:\/\/yutaimachinery.com\/wp-content\/uploads\/2024\/04\/ceramic-drying-machine-285x285.webp 285w, https:\/\/yutaimachinery.com\/wp-content\/uploads\/2024\/04\/ceramic-drying-machine-1600x1600.webp 1600w, https:\/\/yutaimachinery.com\/wp-content\/uploads\/2024\/04\/ceramic-drying-machine-270x270.webp 270w, https:\/\/yutaimachinery.com\/wp-content\/uploads\/2024\/04\/ceramic-drying-machine-540x540.webp 540w, https:\/\/yutaimachinery.com\/wp-content\/uploads\/2024\/04\/ceramic-drying-machine-660x660.webp 660w\" sizes=\"(max-width: 1024px) 100vw, 1024px\" \/><\/figure>\n<\/div>\n\n\n\n<div class=\"wp-block-column is-layout-flow wp-block-column-is-layout-flow\">\n<h2 class=\"wp-block-heading\">Caract\u00e9ristiques de la machine automatique de s\u00e9chage de la c\u00e9ramique<\/h2>\n\n\n\n<ol class=\"wp-block-list\">\n<li>Haute efficacit\u00e9 : La conception en cha\u00eene permet un s\u00e9chage continu et automatis\u00e9 des produits c\u00e9ramiques, maximisant ainsi l'efficacit\u00e9 et le rendement de la production.<\/li>\n\n\n\n<li>S\u00e9chage uniforme : Le processus de s\u00e9chage est uniforme pour tous les produits c\u00e9ramiques, ce qui garantit une \u00e9limination constante de l'humidit\u00e9 et emp\u00eache un s\u00e9chage in\u00e9gal ou la formation de fissures.<\/li>\n\n\n\n<li>Capacit\u00e9s d'int\u00e9gration : La ligne de s\u00e9chage peut \u00eatre int\u00e9gr\u00e9e de mani\u00e8re transparente \u00e0 d'autres \u00e9quipements de production, tels que des machines de formage, des lignes d'\u00e9maillage et des fours, afin de cr\u00e9er un processus de production de c\u00e9ramique enti\u00e8rement automatis\u00e9.<\/li>\n<\/ol>\n<\/div>\n<\/div>","protected":false},"excerpt":{"rendered":"<p>Choisissez le fabricant de machines \u00e0 c\u00e9ramique Yutai pour votre solution unique. Nous fournissons une assistance technique en mati\u00e8re de personnalisation et d'installation pour aider votre cha\u00eene de s\u00e9chage de c\u00e9ramique \u00e0 s'int\u00e9grer \u00e0 d'autres \u00e9quipements de production afin d'obtenir un processus de production de c\u00e9ramique enti\u00e8rement automatis\u00e9.<\/p>\n<h2>Solution unique pour les machines de s\u00e9chage de la c\u00e9ramique :<\/h2>\n<ol>\n<li>Du sur-mesure personnalis\u00e9 : Prise en charge des pi\u00e8ces d'\u00e9quipement, des accessoires et des applications personnalis\u00e9s.<\/li>\n<li>Soutien \u00e0 la conception de l'agencement :  En fonction de la superficie de l'usine, du plan de production et de l'investissement en capital, nous fournissons des services professionnels de conception et d'agencement.<\/li>\n<li>Assistance technique et service : Des techniciens hautement qualifi\u00e9s assembleront vos machines et assureront la formation vid\u00e9o et l'assistance technique.<\/li>\n<\/ol>","protected":false},"featured_media":3295,"template":"","meta":{"_acf_changed":false},"product_brand":[],"product_cat":[56],"product_tag":[71],"class_list":{"0":"post-3294","1":"product","2":"type-product","3":"status-publish","4":"has-post-thumbnail","6":"product_cat-ceramic-drying-machine","7":"product_tag-ceramic-drying-machine","9":"first","10":"instock","11":"shipping-taxable","12":"product-type-simple"},"acf":{"customization_content":"<h2><\/h2>\r\n<div><\/div>","customization_content_source":{"label":"Customization Content","type":"wysiwyg","formatted_value":"<h2><\/h2>\n<div><\/div>\n"},"why_choose_us_content":"<h2 style=\"text-align: center;\">Why Choose Us as Your Ceramic Drying Machine Supplier<\/h2>\r\n\r\n<hr \/>\r\n<p style=\"text-align: center;\">Yutai as a ceramic tableware manufacturer, maintains strict quality standards and excellent service. Revolutionize your manufacturing processes with cutting-edge automation technology that streamlines forming and enhances efficiency.<\/p>","why_choose_us_content_source":{"label":"Why Choose Us Content","type":"wysiwyg","formatted_value":"<h2 style=\"text-align: center;\">Why Choose Us as Your Ceramic Drying Machine Supplier<\/h2>\n<hr \/>\n<p style=\"text-align: center;\">Yutai as a ceramic tableware manufacturer, maintains strict quality standards and excellent service. Revolutionize your manufacturing processes with cutting-edge automation technology that streamlines forming and enhances efficiency.<\/p>\n"}},"_links":{"self":[{"href":"https:\/\/yutaimachinery.com\/fr\/wp-json\/wp\/v2\/product\/3294","targetHints":{"allow":["GET"]}}],"collection":[{"href":"https:\/\/yutaimachinery.com\/fr\/wp-json\/wp\/v2\/product"}],"about":[{"href":"https:\/\/yutaimachinery.com\/fr\/wp-json\/wp\/v2\/types\/product"}],"version-history":[{"count":0,"href":"https:\/\/yutaimachinery.com\/fr\/wp-json\/wp\/v2\/product\/3294\/revisions"}],"wp:featuredmedia":[{"embeddable":true,"href":"https:\/\/yutaimachinery.com\/fr\/wp-json\/wp\/v2\/media\/3295"}],"wp:attachment":[{"href":"https:\/\/yutaimachinery.com\/fr\/wp-json\/wp\/v2\/media?parent=3294"}],"wp:term":[{"taxonomy":"product_brand","embeddable":true,"href":"https:\/\/yutaimachinery.com\/fr\/wp-json\/wp\/v2\/product_brand?post=3294"},{"taxonomy":"product_cat","embeddable":true,"href":"https:\/\/yutaimachinery.com\/fr\/wp-json\/wp\/v2\/product_cat?post=3294"},{"taxonomy":"product_tag","embeddable":true,"href":"https:\/\/yutaimachinery.com\/fr\/wp-json\/wp\/v2\/product_tag?post=3294"}],"curies":[{"name":"wp","href":"https:\/\/api.w.org\/{rel}","templated":true}]}}