{"id":3280,"date":"2024-04-05T04:25:21","date_gmt":"2024-04-04T20:25:21","guid":{"rendered":"https:\/\/yutaimachinery.com\/?post_type=product&#038;p=3280"},"modified":"2024-04-06T18:57:02","modified_gmt":"2024-04-06T10:57:02","slug":"machine-automatique-a-emailler-les-ceramiques-de-20-m","status":"publish","type":"product","link":"https:\/\/yutaimachinery.com\/fr\/product\/20m-automatic-ceramic-glazing-machine\/","title":{"rendered":"Machine automatique \u00e0 gla\u00e7age c\u00e9ramique 20M"},"content":{"rendered":"<div class=\"wp-block-columns is-layout-flex wp-container-core-columns-is-layout-9d6595d7 wp-block-columns-is-layout-flex\">\n<div class=\"wp-block-column is-layout-flow wp-block-column-is-layout-flow\">\n<figure class=\"wp-block-embed is-type-video is-provider-youtube wp-block-embed-youtube wp-embed-aspect-4-3 wp-has-aspect-ratio\"><div class=\"wp-block-embed__wrapper\">\n<iframe title=\"Machine automatique \u00e0 glacer les plaques de c\u00e9ramique\" width=\"940\" height=\"705\" src=\"https:\/\/www.youtube.com\/embed\/-_xJOZt_byQ?start=59&#038;feature=oembed\" frameborder=\"0\" allow=\"accelerometer; autoplay; clipboard-write; encrypted-media; gyroscope; picture-in-picture; web-share\" referrerpolicy=\"strict-origin-when-cross-origin\" allowfullscreen><\/iframe>\n<\/div><\/figure>\n<\/div>\n\n\n\n<div class=\"wp-block-column is-layout-flow wp-block-column-is-layout-flow\">\n<h2 class=\"wp-block-heading\">Caract\u00e9ristiques de la machine automatique \u00e0 gla\u00e7age c\u00e9ramique<\/h2>\n\n\n\n<ol class=\"wp-block-list\">\n<li>La ligne de vitrage int\u00e8gre le d\u00e9poussi\u00e9rage, l'humidification, le vitrage, l'essuyage du fond et le s\u00e9chage, ce qui permet de r\u00e9duire l'intensit\u00e9 du travail manuel et d'augmenter consid\u00e9rablement l'efficacit\u00e9 de la production.<\/li>\n\n\n\n<li>Le fonctionnement de la ligne de vitrage adopte un contr\u00f4le de vitesse sans palier, et la production (8 heures) peut \u00eatre ajust\u00e9e entre 25 000 et 46 000 pi\u00e8ces, r\u00e9pondant ainsi aux exigences de production individuelles des diff\u00e9rents fabricants.<\/li>\n\n\n\n<li>Le vitrage adopte le dernier dispositif de vitrage \u00e0 cloche de haute pr\u00e9cision, ce qui rend la surface du vitrage lisse et homog\u00e8ne en termes de couleur et am\u00e9liore consid\u00e9rablement la qualit\u00e9 de la surface du vitrage.<\/li>\n<\/ol>\n<\/div>\n<\/div>\n\n\n\n<div class=\"wp-block-columns is-layout-flex wp-container-core-columns-is-layout-9d6595d7 wp-block-columns-is-layout-flex\">\n<div class=\"wp-block-column is-layout-flow wp-block-column-is-layout-flow\">\n<figure class=\"wp-block-image size-full\"><img fetchpriority=\"high\" decoding=\"async\" width=\"849\" height=\"513\" src=\"https:\/\/yutaimachinery.com\/wp-content\/uploads\/2024\/04\/auto-ceramic-glazing-machine2.webp\" alt=\"Machine automatique \u00e0 \u00e9mailler les c\u00e9ramiques\" class=\"wp-image-3284\" title=\"\" srcset=\"https:\/\/yutaimachinery.com\/wp-content\/uploads\/2024\/04\/auto-ceramic-glazing-machine2.webp 849w, https:\/\/yutaimachinery.com\/wp-content\/uploads\/2024\/04\/auto-ceramic-glazing-machine2-300x181.webp 300w, https:\/\/yutaimachinery.com\/wp-content\/uploads\/2024\/04\/auto-ceramic-glazing-machine2-768x464.webp 768w, https:\/\/yutaimachinery.com\/wp-content\/uploads\/2024\/04\/auto-ceramic-glazing-machine2-285x172.webp 285w, https:\/\/yutaimachinery.com\/wp-content\/uploads\/2024\/04\/auto-ceramic-glazing-machine2-660x399.webp 660w, https:\/\/yutaimachinery.com\/wp-content\/uploads\/2024\/04\/auto-ceramic-glazing-machine2-150x91.webp 150w\" sizes=\"(max-width: 849px) 100vw, 849px\" \/><\/figure>\n<\/div>\n\n\n\n<div class=\"wp-block-column is-layout-flow wp-block-column-is-layout-flow\">\n<h2 class=\"wp-block-heading\">Param\u00e8tres de la machine automatique \u00e0 gla\u00e7age c\u00e9ramique<\/h2>\n\n\n\n<figure class=\"wp-block-table\"><table><tbody><tr><td>Capacit\u00e9 de production<\/td><td>20-50 Pc\/Munite<\/td><\/tr><tr><td>Puissance totale<\/td><td>8.15Kw 3 Phases<\/td><\/tr><tr><td>Dimension<\/td><td>20X2X1 M<\/td><\/tr><tr><td>Poids<\/td><td>4500Kgs<\/td><\/tr><tr><td>Taille de la plaque<\/td><td>Plaque 6~12<\/td><\/tr><tr><td>Stander<\/td><td>160Pcs<\/td><\/tr><tr><td>Vitesse de transport<\/td><td>20M\/Minute<\/td><\/tr><\/tbody><\/table><\/figure>\n<\/div>\n<\/div>\n\n\n\n<p> <\/p>","protected":false},"excerpt":{"rendered":"<p>Cette machine automatique \u00e0 \u00e9mailler les c\u00e9ramiques est dot\u00e9e d'une section de d\u00e9poussi\u00e9rage, d'une section d'humidification, d'une section d'\u00e9maillage, d'une section de fouettage et d'une section de s\u00e9chage. Elle am\u00e9liore consid\u00e9rablement la qualit\u00e9 et la capacit\u00e9 de production et r\u00e9duit les co\u00fbts de main-d'\u0153uvre.<\/p>\n<h2>Une solution unique pour les machines d'\u00e9maillage c\u00e9ramique :<\/h2>\n<ol>\n<li>Du sur-mesure personnalis\u00e9 : Prise en charge des pi\u00e8ces d'\u00e9quipement, des accessoires et des applications personnalis\u00e9s.<\/li>\n<li>Soutien \u00e0 la conception de l'agencement :  En fonction de la superficie de l'usine, du plan de production et de l'investissement en capital, nous fournissons des services professionnels de conception et d'agencement.<\/li>\n<li>Assistance technique et service : Des techniciens hautement qualifi\u00e9s assembleront vos machines et assureront la formation vid\u00e9o et l'assistance technique.<\/li>\n<\/ol>","protected":false},"featured_media":3283,"template":"","meta":{"_acf_changed":false},"product_brand":[],"product_cat":[57],"product_tag":[],"class_list":{"0":"post-3280","1":"product","2":"type-product","3":"status-publish","4":"has-post-thumbnail","6":"product_cat-ceramic-glazing-machine","8":"first","9":"instock","10":"shipping-taxable","11":"product-type-simple"},"acf":{"customization_content":"<h2><\/h2>\r\n<div><\/div>","customization_content_source":{"label":"Customization Content","type":"wysiwyg","formatted_value":"<h2><\/h2>\n<div><\/div>\n"},"why_choose_us_content":"<h2 style=\"text-align: center;\">Why Choose Us as Your Automatic Ceramic Glazing Machine Supplier<\/h2>\r\n\r\n<hr \/>\r\n<p style=\"text-align: center;\">Yutai as a ceramic tableware manufacturer, maintains strict quality standards and excellent service. Revolutionize your manufacturing processes with cutting-edge automation technology that streamlines forming and enhances efficiency.<\/p>","why_choose_us_content_source":{"label":"Why Choose Us Content","type":"wysiwyg","formatted_value":"<h2 style=\"text-align: center;\">Why Choose Us as Your Automatic Ceramic Glazing Machine Supplier<\/h2>\n<hr \/>\n<p style=\"text-align: center;\">Yutai as a ceramic tableware manufacturer, maintains strict quality standards and excellent service. Revolutionize your manufacturing processes with cutting-edge automation technology that streamlines forming and enhances efficiency.<\/p>\n"}},"_links":{"self":[{"href":"https:\/\/yutaimachinery.com\/fr\/wp-json\/wp\/v2\/product\/3280","targetHints":{"allow":["GET"]}}],"collection":[{"href":"https:\/\/yutaimachinery.com\/fr\/wp-json\/wp\/v2\/product"}],"about":[{"href":"https:\/\/yutaimachinery.com\/fr\/wp-json\/wp\/v2\/types\/product"}],"version-history":[{"count":0,"href":"https:\/\/yutaimachinery.com\/fr\/wp-json\/wp\/v2\/product\/3280\/revisions"}],"wp:featuredmedia":[{"embeddable":true,"href":"https:\/\/yutaimachinery.com\/fr\/wp-json\/wp\/v2\/media\/3283"}],"wp:attachment":[{"href":"https:\/\/yutaimachinery.com\/fr\/wp-json\/wp\/v2\/media?parent=3280"}],"wp:term":[{"taxonomy":"product_brand","embeddable":true,"href":"https:\/\/yutaimachinery.com\/fr\/wp-json\/wp\/v2\/product_brand?post=3280"},{"taxonomy":"product_cat","embeddable":true,"href":"https:\/\/yutaimachinery.com\/fr\/wp-json\/wp\/v2\/product_cat?post=3280"},{"taxonomy":"product_tag","embeddable":true,"href":"https:\/\/yutaimachinery.com\/fr\/wp-json\/wp\/v2\/product_tag?post=3280"}],"curies":[{"name":"wp","href":"https:\/\/api.w.org\/{rel}","templated":true}]}}