{"id":3152,"date":"2024-04-01T08:33:34","date_gmt":"2024-04-01T00:33:34","guid":{"rendered":"https:\/\/yutaimachinery.com\/?post_type=product&#038;p=3152"},"modified":"2024-04-07T16:48:00","modified_gmt":"2024-04-07T08:48:00","slug":"filtre-presse-2","status":"publish","type":"product","link":"https:\/\/yutaimachinery.com\/fr\/product\/filter-press\/","title":{"rendered":"Filtre-presse \u00e0 plaque ronde Machine de traitement de l'argile"},"content":{"rendered":"<div class=\"wp-block-columns is-layout-flex wp-container-core-columns-is-layout-9d6595d7 wp-block-columns-is-layout-flex\">\n<div class=\"wp-block-column is-layout-flow wp-block-column-is-layout-flow\" style=\"flex-basis:50%\">\n<figure class=\"wp-block-embed is-type-video is-provider-youtube wp-block-embed-youtube wp-embed-aspect-16-9 wp-has-aspect-ratio\"><div class=\"wp-block-embed__wrapper\">\n<iframe title=\"comment fabriquer de l&#039;argile c\u00e9ramique ? comment fabriquer des mat\u00e9riaux de vaisselle en c\u00e9ramique ? filtre-presse, broyeur \u00e0 boulets\" width=\"940\" height=\"529\" src=\"https:\/\/www.youtube.com\/embed\/jgu1eH8ANHc?feature=oembed\" frameborder=\"0\" allow=\"accelerometer; autoplay; clipboard-write; encrypted-media; gyroscope; picture-in-picture; web-share\" referrerpolicy=\"strict-origin-when-cross-origin\" allowfullscreen><\/iframe>\n<\/div><\/figure>\n<\/div>\n\n\n\n<div class=\"wp-block-column is-layout-flow wp-block-column-is-layout-flow\">\n<h2 class=\"wp-block-heading\">Caract\u00e9ristiques du filtre-presse<\/h2>\n\n\n\n<ol class=\"wp-block-list\">\n<li>Processus de d\u00e9shydratation efficace :<br>Son m\u00e9canisme de filtration avanc\u00e9 permet une d\u00e9shydratation rapide, minimisant le temps de traitement et maximisant la productivit\u00e9 dans la fabrication de c\u00e9ramiques.<\/li>\n\n\n\n<li>Teneur en eau r\u00e9glable :<br>Le filtre-presse permet un contr\u00f4le souple de la teneur en eau des billettes, g\u00e9n\u00e9ralement comprise entre 17% et 26%, avec des r\u00e9glages ajustables pour r\u00e9pondre aux exigences sp\u00e9cifiques de la production<\/li>\n\n\n\n<li>Des solutions rentables :<br>L'efficacit\u00e9 de l'\u00e9limination de l'eau se traduit par une r\u00e9duction de la consommation d'\u00e9nergie et des d\u00e9chets, ce qui permet aux fabricants de c\u00e9ramique de r\u00e9duire leurs co\u00fbts globaux.<\/li>\n\n\n\n<li>Applications courantes :<br>De la pr\u00e9paration initiale de la boue \u00e0 la formation finale des billettes, le filtre-presse a un large \u00e9ventail d'applications \u00e0 tous les stades de la production de c\u00e9ramique.<\/li>\n<\/ol>\n<\/div>\n<\/div>\n\n\n<h2>Tableau des param\u00e8tres du filtre-presse<\/h2>\n<hr \/>\n<table width=\"946\">\n<tbody>\n<tr>\n<td width=\"145\">Mod\u00e8le<\/td>\n<td width=\"199\">Diam\u00e8tre de la planche (cm)<\/td>\n<td width=\"199\">Capacit\u00e9<\/td>\n<td width=\"257\">Puissance (kw)<\/td>\n<td width=\"73\">Dimension(lxwxh)<\/td>\n<td width=\"73\">Poids (kgs)<\/td>\n<\/tr>\n<tr>\n<td width=\"145\">80-80<\/td>\n<td width=\"199\">80cm x80pcs<\/td>\n<td width=\"199\">2t\/temps<\/td>\n<td width=\"257\">3kw<\/td>\n<td width=\"73\">680x110x160cm(h)<\/td>\n<td width=\"73\">5000<\/td>\n<\/tr>\n<tr>\n<td width=\"145\">80-100<\/td>\n<td width=\"199\">80cmx100pcs<\/td>\n<td width=\"199\">2,5t\/temps<\/td>\n<td width=\"257\">4kw<\/td>\n<td width=\"73\">780x110xx160cm(h)<\/td>\n<td width=\"73\">6000<\/td>\n<\/tr>\n<tr>\n<td width=\"145\">100-100<\/td>\n<td width=\"199\">100cmx100pcs<\/td>\n<td width=\"199\">3-4t\/temps<\/td>\n<td width=\"257\">5,5 kW<\/td>\n<td width=\"73\">865x136x150cm(h)<\/td>\n<td width=\"73\">7000<\/td>\n<\/tr>\n<\/tbody>\n<\/table>\n\n\n<div class=\"wp-block-columns is-layout-flex wp-container-core-columns-is-layout-9d6595d7 wp-block-columns-is-layout-flex\">\n<div class=\"wp-block-column is-layout-flow wp-block-column-is-layout-flow\"><\/div>\n\n\n\n<div class=\"wp-block-column is-layout-flow wp-block-column-is-layout-flow\"><\/div>\n<\/div>","protected":false},"excerpt":{"rendered":"<p>Cette machine est utilis\u00e9e pour la d\u00e9shydratation des boues dans l'industrie c\u00e9ramique, avec une teneur en eau des billettes de 17%-26% (r\u00e9glable).<\/p>\n<h2>Une solution unique pour les filtres-presses :<\/h2>\n<ol>\n<li>Du sur-mesure personnalis\u00e9 : Prise en charge des pi\u00e8ces d'\u00e9quipement, des accessoires et des applications personnalis\u00e9s.<\/li>\n<li>Soutien \u00e0 la conception de l'agencement :  En fonction de la superficie de l'usine, du plan de production et de l'investissement en capital, nous fournissons des services professionnels de conception et d'agencement.<\/li>\n<li>Assistance technique et service : Des techniciens hautement qualifi\u00e9s assembleront vos machines et assureront la formation vid\u00e9o et l'assistance technique.<\/li>\n<\/ol>","protected":false},"featured_media":3154,"template":"","meta":{"_acf_changed":false},"product_brand":[],"product_cat":[54],"product_tag":[],"class_list":{"0":"post-3152","1":"product","2":"type-product","3":"status-publish","4":"has-post-thumbnail","6":"product_cat-clay-making-machine","8":"first","9":"instock","10":"shipping-taxable","11":"product-type-simple"},"acf":{"customization_content":"","customization_content_source":{"label":"Customization Content","type":"wysiwyg","formatted_value":""},"why_choose_us_content":"<h2 style=\"text-align: center;\">Why Choose Us as Your Filter Press Supplier<\/h2>\r\n\r\n<hr \/>\r\n<p style=\"text-align: center;\">Yutai as a ceramic tableware manufacturer, maintains strict quality standards and excellent service. Revolutionize your manufacturing processes with cutting-edge automation technology that streamlines forming and enhances efficiency.<\/p>","why_choose_us_content_source":{"label":"Why Choose Us Content","type":"wysiwyg","formatted_value":"<h2 style=\"text-align: center;\">Why Choose Us as Your Filter Press Supplier<\/h2>\n<hr \/>\n<p style=\"text-align: center;\">Yutai as a ceramic tableware manufacturer, maintains strict quality standards and excellent service. Revolutionize your manufacturing processes with cutting-edge automation technology that streamlines forming and enhances efficiency.<\/p>\n"}},"_links":{"self":[{"href":"https:\/\/yutaimachinery.com\/fr\/wp-json\/wp\/v2\/product\/3152","targetHints":{"allow":["GET"]}}],"collection":[{"href":"https:\/\/yutaimachinery.com\/fr\/wp-json\/wp\/v2\/product"}],"about":[{"href":"https:\/\/yutaimachinery.com\/fr\/wp-json\/wp\/v2\/types\/product"}],"version-history":[{"count":0,"href":"https:\/\/yutaimachinery.com\/fr\/wp-json\/wp\/v2\/product\/3152\/revisions"}],"wp:featuredmedia":[{"embeddable":true,"href":"https:\/\/yutaimachinery.com\/fr\/wp-json\/wp\/v2\/media\/3154"}],"wp:attachment":[{"href":"https:\/\/yutaimachinery.com\/fr\/wp-json\/wp\/v2\/media?parent=3152"}],"wp:term":[{"taxonomy":"product_brand","embeddable":true,"href":"https:\/\/yutaimachinery.com\/fr\/wp-json\/wp\/v2\/product_brand?post=3152"},{"taxonomy":"product_cat","embeddable":true,"href":"https:\/\/yutaimachinery.com\/fr\/wp-json\/wp\/v2\/product_cat?post=3152"},{"taxonomy":"product_tag","embeddable":true,"href":"https:\/\/yutaimachinery.com\/fr\/wp-json\/wp\/v2\/product_tag?post=3152"}],"curies":[{"name":"wp","href":"https:\/\/api.w.org\/{rel}","templated":true}]}}