{"id":3114,"date":"2025-12-10T22:20:02","date_gmt":"2025-12-10T14:20:02","guid":{"rendered":"https:\/\/yutaimachinery.com\/?post_type=product&#038;p=3114"},"modified":"2026-01-15T11:38:47","modified_gmt":"2026-01-15T03:38:47","slug":"ligne-de-formage-automatique-pour-la-ceramique","status":"publish","type":"product","link":"https:\/\/yutaimachinery.com\/fr\/product\/ceramic-automatic-forming-line\/","title":{"rendered":"Ligne automatique de formage de c\u00e9ramique,Machine de fabrication d'assiettes, de tasses et de gobelets"},"content":{"rendered":"<figure class=\"wp-block-image size-full\"><img fetchpriority=\"high\" decoding=\"async\" width=\"2000\" height=\"1366\" src=\"https:\/\/yutaimachinery.com\/wp-content\/uploads\/2024\/03\/ceramic-automatic-forming-line-1-1.webp\" alt=\"Ligne de formage automatique pour la c\u00e9ramique \" class=\"wp-image-3119\" title=\"\" srcset=\"https:\/\/yutaimachinery.com\/wp-content\/uploads\/2024\/03\/ceramic-automatic-forming-line-1-1.webp 2000w, https:\/\/yutaimachinery.com\/wp-content\/uploads\/2024\/03\/ceramic-automatic-forming-line-1-1-300x205.webp 300w, https:\/\/yutaimachinery.com\/wp-content\/uploads\/2024\/03\/ceramic-automatic-forming-line-1-1-768x525.webp 768w, https:\/\/yutaimachinery.com\/wp-content\/uploads\/2024\/03\/ceramic-automatic-forming-line-1-1-285x195.webp 285w, https:\/\/yutaimachinery.com\/wp-content\/uploads\/2024\/03\/ceramic-automatic-forming-line-1-1-1600x1093.webp 1600w, https:\/\/yutaimachinery.com\/wp-content\/uploads\/2024\/03\/ceramic-automatic-forming-line-1-1-660x451.webp 660w, https:\/\/yutaimachinery.com\/wp-content\/uploads\/2024\/03\/ceramic-automatic-forming-line-1-1-150x102.webp 150w\" sizes=\"(max-width: 2000px) 100vw, 2000px\" \/><\/figure>\n\n\n\n<div class=\"wp-block-columns is-layout-flex wp-container-core-columns-is-layout-9d6595d7 wp-block-columns-is-layout-flex\">\n<div class=\"wp-block-column is-layout-flow wp-block-column-is-layout-flow\">\n<h2 class=\"wp-block-heading\">Ligne de formage de c\u00e9ramique Caract\u00e9ristiques :<\/h2>\n\n\n\n<h3 class=\"wp-block-heading\">1. Fonctionnement enti\u00e8rement automatis\u00e9 et contr\u00f4l\u00e9 par PLC<\/h3>\n\n\n\n<p>L'ensemble de la ligne fonctionne sous un syst\u00e8me de contr\u00f4le PLC int\u00e9gr\u00e9 avec une interface HMI, permettant un contr\u00f4le pr\u00e9cis et synchronis\u00e9 de tous les processus. Une technologie de transmission avanc\u00e9e garantit des performances stables, un faible taux de d\u00e9faillance et une maintenance ais\u00e9e.<\/p>\n\n\n\n<h3 class=\"wp-block-heading\">2. Composants d'alimentation haut de gamme import\u00e9s<\/h3>\n\n\n\n<p>\u00c9quip\u00e9 de marques mondiales haut de gamme pour garantir la fiabilit\u00e9 et une longue dur\u00e9e de vie :<\/p>\n\n\n\n<ul class=\"wp-block-list\">\n<li>Toshiba Motors (Japon)<\/li>\n\n\n\n<li>R\u00e9ducteurs Sumitomo (Japon)<\/li>\n\n\n\n<li>Servomoteurs Yaskawa<\/li>\n\n\n\n<li>Onduleurs Mitsubishi ou Panasonic<\/li>\n<\/ul>\n\n\n\n<h3 class=\"wp-block-heading\">3. Roulements et pi\u00e8ces m\u00e9caniques haut de gamme<\/h3>\n\n\n\n<p>Tous les roulements sont de marque NTN, NSK ou SKF, ce qui garantit une grande pr\u00e9cision, un fonctionnement sans heurts et une stabilit\u00e9 \u00e0 long terme.<\/p>\n\n\n\n<h3 class=\"wp-block-heading\">4. Syst\u00e8me pneumatique et de mouvement lin\u00e9aire fiable<\/h3>\n\n\n\n<ul class=\"wp-block-list\">\n<li>Composants pneumatiques de SMC ou TEC<\/li>\n\n\n\n<li>Rails de guidage lin\u00e9aire de HIWIN (Taiwan), TBI ou CSK<br>Cela garantit un positionnement pr\u00e9cis, un mouvement fluide et une qualit\u00e9 de formage constante.<\/li>\n<\/ul>\n\n\n\n<h3 class=\"wp-block-heading\">5. Syst\u00e8me de s\u00e9chage avanc\u00e9<\/h3>\n\n\n\n<p>Le conduit d'air de s\u00e9chage est dot\u00e9 d'une structure en acier inoxydable \u00e0 double couche avec d\u00e9shumidification, assurant un s\u00e9chage uniforme et contr\u00f4l\u00e9 pour r\u00e9pondre aux diff\u00e9rentes exigences des processus c\u00e9ramiques.<\/p>\n\n\n\n<h3 class=\"wp-block-heading\">6. Malaxeur sous vide en acier inoxydable 304<\/h3>\n\n\n\n<p>Un broyeur sous vide en acier inoxydable 304 assure une alimentation stable en argile, une qualit\u00e9 uniforme du mat\u00e9riau et des performances de formage fiables.<\/p>\n\n\n\n<h3 class=\"wp-block-heading\">7. Commande pneumatique haute stabilit\u00e9<\/h3>\n\n\n\n<p>Le syst\u00e8me pneumatique utilise une filtration \u00e0 double couche et des sources d'air de haute qualit\u00e9, ce qui am\u00e9liore consid\u00e9rablement la stabilit\u00e9 de l'\u00e9quipement et la coh\u00e9rence op\u00e9rationnelle.<\/p>\n<\/div>\n\n\n\n<div class=\"wp-block-column is-layout-flow wp-block-column-is-layout-flow\">\n<figure class=\"wp-block-embed is-type-video is-provider-youtube wp-block-embed-youtube wp-embed-aspect-16-9 wp-has-aspect-ratio\"><div class=\"wp-block-embed__wrapper\">\n<iframe title=\"Plaque Cearmic Machine de formage automatique \u00e0 double t\u00eate\" width=\"940\" height=\"529\" src=\"https:\/\/www.youtube.com\/embed\/vae_S931OYI?feature=oembed\" frameborder=\"0\" allow=\"accelerometer; autoplay; clipboard-write; encrypted-media; gyroscope; picture-in-picture; web-share\" referrerpolicy=\"strict-origin-when-cross-origin\" allowfullscreen><\/iframe>\n<\/div><\/figure>\n\n\n\n<figure class=\"wp-block-image size-full\"><img decoding=\"async\" width=\"500\" height=\"500\" src=\"https:\/\/yutaimachinery.com\/wp-content\/uploads\/2025\/12\/ceramic-dinnerware-making-machine.webp\" alt=\"Machine de fabrication de vaisselle en c\u00e9ramique\" class=\"wp-image-6300\" title=\"\" srcset=\"https:\/\/yutaimachinery.com\/wp-content\/uploads\/2025\/12\/ceramic-dinnerware-making-machine.webp 500w, https:\/\/yutaimachinery.com\/wp-content\/uploads\/2025\/12\/ceramic-dinnerware-making-machine-300x300.webp 300w, https:\/\/yutaimachinery.com\/wp-content\/uploads\/2025\/12\/ceramic-dinnerware-making-machine-150x150.webp 150w, https:\/\/yutaimachinery.com\/wp-content\/uploads\/2025\/12\/ceramic-dinnerware-making-machine-12x12.webp 12w, https:\/\/yutaimachinery.com\/wp-content\/uploads\/2025\/12\/ceramic-dinnerware-making-machine-285x285.webp 285w, https:\/\/yutaimachinery.com\/wp-content\/uploads\/2025\/12\/ceramic-dinnerware-making-machine-270x270.webp 270w\" sizes=\"(max-width: 500px) 100vw, 500px\" \/><\/figure>\n<\/div>\n<\/div>\n\n\n\n<h2 class=\"wp-block-heading\">Param\u00e8tres de la ligne de formage de c\u00e9ramique :<\/h2>\n\n\n\n<figure class=\"wp-block-table\"><table class=\"has-fixed-layout\"><tbody><tr><td><strong>MOD\u00c8LE<\/strong><\/td><td><strong>250 MOD\u00c8LE<\/strong><\/td><td><strong>MOD\u00c8LE 35O<\/strong><\/td><\/tr><tr><td class=\"has-text-align-left\" data-align=\"left\"><strong>Max a termin\u00e9 la taille du produit<\/strong><\/td><td>Dans un bol de 15 cm et une assiette de 18 cm (principalement en raison de la diff\u00e9rence entre les taux de r\u00e9tr\u00e9cissement r\u00e9els, le taux de r\u00e9tr\u00e9cissement de r\u00e9f\u00e9rence de ce produit est de 1,16)<\/td><td>Dans un bol de 25 cm et une assiette de 26,5 cm (principalement en raison de la diff\u00e9rence entre les taux de r\u00e9tr\u00e9cissement r\u00e9els, le taux de r\u00e9tr\u00e9cissement de r\u00e9f\u00e9rence de ce produit est de 1,16)<\/td><\/tr><tr><td><strong>Type Forder (billette moul\u00e9e)<\/strong><\/td><td>Taille maximale de la tasse, du bol moyen et du plat : \u03c6190 mm<\/td><td>Taille maximale de la tasse, du bol moyen et du plat : \u03c6290 mm<\/td><\/tr><tr><td><strong>Taille maximale du moule en pl\u00e2tre (standard)<\/strong><\/td><td>Mode Yin \u03c6240 mm H150 mm<\/td><td>Mode Yin \u03c6340mm H150mm, mode Yang Mode Yin \u03c6340mmH80mm<\/td><\/tr><tr><td><strong>Capacit\u00e9 (PCS\/heure)<\/strong><\/td><td>1200<\/td><td>600-720Selon les besoins r\u00e9els de la production)<\/td><\/tr><tr><td><strong>Puissance<\/strong><\/td><td>35KW<\/td><td>40KW<\/td><\/tr><tr><td><strong>Chaleur du br\u00fbleur<\/strong><\/td><td>50 000 Kcal\/hr<\/td><td>60 000 Kcal\/hr<\/td><\/tr><tr><td><strong>Air<\/strong><\/td><td>1000L\/min<\/td><td>1000L\/min<\/td><\/tr><tr><td><strong>L'eau<\/strong><\/td><td>200L\/hr<\/td><td>200L\/hr<\/td><\/tr><tr><td><strong>Moules<\/strong><\/td><td>160 PCS<\/td><td>160 PCS<\/td><\/tr><tr><td><strong>Dimension<\/strong><\/td><td>L23000\u00d7W4300\u00d7H1800<\/td><td>L31500\u00d7W4500\u00d7H1800<\/td><\/tr><\/tbody><\/table><\/figure>","protected":false},"excerpt":{"rendered":"<p>Cette ligne de production enti\u00e8rement automatique d'articles de vaisselle en c\u00e9ramique int\u00e8gre les processus de malaxage, de d\u00e9coupe de l'argile, de formage, de s\u00e9chage, de d\u00e9moulage et de rognage des bords en un seul flux de travail continu. Le syst\u00e8me peut \u00eatre connect\u00e9 \u00e0 une ligne de gla\u00e7age, permettant une production pr\u00e9cise, hautement efficace et \u00e0 faible co\u00fbt de main-d'\u0153uvre. Il convient \u00e0 la fabrication d'assiettes, de bols, de tasses, de tasses \u00e0 caf\u00e9, de soucoupes et d'articles de vaisselle en c\u00e9ramique et en porcelaine.<\/p>\n<h2 data-start=\"595\" data-end=\"614\">Applications de la ligne de formage automatique de c\u00e9ramique :<\/h2>\n<ul>\n<li data-start=\"617\" data-end=\"661\">Production de vaisselle en c\u00e9ramique et en porcelaine<\/li>\n<li data-start=\"617\" data-end=\"661\">Assiettes, bols, tasses, mugs et soucoupes<\/li>\n<li data-start=\"617\" data-end=\"661\">Poterie et vaisselle en c\u00e9ramique \u00e0 usage quotidien<\/li>\n<li data-start=\"617\" data-end=\"661\">C\u00e9ramiques pour l'h\u00f4tellerie, la restauration et les m\u00e9nages<\/li>\n<li data-start=\"617\" data-end=\"661\">Lignes de production de vaisselle en c\u00e9ramique OEM \/ ODM<\/li>\n<\/ul>\n<h2>Solution compl\u00e8te pour ligne de formage automatique de c\u00e9ramique :<\/h2>\n<ol>\n<li><strong>Solutions cl\u00e9s en main pour lignes de production :<\/strong> Assistance compl\u00e8te, du choix des \u00e9quipements \u00e0 la planification de l'agencement, en passant par l'int\u00e9gration compl\u00e8te de la ligne.<\/li>\n<li><strong>Conception et optimisation des processus :<\/strong> Workflows personnalis\u00e9s de formage, s\u00e9chage, d\u00e9coupe et gla\u00e7age adapt\u00e9s aux exigences de vos produits.<\/li>\n<li><strong>Personnalisation de l'\u00e9quipement :<\/strong> Configurations de machines, capacit\u00e9, niveau d'automatisation et agencement des lignes adapt\u00e9s \u00e0 l'espace disponible dans votre usine et \u00e0 vos objectifs de production.<\/li>\n<li><strong>Installation et mise en service :<\/strong> Assistance sur site ou \u00e0 distance pour garantir une installation fluide et un fonctionnement stable.<\/li>\n<li><strong>Formation des op\u00e9rateurs et assistance technique :<\/strong> Formation compl\u00e8te pour les op\u00e9rateurs et le personnel de maintenance afin d'optimiser l'efficacit\u00e9 et la disponibilit\u00e9.<\/li>\n<li><strong>Service apr\u00e8s-vente et fourniture de pi\u00e8ces d\u00e9tach\u00e9es :<\/strong> R\u00e9ponse technique rapide, assistance \u00e0 la maintenance pr\u00e9ventive et disponibilit\u00e9 fiable des pi\u00e8ces de rechange.<\/li>\n<li><strong>Solutions d'am\u00e9lioration et d'expansion de la production :<\/strong> Solutions flexibles pour une extension future de la capacit\u00e9 ou une int\u00e9gration avec des syst\u00e8mes de vitrage et de cuisson.<\/li>\n<\/ol>","protected":false},"featured_media":6265,"template":"","meta":{"_acf_changed":false},"product_brand":[],"product_cat":[55],"product_tag":[],"class_list":{"0":"post-3114","1":"product","2":"type-product","3":"status-publish","4":"has-post-thumbnail","6":"product_cat-ceramic-forming-machine","8":"first","9":"instock","10":"shipping-taxable","11":"product-type-simple"},"acf":{"customization_content":"","customization_content_source":{"label":"Customization Content","type":"wysiwyg","formatted_value":""},"why_choose_us_content":"<h2 style=\"text-align: center;\">Why Choose Us as Your Ceramic Automatic Forming Line Supplier<\/h2>\r\n\r\n<hr \/>\r\n<p style=\"text-align: center;\">Yutai as a ceramic tableware manufacturer, maintains strict quality standards and excellent service. Revolutionize your manufacturing processes with cutting-edge automation technology that streamlines forming and enhances efficiency.<\/p>","why_choose_us_content_source":{"label":"Why Choose Us Content","type":"wysiwyg","formatted_value":"<h2 style=\"text-align: center;\">Why Choose Us as Your Ceramic Automatic Forming Line Supplier<\/h2>\n<hr \/>\n<p style=\"text-align: center;\">Yutai as a ceramic tableware manufacturer, maintains strict quality standards and excellent service. Revolutionize your manufacturing processes with cutting-edge automation technology that streamlines forming and enhances efficiency.<\/p>\n"}},"_links":{"self":[{"href":"https:\/\/yutaimachinery.com\/fr\/wp-json\/wp\/v2\/product\/3114","targetHints":{"allow":["GET"]}}],"collection":[{"href":"https:\/\/yutaimachinery.com\/fr\/wp-json\/wp\/v2\/product"}],"about":[{"href":"https:\/\/yutaimachinery.com\/fr\/wp-json\/wp\/v2\/types\/product"}],"version-history":[{"count":0,"href":"https:\/\/yutaimachinery.com\/fr\/wp-json\/wp\/v2\/product\/3114\/revisions"}],"wp:featuredmedia":[{"embeddable":true,"href":"https:\/\/yutaimachinery.com\/fr\/wp-json\/wp\/v2\/media\/6265"}],"wp:attachment":[{"href":"https:\/\/yutaimachinery.com\/fr\/wp-json\/wp\/v2\/media?parent=3114"}],"wp:term":[{"taxonomy":"product_brand","embeddable":true,"href":"https:\/\/yutaimachinery.com\/fr\/wp-json\/wp\/v2\/product_brand?post=3114"},{"taxonomy":"product_cat","embeddable":true,"href":"https:\/\/yutaimachinery.com\/fr\/wp-json\/wp\/v2\/product_cat?post=3114"},{"taxonomy":"product_tag","embeddable":true,"href":"https:\/\/yutaimachinery.com\/fr\/wp-json\/wp\/v2\/product_tag?post=3114"}],"curies":[{"name":"wp","href":"https:\/\/api.w.org\/{rel}","templated":true}]}}