{"id":6471,"date":"2026-04-30T17:45:19","date_gmt":"2026-04-30T09:45:19","guid":{"rendered":"https:\/\/yutaimachinery.com\/?post_type=product&#038;p=6471"},"modified":"2026-04-30T18:51:06","modified_gmt":"2026-04-30T10:51:06","slug":"ceramic-dry-machine","status":"publish","type":"product","link":"https:\/\/yutaimachinery.com\/es\/product\/ceramic-dry-machine\/","title":{"rendered":"M\u00e1quina industrial de secado de cer\u00e1mica para cer\u00e1mica de mesa galvanopl\u00e1stica"},"content":{"rendered":"<div class=\"wp-block-columns is-layout-flex wp-container-core-columns-is-layout-9d6595d7 wp-block-columns-is-layout-flex\">\n<div class=\"wp-block-column is-layout-flow wp-block-column-is-layout-flow\">\n<h2 class=\"wp-block-heading\">M\u00e1quina secadora de cer\u00e1mica Caracter\u00edsticas:<\/h2>\n\n\n\n<p><strong>Optimizado para flujos de trabajo de galvanoplastia:<\/strong> Dise\u00f1ado para tratar los delicados requisitos de secado de los iones met\u00e1licos y los esmaltes conductores, evitando la oxidaci\u00f3n o las manchas durante el proceso de curado.<\/p>\n\n\n\n<p><strong>Control de temperatura de precisi\u00f3n:<\/strong> Equipada con un sistema de control digital inteligente PID, que proporciona una distribuci\u00f3n uniforme del calor para garantizar un color y una adherencia uniformes en todas las piezas.<\/p>\n\n\n\n<p><strong>Compatibilidad con bastidores giratorios de gran volumen:<\/strong> El espacioso interior est\u00e1 dise\u00f1ado para alojar estanter\u00edas industriales giratorias (como se muestra en las im\u00e1genes), lo que permite una circulaci\u00f3n de aire de 360\u00b0 y el m\u00e1ximo rendimiento.<\/p>\n\n\n\n<p><strong>Aislamiento energ\u00e9ticamente eficiente:<\/strong> Los paneles aislantes de alta densidad y resistencia minimizan la p\u00e9rdida de calor, reduciendo los costes operativos y manteniendo un entorno interno estable.<\/p>\n\n\n\n<p><strong>Construcci\u00f3n industrial robusta:<\/strong> Cuenta con un bastidor de acero reforzado y un mecanismo de cierre seguro, dise\u00f1ado para entornos de producci\u00f3n continua 24\/7.<\/p>\n\n\n\n<h2 class=\"wp-block-heading\">Aplicaci\u00f3n de la m\u00e1quina secadora de cer\u00e1mica<\/h2>\n\n\n\n<ul class=\"wp-block-list\">\n<li>Tazas de caf\u00e9 espresso doradas<\/li>\n\n\n\n<li>Vajillas de esmeraldas metalizadas<\/li>\n\n\n\n<li>Cuencos y platos Luster-Ware<\/li>\n\n\n\n<li>Curado de capas conductoras para galvanoplastia cer\u00e1mica<\/li>\n<\/ul>\n<\/div>\n\n\n\n<div class=\"wp-block-column is-layout-flow wp-block-column-is-layout-flow\"><div class=\"wp-block-image\">\n<figure class=\"aligncenter size-full\"><img fetchpriority=\"high\" decoding=\"async\" width=\"800\" height=\"800\" src=\"https:\/\/yutaimachinery.com\/wp-content\/uploads\/2026\/04\/Ceramic-Drying-Machine-for-Electroplated-Tableware-Ceramics-1.webp\" alt=\"M\u00e1quina secadora de cer\u00e1mica industrial para cer\u00e1mica de mesa galvanopl\u00e1stica\" class=\"wp-image-6472\" title=\"\" srcset=\"https:\/\/yutaimachinery.com\/wp-content\/uploads\/2026\/04\/Ceramic-Drying-Machine-for-Electroplated-Tableware-Ceramics-1.webp 800w, https:\/\/yutaimachinery.com\/wp-content\/uploads\/2026\/04\/Ceramic-Drying-Machine-for-Electroplated-Tableware-Ceramics-1-300x300.webp 300w, https:\/\/yutaimachinery.com\/wp-content\/uploads\/2026\/04\/Ceramic-Drying-Machine-for-Electroplated-Tableware-Ceramics-1-150x150.webp 150w, https:\/\/yutaimachinery.com\/wp-content\/uploads\/2026\/04\/Ceramic-Drying-Machine-for-Electroplated-Tableware-Ceramics-1-768x768.webp 768w, https:\/\/yutaimachinery.com\/wp-content\/uploads\/2026\/04\/Ceramic-Drying-Machine-for-Electroplated-Tableware-Ceramics-1-12x12.webp 12w, https:\/\/yutaimachinery.com\/wp-content\/uploads\/2026\/04\/Ceramic-Drying-Machine-for-Electroplated-Tableware-Ceramics-1-285x285.webp 285w, https:\/\/yutaimachinery.com\/wp-content\/uploads\/2026\/04\/Ceramic-Drying-Machine-for-Electroplated-Tableware-Ceramics-1-270x270.webp 270w, https:\/\/yutaimachinery.com\/wp-content\/uploads\/2026\/04\/Ceramic-Drying-Machine-for-Electroplated-Tableware-Ceramics-1-540x540.webp 540w, https:\/\/yutaimachinery.com\/wp-content\/uploads\/2026\/04\/Ceramic-Drying-Machine-for-Electroplated-Tableware-Ceramics-1-660x660.webp 660w\" sizes=\"(max-width: 800px) 100vw, 800px\" \/><\/figure>\n<\/div><\/div>\n<\/div>\n\n\n\n<div class=\"wp-block-columns is-layout-flex wp-container-core-columns-is-layout-9d6595d7 wp-block-columns-is-layout-flex\">\n<div class=\"wp-block-column is-layout-flow wp-block-column-is-layout-flow\">\n<figure class=\"wp-block-image size-full\"><img decoding=\"async\" width=\"800\" height=\"800\" src=\"https:\/\/yutaimachinery.com\/wp-content\/uploads\/2026\/04\/Ceramic-Drying-Machine-for-Electroplated-Tableware-Ceramics-4.webp\" alt=\"M\u00e1quina secadora de cer\u00e1mica industrial para cer\u00e1mica de mesa galvanopl\u00e1stica\" class=\"wp-image-6475\" title=\"\" srcset=\"https:\/\/yutaimachinery.com\/wp-content\/uploads\/2026\/04\/Ceramic-Drying-Machine-for-Electroplated-Tableware-Ceramics-4.webp 800w, https:\/\/yutaimachinery.com\/wp-content\/uploads\/2026\/04\/Ceramic-Drying-Machine-for-Electroplated-Tableware-Ceramics-4-300x300.webp 300w, https:\/\/yutaimachinery.com\/wp-content\/uploads\/2026\/04\/Ceramic-Drying-Machine-for-Electroplated-Tableware-Ceramics-4-150x150.webp 150w, https:\/\/yutaimachinery.com\/wp-content\/uploads\/2026\/04\/Ceramic-Drying-Machine-for-Electroplated-Tableware-Ceramics-4-768x768.webp 768w, https:\/\/yutaimachinery.com\/wp-content\/uploads\/2026\/04\/Ceramic-Drying-Machine-for-Electroplated-Tableware-Ceramics-4-12x12.webp 12w, https:\/\/yutaimachinery.com\/wp-content\/uploads\/2026\/04\/Ceramic-Drying-Machine-for-Electroplated-Tableware-Ceramics-4-285x285.webp 285w, https:\/\/yutaimachinery.com\/wp-content\/uploads\/2026\/04\/Ceramic-Drying-Machine-for-Electroplated-Tableware-Ceramics-4-270x270.webp 270w, https:\/\/yutaimachinery.com\/wp-content\/uploads\/2026\/04\/Ceramic-Drying-Machine-for-Electroplated-Tableware-Ceramics-4-540x540.webp 540w, https:\/\/yutaimachinery.com\/wp-content\/uploads\/2026\/04\/Ceramic-Drying-Machine-for-Electroplated-Tableware-Ceramics-4-660x660.webp 660w\" sizes=\"(max-width: 800px) 100vw, 800px\" \/><\/figure>\n<\/div>\n\n\n\n<div class=\"wp-block-column is-layout-flow wp-block-column-is-layout-flow\">\n<figure class=\"wp-block-image size-full\"><img decoding=\"async\" width=\"800\" height=\"800\" src=\"https:\/\/yutaimachinery.com\/wp-content\/uploads\/2026\/04\/Ceramic-Drying-Machine-for-Electroplated-Tableware-Ceramics-5.webp\" alt=\"M\u00e1quina secadora de cer\u00e1mica industrial para cer\u00e1mica de mesa galvanopl\u00e1stica\" class=\"wp-image-6476\" title=\"\" srcset=\"https:\/\/yutaimachinery.com\/wp-content\/uploads\/2026\/04\/Ceramic-Drying-Machine-for-Electroplated-Tableware-Ceramics-5.webp 800w, https:\/\/yutaimachinery.com\/wp-content\/uploads\/2026\/04\/Ceramic-Drying-Machine-for-Electroplated-Tableware-Ceramics-5-300x300.webp 300w, https:\/\/yutaimachinery.com\/wp-content\/uploads\/2026\/04\/Ceramic-Drying-Machine-for-Electroplated-Tableware-Ceramics-5-150x150.webp 150w, https:\/\/yutaimachinery.com\/wp-content\/uploads\/2026\/04\/Ceramic-Drying-Machine-for-Electroplated-Tableware-Ceramics-5-768x768.webp 768w, https:\/\/yutaimachinery.com\/wp-content\/uploads\/2026\/04\/Ceramic-Drying-Machine-for-Electroplated-Tableware-Ceramics-5-12x12.webp 12w, https:\/\/yutaimachinery.com\/wp-content\/uploads\/2026\/04\/Ceramic-Drying-Machine-for-Electroplated-Tableware-Ceramics-5-285x285.webp 285w, https:\/\/yutaimachinery.com\/wp-content\/uploads\/2026\/04\/Ceramic-Drying-Machine-for-Electroplated-Tableware-Ceramics-5-270x270.webp 270w, https:\/\/yutaimachinery.com\/wp-content\/uploads\/2026\/04\/Ceramic-Drying-Machine-for-Electroplated-Tableware-Ceramics-5-540x540.webp 540w, https:\/\/yutaimachinery.com\/wp-content\/uploads\/2026\/04\/Ceramic-Drying-Machine-for-Electroplated-Tableware-Ceramics-5-660x660.webp 660w\" sizes=\"(max-width: 800px) 100vw, 800px\" \/><\/figure>\n<\/div>\n<\/div>\n\n\n\n<div class=\"wp-block-columns is-layout-flex wp-container-core-columns-is-layout-9d6595d7 wp-block-columns-is-layout-flex\">\n<div class=\"wp-block-column is-layout-flow wp-block-column-is-layout-flow\">\n<figure class=\"wp-block-image size-full\"><img loading=\"lazy\" decoding=\"async\" width=\"800\" height=\"800\" src=\"https:\/\/yutaimachinery.com\/wp-content\/uploads\/2026\/04\/Ceramic-Drying-Machine-for-Electroplated-Tableware-Ceramics-6.webp\" alt=\"M\u00e1quina secadora de cer\u00e1mica industrial para cer\u00e1mica de mesa galvanopl\u00e1stica\" class=\"wp-image-6477\" title=\"\" srcset=\"https:\/\/yutaimachinery.com\/wp-content\/uploads\/2026\/04\/Ceramic-Drying-Machine-for-Electroplated-Tableware-Ceramics-6.webp 800w, https:\/\/yutaimachinery.com\/wp-content\/uploads\/2026\/04\/Ceramic-Drying-Machine-for-Electroplated-Tableware-Ceramics-6-300x300.webp 300w, https:\/\/yutaimachinery.com\/wp-content\/uploads\/2026\/04\/Ceramic-Drying-Machine-for-Electroplated-Tableware-Ceramics-6-150x150.webp 150w, https:\/\/yutaimachinery.com\/wp-content\/uploads\/2026\/04\/Ceramic-Drying-Machine-for-Electroplated-Tableware-Ceramics-6-768x768.webp 768w, https:\/\/yutaimachinery.com\/wp-content\/uploads\/2026\/04\/Ceramic-Drying-Machine-for-Electroplated-Tableware-Ceramics-6-12x12.webp 12w, https:\/\/yutaimachinery.com\/wp-content\/uploads\/2026\/04\/Ceramic-Drying-Machine-for-Electroplated-Tableware-Ceramics-6-285x285.webp 285w, https:\/\/yutaimachinery.com\/wp-content\/uploads\/2026\/04\/Ceramic-Drying-Machine-for-Electroplated-Tableware-Ceramics-6-270x270.webp 270w, https:\/\/yutaimachinery.com\/wp-content\/uploads\/2026\/04\/Ceramic-Drying-Machine-for-Electroplated-Tableware-Ceramics-6-540x540.webp 540w, https:\/\/yutaimachinery.com\/wp-content\/uploads\/2026\/04\/Ceramic-Drying-Machine-for-Electroplated-Tableware-Ceramics-6-660x660.webp 660w\" sizes=\"(max-width: 800px) 100vw, 800px\" \/><\/figure>\n<\/div>\n\n\n\n<div class=\"wp-block-column is-layout-flow wp-block-column-is-layout-flow\">\n<figure class=\"wp-block-image size-full\"><img loading=\"lazy\" decoding=\"async\" width=\"800\" height=\"800\" src=\"https:\/\/yutaimachinery.com\/wp-content\/uploads\/2026\/04\/Ceramic-Drying-Machine-for-Electroplated-Tableware-Ceramics-7.webp\" alt=\"M\u00e1quina secadora de cer\u00e1mica industrial para cer\u00e1mica de mesa galvanopl\u00e1stica\" class=\"wp-image-6478\" title=\"\" srcset=\"https:\/\/yutaimachinery.com\/wp-content\/uploads\/2026\/04\/Ceramic-Drying-Machine-for-Electroplated-Tableware-Ceramics-7.webp 800w, https:\/\/yutaimachinery.com\/wp-content\/uploads\/2026\/04\/Ceramic-Drying-Machine-for-Electroplated-Tableware-Ceramics-7-300x300.webp 300w, https:\/\/yutaimachinery.com\/wp-content\/uploads\/2026\/04\/Ceramic-Drying-Machine-for-Electroplated-Tableware-Ceramics-7-150x150.webp 150w, https:\/\/yutaimachinery.com\/wp-content\/uploads\/2026\/04\/Ceramic-Drying-Machine-for-Electroplated-Tableware-Ceramics-7-768x768.webp 768w, https:\/\/yutaimachinery.com\/wp-content\/uploads\/2026\/04\/Ceramic-Drying-Machine-for-Electroplated-Tableware-Ceramics-7-12x12.webp 12w, https:\/\/yutaimachinery.com\/wp-content\/uploads\/2026\/04\/Ceramic-Drying-Machine-for-Electroplated-Tableware-Ceramics-7-285x285.webp 285w, https:\/\/yutaimachinery.com\/wp-content\/uploads\/2026\/04\/Ceramic-Drying-Machine-for-Electroplated-Tableware-Ceramics-7-270x270.webp 270w, https:\/\/yutaimachinery.com\/wp-content\/uploads\/2026\/04\/Ceramic-Drying-Machine-for-Electroplated-Tableware-Ceramics-7-540x540.webp 540w, https:\/\/yutaimachinery.com\/wp-content\/uploads\/2026\/04\/Ceramic-Drying-Machine-for-Electroplated-Tableware-Ceramics-7-660x660.webp 660w\" sizes=\"(max-width: 800px) 100vw, 800px\" \/><\/figure>\n<\/div>\n<\/div>","protected":false},"excerpt":{"rendered":"<p>Espec\u00edficamente dise\u00f1ada para la industria de la galvanoplastia, esta m\u00e1quina industrial de secado de cer\u00e1mica de alta capacidad (horno de secado) es la compa\u00f1era esencial para la producci\u00f3n de vajillas de primera calidad, con bordes dorados y acabados met\u00e1licos. Tanto si est\u00e1 curando esmaltes base como secando capas galv\u00e1nicas de lujo, esta m\u00e1quina garantiza un acabado impecable y de alto brillo en todo momento. P\u00f3ngase en contacto con nosotros para obtener un presupuesto y soluciones t\u00e9cnicas.<\/p>\n<h2>Par\u00e1metros de la m\u00e1quina de secado de cer\u00e1mica:<\/h2>\n<table border=\"0\" width=\"144\" cellspacing=\"0\" cellpadding=\"0\">\n<tbody>\n<tr>\n<td width=\"72\" height=\"18\">Caracter\u00edstica<\/td>\n<td width=\"72\">Descripci\u00f3n<\/td>\n<\/tr>\n<tr>\n<td height=\"18\">Aplicaci\u00f3n<\/td>\n<td>Vajilla de cer\u00e1mica, Cristaler\u00eda galvanoplastia, Curado met\u00e1lico<\/td>\n<\/tr>\n<tr>\n<td height=\"18\">Fuente de calefacci\u00f3n<\/td>\n<td>Compatible con electricidad y gas (configurable)<\/td>\n<\/tr>\n<tr>\n<td height=\"18\">Sistema de control<\/td>\n<td>Controlador digital de temperatura PLC \/ PID<\/td>\n<\/tr>\n<tr>\n<td height=\"18\">Tipo de puerta<\/td>\n<td>Basculante manual resistente con junta industrial<\/td>\n<\/tr>\n<tr>\n<td height=\"18\">Circulaci\u00f3n<\/td>\n<td>Convecci\u00f3n forzada de aire para uniformidad<\/td>\n<\/tr>\n<tr>\n<td height=\"18\">Seguridad<\/td>\n<td>Alarma de sobretemperatura y apagado autom\u00e1tico<\/td>\n<\/tr>\n<\/tbody>\n<\/table>\n<h2>Soluciones personalizadas de m\u00e1quinas de limpieza por ultrasonidos:<\/h2>\n<p><strong>Tama\u00f1os a medida<\/strong>: Las dimensiones de la caja se personalizan en funci\u00f3n de la altura de la f\u00e1brica del cliente y de los requisitos de producci\u00f3n diarios.<\/p>\n<p><strong>Soluciones log\u00edsticas<\/strong>: Para el comercio transfronterizo B2B, proporcionamos embalajes reforzados que cumplen las normas internacionales para garantizar que no se produzcan da\u00f1os durante el transporte mar\u00edtimo.<\/p>\n<p><strong>Suministro de piezas de repuesto a largo plazo<\/strong>: Proporcionamos un stock estandarizado de piezas que se da\u00f1an con facilidad, como elementos calefactores, motores de circulaci\u00f3n y bandas de sellado, para garantizar un funcionamiento ininterrumpido 24 horas al d\u00eda, 7 d\u00edas a la semana, de la l\u00ednea de producci\u00f3n del cliente.<\/p>","protected":false},"featured_media":6473,"template":"","meta":{"_acf_changed":false},"product_brand":[],"product_cat":[56],"product_tag":[],"class_list":{"0":"post-6471","1":"product","2":"type-product","3":"status-publish","4":"has-post-thumbnail","6":"product_cat-ceramic-drying-machine","8":"first","9":"instock","10":"shipping-taxable","11":"product-type-simple"},"acf":{"customization_content":"<h2><\/h2>\r\n<div><\/div>","customization_content_source":{"label":"Customization Content","type":"wysiwyg","formatted_value":"<h2><\/h2>\n<div><\/div>\n"},"why_choose_us_content":"<h2 style=\"text-align: center;\">Why Choose Us as Your Ceramic Machine Supplier<\/h2>\r\n\r\n<hr \/>\r\n<p style=\"text-align: center;\">Yutai as a ceramic machine manufacturer, maintains strict quality standards and excellent service. Revolutionize your manufacturing processes with cutting-edge automation technology that streamlines forming and enhances efficiency.<\/p>","why_choose_us_content_source":{"label":"Why Choose Us Content","type":"wysiwyg","formatted_value":"<h2 style=\"text-align: center;\">Why Choose Us as Your Ceramic Machine Supplier<\/h2>\n<hr \/>\n<p style=\"text-align: center;\">Yutai as a ceramic machine manufacturer, maintains strict quality standards and excellent service. Revolutionize your manufacturing processes with cutting-edge automation technology that streamlines forming and enhances efficiency.<\/p>\n"}},"_links":{"self":[{"href":"https:\/\/yutaimachinery.com\/es\/wp-json\/wp\/v2\/product\/6471","targetHints":{"allow":["GET"]}}],"collection":[{"href":"https:\/\/yutaimachinery.com\/es\/wp-json\/wp\/v2\/product"}],"about":[{"href":"https:\/\/yutaimachinery.com\/es\/wp-json\/wp\/v2\/types\/product"}],"version-history":[{"count":2,"href":"https:\/\/yutaimachinery.com\/es\/wp-json\/wp\/v2\/product\/6471\/revisions"}],"predecessor-version":[{"id":6480,"href":"https:\/\/yutaimachinery.com\/es\/wp-json\/wp\/v2\/product\/6471\/revisions\/6480"}],"wp:featuredmedia":[{"embeddable":true,"href":"https:\/\/yutaimachinery.com\/es\/wp-json\/wp\/v2\/media\/6473"}],"wp:attachment":[{"href":"https:\/\/yutaimachinery.com\/es\/wp-json\/wp\/v2\/media?parent=6471"}],"wp:term":[{"taxonomy":"product_brand","embeddable":true,"href":"https:\/\/yutaimachinery.com\/es\/wp-json\/wp\/v2\/product_brand?post=6471"},{"taxonomy":"product_cat","embeddable":true,"href":"https:\/\/yutaimachinery.com\/es\/wp-json\/wp\/v2\/product_cat?post=6471"},{"taxonomy":"product_tag","embeddable":true,"href":"https:\/\/yutaimachinery.com\/es\/wp-json\/wp\/v2\/product_tag?post=6471"}],"curies":[{"name":"wp","href":"https:\/\/api.w.org\/{rel}","templated":true}]}}