{"id":5837,"date":"2025-10-20T15:39:20","date_gmt":"2025-10-20T07:39:20","guid":{"rendered":"https:\/\/yutaimachinery.com\/?post_type=product&#038;p=5837"},"modified":"2025-10-20T18:21:48","modified_gmt":"2025-10-20T10:21:48","slug":"custom-decals-for-ceramic-mugs","status":"publish","type":"product","link":"https:\/\/yutaimachinery.com\/es\/product\/custom-decals-for-ceramic-mugs\/","title":{"rendered":"Calcoman\u00edas personalizadas para tazas de cer\u00e1mica Vintage Tea Set, impresi\u00f3n de flores de dise\u00f1o Waterslide Calcoman\u00edas"},"content":{"rendered":"<div class=\"wp-block-columns is-layout-flex wp-container-core-columns-is-layout-9d6595d7 wp-block-columns-is-layout-flex\">\n<div class=\"wp-block-column is-layout-flow wp-block-column-is-layout-flow\">\n<h2 class=\"wp-block-heading\">Caracter\u00edsticas de las Calcoman\u00edas para Tazas de Cer\u00e1mica:<\/h2>\n\n\n\n<p><strong>Looks florales elegantes<\/strong>: Los tiernos dise\u00f1os de rosas con suaves motivos aportan un sabor europeo del viejo mundo a todos los productos cer\u00e1micos.<\/p>\n\n\n\n<p><strong>Mejor resistencia al calor<\/strong>: Fabricados para ser cocidos a temperaturas elevadas, conservan los colores vivos, las juntas esmaltadas y la resistencia de la superficie.<\/p>\n\n\n\n<p><strong>Calidad de impresi\u00f3n refinada<\/strong>: La impresi\u00f3n de calcoman\u00edas de alta definici\u00f3n consigue detalles florales precisos y tonos degradados naturales, realzando la belleza de la porcelana fina.<\/p>\n\n\n\n<p><strong>Amplia cobertura de material<\/strong>: Adecuado para tazas, platos, cuencos y piezas conmemorativas, tanto para colecciones de porcelana de dise\u00f1o como de uso funcional.<\/p>\n\n\n\n<p><strong>Personalizaci\u00f3n flexible:<\/strong> Yutai ofrece servicios flexibles de OEM\/ODM, que incluyen desarrollo de patrones, igualaci\u00f3n de colores y ajustes del tama\u00f1o de las calcoman\u00edas para la producci\u00f3n a escala industrial.<\/p>\n<\/div>\n\n\n\n<div class=\"wp-block-column is-layout-flow wp-block-column-is-layout-flow\">\n<figure class=\"wp-block-image size-full\"><img fetchpriority=\"high\" decoding=\"async\" width=\"1080\" height=\"1080\" src=\"https:\/\/yutaimachinery.com\/wp-content\/uploads\/2025\/10\/custom-decals-for-ceramic-mugs-6.webp\" alt=\"calcoman\u00edas personalizadas para tazas de cer\u00e1mica (6)\" class=\"wp-image-5846\" title=\"\" srcset=\"https:\/\/yutaimachinery.com\/wp-content\/uploads\/2025\/10\/custom-decals-for-ceramic-mugs-6.webp 1080w, https:\/\/yutaimachinery.com\/wp-content\/uploads\/2025\/10\/custom-decals-for-ceramic-mugs-6-300x300.webp 300w, https:\/\/yutaimachinery.com\/wp-content\/uploads\/2025\/10\/custom-decals-for-ceramic-mugs-6-150x150.webp 150w, https:\/\/yutaimachinery.com\/wp-content\/uploads\/2025\/10\/custom-decals-for-ceramic-mugs-6-768x768.webp 768w, https:\/\/yutaimachinery.com\/wp-content\/uploads\/2025\/10\/custom-decals-for-ceramic-mugs-6-12x12.webp 12w, https:\/\/yutaimachinery.com\/wp-content\/uploads\/2025\/10\/custom-decals-for-ceramic-mugs-6-285x285.webp 285w, https:\/\/yutaimachinery.com\/wp-content\/uploads\/2025\/10\/custom-decals-for-ceramic-mugs-6-270x270.webp 270w, https:\/\/yutaimachinery.com\/wp-content\/uploads\/2025\/10\/custom-decals-for-ceramic-mugs-6-540x540.webp 540w, https:\/\/yutaimachinery.com\/wp-content\/uploads\/2025\/10\/custom-decals-for-ceramic-mugs-6-660x660.webp 660w\" sizes=\"(max-width: 1080px) 100vw, 1080px\" \/><\/figure>\n<\/div>\n<\/div>","protected":false},"excerpt":{"rendered":"<p>Calcoman\u00edas personalizadas para tazas de cer\u00e1mica con una elegancia atemporal y un rendimiento de cocci\u00f3n estable. Ideal para fabricantes de porcelana de primera calidad que buscan dise\u00f1os florales personalizados y suministro de calcoman\u00edas a granel. \u00a1Bienvenido a contactar con nosotros para MOQ y muestras gratis!<\/p>\n<h2>Soluci\u00f3n integral de calcoman\u00edas cer\u00e1micas diarias para altas temperaturas:<\/h2>\n<ul>\n<li style=\"list-style-type: none;\">\n<ul>\n<li><strong>Opciones personalizadas<\/strong>: Admite dise\u00f1os personalizados de calcoman\u00edas de alta temperatura, patrones, tama\u00f1os y combinaciones de colores para adaptarse a sus colecciones de vajillas y a la est\u00e9tica de su marca.<\/li>\n<li><strong>Dise\u00f1o y soporte de aplicaciones<\/strong>: Proporcionar orientaci\u00f3n experta sobre la colocaci\u00f3n de calcoman\u00edas, la coordinaci\u00f3n de patrones y los par\u00e1metros de cocci\u00f3n adecuados para diversos productos cer\u00e1micos de uso diario.<\/li>\n<li><strong>Calidad y asistencia t\u00e9cnica<\/strong>: Garantizan una excelente estabilidad del color, resistencia a altas temperaturas y adhesi\u00f3n duradera para obtener resultados duraderos y aptos para el lavavajillas.<\/li>\n<li><strong>Servicio dedicado:\u00a0 <\/strong> Como fabricante de confianza de calcoman\u00edas cer\u00e1micas, Yutai ofrece soluciones fiables, personalizables y eficientes para la producci\u00f3n de vajillas y cer\u00e1mica dom\u00e9stica a gran escala.<\/li>\n<\/ul>\n<\/li>\n<\/ul>","protected":false},"featured_media":5845,"template":"","meta":{"_acf_changed":false},"product_brand":[],"product_cat":[59,108],"product_tag":[],"class_list":{"0":"post-5837","1":"product","2":"type-product","3":"status-publish","4":"has-post-thumbnail","6":"product_cat-ceramic-printing-machine","7":"product_cat-custom-ceramic-decals-manufacturer","9":"first","10":"instock","11":"shipping-taxable","12":"product-type-simple"},"acf":{"customization_content":"","customization_content_source":{"label":"Customization Content","type":"wysiwyg","formatted_value":""},"why_choose_us_content":"<h2 style=\"text-align: center;\">Why Choose Us as Your Ceramic Decals Supplier<\/h2>\r\n\r\n<hr \/>\r\n<p style=\"text-align: center;\">We have advanced fully automatic decals printing machines that can mass-produce high-quality decals for daily ceramics, bathroom ceramics, glass tableware, etc., suitable for different processes, and provide customized services<\/p>","why_choose_us_content_source":{"label":"Why Choose Us Content","type":"wysiwyg","formatted_value":"<h2 style=\"text-align: center;\">Why Choose Us as Your Ceramic Decals Supplier<\/h2>\n<hr \/>\n<p style=\"text-align: center;\">We have advanced fully automatic decals printing machines that can mass-produce high-quality decals for daily ceramics, bathroom ceramics, glass tableware, etc., suitable for different processes, and provide customized services<\/p>\n"}},"_links":{"self":[{"href":"https:\/\/yutaimachinery.com\/es\/wp-json\/wp\/v2\/product\/5837","targetHints":{"allow":["GET"]}}],"collection":[{"href":"https:\/\/yutaimachinery.com\/es\/wp-json\/wp\/v2\/product"}],"about":[{"href":"https:\/\/yutaimachinery.com\/es\/wp-json\/wp\/v2\/types\/product"}],"version-history":[{"count":0,"href":"https:\/\/yutaimachinery.com\/es\/wp-json\/wp\/v2\/product\/5837\/revisions"}],"wp:featuredmedia":[{"embeddable":true,"href":"https:\/\/yutaimachinery.com\/es\/wp-json\/wp\/v2\/media\/5845"}],"wp:attachment":[{"href":"https:\/\/yutaimachinery.com\/es\/wp-json\/wp\/v2\/media?parent=5837"}],"wp:term":[{"taxonomy":"product_brand","embeddable":true,"href":"https:\/\/yutaimachinery.com\/es\/wp-json\/wp\/v2\/product_brand?post=5837"},{"taxonomy":"product_cat","embeddable":true,"href":"https:\/\/yutaimachinery.com\/es\/wp-json\/wp\/v2\/product_cat?post=5837"},{"taxonomy":"product_tag","embeddable":true,"href":"https:\/\/yutaimachinery.com\/es\/wp-json\/wp\/v2\/product_tag?post=5837"}],"curies":[{"name":"wp","href":"https:\/\/api.w.org\/{rel}","templated":true}]}}