{"id":5832,"date":"2025-10-20T15:22:12","date_gmt":"2025-10-20T07:22:12","guid":{"rendered":"https:\/\/yutaimachinery.com\/?post_type=product&#038;p=5832"},"modified":"2025-10-21T10:56:28","modified_gmt":"2025-10-21T02:56:28","slug":"custom-floral-ceramic-decals","status":"publish","type":"product","link":"https:\/\/yutaimachinery.com\/es\/product\/custom-floral-ceramic-decals\/","title":{"rendered":"Calcomanias Ceramicas Florales para Platos Multi Colores Pintadas a Mano Calcomanias"},"content":{"rendered":"<div class=\"wp-block-columns is-layout-flex wp-container-core-columns-is-layout-9d6595d7 wp-block-columns-is-layout-flex\">\n<div class=\"wp-block-column is-layout-flow wp-block-column-is-layout-flow\">\n<h2 class=\"wp-block-heading\">Calcoman\u00edas de cer\u00e1mica florales Caracter\u00edsticas:<\/h2>\n\n\n\n<p><strong>Vibrante dise\u00f1o multicolor<\/strong>: Una lujosa mezcla de peon\u00edas, gerberas y flores tropicales con vibrantes degradados y efectos de p\u00e9talos de estilo natural, que proporcionan un aspecto art\u00edstico y lujoso.<\/p>\n\n\n\n<p><strong>Durabilidad a altas temperaturas<\/strong>: Con una cocci\u00f3n a alta temperatura, proporciona una adhesi\u00f3n firme, un acabado uniforme y una retenci\u00f3n duradera del color sin decoloraci\u00f3n ni descascarillado.<\/p>\n\n\n\n<p><strong>Calidad de impresi\u00f3n excepcional<\/strong>: La sofisticada tecnolog\u00eda de impresi\u00f3n conserva las l\u00edneas finas y los degradados de color naturales para obtener un resultado asombroso y realista.<\/p>\n\n\n\n<p><strong>Uso vers\u00e1til<\/strong>: Adecuado para la fabricaci\u00f3n de platos, cuencos, tazas y piezas decorativas de cer\u00e1mica, para la producci\u00f3n de mesa para aplicaciones dom\u00e9sticas y de hosteler\u00eda.<\/p>\n\n\n\n<p><strong>OEM y personalizaci\u00f3n masiva<\/strong>: Yutai ofrece dise\u00f1os personalizados, tama\u00f1os y colores a juego, con soporte tecnol\u00f3gico para la producci\u00f3n en masa, control de calidad estable y orientaci\u00f3n.<\/p>\n<\/div>\n\n\n\n<div class=\"wp-block-column is-layout-flow wp-block-column-is-layout-flow\">\n<figure class=\"wp-block-image size-full\"><img fetchpriority=\"high\" decoding=\"async\" width=\"1080\" height=\"1080\" src=\"https:\/\/yutaimachinery.com\/wp-content\/uploads\/2025\/10\/custom-floral-ceramic-decals-2-1.webp\" alt=\"calcoman\u00edas cer\u00e1micas florales personalizadas (2)\" class=\"wp-image-5860\" title=\"\" srcset=\"https:\/\/yutaimachinery.com\/wp-content\/uploads\/2025\/10\/custom-floral-ceramic-decals-2-1.webp 1080w, https:\/\/yutaimachinery.com\/wp-content\/uploads\/2025\/10\/custom-floral-ceramic-decals-2-1-300x300.webp 300w, https:\/\/yutaimachinery.com\/wp-content\/uploads\/2025\/10\/custom-floral-ceramic-decals-2-1-150x150.webp 150w, https:\/\/yutaimachinery.com\/wp-content\/uploads\/2025\/10\/custom-floral-ceramic-decals-2-1-768x768.webp 768w, https:\/\/yutaimachinery.com\/wp-content\/uploads\/2025\/10\/custom-floral-ceramic-decals-2-1-12x12.webp 12w, https:\/\/yutaimachinery.com\/wp-content\/uploads\/2025\/10\/custom-floral-ceramic-decals-2-1-285x285.webp 285w, https:\/\/yutaimachinery.com\/wp-content\/uploads\/2025\/10\/custom-floral-ceramic-decals-2-1-270x270.webp 270w, https:\/\/yutaimachinery.com\/wp-content\/uploads\/2025\/10\/custom-floral-ceramic-decals-2-1-540x540.webp 540w, https:\/\/yutaimachinery.com\/wp-content\/uploads\/2025\/10\/custom-floral-ceramic-decals-2-1-660x660.webp 660w\" sizes=\"(max-width: 1080px) 100vw, 1080px\" \/><\/figure>\n<\/div>\n<\/div>","protected":false},"excerpt":{"rendered":"<p>Calcoman\u00edas cer\u00e1micas florales personalizadas con dise\u00f1os vivos y resistentes a la decoloraci\u00f3n y acabados suaves. Perfectas para vajillas y cer\u00e1mica decorativa, ofrecen personalizaci\u00f3n OEM, suministro a granel y un rendimiento de cocci\u00f3n fiable. P\u00f3ngase en contacto con nosotros para solicitar muestras y presupuestos.<\/p>\n<h2>Soluci\u00f3n integral de calcoman\u00edas cer\u00e1micas diarias para altas temperaturas:<\/h2>\n<ul>\n<li style=\"list-style-type: none;\">\n<ul>\n<li><strong>Opciones personalizadas<\/strong>: Admite dise\u00f1os personalizados de calcoman\u00edas de alta temperatura, patrones, tama\u00f1os y combinaciones de colores para adaptarse a sus colecciones de vajillas y a la est\u00e9tica de su marca.<\/li>\n<li><strong>Dise\u00f1o y soporte de aplicaciones<\/strong>: Proporcionar orientaci\u00f3n experta sobre la colocaci\u00f3n de calcoman\u00edas, la coordinaci\u00f3n de patrones y los par\u00e1metros de cocci\u00f3n adecuados para diversos productos cer\u00e1micos de uso diario.<\/li>\n<li><strong>Calidad y asistencia t\u00e9cnica<\/strong>: Garantizan una excelente estabilidad del color, resistencia a altas temperaturas y adhesi\u00f3n duradera para obtener resultados duraderos y aptos para el lavavajillas.<\/li>\n<li><strong>Servicio dedicado:\u00a0 <\/strong> Como fabricante de confianza de calcoman\u00edas cer\u00e1micas, Yutai ofrece soluciones fiables, personalizables y eficientes para la producci\u00f3n de vajillas y cer\u00e1mica dom\u00e9stica a gran escala.<\/li>\n<\/ul>\n<\/li>\n<\/ul>","protected":false},"featured_media":5834,"template":"","meta":{"_acf_changed":false},"product_brand":[],"product_cat":[59,108],"product_tag":[],"class_list":{"0":"post-5832","1":"product","2":"type-product","3":"status-publish","4":"has-post-thumbnail","6":"product_cat-ceramic-printing-machine","7":"product_cat-custom-ceramic-decals-manufacturer","9":"first","10":"instock","11":"shipping-taxable","12":"product-type-simple"},"acf":{"customization_content":"","customization_content_source":{"label":"Customization Content","type":"wysiwyg","formatted_value":""},"why_choose_us_content":"<h2 style=\"text-align: center;\">Why Choose Us as Your Ceramic Decals Supplier<\/h2>\r\n\r\n<hr \/>\r\n<p style=\"text-align: center;\">We have advanced fully automatic decals printing machines that can mass-produce high-quality decals for daily ceramics, bathroom ceramics, glass tableware, etc., suitable for different processes, and provide customized services<\/p>","why_choose_us_content_source":{"label":"Why Choose Us Content","type":"wysiwyg","formatted_value":"<h2 style=\"text-align: center;\">Why Choose Us as Your Ceramic Decals Supplier<\/h2>\n<hr \/>\n<p style=\"text-align: center;\">We have advanced fully automatic decals printing machines that can mass-produce high-quality decals for daily ceramics, bathroom ceramics, glass tableware, etc., suitable for different processes, and provide customized services<\/p>\n"}},"_links":{"self":[{"href":"https:\/\/yutaimachinery.com\/es\/wp-json\/wp\/v2\/product\/5832","targetHints":{"allow":["GET"]}}],"collection":[{"href":"https:\/\/yutaimachinery.com\/es\/wp-json\/wp\/v2\/product"}],"about":[{"href":"https:\/\/yutaimachinery.com\/es\/wp-json\/wp\/v2\/types\/product"}],"version-history":[{"count":0,"href":"https:\/\/yutaimachinery.com\/es\/wp-json\/wp\/v2\/product\/5832\/revisions"}],"wp:featuredmedia":[{"embeddable":true,"href":"https:\/\/yutaimachinery.com\/es\/wp-json\/wp\/v2\/media\/5834"}],"wp:attachment":[{"href":"https:\/\/yutaimachinery.com\/es\/wp-json\/wp\/v2\/media?parent=5832"}],"wp:term":[{"taxonomy":"product_brand","embeddable":true,"href":"https:\/\/yutaimachinery.com\/es\/wp-json\/wp\/v2\/product_brand?post=5832"},{"taxonomy":"product_cat","embeddable":true,"href":"https:\/\/yutaimachinery.com\/es\/wp-json\/wp\/v2\/product_cat?post=5832"},{"taxonomy":"product_tag","embeddable":true,"href":"https:\/\/yutaimachinery.com\/es\/wp-json\/wp\/v2\/product_tag?post=5832"}],"curies":[{"name":"wp","href":"https:\/\/api.w.org\/{rel}","templated":true}]}}