{"id":5824,"date":"2025-10-20T14:41:02","date_gmt":"2025-10-20T06:41:02","guid":{"rendered":"https:\/\/yutaimachinery.com\/?post_type=product&#038;p=5824"},"modified":"2025-10-20T18:21:48","modified_gmt":"2025-10-20T10:21:48","slug":"custom-floral-decals-for-ceramics","status":"publish","type":"product","link":"https:\/\/yutaimachinery.com\/es\/product\/custom-floral-decals-for-ceramics\/","title":{"rendered":"Calcoman\u00edas florales personalizadas para cer\u00e1mica Rosa rosa Calcoman\u00edas de acuarela"},"content":{"rendered":"<div class=\"wp-block-columns is-layout-flex wp-container-core-columns-is-layout-9d6595d7 wp-block-columns-is-layout-flex\">\n<div class=\"wp-block-column is-layout-flow wp-block-column-is-layout-flow\">\n<h2 class=\"wp-block-heading\">Caracter\u00edsticas de Calcoman\u00edas florales para cer\u00e1mica:<\/h2>\n\n\n\n<p><strong>Calco Rosa Elegante<\/strong>: Con p\u00e9talos degradados y rosas brillantes, esta calcoman\u00eda a\u00f1ade un aire de elegancia y romanticismo a la vajilla de cer\u00e1mica y a las piezas decorativas.<\/p>\n\n\n\n<p><strong>Durabilidad a altas temperaturas<\/strong>: La cocci\u00f3n a altas temperaturas garantiza una adherencia duradera, una textura lisa y resistencia a la decoloraci\u00f3n o descascarillado.<\/p>\n\n\n\n<p><strong>Alta calidad de impresi\u00f3n<\/strong>: Los finos contornos y los delicados detalles del texto conservan una gran nitidez incluso despu\u00e9s de la cocci\u00f3n, lo que aumenta la profundidad visual y el realismo.<\/p>\n\n\n\n<p><strong>Versatilidad de aplicaciones<\/strong>: Adecuado para platos de cer\u00e1mica, cuencos, tazas y productos de regalo, tanto para aplicaciones dom\u00e9sticas como de hosteler\u00eda.<\/p>\n\n\n\n<p><strong>Servicio OEM y ODM<\/strong>: Tambi\u00e9n se ofrecen dise\u00f1os, estilos y colores personalizados para pedidos al por mayor para fabricantes de vajillas y productos cer\u00e1micos.<\/p>\n<\/div>\n\n\n\n<div class=\"wp-block-column is-layout-flow wp-block-column-is-layout-flow\">\n<figure class=\"wp-block-image size-full\"><img fetchpriority=\"high\" decoding=\"async\" width=\"1080\" height=\"1080\" src=\"https:\/\/yutaimachinery.com\/wp-content\/uploads\/2025\/10\/Custom-Floral-Decals-for-Ceramics-1-1.webp\" alt=\"Calcoman\u00edas florales personalizadas para cer\u00e1mica (1)\" class=\"wp-image-5854\" title=\"\" srcset=\"https:\/\/yutaimachinery.com\/wp-content\/uploads\/2025\/10\/Custom-Floral-Decals-for-Ceramics-1-1.webp 1080w, https:\/\/yutaimachinery.com\/wp-content\/uploads\/2025\/10\/Custom-Floral-Decals-for-Ceramics-1-1-300x300.webp 300w, https:\/\/yutaimachinery.com\/wp-content\/uploads\/2025\/10\/Custom-Floral-Decals-for-Ceramics-1-1-150x150.webp 150w, https:\/\/yutaimachinery.com\/wp-content\/uploads\/2025\/10\/Custom-Floral-Decals-for-Ceramics-1-1-768x768.webp 768w, https:\/\/yutaimachinery.com\/wp-content\/uploads\/2025\/10\/Custom-Floral-Decals-for-Ceramics-1-1-12x12.webp 12w, https:\/\/yutaimachinery.com\/wp-content\/uploads\/2025\/10\/Custom-Floral-Decals-for-Ceramics-1-1-285x285.webp 285w, https:\/\/yutaimachinery.com\/wp-content\/uploads\/2025\/10\/Custom-Floral-Decals-for-Ceramics-1-1-270x270.webp 270w, https:\/\/yutaimachinery.com\/wp-content\/uploads\/2025\/10\/Custom-Floral-Decals-for-Ceramics-1-1-540x540.webp 540w, https:\/\/yutaimachinery.com\/wp-content\/uploads\/2025\/10\/Custom-Floral-Decals-for-Ceramics-1-1-660x660.webp 660w\" sizes=\"(max-width: 1080px) 100vw, 1080px\" \/><\/figure>\n<\/div>\n<\/div>","protected":false},"excerpt":{"rendered":"<p>Calcoman\u00edas florales personalizadas Yutai para cer\u00e1mica, con vivos motivos de rosas y acabados suaves. Perfectas para vajillas y cer\u00e1mica decorativa, garantizan una adherencia duradera, colores brillantes y dise\u00f1os personalizables. P\u00f3ngase en contacto con nosotros para el servicio OEM y el suministro a granel.<\/p>\n<h2>Soluci\u00f3n integral de calcoman\u00edas cer\u00e1micas diarias para altas temperaturas:<\/h2>\n<ul>\n<li style=\"list-style-type: none;\">\n<ul>\n<li><strong>Opciones personalizadas<\/strong>: Admite dise\u00f1os personalizados de calcoman\u00edas de alta temperatura, patrones, tama\u00f1os y combinaciones de colores para adaptarse a sus colecciones de vajillas y a la est\u00e9tica de su marca.<\/li>\n<li><strong>Dise\u00f1o y soporte de aplicaciones<\/strong>: Proporcionar orientaci\u00f3n experta sobre la colocaci\u00f3n de calcoman\u00edas, la coordinaci\u00f3n de patrones y los par\u00e1metros de cocci\u00f3n adecuados para diversos productos cer\u00e1micos de uso diario.<\/li>\n<li><strong>Calidad y asistencia t\u00e9cnica<\/strong>: Garantizan una excelente estabilidad del color, resistencia a altas temperaturas y adhesi\u00f3n duradera para obtener resultados duraderos y aptos para el lavavajillas.<\/li>\n<li><strong>Servicio dedicado:\u00a0 <\/strong> Como fabricante de confianza de calcoman\u00edas cer\u00e1micas, Yutai ofrece soluciones fiables, personalizables y eficientes para la producci\u00f3n de vajillas y cer\u00e1mica dom\u00e9stica a gran escala.<\/li>\n<\/ul>\n<\/li>\n<\/ul>","protected":false},"featured_media":5827,"template":"","meta":{"_acf_changed":false},"product_brand":[],"product_cat":[59,108],"product_tag":[],"class_list":{"0":"post-5824","1":"product","2":"type-product","3":"status-publish","4":"has-post-thumbnail","6":"product_cat-ceramic-printing-machine","7":"product_cat-custom-ceramic-decals-manufacturer","9":"first","10":"instock","11":"shipping-taxable","12":"product-type-simple"},"acf":{"customization_content":"","customization_content_source":{"label":"Customization Content","type":"wysiwyg","formatted_value":""},"why_choose_us_content":"<h2 style=\"text-align: center;\">Why Choose Us as Your Ceramic Decals Supplier<\/h2>\r\n\r\n<hr \/>\r\n<p style=\"text-align: center;\">We have advanced fully automatic decals printing machines that can mass-produce high-quality decals for daily ceramics, bathroom ceramics, glass tableware, etc., suitable for different processes, and provide customized services<\/p>","why_choose_us_content_source":{"label":"Why Choose Us Content","type":"wysiwyg","formatted_value":"<h2 style=\"text-align: center;\">Why Choose Us as Your Ceramic Decals Supplier<\/h2>\n<hr \/>\n<p style=\"text-align: center;\">We have advanced fully automatic decals printing machines that can mass-produce high-quality decals for daily ceramics, bathroom ceramics, glass tableware, etc., suitable for different processes, and provide customized services<\/p>\n"}},"_links":{"self":[{"href":"https:\/\/yutaimachinery.com\/es\/wp-json\/wp\/v2\/product\/5824","targetHints":{"allow":["GET"]}}],"collection":[{"href":"https:\/\/yutaimachinery.com\/es\/wp-json\/wp\/v2\/product"}],"about":[{"href":"https:\/\/yutaimachinery.com\/es\/wp-json\/wp\/v2\/types\/product"}],"version-history":[{"count":0,"href":"https:\/\/yutaimachinery.com\/es\/wp-json\/wp\/v2\/product\/5824\/revisions"}],"wp:featuredmedia":[{"embeddable":true,"href":"https:\/\/yutaimachinery.com\/es\/wp-json\/wp\/v2\/media\/5827"}],"wp:attachment":[{"href":"https:\/\/yutaimachinery.com\/es\/wp-json\/wp\/v2\/media?parent=5824"}],"wp:term":[{"taxonomy":"product_brand","embeddable":true,"href":"https:\/\/yutaimachinery.com\/es\/wp-json\/wp\/v2\/product_brand?post=5824"},{"taxonomy":"product_cat","embeddable":true,"href":"https:\/\/yutaimachinery.com\/es\/wp-json\/wp\/v2\/product_cat?post=5824"},{"taxonomy":"product_tag","embeddable":true,"href":"https:\/\/yutaimachinery.com\/es\/wp-json\/wp\/v2\/product_tag?post=5824"}],"curies":[{"name":"wp","href":"https:\/\/api.w.org\/{rel}","templated":true}]}}