{"id":5812,"date":"2025-10-20T14:15:25","date_gmt":"2025-10-20T06:15:25","guid":{"rendered":"https:\/\/yutaimachinery.com\/?post_type=product&#038;p=5812"},"modified":"2025-10-20T18:21:48","modified_gmt":"2025-10-20T10:21:48","slug":"custom-decals-for-ceramic-plates","status":"publish","type":"product","link":"https:\/\/yutaimachinery.com\/es\/product\/custom-decals-for-ceramic-plates\/","title":{"rendered":"Calcoman\u00edas Personalizadas para Platos de Cer\u00e1mica con Calcoman\u00eda Flor de Waterslide"},"content":{"rendered":"<div class=\"wp-block-columns is-layout-flex wp-container-core-columns-is-layout-9d6595d7 wp-block-columns-is-layout-flex\">\n<div class=\"wp-block-column is-layout-flow wp-block-column-is-layout-flow\">\n<h2 class=\"wp-block-heading\">Caracter\u00edsticas de las Calcoman\u00edas para Placas Cer\u00e1micas:<\/h2>\n\n\n\n<p><strong>Dise\u00f1o europeo de estilo rom\u00e1ntico<\/strong>: Con bodegones florales y escenas de jard\u00edn, el dise\u00f1o incorpora elementos europeos, creando un estilo decorativo c\u00e1lido, elegante y art\u00edstico.<\/p>\n\n\n\n<p><strong>Detalles exquisitos<\/strong>: El dise\u00f1o incorpora elementos como flores, libros, juegos de t\u00e9, mariposas y cintas, creando ricos detalles que realzan la experiencia decorativa general y el refinamiento.<\/p>\n\n\n\n<p><strong>Color suave y refrescante<\/strong>: Utilizando tonos suaves como el rosa, el azul, el verde y el amarillo, la armoniosa combinaci\u00f3n de colores crea una agradable experiencia visual y genera un ambiente rom\u00e1ntico y c\u00e1lido.<\/p>\n\n\n\n<p><strong>Proceso a alta temperatura<\/strong>: Gracias a la aplicaci\u00f3n de calcoman\u00edas a alta temperatura, el dise\u00f1o proporciona colores duraderos y resistentes. Es seguro y respetuoso con el medio ambiente, por lo que es adecuado tanto para la comida diaria como para uso dom\u00e9stico.<\/p>\n\n\n\n<p><strong>Adecuado para una gran variedad de formas cer\u00e1micas<\/strong>: El dise\u00f1o es adecuado para platos cuadrados, platos redondos, bandejas, tazas y otros art\u00edculos decorativos, satisfaciendo las necesidades decorativas de una variedad de porcelana de uso diario y de regalo.<\/p>\n<\/div>\n\n\n\n<div class=\"wp-block-column is-layout-flow wp-block-column-is-layout-flow\">\n<figure class=\"wp-block-image size-full\"><img fetchpriority=\"high\" decoding=\"async\" width=\"530\" height=\"529\" src=\"https:\/\/yutaimachinery.com\/wp-content\/uploads\/2025\/10\/custom-decals-for-ceramic-plates-1-1.webp\" alt=\"calcoman\u00edas personalizadas para placas de cer\u00e1mica (1)\" class=\"wp-image-5849\" title=\"\" srcset=\"https:\/\/yutaimachinery.com\/wp-content\/uploads\/2025\/10\/custom-decals-for-ceramic-plates-1-1.webp 530w, https:\/\/yutaimachinery.com\/wp-content\/uploads\/2025\/10\/custom-decals-for-ceramic-plates-1-1-300x300.webp 300w, https:\/\/yutaimachinery.com\/wp-content\/uploads\/2025\/10\/custom-decals-for-ceramic-plates-1-1-150x150.webp 150w, https:\/\/yutaimachinery.com\/wp-content\/uploads\/2025\/10\/custom-decals-for-ceramic-plates-1-1-12x12.webp 12w, https:\/\/yutaimachinery.com\/wp-content\/uploads\/2025\/10\/custom-decals-for-ceramic-plates-1-1-285x284.webp 285w, https:\/\/yutaimachinery.com\/wp-content\/uploads\/2025\/10\/custom-decals-for-ceramic-plates-1-1-270x270.webp 270w\" sizes=\"(max-width: 530px) 100vw, 530px\" \/><\/figure>\n<\/div>\n<\/div>","protected":false},"excerpt":{"rendered":"<p>Calcoman\u00edas personalizadas para platos de cer\u00e1mica con un estilo rom\u00e1ntico europeo, los patrones exquisitos y los colores suaves y c\u00e1lidos, combinando arte y practicidad. Adecuado para calcoman\u00edas de alta temperatura en platos, bandejas, porcelana decorativa y m\u00e1s, es seguro, duradero y elegante. Para consultas sobre materiales, tama\u00f1os o personalizaci\u00f3n, no dude en ponerse en contacto con nosotros.<\/p>\n<h2>Soluci\u00f3n integral de calcoman\u00edas cer\u00e1micas diarias para altas temperaturas:<\/h2>\n<ul>\n<li style=\"list-style-type: none;\">\n<ul>\n<li><strong>Opciones personalizadas<\/strong>: Admite dise\u00f1os personalizados de calcoman\u00edas de alta temperatura, patrones, tama\u00f1os y combinaciones de colores para adaptarse a sus colecciones de vajillas y a la est\u00e9tica de su marca.<\/li>\n<li><strong>Dise\u00f1o y soporte de aplicaciones<\/strong>: Proporcionar orientaci\u00f3n experta sobre la colocaci\u00f3n de calcoman\u00edas, la coordinaci\u00f3n de patrones y los par\u00e1metros de cocci\u00f3n adecuados para diversos productos cer\u00e1micos de uso diario.<\/li>\n<li><strong>Calidad y asistencia t\u00e9cnica<\/strong>: Garantizan una excelente estabilidad del color, resistencia a altas temperaturas y adhesi\u00f3n duradera para obtener resultados duraderos y aptos para el lavavajillas.<\/li>\n<li><strong>Servicio dedicado:\u00a0 <\/strong> Como fabricante de confianza de calcoman\u00edas cer\u00e1micas, Yutai ofrece soluciones fiables, personalizables y eficientes para la producci\u00f3n de vajillas y cer\u00e1mica dom\u00e9stica a gran escala.<\/li>\n<\/ul>\n<\/li>\n<\/ul>","protected":false},"featured_media":5814,"template":"","meta":{"_acf_changed":false},"product_brand":[],"product_cat":[59,108],"product_tag":[],"class_list":{"0":"post-5812","1":"product","2":"type-product","3":"status-publish","4":"has-post-thumbnail","6":"product_cat-ceramic-printing-machine","7":"product_cat-custom-ceramic-decals-manufacturer","9":"first","10":"instock","11":"shipping-taxable","12":"product-type-simple"},"acf":{"customization_content":"","customization_content_source":{"label":"Customization Content","type":"wysiwyg","formatted_value":""},"why_choose_us_content":"<h2 style=\"text-align: center;\">Why Choose Us as Your Ceramic Decals Supplier<\/h2>\r\n\r\n<hr \/>\r\n<p style=\"text-align: center;\">We have advanced fully automatic decals printing machines that can mass-produce high-quality decals for daily ceramics, bathroom ceramics, glass tableware, etc., suitable for different processes, and provide customized services<\/p>","why_choose_us_content_source":{"label":"Why Choose Us Content","type":"wysiwyg","formatted_value":"<h2 style=\"text-align: center;\">Why Choose Us as Your Ceramic Decals Supplier<\/h2>\n<hr \/>\n<p style=\"text-align: center;\">We have advanced fully automatic decals printing machines that can mass-produce high-quality decals for daily ceramics, bathroom ceramics, glass tableware, etc., suitable for different processes, and provide customized services<\/p>\n"}},"_links":{"self":[{"href":"https:\/\/yutaimachinery.com\/es\/wp-json\/wp\/v2\/product\/5812","targetHints":{"allow":["GET"]}}],"collection":[{"href":"https:\/\/yutaimachinery.com\/es\/wp-json\/wp\/v2\/product"}],"about":[{"href":"https:\/\/yutaimachinery.com\/es\/wp-json\/wp\/v2\/types\/product"}],"version-history":[{"count":0,"href":"https:\/\/yutaimachinery.com\/es\/wp-json\/wp\/v2\/product\/5812\/revisions"}],"wp:featuredmedia":[{"embeddable":true,"href":"https:\/\/yutaimachinery.com\/es\/wp-json\/wp\/v2\/media\/5814"}],"wp:attachment":[{"href":"https:\/\/yutaimachinery.com\/es\/wp-json\/wp\/v2\/media?parent=5812"}],"wp:term":[{"taxonomy":"product_brand","embeddable":true,"href":"https:\/\/yutaimachinery.com\/es\/wp-json\/wp\/v2\/product_brand?post=5812"},{"taxonomy":"product_cat","embeddable":true,"href":"https:\/\/yutaimachinery.com\/es\/wp-json\/wp\/v2\/product_cat?post=5812"},{"taxonomy":"product_tag","embeddable":true,"href":"https:\/\/yutaimachinery.com\/es\/wp-json\/wp\/v2\/product_tag?post=5812"}],"curies":[{"name":"wp","href":"https:\/\/api.w.org\/{rel}","templated":true}]}}